{"id":1166,"date":"2024-03-31T02:04:40","date_gmt":"2024-03-30T23:04:40","guid":{"rendered":"https:\/\/aventura-excursions.com\/?post_type=product&#038;p=1166"},"modified":"2024-05-29T16:52:10","modified_gmt":"2024-05-29T13:52:10","slug":"stand-up-paddle","status":"publish","type":"product","link":"https:\/\/aventura-excursions.com\/lt\/produktas\/stand-up-paddle\/","title":{"rendered":"Stand Up Paddle"},"content":{"rendered":"<h3>Apra\u0161ymas<\/h3>\n<p>\nSveiki atvyk\u0119 \u012f nauj\u0105 vandens sporto er\u0105 su STANDUP PADDLING! Si\u016blome jums nepakartojam\u0105 nuotyk\u012f Los Cristianos pakrant\u0117je. \u0160i jaudinanti sporto \u0161aka u\u017ekariavo \u017emoni\u0173 \u0161irdis visame pasaulyje, o dabar j\u016bs turite galimyb\u0119 prisijungti prie m\u016bs\u0173 ir leistis \u012f \u0161i\u0105 jaudinan\u010di\u0105 kelion\u0119. Irklent\u0117mis galima plaukioti stovint, kl\u016bpint arba s\u0117dint. Kelion\u0117s irklente metu stebime nuostabi\u0105 Tenerif\u0117s pakrant\u0119.<\/p>\n<p>\nSUP pamoka trunka 2 valandas: valand\u0105 su instruktoriumi, kuris moko irklavimo technikos, ir valand\u0105 laisvo laiko, per kuri\u0105 prakti\u0161kai i\u0161bandysite naujus \u012fg\u016bd\u017eius ir m\u0117gausit\u0117s nuostabiais vaizdais. Poroms taikoma speciali nuolaida. Lent\u0105 gali i\u0161sinuomoti pa\u017eeng\u0119 banglentininkai arba m\u016bs\u0173 mokymus baig\u0119 sve\u010diai.<\/p>\n<p>\n<\/p>\n<h3>Lankytinos vietos<\/h3>\n<ul>\n<li>Visiems lygiams<\/li>\n<li>Viena geriausi\u0173 SUP viet\u0173<\/li>\n<li>\u012esp\u016bdingi vaizdai \u012f vandenyn\u0105<\/li>\n<\/ul>\n<p>\n<\/p>\n<h3>Detal\u0117s<\/h3>\n<p>\nAtspirties ta\u0161kas: Los Cristianos<br \/>\nPrad\u017eios laikas: 10:00, 12:30, 15:00<br \/>\nTrukm\u0117: 2 valandos<br \/>\nGalimyb\u0117s: pamokos pradedantiesiems ir lentos nuoma \u012fgudusiems irkluotojams<\/p>\n<p>\n<\/p>\n<h3>Transporto<\/h3>\n<p>\nPasitikimas Tenerif\u0117s pietuose kainuoja 2 \u20ac asmeniui: i\u0161 Callao Salvaje \u012f el M\u00e9dano.<br \/>\nPasi\u0117mimas i\u0161 Puerto Santiago \/ Playa la Arena kainuoja 15 \u20ac vienam automobiliui (\u012f abi puses). <\/p>","protected":false},"excerpt":{"rendered":"<div>\n\u0160is jaudinantis nuotykis j\u016broje Los Cristianos u\u017ekariavo daugelio salos lankytoj\u0173 \u0161irdis. O dabar turite galimyb\u0119 prisijungti prie m\u016bs\u0173 ir dalyvauti SUP pamokoje. Neturite patirties? Ne b\u0117da! M\u016bs\u0173 patyr\u0119 instruktoriai pateikia lengvai suprantamus nurodymus, kad ant vandens jaustum\u0117t\u0117s u\u017etikrintai ir patogiai.<\/p>\n<p>\n<br \/>\nJei neturite patirties arba turite ma\u017eai patirties, pasirinkite pamok\u0105 1 arba 2 asmenims.<br \/>\nJei esate pa\u017eeng\u0119s su SUP ir saugiai jau\u010diat\u0117s vandenyne, galite i\u0161sinuomoti lent\u0105 dviem valandoms.\n<\/div>","protected":false},"featured_media":1171,"template":"","meta":{"_acf_changed":false},"product_brand":[],"product_cat":[21],"product_tag":[],"class_list":{"0":"post-1166","1":"product","2":"type-product","3":"status-publish","4":"has-post-thumbnail","6":"product_cat-activities","8":"first","9":"instock","10":"sale","11":"shipping-taxable","12":"product-type-grouped"},"acf":[],"yoast_head":"<!-- This site is optimized with the Yoast SEO plugin v25.6 - https:\/\/yoast.com\/wordpress\/plugins\/seo\/ -->\n<title>Stand Up Paddle in Tenerife - Aventura Excursions Book Your SUP Adventure Today!<\/title>\n<meta name=\"description\" content=\"Join our Stand Up Paddle tours in Tenerife. Check reviews, prices, and ratings for the best SUP lessons and rentals. Perfect for all skill levels.\" \/>\n<meta name=\"robots\" content=\"index, follow, max-snippet:-1, max-image-preview:large, max-video-preview:-1\" \/>\n<link rel=\"canonical\" href=\"https:\/\/aventura-excursions.com\/lt\/produktas\/stand-up-paddle\/\" \/>\n<meta property=\"og:locale\" content=\"lt_LT\" \/>\n<meta property=\"og:type\" content=\"article\" \/>\n<meta property=\"og:title\" content=\"Stand Up Paddle in Tenerife - Aventura Excursions Book Your SUP Adventure Today!\" \/>\n<meta property=\"og:description\" content=\"Join our Stand Up Paddle tours in Tenerife. Check reviews, prices, and ratings for the best SUP lessons and rentals. Perfect for all skill levels.\" \/>\n<meta property=\"og:url\" content=\"https:\/\/aventura-excursions.com\/lt\/produktas\/stand-up-paddle\/\" \/>\n<meta property=\"og:site_name\" content=\"Aventura Excursions\" \/>\n<meta property=\"article:modified_time\" content=\"2024-05-29T13:52:10+00:00\" \/>\n<meta property=\"og:image\" content=\"https:\/\/aventura-excursions.com\/wp-content\/uploads\/2024\/03\/IMG_221577.jpg\" \/>\n\t<meta property=\"og:image:width\" content=\"930\" \/>\n\t<meta property=\"og:image:height\" content=\"692\" \/>\n\t<meta property=\"og:image:type\" content=\"image\/jpeg\" \/>\n<meta name=\"twitter:card\" content=\"summary_large_image\" \/>\n<meta name=\"twitter:label1\" content=\"Est. reading time\" \/>\n\t<meta name=\"twitter:data1\" content=\"2 minut\u0117s\" \/>\n<!-- \/ Yoast SEO plugin. -->","yoast_head_json":{"title":"Stand Up Paddle in Tenerife - Aventura Excursions Book Your SUP Adventure Today!","description":"Join our Stand Up Paddle tours in Tenerife. Check reviews, prices, and ratings for the best SUP lessons and rentals. Perfect for all skill levels.","robots":{"index":"index","follow":"follow","max-snippet":"max-snippet:-1","max-image-preview":"max-image-preview:large","max-video-preview":"max-video-preview:-1"},"canonical":"https:\/\/aventura-excursions.com\/lt\/produktas\/stand-up-paddle\/","og_locale":"lt_LT","og_type":"article","og_title":"Stand Up Paddle in Tenerife - Aventura Excursions Book Your SUP Adventure Today!","og_description":"Join our Stand Up Paddle tours in Tenerife. Check reviews, prices, and ratings for the best SUP lessons and rentals. Perfect for all skill levels.","og_url":"https:\/\/aventura-excursions.com\/lt\/produktas\/stand-up-paddle\/","og_site_name":"Aventura Excursions","article_modified_time":"2024-05-29T13:52:10+00:00","og_image":[{"width":930,"height":692,"url":"https:\/\/aventura-excursions.com\/wp-content\/uploads\/2024\/03\/IMG_221577.jpg","type":"image\/jpeg"}],"twitter_card":"summary_large_image","twitter_misc":{"Est. reading time":"2 minut\u0117s"},"schema":{"@context":"https:\/\/schema.org","@graph":[{"@type":"WebPage","@id":"https:\/\/aventura-excursions.com\/product\/stand-up-paddle\/","url":"https:\/\/aventura-excursions.com\/product\/stand-up-paddle\/","name":"Stand Up Paddle in Tenerife - Aventura Excursions Book Your SUP Adventure Today!","isPartOf":{"@id":"https:\/\/aventura-excursions.com\/#website"},"primaryImageOfPage":{"@id":"https:\/\/aventura-excursions.com\/product\/stand-up-paddle\/#primaryimage"},"image":{"@id":"https:\/\/aventura-excursions.com\/product\/stand-up-paddle\/#primaryimage"},"thumbnailUrl":"https:\/\/aventura-excursions.com\/wp-content\/uploads\/2024\/03\/IMG_221577.jpg","datePublished":"2024-03-30T23:04:40+00:00","dateModified":"2024-05-29T13:52:10+00:00","description":"Join our Stand Up Paddle tours in Tenerife. Check reviews, prices, and ratings for the best SUP lessons and rentals. Perfect for all skill levels.","breadcrumb":{"@id":"https:\/\/aventura-excursions.com\/product\/stand-up-paddle\/#breadcrumb"},"inLanguage":"lt-LT","potentialAction":[{"@type":"ReadAction","target":["https:\/\/aventura-excursions.com\/product\/stand-up-paddle\/"]}]},{"@type":"ImageObject","inLanguage":"lt-LT","@id":"https:\/\/aventura-excursions.com\/product\/stand-up-paddle\/#primaryimage","url":"https:\/\/aventura-excursions.com\/wp-content\/uploads\/2024\/03\/IMG_221577.jpg","contentUrl":"https:\/\/aventura-excursions.com\/wp-content\/uploads\/2024\/03\/IMG_221577.jpg","width":930,"height":692},{"@type":"BreadcrumbList","@id":"https:\/\/aventura-excursions.com\/product\/stand-up-paddle\/#breadcrumb","itemListElement":[{"@type":"ListItem","position":1,"name":"Tours","item":"https:\/\/aventura-excursions.com\/tours\/"},{"@type":"ListItem","position":2,"name":"Stand Up Paddle"}]},{"@type":"WebSite","@id":"https:\/\/aventura-excursions.com\/#website","url":"https:\/\/aventura-excursions.com\/","name":"Aventura Excursions","description":"Aventura Excursions","potentialAction":[{"@type":"SearchAction","target":{"@type":"EntryPoint","urlTemplate":"https:\/\/aventura-excursions.com\/?s={search_term_string}"},"query-input":{"@type":"PropertyValueSpecification","valueRequired":true,"valueName":"search_term_string"}}],"inLanguage":"lt-LT"}]}},"_links":{"self":[{"href":"https:\/\/aventura-excursions.com\/lt\/wp-json\/wp\/v2\/product\/1166","targetHints":{"allow":["GET"]}}],"collection":[{"href":"https:\/\/aventura-excursions.com\/lt\/wp-json\/wp\/v2\/product"}],"about":[{"href":"https:\/\/aventura-excursions.com\/lt\/wp-json\/wp\/v2\/types\/product"}],"wp:featuredmedia":[{"embeddable":true,"href":"https:\/\/aventura-excursions.com\/lt\/wp-json\/wp\/v2\/media\/1171"}],"wp:attachment":[{"href":"https:\/\/aventura-excursions.com\/lt\/wp-json\/wp\/v2\/media?parent=1166"}],"wp:term":[{"taxonomy":"product_brand","embeddable":true,"href":"https:\/\/aventura-excursions.com\/lt\/wp-json\/wp\/v2\/product_brand?post=1166"},{"taxonomy":"product_cat","embeddable":true,"href":"https:\/\/aventura-excursions.com\/lt\/wp-json\/wp\/v2\/product_cat?post=1166"},{"taxonomy":"product_tag","embeddable":true,"href":"https:\/\/aventura-excursions.com\/lt\/wp-json\/wp\/v2\/product_tag?post=1166"}],"curies":[{"name":"wp","href":"https:\/\/api.w.org\/{rel}","templated":true}]}}