{"id":1210,"date":"2024-04-01T17:01:05","date_gmt":"2024-04-01T14:01:05","guid":{"rendered":"https:\/\/aventura-excursions.com\/?post_type=product&#038;p=1210"},"modified":"2024-07-24T16:30:11","modified_gmt":"2024-07-24T13:30:11","slug":"diving-courses","status":"publish","type":"product","link":"https:\/\/aventura-excursions.com\/lt\/produktas\/diving-courses\/","title":{"rendered":"Nardymo kursai"},"content":{"rendered":"<div>\n<p><h3>Apra\u0161ymas<\/h3>\n<p>\nM\u016bs\u0173 nardymo mokykla bendradarbiauja su did\u017eiausiomis ir \u017einomiausiomis nardymo federacijomis SSI ir PADI. Baig\u0119 kursus pas mus, gausite sertifikat\u0105, kuris bus lengvai pripa\u017e\u012fstamas bet kuriame pasaulio nardymo centre, kad ir kur nuspr\u0119stum\u0117te nardyti. Nardymo kursai - tai jaudinantis nuotykis, kuris pad\u0117s jums atverti duris \u012f kit\u0105 pasaul\u012f.<\/p>\n<p><\/p>\n<h3>Lankytinos vietos<\/h3>\n<ul>\n<li>Nar\u0173 meistro kursai ir specializacijos<\/li>\n<li>Profesional\u016bs instruktoriai<\/li>\n<li>Elektroninis mokymasis ir praktinis mokymas<\/li>\n<li>Moderni \u012franga<\/li>\n<\/ul>\n<p><\/p>\n<h3>Detal\u0117s<\/h3>\n<p>\nVieta: Los Cristianos\/Puerto Colon<br \/>\nPrad\u017eios laikas: 09:00<br \/>\n\u012e kain\u0105 \u012fskai\u010diuota \u012franga, draudimas, sertifikatas<br \/>\nSSI ir PADI kursai<\/p>\n<p>\nPasitikimas Tenerif\u0117s pietuose kainuoja 2 \u20ac asmeniui: i\u0161 Callao Salvaje \u012f el M\u00e9dano.<br \/>\nPasi\u0117mimas i\u0161 Puerto Santiago \/ Playa la Arena kainuoja 15 \u20ac vienam automobiliui (\u012f abi puses).<\/p>\n<p><\/p>\n<h3>Open Water Diver<\/h3>\n<p>\n\u0160is kursas yra pirmasis \u017eingsnis ir garsiausias nardymo kursas pasaulyje. OWD sertifikatas suteikia teis\u0119 nardyti su partneriu iki 18 metr\u0173 gylyje bet kurioje pasaulio vietoje. Kursas trunka 2 dienas ir susideda i\u0161 3 dali\u0173:<\/p>\n<p>\n&#8211; Theory (elearning): you will learn the equipment, safety basics and basic rules on how to move underwater. You can comfortably complete this part at home a few days before the course starts, from your computer.<\/p>\n<p>\n&#8211; Underwater and surface exercises: these exercises will help you to feel confident underwater and to cope with the different types of problems that can occur during a dive.<\/p>\n<p>\n&#8211; Once we have finished the exercises, we will make 4 dives, during which we will continue to practice everything we have learned before.<\/p>\n<p class=\" translation-block\"><strong>Trukm\u0117:<\/strong> 2-3 dienos<br>\n<strong>Reikalavimai:<\/strong> n\u0117ra<br>\n<strong>Minimalus am\u017eius:<\/strong> 10 met\u0173<\/p>\n<p><\/p>\n<h3>Scuba Diver<\/h3>\n<p>\nIf you don&#8217;t have enough time to complete the full Open Water course, you can opt for the PADI\/SSI Scuba Diver course, which is a shortened version of the OWD course and only takes 1 day. You can then upgrade your license to Open Water Diver at any PADI dive center in the world. The Scuba Diver license allows you to dive to depths of up to 12 meters.<\/p>\n<p>\n<strong>Trukm\u0117:<\/strong> 1-2 dienos<br \/>\n<strong>Reikalavimai:<\/strong> n\u0117ra<br \/>\n<strong>Minimalus am\u017eius:<\/strong> 10 met\u0173<\/p>\n<p><\/p>\n<h3>Advanced Open Water Diver<\/h3>\n<p>\nTai pa\u017eengusi\u0173j\u0173 kursas, skirtas tiems, kurie jau turi OWD arba lygiavert\u012f sertifikat\u0105. Kurso metu atliekami 5 nardymai, kuri\u0173 metu lavinami \u012fvair\u016bs \u012fg\u016bd\u017eiai. Baig\u0119s AOWD kurs\u0105 naras gali nardyti iki 30 metr\u0173 gylio. \u0160\u012f kurs\u0105 galite derinti su kitais suplanuotais nardymais ir taip tobulinti savo \u012fg\u016bd\u017eius. \u012e \u0161\u012f kurs\u0105 galite u\u017esiregistruoti i\u0161 karto baig\u0119 OWD kurs\u0105.<\/p>\n<p>\n<strong>Trukm\u0117:<\/strong> 2-3 dienos<br \/>\n<strong>Reikalavimai:<\/strong> OWD sertifikatas<br \/>\n<strong>Minimalus am\u017eius:<\/strong> 10 met\u0173<\/p>\n<p><\/p>\n<h3>Night Diver<\/h3>\n<p>\nDi notte, i subacquei possono vedere ci\u00f2 che \u00e8 nascosto ai loro occhi alla luce del giorno. Durante le immersioni notturne, osserviamo il comportamento degli animali che cambia con il calare della notte. Il corso Night Diver vi insegner\u00e0 a immergervi in modo sicuro e confortevole in condizioni di visibilit\u00e0 limitata. Il corso comprende una sessione teorica e 3 immersioni notturne nell'oceano.<\/p>\n<p>\n<strong>Trukm\u0117:<\/strong> 3 dienos<br \/>\n<strong>Reikalavimai:<\/strong> OWD sertifikatas<br \/>\n<strong>Minimalus am\u017eius:<\/strong> 18 met\u0173<\/p>\n<p><\/p>\n<h3>Wreck Diver<\/h3>\n<p>\nNardymas po nuolau\u017eas tapo daugelio nar\u0173 aistra visame pasaulyje. Po vandeniu galime tyrin\u0117ti laivus, l\u0117ktuvus, tankus, automobilius ir ekskavatorius. \u0160io kurso metu i\u0161moksite saugiai nardyti ir skverbtis \u012f nuolau\u017eas. Mokymus sudaro teorija ir 4 nardymai prie nuolau\u017e\u0173.<\/p>\n<p>\n<strong>Trukm\u0117:<\/strong> 2 dienos<br \/>\n<strong>Reikalavimai:<\/strong> OWD sertifikatas<br \/>\n<strong>Minimalus am\u017eius:<\/strong> 15 met\u0173<\/p>\n<p><\/p>\n<h3>Deep Diver<\/h3>\n<p>\n\u201eDeep Diver\u201c - tai AOWD nar\u0173 specializacija, leid\u017eianti tobulinti \u012fg\u016bd\u017eius ir nardyti iki 40 metr\u0173 gylio. Tai did\u017eiausias rekreaciniam nardymui leid\u017eiamas gylis. Per \u201eDeep Diver\u201c kurs\u0105 su\u017einosite apie fiziologin\u012f poveik\u012f, planavimo proced\u016bras, \u012frangos ypatumus. I\u0161moksite duj\u0173 valdymo metod\u0173, elgtis su galimais pavojais ir ekstremaliomis situacijomis. \u012e kurso kain\u0105 \u012fskai\u010diuoti 4 nardymai vandenyne.<\/p>\n<p>\n<strong>Trukm\u0117:<\/strong> 2 dienos<br \/>\n<strong>Reikalavimai: <\/strong>AOWD sertifikatas<br \/>\n<strong>Minimalus am\u017eius:<\/strong> 15 met\u0173\n<\/div>","protected":false},"excerpt":{"rendered":"<div>\n<p>\n\u012e\u017eenkite \u012f nardymo pasaul\u012f ir baigkite kursus su mumis. M\u016bs\u0173 mokymo programos apima visus lygius - nuo pagrindini\u0173 nardymo \u012fg\u016bd\u017ei\u0173 iki specializuot\u0173 technik\u0173, pavyzd\u017eiui, naktinio nardymo ir nardymo po sudu\u017eusiais laivais, iki profesionalaus nardymo meistro lygio.<\/p>\n<p><\/p>\n<p>Pasirinkite kurs\u0105 ir papildomas galimybes, jei reikia: nuotraukos, pa\u0117mimas Tenerif\u0117s pietuose arba Playa la Arenoje. Tada pasirinkite kurso prad\u017eios dat\u0105.<\/p>\n<\/div>","protected":false},"featured_media":1213,"template":"","meta":{"_acf_changed":false},"product_brand":[],"product_cat":[21],"product_tag":[],"class_list":{"0":"post-1210","1":"product","2":"type-product","3":"status-publish","4":"has-post-thumbnail","6":"product_cat-activities","8":"first","9":"instock","10":"sale","11":"shipping-taxable","12":"product-type-grouped"},"acf":[],"yoast_head":"<!-- This site is optimized with the Yoast SEO plugin v25.6 - https:\/\/yoast.com\/wordpress\/plugins\/seo\/ -->\n<title>Diving Courses - Aventura Excursions in Tenerife | Learn to Dive | PADI or SSI | Book now<\/title>\n<meta name=\"description\" content=\"Discover scuba diving in Tenerife! From basic skills to advanced PADI and SSI certifications. Check prices, reviews, and book your diving course today!\" \/>\n<meta name=\"robots\" content=\"index, follow, max-snippet:-1, max-image-preview:large, max-video-preview:-1\" \/>\n<link rel=\"canonical\" href=\"https:\/\/aventura-excursions.com\/lt\/produktas\/diving-courses\/\" \/>\n<meta property=\"og:locale\" content=\"lt_LT\" \/>\n<meta property=\"og:type\" content=\"article\" \/>\n<meta property=\"og:title\" content=\"Diving Courses - Aventura Excursions in Tenerife | Learn to Dive | PADI or SSI | Book now\" \/>\n<meta property=\"og:description\" content=\"Discover scuba diving in Tenerife! From basic skills to advanced PADI and SSI certifications. Check prices, reviews, and book your diving course today!\" \/>\n<meta property=\"og:url\" content=\"https:\/\/aventura-excursions.com\/lt\/produktas\/diving-courses\/\" \/>\n<meta property=\"og:site_name\" content=\"Aventura Excursions\" \/>\n<meta property=\"article:modified_time\" content=\"2024-07-24T13:30:11+00:00\" \/>\n<meta property=\"og:image\" content=\"https:\/\/aventura-excursions.com\/wp-content\/uploads\/2024\/04\/21106856_737374579784137_766626476876553897_n.jpg\" \/>\n\t<meta property=\"og:image:width\" content=\"960\" \/>\n\t<meta property=\"og:image:height\" content=\"640\" \/>\n\t<meta property=\"og:image:type\" content=\"image\/jpeg\" \/>\n<meta name=\"twitter:card\" content=\"summary_large_image\" \/>\n<meta name=\"twitter:label1\" content=\"Est. reading time\" \/>\n\t<meta name=\"twitter:data1\" content=\"4 minut\u0117s\" \/>\n<!-- \/ Yoast SEO plugin. -->","yoast_head_json":{"title":"Diving Courses - Aventura Excursions in Tenerife | Learn to Dive | PADI or SSI | Book now","description":"Discover scuba diving in Tenerife! From basic skills to advanced PADI and SSI certifications. Check prices, reviews, and book your diving course today!","robots":{"index":"index","follow":"follow","max-snippet":"max-snippet:-1","max-image-preview":"max-image-preview:large","max-video-preview":"max-video-preview:-1"},"canonical":"https:\/\/aventura-excursions.com\/lt\/produktas\/diving-courses\/","og_locale":"lt_LT","og_type":"article","og_title":"Diving Courses - Aventura Excursions in Tenerife | Learn to Dive | PADI or SSI | Book now","og_description":"Discover scuba diving in Tenerife! From basic skills to advanced PADI and SSI certifications. Check prices, reviews, and book your diving course today!","og_url":"https:\/\/aventura-excursions.com\/lt\/produktas\/diving-courses\/","og_site_name":"Aventura Excursions","article_modified_time":"2024-07-24T13:30:11+00:00","og_image":[{"width":960,"height":640,"url":"https:\/\/aventura-excursions.com\/wp-content\/uploads\/2024\/04\/21106856_737374579784137_766626476876553897_n.jpg","type":"image\/jpeg"}],"twitter_card":"summary_large_image","twitter_misc":{"Est. reading time":"4 minut\u0117s"},"schema":{"@context":"https:\/\/schema.org","@graph":[{"@type":"WebPage","@id":"https:\/\/aventura-excursions.com\/product\/diving-courses\/","url":"https:\/\/aventura-excursions.com\/product\/diving-courses\/","name":"Diving Courses - Aventura Excursions in Tenerife | Learn to Dive | PADI or SSI | Book now","isPartOf":{"@id":"https:\/\/aventura-excursions.com\/#website"},"primaryImageOfPage":{"@id":"https:\/\/aventura-excursions.com\/product\/diving-courses\/#primaryimage"},"image":{"@id":"https:\/\/aventura-excursions.com\/product\/diving-courses\/#primaryimage"},"thumbnailUrl":"https:\/\/aventura-excursions.com\/wp-content\/uploads\/2024\/04\/21106856_737374579784137_766626476876553897_n.jpg","datePublished":"2024-04-01T14:01:05+00:00","dateModified":"2024-07-24T13:30:11+00:00","description":"Discover scuba diving in Tenerife! From basic skills to advanced PADI and SSI certifications. Check prices, reviews, and book your diving course today!","breadcrumb":{"@id":"https:\/\/aventura-excursions.com\/product\/diving-courses\/#breadcrumb"},"inLanguage":"lt-LT","potentialAction":[{"@type":"ReadAction","target":["https:\/\/aventura-excursions.com\/product\/diving-courses\/"]}]},{"@type":"ImageObject","inLanguage":"lt-LT","@id":"https:\/\/aventura-excursions.com\/product\/diving-courses\/#primaryimage","url":"https:\/\/aventura-excursions.com\/wp-content\/uploads\/2024\/04\/21106856_737374579784137_766626476876553897_n.jpg","contentUrl":"https:\/\/aventura-excursions.com\/wp-content\/uploads\/2024\/04\/21106856_737374579784137_766626476876553897_n.jpg","width":960,"height":640},{"@type":"BreadcrumbList","@id":"https:\/\/aventura-excursions.com\/product\/diving-courses\/#breadcrumb","itemListElement":[{"@type":"ListItem","position":1,"name":"Tours","item":"https:\/\/aventura-excursions.com\/tours\/"},{"@type":"ListItem","position":2,"name":"Diving Courses"}]},{"@type":"WebSite","@id":"https:\/\/aventura-excursions.com\/#website","url":"https:\/\/aventura-excursions.com\/","name":"Aventura Excursions","description":"Aventura Excursions","potentialAction":[{"@type":"SearchAction","target":{"@type":"EntryPoint","urlTemplate":"https:\/\/aventura-excursions.com\/?s={search_term_string}"},"query-input":{"@type":"PropertyValueSpecification","valueRequired":true,"valueName":"search_term_string"}}],"inLanguage":"lt-LT"}]}},"_links":{"self":[{"href":"https:\/\/aventura-excursions.com\/lt\/wp-json\/wp\/v2\/product\/1210","targetHints":{"allow":["GET"]}}],"collection":[{"href":"https:\/\/aventura-excursions.com\/lt\/wp-json\/wp\/v2\/product"}],"about":[{"href":"https:\/\/aventura-excursions.com\/lt\/wp-json\/wp\/v2\/types\/product"}],"wp:featuredmedia":[{"embeddable":true,"href":"https:\/\/aventura-excursions.com\/lt\/wp-json\/wp\/v2\/media\/1213"}],"wp:attachment":[{"href":"https:\/\/aventura-excursions.com\/lt\/wp-json\/wp\/v2\/media?parent=1210"}],"wp:term":[{"taxonomy":"product_brand","embeddable":true,"href":"https:\/\/aventura-excursions.com\/lt\/wp-json\/wp\/v2\/product_brand?post=1210"},{"taxonomy":"product_cat","embeddable":true,"href":"https:\/\/aventura-excursions.com\/lt\/wp-json\/wp\/v2\/product_cat?post=1210"},{"taxonomy":"product_tag","embeddable":true,"href":"https:\/\/aventura-excursions.com\/lt\/wp-json\/wp\/v2\/product_tag?post=1210"}],"curies":[{"name":"wp","href":"https:\/\/api.w.org\/{rel}","templated":true}]}}