{"id":1247,"date":"2024-04-02T19:18:36","date_gmt":"2024-04-02T16:18:36","guid":{"rendered":"https:\/\/aventura-excursions.com\/?post_type=product&#038;p=1247"},"modified":"2024-06-19T19:35:48","modified_gmt":"2024-06-19T16:35:48","slug":"snorkeling","status":"publish","type":"product","link":"https:\/\/aventura-excursions.com\/lt\/produktas\/snorkeling\/","title":{"rendered":"Nardymas su vamzdeliu"},"content":{"rendered":"<h3>Apra\u0161ymas<\/h3>\n<p>\nA great way of introduction to the underwater world for anyone interested. We will take you to a shallow place that is home to a huge variety of fish and underwater animals. The program lasts 50 minutes and is always led by an experienced instructor that guides and assists you during the whole excursion.  You don&#8217;t have to be able to swim! You can snorkel while wearing a life jacket.<\/p>\n<p>\nYra dviej\u0173 tip\u0173 ekskursijos:<br \/>\n&#8211; in Rays Bay (Los Cristianos) where you enter the water from the beach<br \/>\n&#8211; a boat trip from Las Galletas and Puerto Colon<\/p>\n<p>\n<\/p>\n<h3>Lankytinos vietos<\/h3>\n<ul>\n<li>Nardymas i\u0161 valties arba i\u0161 papl\u016bdimio<\/li>\n<li>\u012esp\u016bdinga veikla vandenyje<\/li>\n<li>Kasdienin\u0117 galimyb\u0117 pamatyti v\u0117\u017elius nardant valtimi ir rajas plaukiojant Rays \u012flankoje<\/li>\n<li>Profesional\u016bs daugiakalbiai gidai<\/li>\n<\/ul>\n<p>\n<\/p>\n<h3>Detal\u0117s<\/h3>\n<p>\nTrukm\u0117: 1,5 valandos plaukimo baidar\u0117mis + 30 minu\u010di\u0173 nardymo su vamzdeliu<br \/>\nI\u0161vykimo i\u0161 papl\u016bdimio laikas: 10:00, 12:30, 15:00 <br \/>\nMinimalus am\u017eius: 6 metai <br \/>\n\u012eskai\u010diuota \u012franga: nardymo rinkiniai, neopreniniai kostiumai ir batai, liemen\u0117s, jei reikia.<\/p>\n<p>\n<\/p>\n<h3>Transporto<\/h3>\n<p>\nPasitikimas Tenerif\u0117s pietuose kainuoja 2 \u20ac asmeniui: i\u0161 Callao Salvaje \u012f el M\u00e9dano.<br \/>\nPasi\u0117mimas i\u0161 Puerto Santiago \/ Playa la Arena kainuoja 15 \u20ac vienam automobiliui (\u012f abi puses). <\/p>","protected":false},"excerpt":{"rendered":"<div>\n<p>Prisijunkite prie m\u016bs\u0173 ir dalyvaukite vienoje i\u0161 m\u016bs\u0173 nardymo su vamzdeliu kelioni\u0173 ir susipa\u017einkite su Atlanto vandenyno gyventojais! Suteiksime i\u0161samius nurodymus, apsivilksite \u0161iltus hidrokostiumus, pasiimkite kaukes, pelekus ir \u0161nipin\u0117jimo pelekus ir \u012fplaukite \u012f vanden\u012f i\u0161 papl\u016bdimio arba i\u0161plaukite laivu. <\/p>\n<p>\n<br \/>\nRinkit\u0117s nardym\u0105 i\u0161 papl\u016bdimio arba valtimi. Jei reikia, pasirinkite perve\u017eim\u0105.\n<\/div>","protected":false},"featured_media":1248,"template":"","meta":{"_acf_changed":false},"product_brand":[],"product_cat":[21],"product_tag":[],"class_list":{"0":"post-1247","1":"product","2":"type-product","3":"status-publish","4":"has-post-thumbnail","6":"product_cat-activities","8":"first","9":"instock","10":"sale","11":"shipping-taxable","12":"product-type-grouped"},"acf":[],"yoast_head":"<!-- This site is optimized with the Yoast SEO plugin v25.6 - https:\/\/yoast.com\/wordpress\/plugins\/seo\/ -->\n<title>Book Snorkeling tour in Tenerife - Aventura Excursions \u2013 See Turtles and Rays!<\/title>\n<meta name=\"description\" content=\"Enjoy snorkeling trip in Tenerife: see turtles and rays, and explore the underwater world with professional guides. Check reviews and prices. Book now!\" \/>\n<meta name=\"robots\" content=\"index, follow, max-snippet:-1, max-image-preview:large, max-video-preview:-1\" \/>\n<link rel=\"canonical\" href=\"https:\/\/aventura-excursions.com\/lt\/produktas\/snorkeling\/\" \/>\n<meta property=\"og:locale\" content=\"lt_LT\" \/>\n<meta property=\"og:type\" content=\"article\" \/>\n<meta property=\"og:title\" content=\"Book Snorkeling tour in Tenerife - Aventura Excursions \u2013 See Turtles and Rays!\" \/>\n<meta property=\"og:description\" content=\"Enjoy snorkeling trip in Tenerife: see turtles and rays, and explore the underwater world with professional guides. Check reviews and prices. Book now!\" \/>\n<meta property=\"og:url\" content=\"https:\/\/aventura-excursions.com\/lt\/produktas\/snorkeling\/\" \/>\n<meta property=\"og:site_name\" content=\"Aventura Excursions\" \/>\n<meta property=\"article:modified_time\" content=\"2024-06-19T16:35:48+00:00\" \/>\n<meta property=\"og:image\" content=\"https:\/\/aventura-excursions.com\/wp-content\/uploads\/2024\/04\/snorkeling_TQBhM.jpeg\" \/>\n\t<meta property=\"og:image:width\" content=\"1600\" \/>\n\t<meta property=\"og:image:height\" content=\"800\" \/>\n\t<meta property=\"og:image:type\" content=\"image\/jpeg\" \/>\n<meta name=\"twitter:card\" content=\"summary_large_image\" \/>\n<meta name=\"twitter:label1\" content=\"Est. reading time\" \/>\n\t<meta name=\"twitter:data1\" content=\"2 minut\u0117s\" \/>\n<!-- \/ Yoast SEO plugin. -->","yoast_head_json":{"title":"Book Snorkeling tour in Tenerife - Aventura Excursions \u2013 See Turtles and Rays!","description":"Enjoy snorkeling trip in Tenerife: see turtles and rays, and explore the underwater world with professional guides. Check reviews and prices. Book now!","robots":{"index":"index","follow":"follow","max-snippet":"max-snippet:-1","max-image-preview":"max-image-preview:large","max-video-preview":"max-video-preview:-1"},"canonical":"https:\/\/aventura-excursions.com\/lt\/produktas\/snorkeling\/","og_locale":"lt_LT","og_type":"article","og_title":"Book Snorkeling tour in Tenerife - Aventura Excursions \u2013 See Turtles and Rays!","og_description":"Enjoy snorkeling trip in Tenerife: see turtles and rays, and explore the underwater world with professional guides. Check reviews and prices. Book now!","og_url":"https:\/\/aventura-excursions.com\/lt\/produktas\/snorkeling\/","og_site_name":"Aventura Excursions","article_modified_time":"2024-06-19T16:35:48+00:00","og_image":[{"width":1600,"height":800,"url":"https:\/\/aventura-excursions.com\/wp-content\/uploads\/2024\/04\/snorkeling_TQBhM.jpeg","type":"image\/jpeg"}],"twitter_card":"summary_large_image","twitter_misc":{"Est. reading time":"2 minut\u0117s"},"schema":{"@context":"https:\/\/schema.org","@graph":[{"@type":"WebPage","@id":"https:\/\/aventura-excursions.com\/product\/snorkeling\/","url":"https:\/\/aventura-excursions.com\/product\/snorkeling\/","name":"Book Snorkeling tour in Tenerife - Aventura Excursions \u2013 See Turtles and Rays!","isPartOf":{"@id":"https:\/\/aventura-excursions.com\/#website"},"primaryImageOfPage":{"@id":"https:\/\/aventura-excursions.com\/product\/snorkeling\/#primaryimage"},"image":{"@id":"https:\/\/aventura-excursions.com\/product\/snorkeling\/#primaryimage"},"thumbnailUrl":"https:\/\/aventura-excursions.com\/wp-content\/uploads\/2024\/04\/snorkeling_TQBhM.jpeg","datePublished":"2024-04-02T16:18:36+00:00","dateModified":"2024-06-19T16:35:48+00:00","description":"Enjoy snorkeling trip in Tenerife: see turtles and rays, and explore the underwater world with professional guides. Check reviews and prices. Book now!","breadcrumb":{"@id":"https:\/\/aventura-excursions.com\/product\/snorkeling\/#breadcrumb"},"inLanguage":"lt-LT","potentialAction":[{"@type":"ReadAction","target":["https:\/\/aventura-excursions.com\/product\/snorkeling\/"]}]},{"@type":"ImageObject","inLanguage":"lt-LT","@id":"https:\/\/aventura-excursions.com\/product\/snorkeling\/#primaryimage","url":"https:\/\/aventura-excursions.com\/wp-content\/uploads\/2024\/04\/snorkeling_TQBhM.jpeg","contentUrl":"https:\/\/aventura-excursions.com\/wp-content\/uploads\/2024\/04\/snorkeling_TQBhM.jpeg","width":1600,"height":800},{"@type":"BreadcrumbList","@id":"https:\/\/aventura-excursions.com\/product\/snorkeling\/#breadcrumb","itemListElement":[{"@type":"ListItem","position":1,"name":"Tours","item":"https:\/\/aventura-excursions.com\/tours\/"},{"@type":"ListItem","position":2,"name":"Snorkeling"}]},{"@type":"WebSite","@id":"https:\/\/aventura-excursions.com\/#website","url":"https:\/\/aventura-excursions.com\/","name":"Aventura Excursions","description":"Aventura Excursions","potentialAction":[{"@type":"SearchAction","target":{"@type":"EntryPoint","urlTemplate":"https:\/\/aventura-excursions.com\/?s={search_term_string}"},"query-input":{"@type":"PropertyValueSpecification","valueRequired":true,"valueName":"search_term_string"}}],"inLanguage":"lt-LT"}]}},"_links":{"self":[{"href":"https:\/\/aventura-excursions.com\/lt\/wp-json\/wp\/v2\/product\/1247","targetHints":{"allow":["GET"]}}],"collection":[{"href":"https:\/\/aventura-excursions.com\/lt\/wp-json\/wp\/v2\/product"}],"about":[{"href":"https:\/\/aventura-excursions.com\/lt\/wp-json\/wp\/v2\/types\/product"}],"wp:featuredmedia":[{"embeddable":true,"href":"https:\/\/aventura-excursions.com\/lt\/wp-json\/wp\/v2\/media\/1248"}],"wp:attachment":[{"href":"https:\/\/aventura-excursions.com\/lt\/wp-json\/wp\/v2\/media?parent=1247"}],"wp:term":[{"taxonomy":"product_brand","embeddable":true,"href":"https:\/\/aventura-excursions.com\/lt\/wp-json\/wp\/v2\/product_brand?post=1247"},{"taxonomy":"product_cat","embeddable":true,"href":"https:\/\/aventura-excursions.com\/lt\/wp-json\/wp\/v2\/product_cat?post=1247"},{"taxonomy":"product_tag","embeddable":true,"href":"https:\/\/aventura-excursions.com\/lt\/wp-json\/wp\/v2\/product_tag?post=1247"}],"curies":[{"name":"wp","href":"https:\/\/api.w.org\/{rel}","templated":true}]}}