{"id":1396,"date":"2024-04-20T01:00:22","date_gmt":"2024-04-19T22:00:22","guid":{"rendered":"https:\/\/aventura-excursions.com\/?post_type=product&#038;p=1396"},"modified":"2025-09-10T15:37:19","modified_gmt":"2025-09-10T12:37:19","slug":"kayaking-snorkeling-diving","status":"publish","type":"product","link":"https:\/\/aventura-excursions.com\/lt\/produktas\/kayaking-snorkeling-diving\/","title":{"rendered":"Plaukimas baidar\u0117mis + nardymas"},"content":{"rendered":"<h3>\u012e paket\u0105 \u012ftrauktos ekskursijos<\/h3>\n<ul>\n<li><strong><em><a href=\"https:\/\/aventura-excursions.com\/lt\/produktas\/diving-for-beginners\/\">Bandomasis nardymas,<\/a><\/em><\/strong> 40 min<\/li>\n<li><strong><em><a href=\"https:\/\/aventura-excursions.com\/lt\/produktas\/kayaking-snorkeling\/\">Baidar\u0117s + nardymas,<\/a><\/em><\/strong> 2 valandas<\/li>\n<\/ul>\n<p>\n<\/p>\n<h3>Apra\u0161ymas<\/h3>\n<p class=\" translation-block\">Pasinerkite \u012f did\u017eiausius nuotykius su m\u016bs\u0173 i\u0161skirtiniu <strong><em><a href=\"https:\/\/aventura-excursions.com\/lt\/produktas\/kayaking-snorkeling\/\" target=\"_self\">Baidari\u0173 ir Pavir\u0161inio Nardymo<\/a><\/em><\/strong> + <strong><em><a href=\"https:\/\/aventura-excursions.com\/lt\/produktas\/diving-for-beginners\/\" target=\"_self\">I\u0161bandyk Dive<\/a><\/em><\/strong> Tenerif\u0117je! Prad\u0117kite dien\u0105 irkluodami ramiais Atlanto vandenimis, tyrin\u0117dami nuostabius pakrant\u0117s vaizdus ir nardydami tarp gyvybingos j\u016bros gyvyb\u0117s. Papildykite savo patirt\u012f jaudinan\u010diu I\u0161bandyk Dive \u017eaidimu, kurio metu m\u016bs\u0173 ekspertai instruktoriai supa\u017eindins su nardymo pagrindais ir leis i\u0161 arti atrasti u\u017eburiant\u012f povandenin\u012f pasaul\u012f.<\/p>\n<p>\u0160is paketas puikiai tinka nuotyki\u0173 ie\u0161kotojams ir vandenyn\u0173 myl\u0117tojams, nes \u017eada nepamir\u0161tam\u0105 tyrin\u0117jim\u0173 ir \u012fsp\u016bd\u017ei\u0173 dien\u0105.<\/p>\n<p>\n<\/p>\n<h3>Detal\u0117s<\/h3>\n<p>\nPrad\u017eios laikas: 09:00<br \/>\nMinimalus am\u017eius: 8 metai<br \/>\n\u012e kain\u0105 \u012fskai\u010diuota \u012franga<br \/>\nPaket\u0105 galite sukomplektuoti per 1 ar 2 dienas<\/p>\n<p>\n<\/p>\n<h3>Transporto<\/h3>\n<p>\nPasitikimas Tenerif\u0117s pietuose kainuoja 4 \u20ac asmeniui: i\u0161 Callao Salvaje \u012f Golf del Sur.<br \/>\nPasi\u0117mimas i\u0161 Puerto Santiago \/ Playa la Arena \/ El Medano kainuoja 15 \u20ac vienam automobiliui (\u012f abi puses). <\/p>","protected":false},"excerpt":{"rendered":"<div>\nSpecialus pasi\u016blymas nuotyki\u0173 ie\u0161kantiems, \u012fskaitant kelion\u0119 baidar\u0117mis su nardymu ir 40 minu\u010di\u0173 bandomuoju nardymu \u2013 viskas viename pakete! Leiskit\u0117s \u012f kelion\u0119, kurioje derinami geriausi Tenerif\u0117s j\u016bros nuotykiai! <\/p>\n<p>\n<br \/>\nPasirinkite suaugusi\u0173j\u0173 ir vaik\u0173 (8-10 met\u0173) skai\u010di\u0173. Jei reikia atsi\u0117mimo, pasirinkite transport\u0105.<\/div>","protected":false},"featured_media":1645,"template":"","meta":{"_acf_changed":false},"product_brand":[],"product_cat":[142],"product_tag":[],"class_list":{"0":"post-1396","1":"product","2":"type-product","3":"status-publish","4":"has-post-thumbnail","6":"product_cat-special-offers","8":"first","9":"instock","10":"sale","11":"shipping-taxable","12":"product-type-grouped"},"acf":[],"yoast_head":"<!-- This site is optimized with the Yoast SEO plugin v25.6 - https:\/\/yoast.com\/wordpress\/plugins\/seo\/ -->\n<title>Kayaking &amp; Try Dive in Tenerife - Aventura Excursions - Book Your Adventure Now!<\/title>\n<meta name=\"description\" content=\"Join our Kayak &amp; Snorkeling and Try Dive package in Tenerife! Check reviews, prices, and ratings. Book today for an unforgettable experience!\" \/>\n<meta name=\"robots\" content=\"index, follow, max-snippet:-1, max-image-preview:large, max-video-preview:-1\" \/>\n<link rel=\"canonical\" href=\"https:\/\/aventura-excursions.com\/lt\/produktas\/kayaking-snorkeling-diving\/\" \/>\n<meta property=\"og:locale\" content=\"lt_LT\" \/>\n<meta property=\"og:type\" content=\"article\" \/>\n<meta property=\"og:title\" content=\"Kayaking &amp; Try Dive in Tenerife - Aventura Excursions - Book Your Adventure Now!\" \/>\n<meta property=\"og:description\" content=\"Join our Kayak &amp; Snorkeling and Try Dive package in Tenerife! Check reviews, prices, and ratings. Book today for an unforgettable experience!\" \/>\n<meta property=\"og:url\" content=\"https:\/\/aventura-excursions.com\/lt\/produktas\/kayaking-snorkeling-diving\/\" \/>\n<meta property=\"og:site_name\" content=\"Aventura Excursions\" \/>\n<meta property=\"article:modified_time\" content=\"2025-09-10T12:37:19+00:00\" \/>\n<meta property=\"og:image\" content=\"https:\/\/aventura-excursions.com\/wp-content\/uploads\/2024\/04\/\u0414\u0438\u0437\u0430\u0439\u043d-\u0431\u0435\u0437-\u043d\u0430\u0437\u0432\u0430\u043d\u0438\u044f-2.jpg\" \/>\n\t<meta property=\"og:image:width\" content=\"800\" \/>\n\t<meta property=\"og:image:height\" content=\"600\" \/>\n\t<meta property=\"og:image:type\" content=\"image\/jpeg\" \/>\n<meta name=\"twitter:card\" content=\"summary_large_image\" \/>\n<meta name=\"twitter:label1\" content=\"Est. reading time\" \/>\n\t<meta name=\"twitter:data1\" content=\"1 minut\u0117\" \/>\n<!-- \/ Yoast SEO plugin. -->","yoast_head_json":{"title":"Kayaking & Try Dive in Tenerife - Aventura Excursions - Book Your Adventure Now!","description":"Join our Kayak & Snorkeling and Try Dive package in Tenerife! Check reviews, prices, and ratings. Book today for an unforgettable experience!","robots":{"index":"index","follow":"follow","max-snippet":"max-snippet:-1","max-image-preview":"max-image-preview:large","max-video-preview":"max-video-preview:-1"},"canonical":"https:\/\/aventura-excursions.com\/lt\/produktas\/kayaking-snorkeling-diving\/","og_locale":"lt_LT","og_type":"article","og_title":"Kayaking & Try Dive in Tenerife - Aventura Excursions - Book Your Adventure Now!","og_description":"Join our Kayak & Snorkeling and Try Dive package in Tenerife! Check reviews, prices, and ratings. Book today for an unforgettable experience!","og_url":"https:\/\/aventura-excursions.com\/lt\/produktas\/kayaking-snorkeling-diving\/","og_site_name":"Aventura Excursions","article_modified_time":"2025-09-10T12:37:19+00:00","og_image":[{"width":800,"height":600,"url":"https:\/\/aventura-excursions.com\/wp-content\/uploads\/2024\/04\/\u0414\u0438\u0437\u0430\u0439\u043d-\u0431\u0435\u0437-\u043d\u0430\u0437\u0432\u0430\u043d\u0438\u044f-2.jpg","type":"image\/jpeg"}],"twitter_card":"summary_large_image","twitter_misc":{"Est. reading time":"1 minut\u0117"},"schema":{"@context":"https:\/\/schema.org","@graph":[{"@type":"WebPage","@id":"https:\/\/aventura-excursions.com\/product\/kayaking-snorkeling-diving\/","url":"https:\/\/aventura-excursions.com\/product\/kayaking-snorkeling-diving\/","name":"Kayaking & Try Dive in Tenerife - Aventura Excursions - Book Your Adventure Now!","isPartOf":{"@id":"https:\/\/aventura-excursions.com\/#website"},"primaryImageOfPage":{"@id":"https:\/\/aventura-excursions.com\/product\/kayaking-snorkeling-diving\/#primaryimage"},"image":{"@id":"https:\/\/aventura-excursions.com\/product\/kayaking-snorkeling-diving\/#primaryimage"},"thumbnailUrl":"https:\/\/aventura-excursions.com\/wp-content\/uploads\/2024\/04\/\u0414\u0438\u0437\u0430\u0439\u043d-\u0431\u0435\u0437-\u043d\u0430\u0437\u0432\u0430\u043d\u0438\u044f-2.jpg","datePublished":"2024-04-19T22:00:22+00:00","dateModified":"2025-09-10T12:37:19+00:00","description":"Join our Kayak & Snorkeling and Try Dive package in Tenerife! Check reviews, prices, and ratings. Book today for an unforgettable experience!","breadcrumb":{"@id":"https:\/\/aventura-excursions.com\/product\/kayaking-snorkeling-diving\/#breadcrumb"},"inLanguage":"lt-LT","potentialAction":[{"@type":"ReadAction","target":["https:\/\/aventura-excursions.com\/product\/kayaking-snorkeling-diving\/"]}]},{"@type":"ImageObject","inLanguage":"lt-LT","@id":"https:\/\/aventura-excursions.com\/product\/kayaking-snorkeling-diving\/#primaryimage","url":"https:\/\/aventura-excursions.com\/wp-content\/uploads\/2024\/04\/\u0414\u0438\u0437\u0430\u0439\u043d-\u0431\u0435\u0437-\u043d\u0430\u0437\u0432\u0430\u043d\u0438\u044f-2.jpg","contentUrl":"https:\/\/aventura-excursions.com\/wp-content\/uploads\/2024\/04\/\u0414\u0438\u0437\u0430\u0439\u043d-\u0431\u0435\u0437-\u043d\u0430\u0437\u0432\u0430\u043d\u0438\u044f-2.jpg","width":800,"height":600},{"@type":"BreadcrumbList","@id":"https:\/\/aventura-excursions.com\/product\/kayaking-snorkeling-diving\/#breadcrumb","itemListElement":[{"@type":"ListItem","position":1,"name":"Tours","item":"https:\/\/aventura-excursions.com\/tours\/"},{"@type":"ListItem","position":2,"name":"Kayaking + Try Dive"}]},{"@type":"WebSite","@id":"https:\/\/aventura-excursions.com\/#website","url":"https:\/\/aventura-excursions.com\/","name":"Aventura Excursions","description":"Aventura Excursions","potentialAction":[{"@type":"SearchAction","target":{"@type":"EntryPoint","urlTemplate":"https:\/\/aventura-excursions.com\/?s={search_term_string}"},"query-input":{"@type":"PropertyValueSpecification","valueRequired":true,"valueName":"search_term_string"}}],"inLanguage":"lt-LT"}]}},"_links":{"self":[{"href":"https:\/\/aventura-excursions.com\/lt\/wp-json\/wp\/v2\/product\/1396","targetHints":{"allow":["GET"]}}],"collection":[{"href":"https:\/\/aventura-excursions.com\/lt\/wp-json\/wp\/v2\/product"}],"about":[{"href":"https:\/\/aventura-excursions.com\/lt\/wp-json\/wp\/v2\/types\/product"}],"wp:featuredmedia":[{"embeddable":true,"href":"https:\/\/aventura-excursions.com\/lt\/wp-json\/wp\/v2\/media\/1645"}],"wp:attachment":[{"href":"https:\/\/aventura-excursions.com\/lt\/wp-json\/wp\/v2\/media?parent=1396"}],"wp:term":[{"taxonomy":"product_brand","embeddable":true,"href":"https:\/\/aventura-excursions.com\/lt\/wp-json\/wp\/v2\/product_brand?post=1396"},{"taxonomy":"product_cat","embeddable":true,"href":"https:\/\/aventura-excursions.com\/lt\/wp-json\/wp\/v2\/product_cat?post=1396"},{"taxonomy":"product_tag","embeddable":true,"href":"https:\/\/aventura-excursions.com\/lt\/wp-json\/wp\/v2\/product_tag?post=1396"}],"curies":[{"name":"wp","href":"https:\/\/api.w.org\/{rel}","templated":true}]}}