{"id":1407,"date":"2024-04-20T18:50:37","date_gmt":"2024-04-20T15:50:37","guid":{"rendered":"https:\/\/aventura-excursions.com\/?post_type=product&#038;p=1407"},"modified":"2025-09-10T15:53:34","modified_gmt":"2025-09-10T12:53:34","slug":"musts-of-tenerife","status":"publish","type":"product","link":"https:\/\/aventura-excursions.com\/lt\/produktas\/musts-of-tenerife\/","title":{"rendered":"Tenerif\u0117s privalumai"},"content":{"rendered":"<h3>\u012e paket\u0105 \u012ftrauktos ekskursijos<\/h3>\n<ul>\n<li><strong><em><a href=\"https:\/\/aventura-excursions.com\/lt\/produktas\/twin-ticket\/\">Twin Ticket:<\/a><\/em><\/strong> Loro Park (gyv\u016bn\u0173 parkas) + Siamo Park (vandens parkas)<\/li>\n<li><strong><em><a href=\"https:\/\/aventura-excursions.com\/lt\/produktas\/teide-masca\/\">Teide Masca:<\/a><\/em><\/strong> Ekskursija autobusu (Teid\u0117s ugnikalnis, Maskos sl\u0117nis)<\/li>\n<li><strong><em><a href=\"https:\/\/aventura-excursions.com\/lt\/produktas\/snorkeling\/\">Nardymas po vandeniu 50 min:<\/a><\/em><\/strong> kelion\u0117 laivu<\/li>\n<p>\n<\/p>\n<h3>Apra\u0161ymas<\/h3>\n<p>\nExperience the ultimate Tenerife adventure! Visit <strong><em><a href=\"https:\/\/aventura-excursions.com\/lt\/produktas\/siam-park\/\">Siam Park<\/a><\/em><\/strong> ir <strong><em><a href=\"https:\/\/aventura-excursions.com\/lt\/produktas\/loro-park\/\">Loro Park<\/a><\/em><\/strong> (Europe&#8217;s most famous attractions), go on a <strong><em><a href=\"https:\/\/aventura-excursions.com\/lt\/produktas\/teide-masca\/\">Teide Masca<\/a><\/em><\/strong> tour (majestic heights of Teide, the National Park, breathtaking Masca valley) and do <strong><em><a href=\"https:\/\/aventura-excursions.com\/lt\/produktas\/snorkeling\/\">snorkeling by boat<\/a><\/em><\/strong> . These are a very popular choice of tours to do in Tenerife and we have joined them into this fantastic package so that you could explore Tenerife at a better price and visit the must-see places.<\/p>\n<p>\n\u0160\u012f paket\u0105 galite paskirstyti 4 skirtingoms dienoms bet kokia tvarka. Atlikdami u\u017esakym\u0105, pasirenkate paketo prad\u017eios dien\u0105, o tada kartu su jumis suderiname vis\u0173 \u012f paket\u0105 \u012ftraukt\u0173 ekskursij\u0173 dienas.<\/p>\n<p>\nBook this package and do the &#8220;musts&#8221; of Tenerife!<\/p>\n<p>\n<\/p>\n<h3>Detal\u0117s<\/h3>\n<p>\n<strong><em>Siam Park<\/em><\/strong><\/p>\n<p>\nDarbo laikas vasar\u0105: 10:00-18:00<br \/>\nWinter opening hours: 10:00 &#8211; 17:00<br \/>\nVieta: \u012f pietus nuo Tenerif\u0117s<\/p>\n<p>\n<strong><em>Loro Park<\/em><\/strong><\/p>\n<p>\nDarbo laikas: 09:30 - 17:30 <br \/>\nVieta: \u012f \u0161iaur\u0119 nuo Tenerif\u0117s<\/p>\n<p>\n<strong><em>Teide Masca<\/em><\/strong><\/p>\n<p>\nPrad\u017eios laikas: ma\u017edaug 08:00<br \/>\nTrukm\u0117: 9 valandos <br \/>\nSustojimas tradiciniame restorane<br \/>\nMaistas ne\u012fskai\u010diuotas<\/p>\n<p>\n<strong><em>Nardymas i\u0161 valties<\/em><\/strong><\/p>\n<p>\nTrukm\u0117: 2 valandos (nardymas su vamzdeliu 50 minu\u010di\u0173) <br \/>\nPrad\u017eios laikas: 09:00, 12:00 <br \/>\nMinimalus am\u017eius: 6 metai <br \/>\n\u012eskai\u010diuota \u012franga: nardymo rinkiniai, neopreniniai kostiumai ir batai, liemen\u0117s, jei reikia.<br \/>\nVieta: Puerto Colon, Piet\u0173 Tenerif\u0117<\/p>\n<h3>Transporto<\/h3>\n<p>\n<strong><em>Loro ir Siamo parkai<\/em><\/strong><\/p>\n<p>Kad b\u016bt\u0173 lengviau suplanuoti kelion\u0119, si\u016blome Siam autobus\u0105 i\u0161 Puerto de la Cruz ir Loro autobus\u0105 i\u0161 pietini\u0173 turistini\u0173 kaimeli\u0173 (Las Americas, Los Cristianos ir kt.).<\/p>\n<p>U\u017esisakykite <strong>\u201e Musts\u201c Tenerif\u0117s paketas + Siam autobusas<\/strong>, jei gyvenate Puerto de La Cruz.<br \/>\n<br \/>U\u017esisakykite <strong>\u201eMusts\u201c Tenerif\u0117s paketas + Loro autobusas<\/strong>, jei gyvenate pietuose.<\/p>\n<p> \u012e Siamo park\u0105 pietuose va\u017eiuoja nemokamas autobusas.<\/p>\n<p class=\" translation-block\">Pas mus taip pat galite <a href=\"https:\/\/aventura-excursions.com\/lt\/produktas\/rent-a-car\/\" target=\"_self\"><strong><em>i\u0161sinuomoti automobil\u012f<\/em><\/strong><\/a> ir \u012f parkus vykti savaranki\u0161kai. Vienintelis nepatogumas gali b\u016bti pilna automobili\u0173 stov\u0117jimo aik\u0161tel\u0117 d\u0117l didelio abiej\u0173 park\u0173 populiarumo.<\/p>\n<p>\n<strong><em>Teide Masca<\/em><\/strong><\/p>\n<p>\nAutobusas jus paims i\u0161 bet kurio Tenerif\u0117s turistinio rajono (piet\u0173 ir \u0161iaur\u0117s).<\/p>\n<p>\n<strong><em>Nardymas i\u0161 valties<\/em><\/strong><\/p>\n<p>\nTenerif\u0117s pietuose transportas vienam asmeniui kainuoja 4 eurus.<\/p>","protected":false},"excerpt":{"rendered":"<div>\n<p>\nAplankykite Loro ir Siamo parkus, aplankykite legendin\u012f Teid\u0117s kaln\u0105 su Maskos sl\u0117niu ir steb\u0117kite povandenin\u012f gyvenim\u0105 nardydami i\u0161 valties! Puikus derinys Tenerifei atrasti! <\/p>\n<p>\n<br \/>\nPirmiausia pasirinkite, ar norite pirkti tik biliet\u0105, ar jums reikia pers\u0117sti \u012f vien\u0105 i\u0161 park\u0173. Jei esate \u0161iaur\u0117je, rinkit\u0117s Musts Tenerif\u0117 + Siam autobus\u0173 paket\u0105. Jei esate pietuose, rinkit\u0117s Musts Tenerif\u0117 + Loro autobus\u0173 paket\u0105.<\/p>\n<p>Tada pasirinkite suaugusi\u0173j\u0173 ir vaik\u0173 skai\u010di\u0173. Galiausiai pasirinkite dien\u0105, kuri\u0105 norite, kad paketas prasid\u0117t\u0173. Susisieksime su jumis ir suderinsime kiekvienos ekskursijos dienas ir laik\u0105.\n<\/p><\/div>","protected":false},"featured_media":1557,"template":"","meta":{"_acf_changed":false},"product_brand":[],"product_cat":[142],"product_tag":[],"class_list":{"0":"post-1407","1":"product","2":"type-product","3":"status-publish","4":"has-post-thumbnail","6":"product_cat-special-offers","8":"first","9":"instock","10":"sale","11":"shipping-taxable","12":"product-type-grouped"},"acf":[],"yoast_head":"<!-- This site is optimized with the Yoast SEO plugin v25.6 - https:\/\/yoast.com\/wordpress\/plugins\/seo\/ -->\n<title>Musts of Tenerife with Aventura Excursions - Best Tours and activities<\/title>\n<meta name=\"description\" content=\"Explore Tenerife: visit Loro Park, Siam Park, Teide Masca, and snorkel with turtles. Check reviews, prices, and ratings. Book now for the best experience!\" \/>\n<meta name=\"robots\" content=\"index, follow, max-snippet:-1, max-image-preview:large, max-video-preview:-1\" \/>\n<link rel=\"canonical\" href=\"https:\/\/aventura-excursions.com\/lt\/produktas\/musts-of-tenerife\/\" \/>\n<meta property=\"og:locale\" content=\"lt_LT\" \/>\n<meta property=\"og:type\" content=\"article\" \/>\n<meta property=\"og:title\" content=\"Musts of Tenerife with Aventura Excursions - Best Tours and activities\" \/>\n<meta property=\"og:description\" content=\"Explore Tenerife: visit Loro Park, Siam Park, Teide Masca, and snorkel with turtles. Check reviews, prices, and ratings. Book now for the best experience!\" \/>\n<meta property=\"og:url\" content=\"https:\/\/aventura-excursions.com\/lt\/produktas\/musts-of-tenerife\/\" \/>\n<meta property=\"og:site_name\" content=\"Aventura Excursions\" \/>\n<meta property=\"article:modified_time\" content=\"2025-09-10T12:53:34+00:00\" \/>\n<meta property=\"og:image\" content=\"https:\/\/aventura-excursions.com\/wp-content\/uploads\/2024\/04\/mot2.jpg\" \/>\n\t<meta property=\"og:image:width\" content=\"980\" \/>\n\t<meta property=\"og:image:height\" content=\"760\" \/>\n\t<meta property=\"og:image:type\" content=\"image\/jpeg\" \/>\n<meta name=\"twitter:card\" content=\"summary_large_image\" \/>\n<meta name=\"twitter:label1\" content=\"Est. reading time\" \/>\n\t<meta name=\"twitter:data1\" content=\"2 minut\u0117s\" \/>\n<!-- \/ Yoast SEO plugin. -->","yoast_head_json":{"title":"Musts of Tenerife with Aventura Excursions - Best Tours and activities","description":"Explore Tenerife: visit Loro Park, Siam Park, Teide Masca, and snorkel with turtles. Check reviews, prices, and ratings. Book now for the best experience!","robots":{"index":"index","follow":"follow","max-snippet":"max-snippet:-1","max-image-preview":"max-image-preview:large","max-video-preview":"max-video-preview:-1"},"canonical":"https:\/\/aventura-excursions.com\/lt\/produktas\/musts-of-tenerife\/","og_locale":"lt_LT","og_type":"article","og_title":"Musts of Tenerife with Aventura Excursions - Best Tours and activities","og_description":"Explore Tenerife: visit Loro Park, Siam Park, Teide Masca, and snorkel with turtles. Check reviews, prices, and ratings. Book now for the best experience!","og_url":"https:\/\/aventura-excursions.com\/lt\/produktas\/musts-of-tenerife\/","og_site_name":"Aventura Excursions","article_modified_time":"2025-09-10T12:53:34+00:00","og_image":[{"width":980,"height":760,"url":"https:\/\/aventura-excursions.com\/wp-content\/uploads\/2024\/04\/mot2.jpg","type":"image\/jpeg"}],"twitter_card":"summary_large_image","twitter_misc":{"Est. reading time":"2 minut\u0117s"},"schema":{"@context":"https:\/\/schema.org","@graph":[{"@type":"WebPage","@id":"https:\/\/aventura-excursions.com\/product\/musts-of-tenerife\/","url":"https:\/\/aventura-excursions.com\/product\/musts-of-tenerife\/","name":"Musts of Tenerife with Aventura Excursions - Best Tours and activities","isPartOf":{"@id":"https:\/\/aventura-excursions.com\/#website"},"primaryImageOfPage":{"@id":"https:\/\/aventura-excursions.com\/product\/musts-of-tenerife\/#primaryimage"},"image":{"@id":"https:\/\/aventura-excursions.com\/product\/musts-of-tenerife\/#primaryimage"},"thumbnailUrl":"https:\/\/aventura-excursions.com\/wp-content\/uploads\/2024\/04\/mot2.jpg","datePublished":"2024-04-20T15:50:37+00:00","dateModified":"2025-09-10T12:53:34+00:00","description":"Explore Tenerife: visit Loro Park, Siam Park, Teide Masca, and snorkel with turtles. Check reviews, prices, and ratings. Book now for the best experience!","breadcrumb":{"@id":"https:\/\/aventura-excursions.com\/product\/musts-of-tenerife\/#breadcrumb"},"inLanguage":"lt-LT","potentialAction":[{"@type":"ReadAction","target":["https:\/\/aventura-excursions.com\/product\/musts-of-tenerife\/"]}]},{"@type":"ImageObject","inLanguage":"lt-LT","@id":"https:\/\/aventura-excursions.com\/product\/musts-of-tenerife\/#primaryimage","url":"https:\/\/aventura-excursions.com\/wp-content\/uploads\/2024\/04\/mot2.jpg","contentUrl":"https:\/\/aventura-excursions.com\/wp-content\/uploads\/2024\/04\/mot2.jpg","width":980,"height":760},{"@type":"BreadcrumbList","@id":"https:\/\/aventura-excursions.com\/product\/musts-of-tenerife\/#breadcrumb","itemListElement":[{"@type":"ListItem","position":1,"name":"Tours","item":"https:\/\/aventura-excursions.com\/tours\/"},{"@type":"ListItem","position":2,"name":"Musts of Tenerife"}]},{"@type":"WebSite","@id":"https:\/\/aventura-excursions.com\/#website","url":"https:\/\/aventura-excursions.com\/","name":"Aventura Excursions","description":"Aventura Excursions","potentialAction":[{"@type":"SearchAction","target":{"@type":"EntryPoint","urlTemplate":"https:\/\/aventura-excursions.com\/?s={search_term_string}"},"query-input":{"@type":"PropertyValueSpecification","valueRequired":true,"valueName":"search_term_string"}}],"inLanguage":"lt-LT"}]}},"_links":{"self":[{"href":"https:\/\/aventura-excursions.com\/lt\/wp-json\/wp\/v2\/product\/1407","targetHints":{"allow":["GET"]}}],"collection":[{"href":"https:\/\/aventura-excursions.com\/lt\/wp-json\/wp\/v2\/product"}],"about":[{"href":"https:\/\/aventura-excursions.com\/lt\/wp-json\/wp\/v2\/types\/product"}],"wp:featuredmedia":[{"embeddable":true,"href":"https:\/\/aventura-excursions.com\/lt\/wp-json\/wp\/v2\/media\/1557"}],"wp:attachment":[{"href":"https:\/\/aventura-excursions.com\/lt\/wp-json\/wp\/v2\/media?parent=1407"}],"wp:term":[{"taxonomy":"product_brand","embeddable":true,"href":"https:\/\/aventura-excursions.com\/lt\/wp-json\/wp\/v2\/product_brand?post=1407"},{"taxonomy":"product_cat","embeddable":true,"href":"https:\/\/aventura-excursions.com\/lt\/wp-json\/wp\/v2\/product_cat?post=1407"},{"taxonomy":"product_tag","embeddable":true,"href":"https:\/\/aventura-excursions.com\/lt\/wp-json\/wp\/v2\/product_tag?post=1407"}],"curies":[{"name":"wp","href":"https:\/\/api.w.org\/{rel}","templated":true}]}}