{"id":1438,"date":"2024-04-23T01:22:51","date_gmt":"2024-04-22T22:22:51","guid":{"rendered":"https:\/\/aventura-excursions.com\/?post_type=product&#038;p=1438"},"modified":"2025-09-10T15:37:55","modified_gmt":"2025-09-10T12:37:55","slug":"adrenaline-pack","status":"publish","type":"product","link":"https:\/\/aventura-excursions.com\/lt\/produktas\/adrenaline-pack\/","title":{"rendered":"Adrenalino paketas"},"content":{"rendered":"<h3>\u012e paket\u0105 \u012ftrauktos ekskursijos<\/h3>\n<ul>\n<li><a href=\"https:\/\/aventura-excursions.com\/lt\/produktas\/diving-for-beginners\/\"><strong><em>Nardymo krik\u0161tas 40 minu\u010di\u0173<\/em><\/strong><\/a><\/li>\n<li><a href=\"https:\/\/aventura-excursions.com\/lt\/produktas\/kayaking-snorkeling\/\"><strong><em>Baidar\u0117 + snorkelis<\/em><\/strong><\/a><\/li>\n<li><a href=\"https:\/\/aventura-excursions.com\/lt\/produktas\/paragliding\/\"><strong><em>Parapendio:<\/em><\/strong><\/a> Sidabrinis skrydis \/ Auksinis \/ Platininis<\/li>\n<\/ul>\n<p>\n<\/p>\n<h3>Apra\u0161ymas<\/h3>\n<p class=\" translation-block\">Norite aktyviai praleisti atostogas Tenerif\u0117je? J\u016bs esate tinkamame puslapyje! \u0160is adrenalino paketas suteiks jums \u012fsp\u016bd\u017ei\u0173, kuri\u0173 ie\u0161kote. <strong><em><a href=\"https:\/\/aventura-excursions.com\/lt\/produktas\/try-dive\/\" target=\"_self\">Nardymas<\/a><\/em><\/strong>, <strong><em><a href=\"https:\/\/aventura-excursions.com\/lt\/produktas\/kayaking-snorkeling\/\" target=\"_self\">plaukimas baidar\u0117mis<\/a><\/em><\/strong> i <strong><em><a href=\"https:\/\/aventura-excursions.com\/lt\/produktas\/paragliding\/\" target=\"_self\">parasparnis<\/a><\/em><\/strong> yra populiariausios veiklos m\u016bs\u0173 saloje, ir mes d\u017eiaugiam\u0117s gal\u0117dami prane\u0161ti, kad jas visas galite u\u017esisakyti su nuolaida. Yra 3 parasparni\u0173 variantai, kuriuos galite rinktis kaip adrenalino paket\u0105 su 40 minu\u010di\u0173 bandomuoju nardymu ir ekskursija baidar\u0117mis + nardymas.<\/p>\n<p>\nGalite pasirinkti 2 arba 3 dien\u0173 paket\u0105 (jei norite, t\u0105 pa\u010di\u0105 dien\u0105 galite plaukti baidar\u0117mis ir nardyti). Datos visi\u0161kai lanks\u010dios, prisitaikysime prie j\u016bs\u0173 poreiki\u0173.<\/p>\n<p>\nPasisemkite adrenalino ir \u0161auni\u0173 prisiminim\u0173 apie nuotykius Tenerif\u0117je!<\/p>\n<p>\n<\/p>\n<h3>Detal\u0117s<\/h3>\n<p>\n<strong>Bandomasis nardymas 40 min<\/strong><br \/>\nTrukm\u0117: i\u0161 viso 2,5 valandos<br \/>\nPrad\u017eios laikas: 10:00, 12:30, 15:00<br \/>\nMinimalus am\u017eius: 8 metai<br \/>\nVieta: Los Cristianos<\/p>\n<p>\n<strong>Baidar\u0117 + snorkelis<\/strong><br \/>\nTrukm\u0117: 1,5 valandos plaukimo baidar\u0117mis + 30 minu\u010di\u0173 nardymo su vamzdeliu<br \/>\nPrad\u017eios laikas: 10:00, 12:30, 14:00<br \/>\nMinimalus am\u017eius: 6 metai<br \/>\nVieta: Los Cristianos<\/p>\n<p>\n<strong>Parasparnis<\/strong><br \/>\nTrukm\u0117: i\u0161 viso 2 valandos<br \/>\nSilver Flight &#8211; 10-20 min<br \/>\nGolden Flight &#8211; 20-25 min<br \/>\nPlatinum Flight &#8211; 25-30 min (also includes acrobatic maneuvers)<br \/>\nPrad\u017eios laikas: 10:00, 12:00, 14:00, 16:00<br \/>\nDid\u017eiausias svoris: 110 kg<br \/>\nVieta: Tenerif\u0117s pietin\u0117 dalis, La Caleta papl\u016bdimys<\/p>\n<p>\n<\/p>\n<h3>Transporto<\/h3>\n<p>\nPasi\u0117mimas nardymui ir baidar\u0117mis kainuoja 4 eurus vienam asmeniui: i\u0161 Callao Salvaje \u012f Golf del Sur.<br \/>\nPasi\u0117mimas i\u0161 Puerto Santiago \/ Playa la Arena \/ El Medano kainuoja 15 \u20ac vienam automobiliui (\u012f abi puses). <\/p>\n<p>\nPerve\u017eimas \u012f Tenerif\u0117s pietuose esan\u010di\u0105 skraidykl\u0119 yra nemokamas.<\/p>","protected":false},"excerpt":{"rendered":"<div>\n<p>Puikus nuotykis visiems a\u0161tri\u0173 poj\u016b\u010di\u0173 ie\u0161kotojams! J\u016bs\u0173 laukia ekskursija baidar\u0117mis su nardymu, 40 minu\u010di\u0173 nardymo i\u0161bandymas ir skrydis parasparniu.<\/p>\n<p>\nMinimalus am\u017eius: 8 metai<\/p>\n<p>\nPasirinkite paket\u0105 pagal pageidaujam\u0105 skryd\u012f: sidabrin\u012f, auksin\u012f arba platinin\u012f.<br \/>\nTada pasirinkite pirm\u0105j\u0105 pakuot\u0117s dien\u0105.<br \/>Kai tik gausime j\u016bs\u0173 u\u017esakym\u0105, susisieksime su jumis ir suderinsime trij\u0173 apsilankym\u0173 tvarkara\u0161t\u012f.\n<\/div>","protected":false},"featured_media":1594,"template":"","meta":{"_acf_changed":false},"product_brand":[],"product_cat":[142],"product_tag":[],"class_list":{"0":"post-1438","1":"product","2":"type-product","3":"status-publish","4":"has-post-thumbnail","6":"product_cat-special-offers","8":"first","9":"instock","10":"sale","11":"shipping-taxable","12":"product-type-grouped"},"acf":[],"yoast_head":"<!-- This site is optimized with the Yoast SEO plugin v25.6 - https:\/\/yoast.com\/wordpress\/plugins\/seo\/ -->\n<title>Adrenaline Pack in Tenerife | Diving, Kayaking &amp; Paragliding - Book<\/title>\n<meta name=\"description\" content=\"Book the Adrenaline Pack in Tenerife! Includes diving, kayaking, and paragliding. Check prices and book now for an unforgettable adventure!\" \/>\n<meta name=\"robots\" content=\"index, follow, max-snippet:-1, max-image-preview:large, max-video-preview:-1\" \/>\n<link rel=\"canonical\" href=\"https:\/\/aventura-excursions.com\/lt\/produktas\/adrenaline-pack\/\" \/>\n<meta property=\"og:locale\" content=\"lt_LT\" \/>\n<meta property=\"og:type\" content=\"article\" \/>\n<meta property=\"og:title\" content=\"Adrenaline Pack in Tenerife | Diving, Kayaking &amp; Paragliding - Book\" \/>\n<meta property=\"og:description\" content=\"Book the Adrenaline Pack in Tenerife! Includes diving, kayaking, and paragliding. Check prices and book now for an unforgettable adventure!\" \/>\n<meta property=\"og:url\" content=\"https:\/\/aventura-excursions.com\/lt\/produktas\/adrenaline-pack\/\" \/>\n<meta property=\"og:site_name\" content=\"Aventura Excursions\" \/>\n<meta property=\"article:modified_time\" content=\"2025-09-10T12:37:55+00:00\" \/>\n<meta property=\"og:image\" content=\"https:\/\/aventura-excursions.com\/wp-content\/uploads\/2024\/04\/pack.jpg\" \/>\n\t<meta property=\"og:image:width\" content=\"800\" \/>\n\t<meta property=\"og:image:height\" content=\"600\" \/>\n\t<meta property=\"og:image:type\" content=\"image\/jpeg\" \/>\n<meta name=\"twitter:card\" content=\"summary_large_image\" \/>\n<meta name=\"twitter:label1\" content=\"Est. reading time\" \/>\n\t<meta name=\"twitter:data1\" content=\"2 minut\u0117s\" \/>\n<!-- \/ Yoast SEO plugin. -->","yoast_head_json":{"title":"Adrenaline Pack in Tenerife | Diving, Kayaking & Paragliding - Book","description":"Book the Adrenaline Pack in Tenerife! Includes diving, kayaking, and paragliding. Check prices and book now for an unforgettable adventure!","robots":{"index":"index","follow":"follow","max-snippet":"max-snippet:-1","max-image-preview":"max-image-preview:large","max-video-preview":"max-video-preview:-1"},"canonical":"https:\/\/aventura-excursions.com\/lt\/produktas\/adrenaline-pack\/","og_locale":"lt_LT","og_type":"article","og_title":"Adrenaline Pack in Tenerife | Diving, Kayaking & Paragliding - Book","og_description":"Book the Adrenaline Pack in Tenerife! Includes diving, kayaking, and paragliding. Check prices and book now for an unforgettable adventure!","og_url":"https:\/\/aventura-excursions.com\/lt\/produktas\/adrenaline-pack\/","og_site_name":"Aventura Excursions","article_modified_time":"2025-09-10T12:37:55+00:00","og_image":[{"width":800,"height":600,"url":"https:\/\/aventura-excursions.com\/wp-content\/uploads\/2024\/04\/pack.jpg","type":"image\/jpeg"}],"twitter_card":"summary_large_image","twitter_misc":{"Est. reading time":"2 minut\u0117s"},"schema":{"@context":"https:\/\/schema.org","@graph":[{"@type":"WebPage","@id":"https:\/\/aventura-excursions.com\/product\/adrenaline-pack\/","url":"https:\/\/aventura-excursions.com\/product\/adrenaline-pack\/","name":"Adrenaline Pack in Tenerife | Diving, Kayaking & Paragliding - Book","isPartOf":{"@id":"https:\/\/aventura-excursions.com\/#website"},"primaryImageOfPage":{"@id":"https:\/\/aventura-excursions.com\/product\/adrenaline-pack\/#primaryimage"},"image":{"@id":"https:\/\/aventura-excursions.com\/product\/adrenaline-pack\/#primaryimage"},"thumbnailUrl":"https:\/\/aventura-excursions.com\/wp-content\/uploads\/2024\/04\/pack.jpg","datePublished":"2024-04-22T22:22:51+00:00","dateModified":"2025-09-10T12:37:55+00:00","description":"Book the Adrenaline Pack in Tenerife! Includes diving, kayaking, and paragliding. Check prices and book now for an unforgettable adventure!","breadcrumb":{"@id":"https:\/\/aventura-excursions.com\/product\/adrenaline-pack\/#breadcrumb"},"inLanguage":"lt-LT","potentialAction":[{"@type":"ReadAction","target":["https:\/\/aventura-excursions.com\/product\/adrenaline-pack\/"]}]},{"@type":"ImageObject","inLanguage":"lt-LT","@id":"https:\/\/aventura-excursions.com\/product\/adrenaline-pack\/#primaryimage","url":"https:\/\/aventura-excursions.com\/wp-content\/uploads\/2024\/04\/pack.jpg","contentUrl":"https:\/\/aventura-excursions.com\/wp-content\/uploads\/2024\/04\/pack.jpg","width":800,"height":600},{"@type":"BreadcrumbList","@id":"https:\/\/aventura-excursions.com\/product\/adrenaline-pack\/#breadcrumb","itemListElement":[{"@type":"ListItem","position":1,"name":"Tours","item":"https:\/\/aventura-excursions.com\/tours\/"},{"@type":"ListItem","position":2,"name":"Adrenaline Pack"}]},{"@type":"WebSite","@id":"https:\/\/aventura-excursions.com\/#website","url":"https:\/\/aventura-excursions.com\/","name":"Aventura Excursions","description":"Aventura Excursions","potentialAction":[{"@type":"SearchAction","target":{"@type":"EntryPoint","urlTemplate":"https:\/\/aventura-excursions.com\/?s={search_term_string}"},"query-input":{"@type":"PropertyValueSpecification","valueRequired":true,"valueName":"search_term_string"}}],"inLanguage":"lt-LT"}]}},"_links":{"self":[{"href":"https:\/\/aventura-excursions.com\/lt\/wp-json\/wp\/v2\/product\/1438","targetHints":{"allow":["GET"]}}],"collection":[{"href":"https:\/\/aventura-excursions.com\/lt\/wp-json\/wp\/v2\/product"}],"about":[{"href":"https:\/\/aventura-excursions.com\/lt\/wp-json\/wp\/v2\/types\/product"}],"wp:featuredmedia":[{"embeddable":true,"href":"https:\/\/aventura-excursions.com\/lt\/wp-json\/wp\/v2\/media\/1594"}],"wp:attachment":[{"href":"https:\/\/aventura-excursions.com\/lt\/wp-json\/wp\/v2\/media?parent=1438"}],"wp:term":[{"taxonomy":"product_brand","embeddable":true,"href":"https:\/\/aventura-excursions.com\/lt\/wp-json\/wp\/v2\/product_brand?post=1438"},{"taxonomy":"product_cat","embeddable":true,"href":"https:\/\/aventura-excursions.com\/lt\/wp-json\/wp\/v2\/product_cat?post=1438"},{"taxonomy":"product_tag","embeddable":true,"href":"https:\/\/aventura-excursions.com\/lt\/wp-json\/wp\/v2\/product_tag?post=1438"}],"curies":[{"name":"wp","href":"https:\/\/api.w.org\/{rel}","templated":true}]}}