{"id":1439,"date":"2024-04-23T01:25:32","date_gmt":"2024-04-22T22:25:32","guid":{"rendered":"https:\/\/aventura-excursions.com\/?post_type=product&#038;p=1439"},"modified":"2025-09-16T15:45:21","modified_gmt":"2025-09-16T12:45:21","slug":"water-package","status":"publish","type":"product","link":"https:\/\/aventura-excursions.com\/lt\/produktas\/water-package\/","title":{"rendered":"Vandens paketas 2 asmenims"},"content":{"rendered":"<h3>\u012e paket\u0105 \u012ftrauktos ekskursijos<\/h3>\n<ul>\n<li><a href=\"https:\/\/aventura-excursions.com\/lt\/produktas\/jet-ski-safari\/\"><strong><em>Vandens motoroleri\u0173 safaris:<\/em><\/strong><\/a> ekskursija su gidu<\/li>\n<li><a href=\"https:\/\/aventura-excursions.com\/lt\/produktas\/stand-up-paddle\/\"><strong><em>Stand Up Paddle<\/em><\/strong><\/a> pamoka su instruktoriumi<\/li>\n<\/ul>\n<p>\n<\/p>\n<h3>Apra\u0161ymas<\/h3>\n<p class=\" translation-block\">Paketas j\u016br\u0173 tyrin\u0117tojams! Turime special\u0173 <strong><em><a href=\"https:\/\/aventura-excursions.com\/lt\/produktas\/jet-ski-safari\/\" target=\"_self\">Vandens motoroleri\u0173 safaris\n<\/a><\/em><\/strong> ir <strong><em><a href=\"https:\/\/aventura-excursions.com\/lt\/produktas\/stand-up-paddle\/\" target=\"_self\">Stand Up Paddle<\/a><\/em><\/strong> asmenims pasi\u016blym\u0105. M\u0117gaukit\u0117s dviem populiariomis pramogomis Tenerif\u0117je ir u\u017esisakykite jas su nuolaida.<\/p>\n<p>Abi ekskursijas galima atlikti per vien\u0105 dien\u0105 arba per dvi skirtingas dienas. Datos ir laikas yra lankst\u016bs. Kai u\u017esisakysite, su jumis susisieksime ir suderinsime j\u016bs\u0173 safario vandens motoroleriu ir pasiplaukiojimo irklent\u0117mis dat\u0105 ir laik\u0105.<\/p>\n<p>Pasinerkite \u012f gamtos gro\u017e\u012f! <\/p>\n<p>\n<\/p>\n<h3>Detal\u0117s<\/h3>\n<p>\n<strong>Vandens motoroleriai<\/strong><\/p>\n<p>\nTrukm\u0117: 1 arba 2 valandos<br \/>\nPrad\u017eios laikas: 10:00, 12:00, 14:00, 16:00 <br \/>\nMinimalus auk\u0161tis: 120 cm <br \/>\nMaximum weight: single jet ski &#8211; 120 kg, double jet ski &#8211; 160 kg <br \/>\nUostas: Las Galletas<\/p>\n<p>\n<br \/>\n<strong>Stand Up Paddle<\/strong><\/p>\n<p>\nTrukm\u0117: 2 valandos<br \/>\nPrad\u017eios laikas: 10:00, 12:00, 14:00 <br \/>\nMinimalus am\u017eius: 10 metai <br \/>\nVieta: Los Cristianos<\/p>\n<h3>Transporto<\/h3>\n<p>\n<strong>Vandens motoroleriai<\/strong>: nemokamas pa\u0117mimas i\u0161 Los Cristianos, Las Americas, Costa Adeje<\/p>\n<p>\n<strong>Stand Up Paddle<\/strong>: paimti 4 eurus u\u017e vien\u0105 asmen\u012f Tenerif\u0117s pietuose<\/p>\n<p>\nJei esate apsistoj\u0119 Puerto de la Kruso mieste, u\u017e papildom\u0105 mokest\u012f galime organizuoti pa\u0117mim\u0105 i\u0161 vie\u0161bu\u010dio.<\/p>","protected":false},"excerpt":{"rendered":"<div>\n<p>M\u0117gaukit\u0117s jaudinan\u010diais pasiva\u017ein\u0117jimais vandens motoroleriais ir irklent\u0117mis vandenyne! U\u017esisakykite m\u016bs\u0173 vandens paket\u0105 dviem asmenims ir mok\u0117kite ma\u017eiau!  <\/p>\n<p>\n<br \/>\nPasirinkite pageidaujam\u0105 variant\u0105 ir pasirinkite pirmosios kelion\u0117s dat\u0105. Gav\u0119 j\u016bs\u0173 u\u017esakym\u0105, suderinsime su jumis abiej\u0173 ekskursij\u0173 datas ir laik\u0105.<\/p>\n<\/div>","protected":false},"featured_media":1442,"template":"","meta":{"_acf_changed":false},"product_brand":[],"product_cat":[142],"product_tag":[],"class_list":{"0":"post-1439","1":"product","2":"type-product","3":"status-publish","4":"has-post-thumbnail","6":"product_cat-special-offers","8":"first","9":"instock","10":"sale","11":"shipping-taxable","12":"product-type-grouped"},"acf":[],"yoast_head":"<!-- This site is optimized with the Yoast SEO plugin v25.6 - https:\/\/yoast.com\/wordpress\/plugins\/seo\/ -->\n<title>Water Package for 2 : Jet Ski &amp; SUP in Tenerife - Aventura Excursions - Book Now!<\/title>\n<meta name=\"description\" content=\"Book our Water Package for 2 in Tenerife. Check reviews, prices, and ratings. Enjoy thrilling jet ski rides and stand up paddle board with a discount.\" \/>\n<meta name=\"robots\" content=\"index, follow, max-snippet:-1, max-image-preview:large, max-video-preview:-1\" \/>\n<link rel=\"canonical\" href=\"https:\/\/aventura-excursions.com\/lt\/produktas\/water-package\/\" \/>\n<meta property=\"og:locale\" content=\"lt_LT\" \/>\n<meta property=\"og:type\" content=\"article\" \/>\n<meta property=\"og:title\" content=\"Water Package for 2 : Jet Ski &amp; SUP in Tenerife - Aventura Excursions - Book Now!\" \/>\n<meta property=\"og:description\" content=\"Book our Water Package for 2 in Tenerife. Check reviews, prices, and ratings. Enjoy thrilling jet ski rides and stand up paddle board with a discount.\" \/>\n<meta property=\"og:url\" content=\"https:\/\/aventura-excursions.com\/lt\/produktas\/water-package\/\" \/>\n<meta property=\"og:site_name\" content=\"Aventura Excursions\" \/>\n<meta property=\"article:modified_time\" content=\"2025-09-16T12:45:21+00:00\" \/>\n<meta property=\"og:image\" content=\"https:\/\/aventura-excursions.com\/wp-content\/uploads\/2024\/04\/water-pack.jpg\" \/>\n\t<meta property=\"og:image:width\" content=\"950\" \/>\n\t<meta property=\"og:image:height\" content=\"676\" \/>\n\t<meta property=\"og:image:type\" content=\"image\/jpeg\" \/>\n<meta name=\"twitter:card\" content=\"summary_large_image\" \/>\n<meta name=\"twitter:label1\" content=\"Est. reading time\" \/>\n\t<meta name=\"twitter:data1\" content=\"2 minut\u0117s\" \/>\n<!-- \/ Yoast SEO plugin. -->","yoast_head_json":{"title":"Water Package for 2 : Jet Ski & SUP in Tenerife - Aventura Excursions - Book Now!","description":"Book our Water Package for 2 in Tenerife. Check reviews, prices, and ratings. Enjoy thrilling jet ski rides and stand up paddle board with a discount.","robots":{"index":"index","follow":"follow","max-snippet":"max-snippet:-1","max-image-preview":"max-image-preview:large","max-video-preview":"max-video-preview:-1"},"canonical":"https:\/\/aventura-excursions.com\/lt\/produktas\/water-package\/","og_locale":"lt_LT","og_type":"article","og_title":"Water Package for 2 : Jet Ski & SUP in Tenerife - Aventura Excursions - Book Now!","og_description":"Book our Water Package for 2 in Tenerife. Check reviews, prices, and ratings. Enjoy thrilling jet ski rides and stand up paddle board with a discount.","og_url":"https:\/\/aventura-excursions.com\/lt\/produktas\/water-package\/","og_site_name":"Aventura Excursions","article_modified_time":"2025-09-16T12:45:21+00:00","og_image":[{"width":950,"height":676,"url":"https:\/\/aventura-excursions.com\/wp-content\/uploads\/2024\/04\/water-pack.jpg","type":"image\/jpeg"}],"twitter_card":"summary_large_image","twitter_misc":{"Est. reading time":"2 minut\u0117s"},"schema":{"@context":"https:\/\/schema.org","@graph":[{"@type":"WebPage","@id":"https:\/\/aventura-excursions.com\/product\/water-package\/","url":"https:\/\/aventura-excursions.com\/product\/water-package\/","name":"Water Package for 2 : Jet Ski & SUP in Tenerife - Aventura Excursions - Book Now!","isPartOf":{"@id":"https:\/\/aventura-excursions.com\/#website"},"primaryImageOfPage":{"@id":"https:\/\/aventura-excursions.com\/product\/water-package\/#primaryimage"},"image":{"@id":"https:\/\/aventura-excursions.com\/product\/water-package\/#primaryimage"},"thumbnailUrl":"https:\/\/aventura-excursions.com\/wp-content\/uploads\/2024\/04\/water-pack.jpg","datePublished":"2024-04-22T22:25:32+00:00","dateModified":"2025-09-16T12:45:21+00:00","description":"Book our Water Package for 2 in Tenerife. Check reviews, prices, and ratings. Enjoy thrilling jet ski rides and stand up paddle board with a discount.","breadcrumb":{"@id":"https:\/\/aventura-excursions.com\/product\/water-package\/#breadcrumb"},"inLanguage":"lt-LT","potentialAction":[{"@type":"ReadAction","target":["https:\/\/aventura-excursions.com\/product\/water-package\/"]}]},{"@type":"ImageObject","inLanguage":"lt-LT","@id":"https:\/\/aventura-excursions.com\/product\/water-package\/#primaryimage","url":"https:\/\/aventura-excursions.com\/wp-content\/uploads\/2024\/04\/water-pack.jpg","contentUrl":"https:\/\/aventura-excursions.com\/wp-content\/uploads\/2024\/04\/water-pack.jpg","width":950,"height":676},{"@type":"BreadcrumbList","@id":"https:\/\/aventura-excursions.com\/product\/water-package\/#breadcrumb","itemListElement":[{"@type":"ListItem","position":1,"name":"Tours","item":"https:\/\/aventura-excursions.com\/tours\/"},{"@type":"ListItem","position":2,"name":"Water Package for 2"}]},{"@type":"WebSite","@id":"https:\/\/aventura-excursions.com\/#website","url":"https:\/\/aventura-excursions.com\/","name":"Aventura Excursions","description":"Aventura Excursions","potentialAction":[{"@type":"SearchAction","target":{"@type":"EntryPoint","urlTemplate":"https:\/\/aventura-excursions.com\/?s={search_term_string}"},"query-input":{"@type":"PropertyValueSpecification","valueRequired":true,"valueName":"search_term_string"}}],"inLanguage":"lt-LT"}]}},"_links":{"self":[{"href":"https:\/\/aventura-excursions.com\/lt\/wp-json\/wp\/v2\/product\/1439","targetHints":{"allow":["GET"]}}],"collection":[{"href":"https:\/\/aventura-excursions.com\/lt\/wp-json\/wp\/v2\/product"}],"about":[{"href":"https:\/\/aventura-excursions.com\/lt\/wp-json\/wp\/v2\/types\/product"}],"wp:featuredmedia":[{"embeddable":true,"href":"https:\/\/aventura-excursions.com\/lt\/wp-json\/wp\/v2\/media\/1442"}],"wp:attachment":[{"href":"https:\/\/aventura-excursions.com\/lt\/wp-json\/wp\/v2\/media?parent=1439"}],"wp:term":[{"taxonomy":"product_brand","embeddable":true,"href":"https:\/\/aventura-excursions.com\/lt\/wp-json\/wp\/v2\/product_brand?post=1439"},{"taxonomy":"product_cat","embeddable":true,"href":"https:\/\/aventura-excursions.com\/lt\/wp-json\/wp\/v2\/product_cat?post=1439"},{"taxonomy":"product_tag","embeddable":true,"href":"https:\/\/aventura-excursions.com\/lt\/wp-json\/wp\/v2\/product_tag?post=1439"}],"curies":[{"name":"wp","href":"https:\/\/api.w.org\/{rel}","templated":true}]}}