{"id":1448,"date":"2024-04-23T18:43:06","date_gmt":"2024-04-23T15:43:06","guid":{"rendered":"https:\/\/aventura-excursions.com\/?post_type=product&#038;p=1448"},"modified":"2025-09-10T15:48:36","modified_gmt":"2025-09-10T12:48:36","slug":"for-families-with-kids","status":"publish","type":"product","link":"https:\/\/aventura-excursions.com\/lt\/produktas\/for-families-with-kids\/","title":{"rendered":"\u0160eimoms su vaikais"},"content":{"rendered":"<div>\n<h3>\u012e paket\u0105 \u012ftrauktos ekskursijos<\/h3>\n<ul>\n<li><a href=\"https:\/\/aventura-excursions.com\/lt\/produktas\/siam-park\/\"><strong><em>Siam Park:<\/em><\/strong><\/a> Nr. 1 vandens parkas Europoje<\/li>\n<li><strong><em><a href=\"https:\/\/aventura-excursions.com\/lt\/produktas\/loro-park\/\">Loro Park:<\/a><\/em><\/strong> garsus zoologijos sodas su ork\u0173 \u0161ou<\/li>\n<li><strong><em><a href=\"https:\/\/aventura-excursions.com\/lt\/produktas\/kayaking-snorkeling\/\">Plaukimas baidar\u0117mis ir nardymas:<\/a><\/em><\/strong> mokyti vaikus plaukti su \u0161ni\u016breliu<\/li>\n<li><strong><em><a href=\"https:\/\/aventura-excursions.com\/lt\/produktas\/boat-trip-whale-watching\/\">Kelion\u0117 viking\u0173 laivu:<\/a><\/em><\/strong> delfin\u0173 steb\u0117jimas; geriausia animacija vaikams<\/li>\n<\/ul>\n<p><\/p>\n<h3>Apra\u0161ymas<\/h3>\n<p class=\" translation-block\">Pasidalykite \u012fsp\u016bdingomis atostogomis su visa \u0161eima! Atrinkome jums populiariausias keliones, kurias Tenerif\u0117je u\u017esako \u0161eimos su vaikais, ir sujung\u0117me jas \u012f paket\u0105 su nuolaida. \u012e \u0161\u012f special\u0173 pasi\u016blym\u0105 \u012feina <a href=\"https:\/\/aventura-excursions.com\/lt\/produktas\/twin-ticket\/\" target=\"_self\"><em><strong>Twin Ticket<\/strong><\/em><\/a> (Siam + Loro), <a href=\"https:\/\/aventura-excursions.com\/lt\/produktas\/kayaking-snorkeling\/\" target=\"_self\"><strong><em>baidari\u0173 + nardymo turas<\/em><\/strong><\/a> ir unikali kelion\u0117 <a href=\"https:\/\/aventura-excursions.com\/lt\/produktas\/boat-trip-whale-watching\/\" target=\"_self\"><strong><em>Viking boat<\/em><\/strong><\/a> laivu su \u012fsp\u016bdingu \u0161ou.<\/p>\n<p>Galite pasirinkti bet kuri\u0105 dien\u0105 ir bet kokiu eili\u0161kumu atlikti bet koki\u0105 veikl\u0105. Kai tik gausime j\u016bs\u0173 u\u017esakym\u0105, susisieksime su jumis ir suderinsime ekskursij\u0173 dienas ir laik\u0105.<\/p>\n<p>Lengva planuoti u\u017e ma\u017eesn\u0119 kain\u0105!<\/p>\n<p>\n<\/p>\n<h3>Detal\u0117s<\/h3>\n<p>\n<strong><em>Siam Park<\/em><\/strong><\/p>\n<p>Darbo laikas vasar\u0105: 10:00-18:00<br \/>\nWinter opening hours: 10:00 &#8211; 17:00<br \/>\nVieta: \u012f pietus nuo Tenerif\u0117s<\/p>\n<p><strong><em>Loro Park<\/em><\/strong><\/p>\n<p>Darbo laikas: 09:30 - 17:30<br \/>\nVieta: \u012f \u0161iaur\u0119 nuo Tenerif\u0117s<\/p>\n<p><strong><em>Ekskursija baidar\u0117mis<\/em><\/strong><\/p>\n<p>Prad\u017eios laikas: 10:00, 12:30, 14:00<br \/>\nVieta: Los Cristianos, Tenerif\u0117s pietuose<\/p>\n<p><strong><em>Kelion\u0117 viking\u0173 laivu<\/em><\/strong><\/p>\n<p>Prad\u017eios laikas: 11:00, 13:30<br \/>\nVieta: Los Cristianos, Tenerif\u0117s pietuose<\/p>\n<p>\n<\/p>\n<h3>Transporto<\/h3>\n<p>\nKad b\u016bt\u0173 lengviau suplanuoti kelion\u0119, si\u016blome Siam autobus\u0105 i\u0161 Puerto de la Cruz ir Loro autobus\u0105 i\u0161 pietini\u0173 turistini\u0173 kaimeli\u0173 (Las Americas, Los Cristianos ir kt.).<\/p>\n<p class=\" translation-block\">U\u017esisakykite<strong>\u0160eimos paket\u0105 + Siamo autobusas<\/strong>,jei apsistosite Puerto de La Cruz mieste.\n<br>U\u017esisakykitej <strong>\u0160eimos paket\u0105\u201c ir Loro autobus\u0105<\/strong>, jei apsistojate pietin\u0117je dalyje.<\/p>\n<p>\u012e Siamo park\u0105 pietuose va\u017eiuoja nemokamas autobusas.<\/p>\n<p class=\" translation-block\">Pas mus taip pat galite <a href=\"https:\/\/aventura-excursions.com\/lt\/produktas\/rent-a-car\/\" target=\"_self\"><strong><em>i\u0161sinuomoti automobil\u012f<\/em><\/strong><\/a> ir \u012f parkus vykti savaranki\u0161kai. Vienintelis nepatogumas gali b\u016bti pilna automobili\u0173 stov\u0117jimo aik\u0161tel\u0117 d\u0117l didelio abiej\u0173 park\u0173 populiarumo.<\/p>\n<p>Kelion\u0117 baidar\u0117mis i\u0161 piet\u0173 kainuoja 4 eurus vienam asmeniui. Mokest\u012f sumok\u0117site baidari\u0173 mokykloje.<\/p>\n<p>Perve\u017eimas \u012f Tenerif\u0117s pietuose esant\u012f \u201eViking\u201c yra nemokamas.\n<\/p><\/div>","protected":false},"excerpt":{"rendered":"<div>\n<p>Populiariausias pasirinkimas \u0161eimoms su vaikais: \u201eTwin Ticket\u201c (Siamo parkas ir Loro parkas), plaukimas baidar\u0117mis ir nardymas bei kelion\u0117 viking\u0173 laivu.<\/p>\n<p>\nPirmiausia pasirinkite, ar jums reikalingas perve\u017eimas \u012f vien\u0105 i\u0161 park\u0173.<\/p>\n<p>\nJei esate \u0161iaur\u0117je ir jums reikia nuvykti \u012f Siamo park\u0105, rinkit\u0117s \u201e\u0160eimos paket\u0105 + Siamo autobusas\u201c.<\/p>\n<p>\nJei esate pietuose ir jums reikia nuvykti \u012f Loro park\u0105, rinkit\u0117s \u201e\u0160eimos paket\u0105 + Loro autobusas\u201c.<\/p>\n<p>\nPasirinkite suaugusi\u0173j\u0173 ir vaik\u0173 skai\u010di\u0173 ir pirmosios kelion\u0117s dat\u0105. Gav\u0119 j\u016bs\u0173 u\u017esakym\u0105, suderinsime su jumis vis\u0173 ekskursij\u0173 datas ir laik\u0105.\n<\/p><\/div>","protected":false},"featured_media":1620,"template":"","meta":{"_acf_changed":false},"product_brand":[],"product_cat":[142],"product_tag":[],"class_list":{"0":"post-1448","1":"product","2":"type-product","3":"status-publish","4":"has-post-thumbnail","6":"product_cat-special-offers","8":"first","9":"instock","10":"sale","11":"shipping-taxable","12":"product-type-grouped"},"acf":[],"yoast_head":"<!-- This site is optimized with the Yoast SEO plugin v25.6 - https:\/\/yoast.com\/wordpress\/plugins\/seo\/ -->\n<title>Tenerife Family Fun Package - Aventura Excursions | Book and Save 10%!<\/title>\n<meta name=\"description\" content=\"Book the best family tours in Tenerife! Get the Twin Ticket for Siam &amp; Loro Parks, kayaking, snorkeling, and Viking boat trip. Reserve your adventure now!\" \/>\n<meta name=\"robots\" content=\"index, follow, max-snippet:-1, max-image-preview:large, max-video-preview:-1\" \/>\n<link rel=\"canonical\" href=\"https:\/\/aventura-excursions.com\/lt\/produktas\/for-families-with-kids\/\" \/>\n<meta property=\"og:locale\" content=\"lt_LT\" \/>\n<meta property=\"og:type\" content=\"article\" \/>\n<meta property=\"og:title\" content=\"Tenerife Family Fun Package - Aventura Excursions | Book and Save 10%!\" \/>\n<meta property=\"og:description\" content=\"Book the best family tours in Tenerife! Get the Twin Ticket for Siam &amp; Loro Parks, kayaking, snorkeling, and Viking boat trip. Reserve your adventure now!\" \/>\n<meta property=\"og:url\" content=\"https:\/\/aventura-excursions.com\/lt\/produktas\/for-families-with-kids\/\" \/>\n<meta property=\"og:site_name\" content=\"Aventura Excursions\" \/>\n<meta property=\"article:modified_time\" content=\"2025-09-10T12:48:36+00:00\" \/>\n<meta property=\"og:image\" content=\"https:\/\/aventura-excursions.com\/wp-content\/uploads\/2024\/04\/\u0414\u0438\u0437\u0430\u0439\u043d-\u0431\u0435\u0437-\u043d\u0430\u0437\u0432\u0430\u043d\u0438\u044f.jpg\" \/>\n\t<meta property=\"og:image:width\" content=\"800\" \/>\n\t<meta property=\"og:image:height\" content=\"600\" \/>\n\t<meta property=\"og:image:type\" content=\"image\/jpeg\" \/>\n<meta name=\"twitter:card\" content=\"summary_large_image\" \/>\n<meta name=\"twitter:label1\" content=\"Est. reading time\" \/>\n\t<meta name=\"twitter:data1\" content=\"2 minut\u0117s\" \/>\n<!-- \/ Yoast SEO plugin. -->","yoast_head_json":{"title":"Tenerife Family Fun Package - Aventura Excursions | Book and Save 10%!","description":"Book the best family tours in Tenerife! Get the Twin Ticket for Siam & Loro Parks, kayaking, snorkeling, and Viking boat trip. Reserve your adventure now!","robots":{"index":"index","follow":"follow","max-snippet":"max-snippet:-1","max-image-preview":"max-image-preview:large","max-video-preview":"max-video-preview:-1"},"canonical":"https:\/\/aventura-excursions.com\/lt\/produktas\/for-families-with-kids\/","og_locale":"lt_LT","og_type":"article","og_title":"Tenerife Family Fun Package - Aventura Excursions | Book and Save 10%!","og_description":"Book the best family tours in Tenerife! Get the Twin Ticket for Siam & Loro Parks, kayaking, snorkeling, and Viking boat trip. Reserve your adventure now!","og_url":"https:\/\/aventura-excursions.com\/lt\/produktas\/for-families-with-kids\/","og_site_name":"Aventura Excursions","article_modified_time":"2025-09-10T12:48:36+00:00","og_image":[{"width":800,"height":600,"url":"https:\/\/aventura-excursions.com\/wp-content\/uploads\/2024\/04\/\u0414\u0438\u0437\u0430\u0439\u043d-\u0431\u0435\u0437-\u043d\u0430\u0437\u0432\u0430\u043d\u0438\u044f.jpg","type":"image\/jpeg"}],"twitter_card":"summary_large_image","twitter_misc":{"Est. reading time":"2 minut\u0117s"},"schema":{"@context":"https:\/\/schema.org","@graph":[{"@type":"WebPage","@id":"https:\/\/aventura-excursions.com\/product\/for-families-with-kids\/","url":"https:\/\/aventura-excursions.com\/product\/for-families-with-kids\/","name":"Tenerife Family Fun Package - Aventura Excursions | Book and Save 10%!","isPartOf":{"@id":"https:\/\/aventura-excursions.com\/#website"},"primaryImageOfPage":{"@id":"https:\/\/aventura-excursions.com\/product\/for-families-with-kids\/#primaryimage"},"image":{"@id":"https:\/\/aventura-excursions.com\/product\/for-families-with-kids\/#primaryimage"},"thumbnailUrl":"https:\/\/aventura-excursions.com\/wp-content\/uploads\/2024\/04\/\u0414\u0438\u0437\u0430\u0439\u043d-\u0431\u0435\u0437-\u043d\u0430\u0437\u0432\u0430\u043d\u0438\u044f.jpg","datePublished":"2024-04-23T15:43:06+00:00","dateModified":"2025-09-10T12:48:36+00:00","description":"Book the best family tours in Tenerife! Get the Twin Ticket for Siam & Loro Parks, kayaking, snorkeling, and Viking boat trip. Reserve your adventure now!","breadcrumb":{"@id":"https:\/\/aventura-excursions.com\/product\/for-families-with-kids\/#breadcrumb"},"inLanguage":"lt-LT","potentialAction":[{"@type":"ReadAction","target":["https:\/\/aventura-excursions.com\/product\/for-families-with-kids\/"]}]},{"@type":"ImageObject","inLanguage":"lt-LT","@id":"https:\/\/aventura-excursions.com\/product\/for-families-with-kids\/#primaryimage","url":"https:\/\/aventura-excursions.com\/wp-content\/uploads\/2024\/04\/\u0414\u0438\u0437\u0430\u0439\u043d-\u0431\u0435\u0437-\u043d\u0430\u0437\u0432\u0430\u043d\u0438\u044f.jpg","contentUrl":"https:\/\/aventura-excursions.com\/wp-content\/uploads\/2024\/04\/\u0414\u0438\u0437\u0430\u0439\u043d-\u0431\u0435\u0437-\u043d\u0430\u0437\u0432\u0430\u043d\u0438\u044f.jpg","width":800,"height":600},{"@type":"BreadcrumbList","@id":"https:\/\/aventura-excursions.com\/product\/for-families-with-kids\/#breadcrumb","itemListElement":[{"@type":"ListItem","position":1,"name":"Tours","item":"https:\/\/aventura-excursions.com\/tours\/"},{"@type":"ListItem","position":2,"name":"For Families with Kids"}]},{"@type":"WebSite","@id":"https:\/\/aventura-excursions.com\/#website","url":"https:\/\/aventura-excursions.com\/","name":"Aventura Excursions","description":"Aventura Excursions","potentialAction":[{"@type":"SearchAction","target":{"@type":"EntryPoint","urlTemplate":"https:\/\/aventura-excursions.com\/?s={search_term_string}"},"query-input":{"@type":"PropertyValueSpecification","valueRequired":true,"valueName":"search_term_string"}}],"inLanguage":"lt-LT"}]}},"_links":{"self":[{"href":"https:\/\/aventura-excursions.com\/lt\/wp-json\/wp\/v2\/product\/1448","targetHints":{"allow":["GET"]}}],"collection":[{"href":"https:\/\/aventura-excursions.com\/lt\/wp-json\/wp\/v2\/product"}],"about":[{"href":"https:\/\/aventura-excursions.com\/lt\/wp-json\/wp\/v2\/types\/product"}],"wp:featuredmedia":[{"embeddable":true,"href":"https:\/\/aventura-excursions.com\/lt\/wp-json\/wp\/v2\/media\/1620"}],"wp:attachment":[{"href":"https:\/\/aventura-excursions.com\/lt\/wp-json\/wp\/v2\/media?parent=1448"}],"wp:term":[{"taxonomy":"product_brand","embeddable":true,"href":"https:\/\/aventura-excursions.com\/lt\/wp-json\/wp\/v2\/product_brand?post=1448"},{"taxonomy":"product_cat","embeddable":true,"href":"https:\/\/aventura-excursions.com\/lt\/wp-json\/wp\/v2\/product_cat?post=1448"},{"taxonomy":"product_tag","embeddable":true,"href":"https:\/\/aventura-excursions.com\/lt\/wp-json\/wp\/v2\/product_tag?post=1448"}],"curies":[{"name":"wp","href":"https:\/\/api.w.org\/{rel}","templated":true}]}}