{"id":1829,"date":"2024-06-01T06:18:54","date_gmt":"2024-06-01T03:18:54","guid":{"rendered":"https:\/\/aventura-excursions.com\/?post_type=product&#038;p=1829"},"modified":"2025-06-04T18:36:37","modified_gmt":"2025-06-04T15:36:37","slug":"teide-cable-car","status":"publish","type":"product","link":"https:\/\/aventura-excursions.com\/lt\/produktas\/teide-cable-car\/","title":{"rendered":"Teid\u0117 + Keltuvas"},"content":{"rendered":"<h3>Apra\u0161ymas<\/h3>\n<p>\nAtraskite m\u0117nulio kra\u0161tovaizd\u012f, d\u0117l kurio Teid\u0117s nacionalinis parkas yra lankomiausias Europoje. Atsijunkite nuo \u012fprast\u0173 \u017eemi\u0161k\u0173 vaizd\u0173 ir patik\u0117kite, kad esate kitoje planetoje. Pakilkite keltuvu \u012f auk\u0161\u010diausi\u0105 ir \u012fsp\u016bdingiausi\u0105 Ispanijos kaln\u0105 Teid\u0119 (3718 m) ir atsidurkite vir\u0161 debes\u0173, i\u0161 kur atsiveria fantasti\u0161ki vaizdai: Garsijos uolos, mil\u017eini\u0161ki lavos srautai, did\u017eiul\u0117s dykumos ir spalvingi kalnai, pilni \u012fvairiausi\u0173 mineral\u0173.<\/p>\n<h3>Lankytinos vietos<\/h3>\n<ul>\n<li>Teid\u0117s Nacionalinis Parkas<\/li>\n<li>Roques de Garcia uolos<\/li>\n<li>keltuvas \u012f Teid\u0119 (iki 3550 m!)<\/li>\n<\/ul>\n<p>\n<\/p>\n<h3>Detal\u0117s<\/h3>\n<p>\n<strong><em>Transportas:<\/em><\/strong> apie 11:00 <\/p>\n<p>\n<strong><em>Trukm\u0117:<\/em><\/strong> 7-8 valandos <\/p>\n<p>\n<strong><em>\u012etrauktas:<\/em><\/strong> <\/p>\n<ul>\n<li>paimti i\u0161 Kosta Adech\u0117s pietuose iki Los Kristianoso ir Puerto de la Kruso \u0161iaur\u0117je.<\/li>\n<li>keltuvo bilietas<\/li>\n<li>profesionalus gidas<\/li>\n<\/ul>\n<p>\n<strong><em>Ne\u012ftrauktas:<\/em><\/strong> piet\u016bs (bus sustojimas restorane-u\u017ekandin\u0117je). <\/p>\n<p>\n<br \/>\n<strong><em>Atkreipkite d\u0117mes\u012f:<\/em><\/strong> \u0161iame puslapyje pateiktas tvarkara\u0161tis taikomas tik ekskursijoms angl\u0173 ir ispan\u0173 kalbomis.<\/p>\n<p>\nD\u0117l ekskursij\u0173 kitomis kalbomis arba jei pageidaujate pasiimti i\u0161 vietov\u0117s, kuri nenurodyta s\u0105ra\u0161e, maloniai pra\u0161ome susisiekti su mumis el. pa\u0161tu <a href=\"mailto:info@aventura-excursions.com\" target=\"ask__mail\">info@aventura-excursions.com<\/a> arba telefonu <a href=\"tel: 34647676812\" target=\"_blank\">+34 647 67 68 12<\/a>. M\u016bs\u0173 komanda mielai jums pad\u0117s.<\/p>","protected":false},"excerpt":{"rendered":"<div>\nDalyvaukite vienoje populiariausi\u0173 ekskursij\u0173 Tenerif\u0117je ir susipa\u017einkite su Teid\u0117s nacionaliniu parku i\u0161 unikalios perspektyvos - keltuvu pakilsite \u012f auk\u0161\u010diausi\u0105 Ispanijos vir\u0161\u016bn\u0119. <\/p>\n<p>\nFirst, choose if you are in the South (pick up available from Costa Adeje to Los Cristianos) or in Puerto de la Cruz. Select the number of adults, kids (3-13 years) and infants (0-2 years) and then select the date of the trip.\n<\/div>","protected":false},"featured_media":440,"template":"","meta":{"_acf_changed":false},"product_brand":[],"product_cat":[19],"product_tag":[],"class_list":{"0":"post-1829","1":"product","2":"type-product","3":"status-publish","4":"has-post-thumbnail","6":"product_cat-bus-excursions","8":"first","9":"instock","10":"shipping-taxable","11":"product-type-grouped"},"acf":[],"yoast_head":"<!-- This site is optimized with the Yoast SEO plugin v25.6 - https:\/\/yoast.com\/wordpress\/plugins\/seo\/ -->\n<title>Teide Cable Car Tours in Tenerife - Aventura Excursions - Book Your Adventure Now!<\/title>\n<meta name=\"description\" content=\"Explore the Teide National Park and climb to an altitude of 3,550m by cable car. Check reviews, prices. Experience stunning views from Spain&#039;s highest peak.\" \/>\n<meta name=\"robots\" content=\"index, follow, max-snippet:-1, max-image-preview:large, max-video-preview:-1\" \/>\n<link rel=\"canonical\" href=\"https:\/\/aventura-excursions.com\/lt\/produktas\/teide-cable-car\/\" \/>\n<meta property=\"og:locale\" content=\"lt_LT\" \/>\n<meta property=\"og:type\" content=\"article\" \/>\n<meta property=\"og:title\" content=\"Teide Cable Car Tours in Tenerife - Aventura Excursions - Book Your Adventure Now!\" \/>\n<meta property=\"og:description\" content=\"Explore the Teide National Park and climb to an altitude of 3,550m by cable car. Check reviews, prices. Experience stunning views from Spain&#039;s highest peak.\" \/>\n<meta property=\"og:url\" content=\"https:\/\/aventura-excursions.com\/lt\/produktas\/teide-cable-car\/\" \/>\n<meta property=\"og:site_name\" content=\"Aventura Excursions\" \/>\n<meta property=\"article:modified_time\" content=\"2025-06-04T15:36:37+00:00\" \/>\n<meta property=\"og:image\" content=\"https:\/\/aventura-excursions.com\/wp-content\/uploads\/2024\/02\/parque-nacional-teide-teleferico-02.jpg\" \/>\n\t<meta property=\"og:image:width\" content=\"1024\" \/>\n\t<meta property=\"og:image:height\" content=\"682\" \/>\n\t<meta property=\"og:image:type\" content=\"image\/jpeg\" \/>\n<meta name=\"twitter:card\" content=\"summary_large_image\" \/>\n<meta name=\"twitter:label1\" content=\"Est. reading time\" \/>\n\t<meta name=\"twitter:data1\" content=\"2 minut\u0117s\" \/>\n<!-- \/ Yoast SEO plugin. -->","yoast_head_json":{"title":"Teide Cable Car Tours in Tenerife - Aventura Excursions - Book Your Adventure Now!","description":"Explore the Teide National Park and climb to an altitude of 3,550m by cable car. Check reviews, prices. Experience stunning views from Spain's highest peak.","robots":{"index":"index","follow":"follow","max-snippet":"max-snippet:-1","max-image-preview":"max-image-preview:large","max-video-preview":"max-video-preview:-1"},"canonical":"https:\/\/aventura-excursions.com\/lt\/produktas\/teide-cable-car\/","og_locale":"lt_LT","og_type":"article","og_title":"Teide Cable Car Tours in Tenerife - Aventura Excursions - Book Your Adventure Now!","og_description":"Explore the Teide National Park and climb to an altitude of 3,550m by cable car. Check reviews, prices. Experience stunning views from Spain's highest peak.","og_url":"https:\/\/aventura-excursions.com\/lt\/produktas\/teide-cable-car\/","og_site_name":"Aventura Excursions","article_modified_time":"2025-06-04T15:36:37+00:00","og_image":[{"width":1024,"height":682,"url":"https:\/\/aventura-excursions.com\/wp-content\/uploads\/2024\/02\/parque-nacional-teide-teleferico-02.jpg","type":"image\/jpeg"}],"twitter_card":"summary_large_image","twitter_misc":{"Est. reading time":"2 minut\u0117s"},"schema":{"@context":"https:\/\/schema.org","@graph":[{"@type":"WebPage","@id":"https:\/\/aventura-excursions.com\/product\/teide-cable-car\/","url":"https:\/\/aventura-excursions.com\/product\/teide-cable-car\/","name":"Teide Cable Car Tours in Tenerife - Aventura Excursions - Book Your Adventure Now!","isPartOf":{"@id":"https:\/\/aventura-excursions.com\/#website"},"primaryImageOfPage":{"@id":"https:\/\/aventura-excursions.com\/product\/teide-cable-car\/#primaryimage"},"image":{"@id":"https:\/\/aventura-excursions.com\/product\/teide-cable-car\/#primaryimage"},"thumbnailUrl":"https:\/\/aventura-excursions.com\/wp-content\/uploads\/2024\/02\/parque-nacional-teide-teleferico-02.jpg","datePublished":"2024-06-01T03:18:54+00:00","dateModified":"2025-06-04T15:36:37+00:00","description":"Explore the Teide National Park and climb to an altitude of 3,550m by cable car. Check reviews, prices. Experience stunning views from Spain's highest peak.","breadcrumb":{"@id":"https:\/\/aventura-excursions.com\/product\/teide-cable-car\/#breadcrumb"},"inLanguage":"lt-LT","potentialAction":[{"@type":"ReadAction","target":["https:\/\/aventura-excursions.com\/product\/teide-cable-car\/"]}]},{"@type":"ImageObject","inLanguage":"lt-LT","@id":"https:\/\/aventura-excursions.com\/product\/teide-cable-car\/#primaryimage","url":"https:\/\/aventura-excursions.com\/wp-content\/uploads\/2024\/02\/parque-nacional-teide-teleferico-02.jpg","contentUrl":"https:\/\/aventura-excursions.com\/wp-content\/uploads\/2024\/02\/parque-nacional-teide-teleferico-02.jpg","width":1024,"height":682},{"@type":"BreadcrumbList","@id":"https:\/\/aventura-excursions.com\/product\/teide-cable-car\/#breadcrumb","itemListElement":[{"@type":"ListItem","position":1,"name":"Tours","item":"https:\/\/aventura-excursions.com\/tours\/"},{"@type":"ListItem","position":2,"name":"Teide + Cable Car"}]},{"@type":"WebSite","@id":"https:\/\/aventura-excursions.com\/#website","url":"https:\/\/aventura-excursions.com\/","name":"Aventura Excursions","description":"Aventura Excursions","potentialAction":[{"@type":"SearchAction","target":{"@type":"EntryPoint","urlTemplate":"https:\/\/aventura-excursions.com\/?s={search_term_string}"},"query-input":{"@type":"PropertyValueSpecification","valueRequired":true,"valueName":"search_term_string"}}],"inLanguage":"lt-LT"}]}},"_links":{"self":[{"href":"https:\/\/aventura-excursions.com\/lt\/wp-json\/wp\/v2\/product\/1829","targetHints":{"allow":["GET"]}}],"collection":[{"href":"https:\/\/aventura-excursions.com\/lt\/wp-json\/wp\/v2\/product"}],"about":[{"href":"https:\/\/aventura-excursions.com\/lt\/wp-json\/wp\/v2\/types\/product"}],"wp:featuredmedia":[{"embeddable":true,"href":"https:\/\/aventura-excursions.com\/lt\/wp-json\/wp\/v2\/media\/440"}],"wp:attachment":[{"href":"https:\/\/aventura-excursions.com\/lt\/wp-json\/wp\/v2\/media?parent=1829"}],"wp:term":[{"taxonomy":"product_brand","embeddable":true,"href":"https:\/\/aventura-excursions.com\/lt\/wp-json\/wp\/v2\/product_brand?post=1829"},{"taxonomy":"product_cat","embeddable":true,"href":"https:\/\/aventura-excursions.com\/lt\/wp-json\/wp\/v2\/product_cat?post=1829"},{"taxonomy":"product_tag","embeddable":true,"href":"https:\/\/aventura-excursions.com\/lt\/wp-json\/wp\/v2\/product_tag?post=1829"}],"curies":[{"name":"wp","href":"https:\/\/api.w.org\/{rel}","templated":true}]}}