{"id":1879,"date":"2024-06-15T00:32:04","date_gmt":"2024-06-14T21:32:04","guid":{"rendered":"https:\/\/aventura-excursions.com\/?post_type=product&#038;p=1879"},"modified":"2025-10-19T00:15:30","modified_gmt":"2025-10-18T21:15:30","slug":"la-gomera","status":"publish","type":"product","link":"https:\/\/aventura-excursions.com\/lt\/produktas\/la-gomera\/","title":{"rendered":"La Gomera"},"content":{"rendered":"<h3>Apra\u0161ymas<\/h3>\n<p>\nLa Gomera, \u017ealiausia i\u0161 Kanar\u0173 sal\u0173, nuves jus \u012f kelion\u0119 po stebuklingus laur\u0173 mi\u0161kus, sl\u0117nius ir kvap\u0105 gniau\u017eian\u010dius kra\u0161tovaizd\u017eius. Atvyk\u0119 \u012f sal\u0105 aplankysite San Sebastian\u0105 \u2013 salos sostin\u0119 su patraukliu istoriniu centru, kur Kolumbas sustojo prie\u0161 daugiau nei 500 met\u0173 pakeliui \u012f rytin\u0119 Azijos pakrant\u0119. Tada keliausite \u012f La Gomera \u0161ird\u012f, \u012f Garajonay nacionalin\u012f park\u0105. Prava\u017eiuosite \u017eaving\u0105 laur\u0173 mi\u0161k\u0105, kurio \u012fmantriai riestos \u0161akos nukels \u012f mokslin\u0117s fantastikos filmo atmosfer\u0105. I\u0161 savo gido su\u017einoj\u0119 apie La Gomeros aborigen\u0173 istorij\u0105, atvyksite tradicini\u0173 piet\u0173, kuri\u0173 metu vietiniai demonstruos savo unikali\u0105 gomerie\u010di\u0173 \u0161vilpimo kalb\u0105, dar \u017einom\u0105 kaip Silbo Gomero.<\/p>\n<h3><\/h3>\n<h3>Lankytinos vietos<\/h3>\n<ul>\n<li>Istorinis San Sebastiano centras<\/li>\n<li>Kolumbo namas<\/li>\n<li>Garajonay nacionalinis parkas: laur\u0173 mi\u0161kas<\/li>\n<li>\u0160vilpuko reginys<\/li>\n<\/ul>\n<p><h3>Detal\u0117s<\/h3>\n<p>\n<strong>Su savimi \u012f kelt\u0105 privalote tur\u0117ti asmens tapatyb\u0117s dokument\u0105!!!<\/strong><\/p>\n<p>\n<em><strong>Transportas:<\/strong><\/em> apie 08:00<\/p>\n<p>\n<em><strong>Trukm\u0117:<\/strong><\/em> 10 valandos<\/p>\n<p>\n<strong><em>\u012etrauktas:<\/em><\/strong> <\/p>\n<ul>\n<li>paimti i\u0161 La Caleta pietuose iki Los \u0421ristianos ir Puerto de la Kruso \u0161iaur\u0117je.<\/li>\n<li>kelto bilietas (30 min.)<\/li>\n<li>piet\u016bs tradiciniame restorane<\/li>\n<li>profesionalus gidas<\/li>\n<\/ul>\n<p>\n<br \/> <br \/>\n<strong>There&#8217;s no pick up for the tour in Polish language<\/strong><\/p>\n<p>\n<br \/>\n<strong><em>Atkreipkite d\u0117mes\u012f:<\/em><\/strong> \u0161iame puslapyje pateiktas tvarkara\u0161tis taikomas tik ekskursijoms angl\u0173 ir ispan\u0173 kalbomis.<\/p>\n<p>\nD\u0117l ekskursij\u0173 kitomis kalbomis arba jei pageidaujate pasiimti i\u0161 vietov\u0117s, kuri nenurodyta s\u0105ra\u0161e, maloniai pra\u0161ome susisiekti su mumis el. pa\u0161tu <a href=\"mailto:info@aventura-excursions.com\" target=\"ask__mail\">info@aventura-excursions.com<\/a> arba telefonu <a href=\"tel: 34647676812\" target=\"_blank\">+34 647 67 68 12<\/a>. M\u016bs\u0173 komanda mielai jums pad\u0117s.<\/p>","protected":false},"excerpt":{"rendered":"<div>\nAplankykite nuostabi\u0105 La Gomera sal\u0105 sustodami Garajonay nacionaliniame parke, laur\u0173 mi\u0161kuose ir San Sebastiano mieste. Susipa\u017einkite su vietiniais \u017emon\u0117mis ir atraskite j\u0173 unikali\u0105, \u0161vilpiam\u0105 kalb\u0105.<\/p>\n<p>\n<br \/>\nPirmiausia pasirinkite, ar esate pietuose (pirmadienis\u2013\u0161e\u0161tadienis), ar Puerto de la Kruzas (tre\u010diadienis, ketvirtadienis, \u0161e\u0161tadienis). Pasirinkite suaugusi\u0173j\u0173, vaik\u0173 (2\u201313 met\u0173) ir k\u016bdiki\u0173 (0\u20131 met\u0173) skai\u010di\u0173 ir kelion\u0117s dat\u0105\n<\/div>","protected":false},"featured_media":513,"template":"","meta":{"_acf_changed":false},"product_brand":[],"product_cat":[19],"product_tag":[],"class_list":{"0":"post-1879","1":"product","2":"type-product","3":"status-publish","4":"has-post-thumbnail","6":"product_cat-bus-excursions","8":"first","9":"instock","10":"shipping-taxable","11":"product-type-grouped"},"acf":[],"yoast_head":"<!-- This site is optimized with the Yoast SEO plugin v25.6 - https:\/\/yoast.com\/wordpress\/plugins\/seo\/ -->\n<title>Explore La Gomera from Tenerife - Aventura Excursions | Book Your Trip Now!<\/title>\n<meta name=\"description\" content=\"Visit La Gomera and discover its wonders! Check reviews, prices, and ratings. Book your adventure today for an unforgettable experience!\" \/>\n<meta name=\"robots\" content=\"index, follow, max-snippet:-1, max-image-preview:large, max-video-preview:-1\" \/>\n<link rel=\"canonical\" href=\"https:\/\/aventura-excursions.com\/lt\/produktas\/la-gomera\/\" \/>\n<meta property=\"og:locale\" content=\"lt_LT\" \/>\n<meta property=\"og:type\" content=\"article\" \/>\n<meta property=\"og:title\" content=\"Explore La Gomera from Tenerife - Aventura Excursions | Book Your Trip Now!\" \/>\n<meta property=\"og:description\" content=\"Visit La Gomera and discover its wonders! Check reviews, prices, and ratings. Book your adventure today for an unforgettable experience!\" \/>\n<meta property=\"og:url\" content=\"https:\/\/aventura-excursions.com\/lt\/produktas\/la-gomera\/\" \/>\n<meta property=\"og:site_name\" content=\"Aventura Excursions\" \/>\n<meta property=\"article:modified_time\" content=\"2025-10-18T21:15:30+00:00\" \/>\n<meta property=\"og:image\" content=\"https:\/\/aventura-excursions.com\/wp-content\/uploads\/2024\/03\/245251-La-Gomera889-e1717292970876.png\" \/>\n\t<meta property=\"og:image:width\" content=\"496\" \/>\n\t<meta property=\"og:image:height\" content=\"241\" \/>\n\t<meta property=\"og:image:type\" content=\"image\/png\" \/>\n<meta name=\"twitter:card\" content=\"summary_large_image\" \/>\n<meta name=\"twitter:label1\" content=\"Est. reading time\" \/>\n\t<meta name=\"twitter:data1\" content=\"2 minut\u0117s\" \/>\n<!-- \/ Yoast SEO plugin. -->","yoast_head_json":{"title":"Explore La Gomera from Tenerife - Aventura Excursions | Book Your Trip Now!","description":"Visit La Gomera and discover its wonders! Check reviews, prices, and ratings. Book your adventure today for an unforgettable experience!","robots":{"index":"index","follow":"follow","max-snippet":"max-snippet:-1","max-image-preview":"max-image-preview:large","max-video-preview":"max-video-preview:-1"},"canonical":"https:\/\/aventura-excursions.com\/lt\/produktas\/la-gomera\/","og_locale":"lt_LT","og_type":"article","og_title":"Explore La Gomera from Tenerife - Aventura Excursions | Book Your Trip Now!","og_description":"Visit La Gomera and discover its wonders! Check reviews, prices, and ratings. Book your adventure today for an unforgettable experience!","og_url":"https:\/\/aventura-excursions.com\/lt\/produktas\/la-gomera\/","og_site_name":"Aventura Excursions","article_modified_time":"2025-10-18T21:15:30+00:00","og_image":[{"width":496,"height":241,"url":"https:\/\/aventura-excursions.com\/wp-content\/uploads\/2024\/03\/245251-La-Gomera889-e1717292970876.png","type":"image\/png"}],"twitter_card":"summary_large_image","twitter_misc":{"Est. reading time":"2 minut\u0117s"},"schema":{"@context":"https:\/\/schema.org","@graph":[{"@type":"WebPage","@id":"https:\/\/aventura-excursions.com\/product\/la-gomera\/","url":"https:\/\/aventura-excursions.com\/product\/la-gomera\/","name":"Explore La Gomera from Tenerife - Aventura Excursions | Book Your Trip Now!","isPartOf":{"@id":"https:\/\/aventura-excursions.com\/#website"},"primaryImageOfPage":{"@id":"https:\/\/aventura-excursions.com\/product\/la-gomera\/#primaryimage"},"image":{"@id":"https:\/\/aventura-excursions.com\/product\/la-gomera\/#primaryimage"},"thumbnailUrl":"https:\/\/aventura-excursions.com\/wp-content\/uploads\/2024\/03\/245251-La-Gomera889-e1717292970876.png","datePublished":"2024-06-14T21:32:04+00:00","dateModified":"2025-10-18T21:15:30+00:00","description":"Visit La Gomera and discover its wonders! Check reviews, prices, and ratings. Book your adventure today for an unforgettable experience!","breadcrumb":{"@id":"https:\/\/aventura-excursions.com\/product\/la-gomera\/#breadcrumb"},"inLanguage":"lt-LT","potentialAction":[{"@type":"ReadAction","target":["https:\/\/aventura-excursions.com\/product\/la-gomera\/"]}]},{"@type":"ImageObject","inLanguage":"lt-LT","@id":"https:\/\/aventura-excursions.com\/product\/la-gomera\/#primaryimage","url":"https:\/\/aventura-excursions.com\/wp-content\/uploads\/2024\/03\/245251-La-Gomera889-e1717292970876.png","contentUrl":"https:\/\/aventura-excursions.com\/wp-content\/uploads\/2024\/03\/245251-La-Gomera889-e1717292970876.png","width":496,"height":241},{"@type":"BreadcrumbList","@id":"https:\/\/aventura-excursions.com\/product\/la-gomera\/#breadcrumb","itemListElement":[{"@type":"ListItem","position":1,"name":"Tours","item":"https:\/\/aventura-excursions.com\/tours\/"},{"@type":"ListItem","position":2,"name":"La Gomera"}]},{"@type":"WebSite","@id":"https:\/\/aventura-excursions.com\/#website","url":"https:\/\/aventura-excursions.com\/","name":"Aventura Excursions","description":"Aventura Excursions","potentialAction":[{"@type":"SearchAction","target":{"@type":"EntryPoint","urlTemplate":"https:\/\/aventura-excursions.com\/?s={search_term_string}"},"query-input":{"@type":"PropertyValueSpecification","valueRequired":true,"valueName":"search_term_string"}}],"inLanguage":"lt-LT"}]}},"_links":{"self":[{"href":"https:\/\/aventura-excursions.com\/lt\/wp-json\/wp\/v2\/product\/1879","targetHints":{"allow":["GET"]}}],"collection":[{"href":"https:\/\/aventura-excursions.com\/lt\/wp-json\/wp\/v2\/product"}],"about":[{"href":"https:\/\/aventura-excursions.com\/lt\/wp-json\/wp\/v2\/types\/product"}],"wp:featuredmedia":[{"embeddable":true,"href":"https:\/\/aventura-excursions.com\/lt\/wp-json\/wp\/v2\/media\/513"}],"wp:attachment":[{"href":"https:\/\/aventura-excursions.com\/lt\/wp-json\/wp\/v2\/media?parent=1879"}],"wp:term":[{"taxonomy":"product_brand","embeddable":true,"href":"https:\/\/aventura-excursions.com\/lt\/wp-json\/wp\/v2\/product_brand?post=1879"},{"taxonomy":"product_cat","embeddable":true,"href":"https:\/\/aventura-excursions.com\/lt\/wp-json\/wp\/v2\/product_cat?post=1879"},{"taxonomy":"product_tag","embeddable":true,"href":"https:\/\/aventura-excursions.com\/lt\/wp-json\/wp\/v2\/product_tag?post=1879"}],"curies":[{"name":"wp","href":"https:\/\/api.w.org\/{rel}","templated":true}]}}