{"id":2281,"date":"2024-10-04T18:56:53","date_gmt":"2024-10-04T15:56:53","guid":{"rendered":"https:\/\/aventura-excursions.com\/?post_type=product&#038;p=2281"},"modified":"2024-10-28T14:41:41","modified_gmt":"2024-10-28T11:41:41","slug":"fishing-2","status":"publish","type":"product","link":"https:\/\/aventura-excursions.com\/lt\/produktas\/fishing-2\/","title":{"rendered":"\u017dvejybos kelion\u0117"},"content":{"rendered":"<h3>Apra\u0161ymas<\/h3>\n<p>\nLeiskit\u0117s \u012f nuostabi\u0105 kelion\u0119, kurioje \u017e\u016bkl\u0117s azartas dera su Atlanto vandenyno gro\u017eiu! Valtys buvo sukurtos atsi\u017evelgiant \u012f geriausius \u017evejybos nuotykius, jose \u012frengtos reikiamos technologijos ir patogumai. M\u016bs\u0173 kvalifikuota \u012fgula pasidalins savo \u017einiomis ir geriausiomis \u017evejybos vietomis. \u0160iltoje Kanar\u0173 sal\u0173 saul\u0117je gal\u0117site m\u0117gautis \u017evejybine kelione su \u0161eima, net jei jie ne\u017evejoja. Jie gali jus lyd\u0117ti ir tapti Tenerif\u0117s pakrant\u0117s vandenyno gro\u017eio liudininkais.<\/p>\n<p>Per keturi\u0173 valand\u0173 trukm\u0117s keliones da\u017enai pagauname marlin\u0173, tun\u0173, dry\u017e\u0173j\u0173 tun\u0173, dry\u017e\u0173j\u0173 tun\u0173, dorad\u0173 ir kt.<\/p>\n<p>Taip pat yra didel\u0117 tikimyb\u0117 sutikti Tenerif\u0117s vandenyse gyvenan\u010dius delfinus ir banginius.<\/p>\n<p><\/p>\n<h3>Lankytinos vietos<\/h3>\n<ul>\n<li>Dideli\u0173 \u017ev\u0117ri\u0173 \u017evejyba<\/li>\n<li>Iki 25 myli\u0173 nuo pakrant\u0117s<\/li>\n<li>Ekspert\u0173 komanda<\/li>\n<li>Geriausios \u017evejybos vietos Tenerif\u0117je<\/li>\n<li>Did\u017eiul\u0117 j\u016br\u0173 gyvyb\u0117s \u012fvairov\u0117<\/li>\n<li>\u012esp\u016bdingi vaizdai \u012f vandenyn\u0105<\/li>\n<\/ul>\n<p><\/p>\n<h3>Detal\u0117s<\/h3>\n<p>\nUostas: Puerto Col\u00f3n \/ Las Galletas <br \/>\nTrukm\u0117: 4 valandos<br \/>\n2 me\u0161ker\u0117s kiekvienam \u017evejui<br \/>\n\u012e kain\u0105 \u012fskai\u010diuotas maistas ir g\u0117rimai, pvz., sumu\u0161tiniai, vanduo, alus ir gaivieji g\u0117rimai.<\/p>","protected":false},"excerpt":{"rendered":"<div>Skirkite savo dien\u0105 \u012fkvepian\u010diai \u017evejybai! Su visa \u0161eima plaukite patogia valtimi, tyrin\u0117kite Tenerif\u0117s pakrant\u0117s giluminius vandenis ir \u017evejokite tose vietose, kur yra did\u017eiausia tikimyb\u0117 pagauti puik\u0173 laimik\u012f.<\/p>\n<p>\nPasirinkite \u017evej\u0173 ir lydin\u010di\u0173 asmen\u0173 skai\u010di\u0173, kelion\u0117s dat\u0105.\n<\/div>","protected":false},"featured_media":1034,"template":"","meta":{"_acf_changed":false},"product_brand":[],"product_cat":[21],"product_tag":[],"class_list":{"0":"post-2281","1":"product","2":"type-product","3":"status-publish","4":"has-post-thumbnail","6":"product_cat-activities","8":"first","9":"instock","10":"sale","11":"shipping-taxable","12":"product-type-grouped"},"acf":[],"yoast_head":"<!-- This site is optimized with the Yoast SEO plugin v25.6 - https:\/\/yoast.com\/wordpress\/plugins\/seo\/ -->\n<title>Fishing tour - Aventura Excursions<\/title>\n<meta name=\"description\" content=\"Experience thrilling fishing in Tenerife! Book now for big game and deep sea fishing. Best spots, expert crew, great prices. Secure your adventure today!\" \/>\n<meta name=\"robots\" content=\"index, follow, max-snippet:-1, max-image-preview:large, max-video-preview:-1\" \/>\n<link rel=\"canonical\" href=\"https:\/\/aventura-excursions.com\/lt\/produktas\/fishing-2\/\" \/>\n<meta property=\"og:locale\" content=\"lt_LT\" \/>\n<meta property=\"og:type\" content=\"article\" \/>\n<meta property=\"og:title\" content=\"Fishing tour - Aventura Excursions\" \/>\n<meta property=\"og:description\" content=\"Experience thrilling fishing in Tenerife! Book now for big game and deep sea fishing. Best spots, expert crew, great prices. Secure your adventure today!\" \/>\n<meta property=\"og:url\" content=\"https:\/\/aventura-excursions.com\/lt\/produktas\/fishing-2\/\" \/>\n<meta property=\"og:site_name\" content=\"Aventura Excursions\" \/>\n<meta property=\"article:modified_time\" content=\"2024-10-28T11:41:41+00:00\" \/>\n<meta property=\"og:image\" content=\"https:\/\/aventura-excursions.com\/wp-content\/uploads\/2024\/03\/pexels-william-mcallister-3793366.jpg\" \/>\n\t<meta property=\"og:image:width\" content=\"988\" \/>\n\t<meta property=\"og:image:height\" content=\"656\" \/>\n\t<meta property=\"og:image:type\" content=\"image\/jpeg\" \/>\n<meta name=\"twitter:card\" content=\"summary_large_image\" \/>\n<meta name=\"twitter:label1\" content=\"Est. reading time\" \/>\n\t<meta name=\"twitter:data1\" content=\"1 minut\u0117\" \/>\n<!-- \/ Yoast SEO plugin. -->","yoast_head_json":{"title":"Fishing tour - Aventura Excursions","description":"Experience thrilling fishing in Tenerife! Book now for big game and deep sea fishing. Best spots, expert crew, great prices. Secure your adventure today!","robots":{"index":"index","follow":"follow","max-snippet":"max-snippet:-1","max-image-preview":"max-image-preview:large","max-video-preview":"max-video-preview:-1"},"canonical":"https:\/\/aventura-excursions.com\/lt\/produktas\/fishing-2\/","og_locale":"lt_LT","og_type":"article","og_title":"Fishing tour - Aventura Excursions","og_description":"Experience thrilling fishing in Tenerife! Book now for big game and deep sea fishing. Best spots, expert crew, great prices. Secure your adventure today!","og_url":"https:\/\/aventura-excursions.com\/lt\/produktas\/fishing-2\/","og_site_name":"Aventura Excursions","article_modified_time":"2024-10-28T11:41:41+00:00","og_image":[{"width":988,"height":656,"url":"https:\/\/aventura-excursions.com\/wp-content\/uploads\/2024\/03\/pexels-william-mcallister-3793366.jpg","type":"image\/jpeg"}],"twitter_card":"summary_large_image","twitter_misc":{"Est. reading time":"1 minut\u0117"},"schema":{"@context":"https:\/\/schema.org","@graph":[{"@type":"WebPage","@id":"https:\/\/aventura-excursions.com\/product\/fishing-2\/","url":"https:\/\/aventura-excursions.com\/product\/fishing-2\/","name":"Fishing tour - Aventura Excursions","isPartOf":{"@id":"https:\/\/aventura-excursions.com\/#website"},"primaryImageOfPage":{"@id":"https:\/\/aventura-excursions.com\/product\/fishing-2\/#primaryimage"},"image":{"@id":"https:\/\/aventura-excursions.com\/product\/fishing-2\/#primaryimage"},"thumbnailUrl":"https:\/\/aventura-excursions.com\/wp-content\/uploads\/2024\/03\/pexels-william-mcallister-3793366.jpg","datePublished":"2024-10-04T15:56:53+00:00","dateModified":"2024-10-28T11:41:41+00:00","description":"Experience thrilling fishing in Tenerife! Book now for big game and deep sea fishing. Best spots, expert crew, great prices. Secure your adventure today!","breadcrumb":{"@id":"https:\/\/aventura-excursions.com\/product\/fishing-2\/#breadcrumb"},"inLanguage":"lt-LT","potentialAction":[{"@type":"ReadAction","target":["https:\/\/aventura-excursions.com\/product\/fishing-2\/"]}]},{"@type":"ImageObject","inLanguage":"lt-LT","@id":"https:\/\/aventura-excursions.com\/product\/fishing-2\/#primaryimage","url":"https:\/\/aventura-excursions.com\/wp-content\/uploads\/2024\/03\/pexels-william-mcallister-3793366.jpg","contentUrl":"https:\/\/aventura-excursions.com\/wp-content\/uploads\/2024\/03\/pexels-william-mcallister-3793366.jpg","width":988,"height":656},{"@type":"BreadcrumbList","@id":"https:\/\/aventura-excursions.com\/product\/fishing-2\/#breadcrumb","itemListElement":[{"@type":"ListItem","position":1,"name":"Tours","item":"https:\/\/aventura-excursions.com\/tours\/"},{"@type":"ListItem","position":2,"name":"Fishing tour"}]},{"@type":"WebSite","@id":"https:\/\/aventura-excursions.com\/#website","url":"https:\/\/aventura-excursions.com\/","name":"Aventura Excursions","description":"Aventura Excursions","potentialAction":[{"@type":"SearchAction","target":{"@type":"EntryPoint","urlTemplate":"https:\/\/aventura-excursions.com\/?s={search_term_string}"},"query-input":{"@type":"PropertyValueSpecification","valueRequired":true,"valueName":"search_term_string"}}],"inLanguage":"lt-LT"}]}},"_links":{"self":[{"href":"https:\/\/aventura-excursions.com\/lt\/wp-json\/wp\/v2\/product\/2281","targetHints":{"allow":["GET"]}}],"collection":[{"href":"https:\/\/aventura-excursions.com\/lt\/wp-json\/wp\/v2\/product"}],"about":[{"href":"https:\/\/aventura-excursions.com\/lt\/wp-json\/wp\/v2\/types\/product"}],"wp:featuredmedia":[{"embeddable":true,"href":"https:\/\/aventura-excursions.com\/lt\/wp-json\/wp\/v2\/media\/1034"}],"wp:attachment":[{"href":"https:\/\/aventura-excursions.com\/lt\/wp-json\/wp\/v2\/media?parent=2281"}],"wp:term":[{"taxonomy":"product_brand","embeddable":true,"href":"https:\/\/aventura-excursions.com\/lt\/wp-json\/wp\/v2\/product_brand?post=2281"},{"taxonomy":"product_cat","embeddable":true,"href":"https:\/\/aventura-excursions.com\/lt\/wp-json\/wp\/v2\/product_cat?post=2281"},{"taxonomy":"product_tag","embeddable":true,"href":"https:\/\/aventura-excursions.com\/lt\/wp-json\/wp\/v2\/product_tag?post=2281"}],"curies":[{"name":"wp","href":"https:\/\/api.w.org\/{rel}","templated":true}]}}