{"id":2534,"date":"2025-02-11T16:03:49","date_gmt":"2025-02-11T13:03:49","guid":{"rendered":"https:\/\/aventura-excursions.com\/?post_type=product&#038;p=2534"},"modified":"2025-02-15T17:06:34","modified_gmt":"2025-02-15T14:06:34","slug":"escape-room","status":"publish","type":"product","link":"https:\/\/aventura-excursions.com\/lt\/produktas\/escape-room\/","title":{"rendered":"Pab\u0117gimo kambarys"},"content":{"rendered":"<h3>Apra\u0161ymas<\/h3>\n<p>\nPab\u0117gimo kambarys Tenerif\u0117je - laukia jaudinanti paslaptis!<br \/>\nPaslaptis, kuri\u0105 reikia \u012fminti, misija su laiku... \u201eEscape Tenerife\u201c kvie\u010dia \u012f adrenalino kupin\u0105 nuotyk\u012f, kuriame svarbi kiekviena sekund\u0117. Inspektoriui Vargasui reikia tavo pagalbos vykdant slapt\u0105 misij\u0105. Policijos nuovad\u0105 u\u017evald\u0117 chaosas, ir tik bebaim\u0117 komanda gali atskleisti ties\u0105.<br \/>\nU\u017euominos yra, bet niekas n\u0117ra taip, kaip atrodo... Joms i\u0161\u0161ifruoti turite tik 60 minu\u010di\u0173, kol dar nev\u0117lu. Laikas b\u0117ga, paslaptis gil\u0117ja... Ar i\u0161dr\u012fsite \u012f\u017eengti? Pasiseks tik geriausiems!<br \/>\nEveryone&#8217;s safety is at stake \u2014 help Inspector Vargas now!\n<\/p>\n<h3>Lankytinos vietos<\/h3>\n<ul>\n<li>Pab\u0117gimo kambarys<\/li>\n<li>Paslaptis<\/li>\n<li>Detektyvin\u0117 istorija<\/li>\n<li>\u0160eimai ir draugams<\/li>\n<\/ul>\n<p><\/p>\n<h3>Detal\u0117s<\/h3>\n<p>\nVieta: Los Cristianos<br \/>\nPrad\u017eios valanda: kas valand\u0105 nuo 9:00 iki 19:00<br \/>\nTrukm\u0117: 1 val.<br \/>\nGrup\u0117s nuo 2 iki 5 \u017emoni\u0173<\/p>","protected":false},"excerpt":{"rendered":"<div>Tai jaudinanti patirtis, puikiai tinkanti nuotyki\u0173 ie\u0161kotojams ir galvos\u016bki\u0173 entuziastams. Tai \u012fdomi veikla \u0161eimoms, draug\u0173 ar \u012fmoni\u0173 grup\u0117ms.<\/p>\n<p>\nPasirinkite \u017eaid\u0117j\u0173 skai\u010di\u0173 ir turo dat\u0105.\n<\/div>","protected":false},"featured_media":2535,"template":"","meta":{"_acf_changed":false},"product_brand":[],"product_cat":[21],"product_tag":[],"class_list":{"0":"post-2534","1":"product","2":"type-product","3":"status-publish","4":"has-post-thumbnail","6":"product_cat-activities","8":"first","9":"instock","10":"shipping-taxable","11":"product-type-grouped"},"acf":[],"yoast_head":"<!-- This site is optimized with the Yoast SEO plugin v25.6 - https:\/\/yoast.com\/wordpress\/plugins\/seo\/ -->\n<title>Escape Room - Aventura Excursions<\/title>\n<meta name=\"description\" content=\"Experience the thrill with Escape Room in Tenerife, a mystery adventure where you have 60 minutes to solve the case and help Inspector uncover the truth!\" \/>\n<meta name=\"robots\" content=\"index, follow, max-snippet:-1, max-image-preview:large, max-video-preview:-1\" \/>\n<link rel=\"canonical\" href=\"https:\/\/aventura-excursions.com\/lt\/produktas\/escape-room\/\" \/>\n<meta property=\"og:locale\" content=\"lt_LT\" \/>\n<meta property=\"og:type\" content=\"article\" \/>\n<meta property=\"og:title\" content=\"Escape Room - Aventura Excursions\" \/>\n<meta property=\"og:description\" content=\"Experience the thrill with Escape Room in Tenerife, a mystery adventure where you have 60 minutes to solve the case and help Inspector uncover the truth!\" \/>\n<meta property=\"og:url\" content=\"https:\/\/aventura-excursions.com\/lt\/produktas\/escape-room\/\" \/>\n<meta property=\"og:site_name\" content=\"Aventura Excursions\" \/>\n<meta property=\"article:modified_time\" content=\"2025-02-15T14:06:34+00:00\" \/>\n<meta property=\"og:image\" content=\"https:\/\/aventura-excursions.com\/wp-content\/uploads\/2025\/02\/escape-tenerife-los-cristianos8.jpg\" \/>\n\t<meta property=\"og:image:width\" content=\"754\" \/>\n\t<meta property=\"og:image:height\" content=\"390\" \/>\n\t<meta property=\"og:image:type\" content=\"image\/jpeg\" \/>\n<meta name=\"twitter:card\" content=\"summary_large_image\" \/>\n<meta name=\"twitter:label1\" content=\"Est. reading time\" \/>\n\t<meta name=\"twitter:data1\" content=\"1 minut\u0117\" \/>\n<!-- \/ Yoast SEO plugin. -->","yoast_head_json":{"title":"Escape Room - Aventura Excursions","description":"Experience the thrill with Escape Room in Tenerife, a mystery adventure where you have 60 minutes to solve the case and help Inspector uncover the truth!","robots":{"index":"index","follow":"follow","max-snippet":"max-snippet:-1","max-image-preview":"max-image-preview:large","max-video-preview":"max-video-preview:-1"},"canonical":"https:\/\/aventura-excursions.com\/lt\/produktas\/escape-room\/","og_locale":"lt_LT","og_type":"article","og_title":"Escape Room - Aventura Excursions","og_description":"Experience the thrill with Escape Room in Tenerife, a mystery adventure where you have 60 minutes to solve the case and help Inspector uncover the truth!","og_url":"https:\/\/aventura-excursions.com\/lt\/produktas\/escape-room\/","og_site_name":"Aventura Excursions","article_modified_time":"2025-02-15T14:06:34+00:00","og_image":[{"width":754,"height":390,"url":"https:\/\/aventura-excursions.com\/wp-content\/uploads\/2025\/02\/escape-tenerife-los-cristianos8.jpg","type":"image\/jpeg"}],"twitter_card":"summary_large_image","twitter_misc":{"Est. reading time":"1 minut\u0117"},"schema":{"@context":"https:\/\/schema.org","@graph":[{"@type":"WebPage","@id":"https:\/\/aventura-excursions.com\/product\/escape-room\/","url":"https:\/\/aventura-excursions.com\/product\/escape-room\/","name":"Escape Room - Aventura Excursions","isPartOf":{"@id":"https:\/\/aventura-excursions.com\/#website"},"primaryImageOfPage":{"@id":"https:\/\/aventura-excursions.com\/product\/escape-room\/#primaryimage"},"image":{"@id":"https:\/\/aventura-excursions.com\/product\/escape-room\/#primaryimage"},"thumbnailUrl":"https:\/\/aventura-excursions.com\/wp-content\/uploads\/2025\/02\/escape-tenerife-los-cristianos8.jpg","datePublished":"2025-02-11T13:03:49+00:00","dateModified":"2025-02-15T14:06:34+00:00","description":"Experience the thrill with Escape Room in Tenerife, a mystery adventure where you have 60 minutes to solve the case and help Inspector uncover the truth!","breadcrumb":{"@id":"https:\/\/aventura-excursions.com\/product\/escape-room\/#breadcrumb"},"inLanguage":"lt-LT","potentialAction":[{"@type":"ReadAction","target":["https:\/\/aventura-excursions.com\/product\/escape-room\/"]}]},{"@type":"ImageObject","inLanguage":"lt-LT","@id":"https:\/\/aventura-excursions.com\/product\/escape-room\/#primaryimage","url":"https:\/\/aventura-excursions.com\/wp-content\/uploads\/2025\/02\/escape-tenerife-los-cristianos8.jpg","contentUrl":"https:\/\/aventura-excursions.com\/wp-content\/uploads\/2025\/02\/escape-tenerife-los-cristianos8.jpg","width":754,"height":390,"caption":"escape room, tenerife"},{"@type":"BreadcrumbList","@id":"https:\/\/aventura-excursions.com\/product\/escape-room\/#breadcrumb","itemListElement":[{"@type":"ListItem","position":1,"name":"Tours","item":"https:\/\/aventura-excursions.com\/tours\/"},{"@type":"ListItem","position":2,"name":"Escape Room"}]},{"@type":"WebSite","@id":"https:\/\/aventura-excursions.com\/#website","url":"https:\/\/aventura-excursions.com\/","name":"Aventura Excursions","description":"Aventura Excursions","potentialAction":[{"@type":"SearchAction","target":{"@type":"EntryPoint","urlTemplate":"https:\/\/aventura-excursions.com\/?s={search_term_string}"},"query-input":{"@type":"PropertyValueSpecification","valueRequired":true,"valueName":"search_term_string"}}],"inLanguage":"lt-LT"}]}},"_links":{"self":[{"href":"https:\/\/aventura-excursions.com\/lt\/wp-json\/wp\/v2\/product\/2534","targetHints":{"allow":["GET"]}}],"collection":[{"href":"https:\/\/aventura-excursions.com\/lt\/wp-json\/wp\/v2\/product"}],"about":[{"href":"https:\/\/aventura-excursions.com\/lt\/wp-json\/wp\/v2\/types\/product"}],"wp:featuredmedia":[{"embeddable":true,"href":"https:\/\/aventura-excursions.com\/lt\/wp-json\/wp\/v2\/media\/2535"}],"wp:attachment":[{"href":"https:\/\/aventura-excursions.com\/lt\/wp-json\/wp\/v2\/media?parent=2534"}],"wp:term":[{"taxonomy":"product_brand","embeddable":true,"href":"https:\/\/aventura-excursions.com\/lt\/wp-json\/wp\/v2\/product_brand?post=2534"},{"taxonomy":"product_cat","embeddable":true,"href":"https:\/\/aventura-excursions.com\/lt\/wp-json\/wp\/v2\/product_cat?post=2534"},{"taxonomy":"product_tag","embeddable":true,"href":"https:\/\/aventura-excursions.com\/lt\/wp-json\/wp\/v2\/product_tag?post=2534"}],"curies":[{"name":"wp","href":"https:\/\/api.w.org\/{rel}","templated":true}]}}