{"id":2664,"date":"2025-07-26T14:34:48","date_gmt":"2025-07-26T11:34:48","guid":{"rendered":"https:\/\/aventura-excursions.com\/?post_type=product&#038;p=2664"},"modified":"2025-09-10T16:01:14","modified_gmt":"2025-09-10T13:01:14","slug":"siam-night","status":"publish","type":"product","link":"https:\/\/aventura-excursions.com\/lt\/produktas\/siam-night\/","title":{"rendered":"Siam naktis"},"content":{"rendered":"<h3>Apra\u0161ymas<\/h3>\n<p>\n\u201eSiam Night\u201c atvyko \u012f vien\u0105 geriausi\u0173 vandens park\u0173 pasaulyje - \u201eSiam Park\u201c. Nuo liepos 1 d. iki rugpj\u016b\u010dio 31 d. \u0161is atogr\u0105\u017e\u0173 rojus virsta naktiniu DJ muzikos, lazeri\u0173 spinduli\u0173, ugnies efekt\u0173 ir \u0161okan\u010di\u0173 \u0161vies\u0173 spektakliu. Slidin\u0117kite vingiuotais vamzd\u017eiais, plaukite tingia upe arba ils\u0117kit\u0117s sm\u0117lio papl\u016bdimyje po palm\u0117mis ir \u017evaig\u017ed\u017ei\u0173 \u0161viesoje.<\/p>\n<p>\nSutemus parkas tampa tarsi sapn\u0173 \u0161alimi, kurioje griaud\u0117ja bang\u0173 r\u016bmai, o kiekviena banga pulsuoja energija. Tai vaizd\u0173 ir gars\u0173 simfonija, paliekanti nepamir\u0161tamus prisiminimus.<\/p>\n<h3><\/h3>\n<h3>Lankytinos vietos<\/h3>\n<ul>\n<li>DJ vakar\u0117lis: Gyvi DJ pasirodymai su lazeriais, \u0161viesomis ir r\u016bku vir\u0161 bang\u0173<\/li>\n<li>Ugnies \u0161ou: Stulbinantys ugnies efektai ir \u0161vytintys naktiniai vaizdai<\/li>\n<li>Bang\u0173 r\u016bmai: Plaukiokite bangose po \u017evaig\u017ed\u0117mis<\/li>\n<li>Night Slides &#038; River: Glow-in-the-dark slides and a dreamy lazy river<\/li>\n<li>Bars and Restaurants: All facilities remain open during Siam Night (except the children&#8217;s attractions)<\/li>\n<\/ul>\n<p><h3>Detal\u0117s<\/h3>\n<p>\n<em><strong>Opening hours<\/strong><\/em>: 20:00 \u2013 00:00<\/p>\n<p>\n <strong><em>Vieta<\/em><\/strong>: Las Americas (Tenerif\u0117s pietin\u0117 dalis)<\/p>\n<p>\nJaunesnius nei 16 met\u0173 vaikus \u012f \u201eSiam Night\u201c turi lyd\u0117ti suaugusieji.<\/p>\n<h3>Transporto<\/h3>\n<p>I\u0161 pietin\u0117s salos dalies perve\u017eimas nevykdomas, ta\u010diau tiems, kurie apsistoja salos \u0161iaur\u0117je, si\u016blome mokam\u0105 perve\u017eim\u0105. \u0160is autobusas paima turistus Puerto de la Cruz vie\u0161bu\u010diuose ir nuve\u017ea tiesiai \u012f Siamo park\u0105. Nakt\u012f, nustatyt\u0105 valand\u0105, jis gr\u012f\u0161 \u012f Puerto de la Krus\u0105.<\/p>\n<p>Jei <strong><em><a href=\"https:\/\/aventura-excursions.com\/lt\/produktas\/rent-a-car\/\">i\u0161sinuomoti automobil\u012f<\/a><\/em><\/strong>, galite patys nuvykti \u012f Siamo park\u0105 ir palikti automobil\u012f mokamoje automobili\u0173 stov\u0117jimo aik\u0161tel\u0117je. Nepamir\u0161kite atvykti anks\u010diau, nes Siam parkas yra viena i\u0161 labiausiai lankom\u0173 viet\u0173 Tenerif\u0117je, o automobili\u0173 stov\u0117jimo aik\u0161tel\u0117 b\u016bna pilna per 1-2 valandas nuo atidarymo.<\/p>","protected":false},"excerpt":{"rendered":"<div>\n<p>\u201eSiamo naktis\u201c paver\u010dia Siamo park\u0105 stebuklingu tropiniu vakar\u0117liu su gyva DJ muzika, lazeri\u0173 \u0161viesomis, ugnies efektais, \u0161vie\u010dian\u010diomis vandens \u010diuo\u017eyklomis, bang\u0173 banglent\u0117mis ir atpalaiduojan\u010dia tingia upe - visa tai po \u017evaig\u017ed\u0117tu dangumi. <\/p>\n<p>\n<br \/>\nFirst select one of the options: ticket only or ticket + transfer from Puerto de la Cruz.<br \/>\n<br \/> Tada pasirinkite suaugusi\u0173j\u0173 ir vaik\u0173 (3-11 met\u0173) skai\u010di\u0173. K\u016bdikiams (0-2 met\u0173) \u012f\u0117jimas nemokamas.\n<\/div>","protected":false},"featured_media":2665,"template":"","meta":{"_acf_changed":false},"product_brand":[],"product_cat":[20],"product_tag":[],"class_list":{"0":"post-2664","1":"product","2":"type-product","3":"status-publish","4":"has-post-thumbnail","6":"product_cat-parks","8":"first","9":"instock","10":"shipping-taxable","11":"product-type-grouped"},"acf":[],"yoast_head":"<!-- This site is optimized with the Yoast SEO plugin v25.6 - https:\/\/yoast.com\/wordpress\/plugins\/seo\/ -->\n<title>Siam Night Tenerife \u2013 Night Experience at Siam Park<\/title>\n<meta name=\"description\" content=\"Discover Siam Night in Tenerife: thrilling rides, live shows, and exotic atmosphere at Siam Park after dark. Book your night adventure today!\" \/>\n<meta name=\"robots\" content=\"index, follow, max-snippet:-1, max-image-preview:large, max-video-preview:-1\" \/>\n<link rel=\"canonical\" href=\"https:\/\/aventura-excursions.com\/lt\/produktas\/siam-night\/\" \/>\n<meta property=\"og:locale\" content=\"lt_LT\" \/>\n<meta property=\"og:type\" content=\"article\" \/>\n<meta property=\"og:title\" content=\"Siam Night Tenerife \u2013 Night Experience at Siam Park\" \/>\n<meta property=\"og:description\" content=\"Discover Siam Night in Tenerife: thrilling rides, live shows, and exotic atmosphere at Siam Park after dark. Book your night adventure today!\" \/>\n<meta property=\"og:url\" content=\"https:\/\/aventura-excursions.com\/lt\/produktas\/siam-night\/\" \/>\n<meta property=\"og:site_name\" content=\"Aventura Excursions\" \/>\n<meta property=\"article:modified_time\" content=\"2025-09-10T13:01:14+00:00\" \/>\n<meta property=\"og:image\" content=\"https:\/\/aventura-excursions.com\/wp-content\/uploads\/2025\/07\/SIAM-NIGHT-EN-132a898a.png\" \/>\n\t<meta property=\"og:image:width\" content=\"720\" \/>\n\t<meta property=\"og:image:height\" content=\"720\" \/>\n\t<meta property=\"og:image:type\" content=\"image\/png\" \/>\n<meta name=\"twitter:card\" content=\"summary_large_image\" \/>\n<meta name=\"twitter:label1\" content=\"Est. reading time\" \/>\n\t<meta name=\"twitter:data1\" content=\"2 minut\u0117s\" \/>\n<!-- \/ Yoast SEO plugin. -->","yoast_head_json":{"title":"Siam Night Tenerife \u2013 Night Experience at Siam Park","description":"Discover Siam Night in Tenerife: thrilling rides, live shows, and exotic atmosphere at Siam Park after dark. Book your night adventure today!","robots":{"index":"index","follow":"follow","max-snippet":"max-snippet:-1","max-image-preview":"max-image-preview:large","max-video-preview":"max-video-preview:-1"},"canonical":"https:\/\/aventura-excursions.com\/lt\/produktas\/siam-night\/","og_locale":"lt_LT","og_type":"article","og_title":"Siam Night Tenerife \u2013 Night Experience at Siam Park","og_description":"Discover Siam Night in Tenerife: thrilling rides, live shows, and exotic atmosphere at Siam Park after dark. Book your night adventure today!","og_url":"https:\/\/aventura-excursions.com\/lt\/produktas\/siam-night\/","og_site_name":"Aventura Excursions","article_modified_time":"2025-09-10T13:01:14+00:00","og_image":[{"width":720,"height":720,"url":"https:\/\/aventura-excursions.com\/wp-content\/uploads\/2025\/07\/SIAM-NIGHT-EN-132a898a.png","type":"image\/png"}],"twitter_card":"summary_large_image","twitter_misc":{"Est. reading time":"2 minut\u0117s"},"schema":{"@context":"https:\/\/schema.org","@graph":[{"@type":"WebPage","@id":"https:\/\/aventura-excursions.com\/product\/siam-night\/","url":"https:\/\/aventura-excursions.com\/product\/siam-night\/","name":"Siam Night Tenerife \u2013 Night Experience at Siam Park","isPartOf":{"@id":"https:\/\/aventura-excursions.com\/#website"},"primaryImageOfPage":{"@id":"https:\/\/aventura-excursions.com\/product\/siam-night\/#primaryimage"},"image":{"@id":"https:\/\/aventura-excursions.com\/product\/siam-night\/#primaryimage"},"thumbnailUrl":"https:\/\/aventura-excursions.com\/wp-content\/uploads\/2025\/07\/SIAM-NIGHT-EN-132a898a.png","datePublished":"2025-07-26T11:34:48+00:00","dateModified":"2025-09-10T13:01:14+00:00","description":"Discover Siam Night in Tenerife: thrilling rides, live shows, and exotic atmosphere at Siam Park after dark. Book your night adventure today!","breadcrumb":{"@id":"https:\/\/aventura-excursions.com\/product\/siam-night\/#breadcrumb"},"inLanguage":"lt-LT","potentialAction":[{"@type":"ReadAction","target":["https:\/\/aventura-excursions.com\/product\/siam-night\/"]}]},{"@type":"ImageObject","inLanguage":"lt-LT","@id":"https:\/\/aventura-excursions.com\/product\/siam-night\/#primaryimage","url":"https:\/\/aventura-excursions.com\/wp-content\/uploads\/2025\/07\/SIAM-NIGHT-EN-132a898a.png","contentUrl":"https:\/\/aventura-excursions.com\/wp-content\/uploads\/2025\/07\/SIAM-NIGHT-EN-132a898a.png","width":720,"height":720,"caption":"Siam Night in Tenerife"},{"@type":"BreadcrumbList","@id":"https:\/\/aventura-excursions.com\/product\/siam-night\/#breadcrumb","itemListElement":[{"@type":"ListItem","position":1,"name":"Tours","item":"https:\/\/aventura-excursions.com\/tours\/"},{"@type":"ListItem","position":2,"name":"Siam Night"}]},{"@type":"WebSite","@id":"https:\/\/aventura-excursions.com\/#website","url":"https:\/\/aventura-excursions.com\/","name":"Aventura Excursions","description":"Aventura Excursions","potentialAction":[{"@type":"SearchAction","target":{"@type":"EntryPoint","urlTemplate":"https:\/\/aventura-excursions.com\/?s={search_term_string}"},"query-input":{"@type":"PropertyValueSpecification","valueRequired":true,"valueName":"search_term_string"}}],"inLanguage":"lt-LT"}]}},"_links":{"self":[{"href":"https:\/\/aventura-excursions.com\/lt\/wp-json\/wp\/v2\/product\/2664","targetHints":{"allow":["GET"]}}],"collection":[{"href":"https:\/\/aventura-excursions.com\/lt\/wp-json\/wp\/v2\/product"}],"about":[{"href":"https:\/\/aventura-excursions.com\/lt\/wp-json\/wp\/v2\/types\/product"}],"wp:featuredmedia":[{"embeddable":true,"href":"https:\/\/aventura-excursions.com\/lt\/wp-json\/wp\/v2\/media\/2665"}],"wp:attachment":[{"href":"https:\/\/aventura-excursions.com\/lt\/wp-json\/wp\/v2\/media?parent=2664"}],"wp:term":[{"taxonomy":"product_brand","embeddable":true,"href":"https:\/\/aventura-excursions.com\/lt\/wp-json\/wp\/v2\/product_brand?post=2664"},{"taxonomy":"product_cat","embeddable":true,"href":"https:\/\/aventura-excursions.com\/lt\/wp-json\/wp\/v2\/product_cat?post=2664"},{"taxonomy":"product_tag","embeddable":true,"href":"https:\/\/aventura-excursions.com\/lt\/wp-json\/wp\/v2\/product_tag?post=2664"}],"curies":[{"name":"wp","href":"https:\/\/api.w.org\/{rel}","templated":true}]}}