{"id":447,"date":"2024-02-26T18:22:24","date_gmt":"2024-02-26T15:22:24","guid":{"rendered":"https:\/\/aventura-excursions.com\/?post_type=product&#038;p=447"},"modified":"2024-05-29T18:39:31","modified_gmt":"2024-05-29T15:39:31","slug":"rent-a-car","status":"publish","type":"product","link":"https:\/\/aventura-excursions.com\/lt\/produktas\/rent-a-car\/","title":{"rendered":"Automobilio nuoma"},"content":{"rendered":"<h3>Automobili\u0173 grup\u0117s<\/h3>\n<p>\nU\u017esisakydami automobil\u012f pasirenkate grup\u0119, kurioje yra keli modeliai. Negalime garantuoti tikslaus modelio. Jei pageidaujate konkretaus modelio, para\u0161ykite j\u012f komentaruose, ir mes pasistengsime atsi\u017evelgti \u012f j\u016bs\u0173 pageidavimus. Visas automobili\u0173 s\u0105ra\u0161as, skliausteliuose nurodant viet\u0173 skai\u010di\u0173:<\/p>\n<p><strong>Grup\u0117 A<\/strong> Fiat Panda (5)<\/p>\n<p><strong>Grup\u0117 B<\/strong> Seat Ibiza (5), Opel Corsa (5)<\/p>\n<p><strong>Grup\u0117 C<\/strong> VW Polo (5), Citroen C3 (5), Fiat 500 Hybrido (4), Smart\/Skoda Fabia (4)<\/p>\n<p><strong>Grup\u0117 D<\/strong> Smart cabrio (4), Fiat 500 cabrio (4), Seat Ibiza Familiar (5)<\/p>\n<p><strong>Grup\u0117 E<\/strong> Seat Ibiza automatic (5), Skoda Fabia automatic (5), Skoda Scala (5)<\/p>\n<p><strong>Grup\u0117 E1<\/strong> VW Caddy (5)<\/p>\n<p><strong>Grup\u0117 F<\/strong> VW Beetle cabrio (4), VW Caddy automatic (7), VW Caddy (7)<\/p>\n<p><strong>Grup\u0117 G<\/strong> VW Transporter (9)<\/p>\n<p><h3>K\u0105 reikia \u017einoti<\/h3>\n<p>Visi m\u016bs\u0173 parko automobiliai apdrausti vis\u0173 rizik\u0173 draudimu. Jums nereikia palikti jokio u\u017estato.<\/p>\n<p>Sutartu laiku pristatysime automobil\u012f \u012f vie\u0161but\u012f ir pasira\u0161ysime sutart\u012f. Tur\u0117site parodyti savo asmens tapatyb\u0117s kortel\u0119 ir B kategorijos vairuotojo pa\u017eym\u0117jim\u0105. Paskutin\u0119 automobilio nuomos dien\u0105 raktel\u012f paliksite vie\u0161bu\u010dio registrat\u016broje.<\/p>\n<p>Paprastai pradedama ryte. Paskutin\u0119 dien\u0105 rakt\u0105 registrat\u016broje reikia palikti iki 8:00 val. ryto (net jei pirm\u0105j\u0105 dien\u0105 automobil\u012f pasi\u0117m\u0117te po piet\u0173).<\/p>\n<p>Visuose automobiliuose yra oro kondicionieriai ir radijas.<\/p>\n<p>Pirm\u0105j\u0105 dien\u0105 sutartyje \u012fra\u0161ysime, kiek degal\u0173 yra automobilyje. Prie\u0161 gr\u0105\u017eindami automobil\u012f, tur\u0117site \u012fpilti tiek pat degal\u0173, kad j\u0173 b\u016bt\u0173 tiek pat.<\/p>\n<p><h3>Priedai:<\/h3>\n<p>Jei \u012f savo automobil\u012f nor\u0117tum\u0117te \u012ftraukti kuri\u0105 nors i\u0161 papildom\u0173 funkcij\u0173, prane\u0161kite mums apie tai komentaruose u\u017esakymo metu.<\/p>\n<p>Jei norite i\u0161sinuomoti automobil\u012f oro <strong>uoste,<\/strong> additional fee is to be paid: 15 euros if it&#8217;s the Southern Airport, 25 euros if it&#8217;s the Northern Airport.<\/p>\n<p>Galite i\u0161sinuomoti <strong>GPS <\/strong>u\u017e 5 eurus per dien\u0105, palikdami 70 eur\u0173 u\u017estat\u0105, kuris bus gr\u0105\u017eintas, kai gr\u0105\u017einsite automobil\u012f.<\/p>\n<p>Jei j\u016bs\u0173 vaikai \u017eemesni nei 135 cm, pagal Ispanijos \u012fstatymus automobilyje privalote <strong>tur\u0117ti vaiki\u0161kas k\u0117dutes ir (arba) paauk\u0161tinimo k\u0117dutes.<\/strong> Prane\u0161kite mums, jei jums reikia \u0161ios galimyb\u0117s, ir nurodykite, kokio \u016bgio yra j\u016bs\u0173 vaikai.<\/p>\n<p>Jei planuojate kelis to paties automobilio vairuotojus, pasirinkite papildomo <strong>autista supplementare<\/strong>: 3 eurai u\u017e kiekvien\u0105 papildom\u0105 vairuotoj\u0105.<\/p>\n<p>","protected":false},"excerpt":{"rendered":"<div>\n<p>Pasirinkite automobili\u0173 grup\u0119 ir dien\u0173 skai\u010di\u0173\n<\/p><\/div>","protected":false},"featured_media":548,"template":"","meta":{"_acf_changed":false},"product_brand":[],"product_cat":[23],"product_tag":[113,112,111,114],"class_list":{"0":"post-447","1":"product","2":"type-product","3":"status-publish","4":"has-post-thumbnail","6":"product_cat-rentals","7":"product_tag-all-risk-insurance-car-tenerife","8":"product_tag-rent-a-cabrio-tenerife","9":"product_tag-rent-a-car-tenerife","10":"product_tag-rent-an-automatic-car-tenerife","12":"first","13":"instock","14":"shipping-taxable","15":"purchasable","16":"product-type-simple"},"acf":[],"yoast_head":"<!-- This site is optimized with the Yoast SEO plugin v25.6 - https:\/\/yoast.com\/wordpress\/plugins\/seo\/ -->\n<title>Rent a car in Tenerife - Aventura Excursions - Book Online for Best Deals and Choices!<\/title>\n<meta name=\"description\" content=\"Rent a car in Tenerife with full insurance and no deposit. Check reviews and prices. Choose from various models and enjoy delivery to your hotel or airport.\" \/>\n<meta name=\"robots\" content=\"index, follow, max-snippet:-1, max-image-preview:large, max-video-preview:-1\" \/>\n<link rel=\"canonical\" href=\"https:\/\/aventura-excursions.com\/lt\/produktas\/rent-a-car\/\" \/>\n<meta property=\"og:locale\" content=\"lt_LT\" \/>\n<meta property=\"og:type\" content=\"article\" \/>\n<meta property=\"og:title\" content=\"Rent a car in Tenerife - Aventura Excursions - Book Online for Best Deals and Choices!\" \/>\n<meta property=\"og:description\" content=\"Rent a car in Tenerife with full insurance and no deposit. Check reviews and prices. Choose from various models and enjoy delivery to your hotel or airport.\" \/>\n<meta property=\"og:url\" content=\"https:\/\/aventura-excursions.com\/lt\/produktas\/rent-a-car\/\" \/>\n<meta property=\"og:site_name\" content=\"Aventura Excursions\" \/>\n<meta property=\"article:modified_time\" content=\"2024-05-29T15:39:31+00:00\" \/>\n<meta property=\"og:image\" content=\"https:\/\/aventura-excursions.com\/wp-content\/uploads\/2024\/03\/car.jpg\" \/>\n\t<meta property=\"og:image:width\" content=\"500\" \/>\n\t<meta property=\"og:image:height\" content=\"760\" \/>\n\t<meta property=\"og:image:type\" content=\"image\/jpeg\" \/>\n<meta name=\"twitter:card\" content=\"summary_large_image\" \/>\n<meta name=\"twitter:label1\" content=\"Est. reading time\" \/>\n\t<meta name=\"twitter:data1\" content=\"3 minut\u0117s\" \/>\n<!-- \/ Yoast SEO plugin. -->","yoast_head_json":{"title":"Rent a car in Tenerife - Aventura Excursions - Book Online for Best Deals and Choices!","description":"Rent a car in Tenerife with full insurance and no deposit. Check reviews and prices. Choose from various models and enjoy delivery to your hotel or airport.","robots":{"index":"index","follow":"follow","max-snippet":"max-snippet:-1","max-image-preview":"max-image-preview:large","max-video-preview":"max-video-preview:-1"},"canonical":"https:\/\/aventura-excursions.com\/lt\/produktas\/rent-a-car\/","og_locale":"lt_LT","og_type":"article","og_title":"Rent a car in Tenerife - Aventura Excursions - Book Online for Best Deals and Choices!","og_description":"Rent a car in Tenerife with full insurance and no deposit. Check reviews and prices. Choose from various models and enjoy delivery to your hotel or airport.","og_url":"https:\/\/aventura-excursions.com\/lt\/produktas\/rent-a-car\/","og_site_name":"Aventura Excursions","article_modified_time":"2024-05-29T15:39:31+00:00","og_image":[{"width":500,"height":760,"url":"https:\/\/aventura-excursions.com\/wp-content\/uploads\/2024\/03\/car.jpg","type":"image\/jpeg"}],"twitter_card":"summary_large_image","twitter_misc":{"Est. reading time":"3 minut\u0117s"},"schema":{"@context":"https:\/\/schema.org","@graph":[{"@type":"WebPage","@id":"https:\/\/aventura-excursions.com\/product\/rent-a-car\/","url":"https:\/\/aventura-excursions.com\/product\/rent-a-car\/","name":"Rent a car in Tenerife - Aventura Excursions - Book Online for Best Deals and Choices!","isPartOf":{"@id":"https:\/\/aventura-excursions.com\/#website"},"primaryImageOfPage":{"@id":"https:\/\/aventura-excursions.com\/product\/rent-a-car\/#primaryimage"},"image":{"@id":"https:\/\/aventura-excursions.com\/product\/rent-a-car\/#primaryimage"},"thumbnailUrl":"https:\/\/aventura-excursions.com\/wp-content\/uploads\/2024\/03\/car.jpg","datePublished":"2024-02-26T15:22:24+00:00","dateModified":"2024-05-29T15:39:31+00:00","description":"Rent a car in Tenerife with full insurance and no deposit. Check reviews and prices. Choose from various models and enjoy delivery to your hotel or airport.","breadcrumb":{"@id":"https:\/\/aventura-excursions.com\/product\/rent-a-car\/#breadcrumb"},"inLanguage":"lt-LT","potentialAction":[{"@type":"ReadAction","target":["https:\/\/aventura-excursions.com\/product\/rent-a-car\/"]}]},{"@type":"ImageObject","inLanguage":"lt-LT","@id":"https:\/\/aventura-excursions.com\/product\/rent-a-car\/#primaryimage","url":"https:\/\/aventura-excursions.com\/wp-content\/uploads\/2024\/03\/car.jpg","contentUrl":"https:\/\/aventura-excursions.com\/wp-content\/uploads\/2024\/03\/car.jpg","width":500,"height":760},{"@type":"BreadcrumbList","@id":"https:\/\/aventura-excursions.com\/product\/rent-a-car\/#breadcrumb","itemListElement":[{"@type":"ListItem","position":1,"name":"Tours","item":"https:\/\/aventura-excursions.com\/tours\/"},{"@type":"ListItem","position":2,"name":"Rent a car"}]},{"@type":"WebSite","@id":"https:\/\/aventura-excursions.com\/#website","url":"https:\/\/aventura-excursions.com\/","name":"Aventura Excursions","description":"Aventura Excursions","potentialAction":[{"@type":"SearchAction","target":{"@type":"EntryPoint","urlTemplate":"https:\/\/aventura-excursions.com\/?s={search_term_string}"},"query-input":{"@type":"PropertyValueSpecification","valueRequired":true,"valueName":"search_term_string"}}],"inLanguage":"lt-LT"}]}},"_links":{"self":[{"href":"https:\/\/aventura-excursions.com\/lt\/wp-json\/wp\/v2\/product\/447","targetHints":{"allow":["GET"]}}],"collection":[{"href":"https:\/\/aventura-excursions.com\/lt\/wp-json\/wp\/v2\/product"}],"about":[{"href":"https:\/\/aventura-excursions.com\/lt\/wp-json\/wp\/v2\/types\/product"}],"wp:featuredmedia":[{"embeddable":true,"href":"https:\/\/aventura-excursions.com\/lt\/wp-json\/wp\/v2\/media\/548"}],"wp:attachment":[{"href":"https:\/\/aventura-excursions.com\/lt\/wp-json\/wp\/v2\/media?parent=447"}],"wp:term":[{"taxonomy":"product_brand","embeddable":true,"href":"https:\/\/aventura-excursions.com\/lt\/wp-json\/wp\/v2\/product_brand?post=447"},{"taxonomy":"product_cat","embeddable":true,"href":"https:\/\/aventura-excursions.com\/lt\/wp-json\/wp\/v2\/product_cat?post=447"},{"taxonomy":"product_tag","embeddable":true,"href":"https:\/\/aventura-excursions.com\/lt\/wp-json\/wp\/v2\/product_tag?post=447"}],"curies":[{"name":"wp","href":"https:\/\/api.w.org\/{rel}","templated":true}]}}