{"id":481,"date":"2024-03-04T12:47:16","date_gmt":"2024-03-04T09:47:16","guid":{"rendered":"https:\/\/aventura-excursions.com\/?post_type=product&#038;p=481"},"modified":"2024-05-29T18:41:45","modified_gmt":"2024-05-29T15:41:45","slug":"rent-a-scooter","status":"publish","type":"product","link":"https:\/\/aventura-excursions.com\/lt\/produktas\/rent-a-scooter\/","title":{"rendered":"Skuterio nuoma"},"content":{"rendered":"<h3>Detal\u0117s<\/h3>\n<p>Motoroleriai pristatomi \u012f j\u016bs\u0173 vie\u0161but\u012f Tenerif\u0117s pietuose. Turite parodyti asmens tapatyb\u0117s dokument\u0105 ir vairuotojo pa\u017eym\u0117jim\u0105, sumok\u0117ti 150 eur\u0173 u\u017estat\u0105, kuris bus gr\u0105\u017eintas, kai gr\u0105\u017einsite motoroler\u012f.<\/p>\n<p>Gausite 1 arba 2 apvadus ir spyn\u0105.<\/p>\n<p>Jei turite B kategorijos vairuotojo pa\u017eym\u0117jim\u0105, jis turi b\u016bti bent trej\u0173 met\u0173 senumo.<\/p>","protected":false},"excerpt":{"rendered":"<div>\nPasirinkite motorolerio tip\u0105 ir trukm\u0119\n<\/div>","protected":false},"featured_media":550,"template":"","meta":{"_acf_changed":false},"product_brand":[],"product_cat":[23],"product_tag":[119,120,121],"class_list":{"0":"post-481","1":"product","2":"type-product","3":"status-publish","4":"has-post-thumbnail","6":"product_cat-rentals","7":"product_tag-rent-a-scooter-tenerife","8":"product_tag-scooter-for-rent-tenerife","9":"product_tag-scooter-rental-tenerife","11":"first","12":"instock","13":"shipping-taxable","14":"purchasable","15":"product-type-simple"},"acf":[],"yoast_head":"<!-- This site is optimized with the Yoast SEO plugin v25.6 - https:\/\/yoast.com\/wordpress\/plugins\/seo\/ -->\n<title>Rent a scooter in Tenerife - Aventura Excursions - Book Online for Best Rates<\/title>\n<meta name=\"description\" content=\"Rent a scooter in Tenerife with delivery to your hotel. Check reviews, prices, and ratings. Includes helmet, lock, and insurance. Easy booking online\" \/>\n<meta name=\"robots\" content=\"index, follow, max-snippet:-1, max-image-preview:large, max-video-preview:-1\" \/>\n<link rel=\"canonical\" href=\"https:\/\/aventura-excursions.com\/lt\/produktas\/rent-a-scooter\/\" \/>\n<meta property=\"og:locale\" content=\"lt_LT\" \/>\n<meta property=\"og:type\" content=\"article\" \/>\n<meta property=\"og:title\" content=\"Rent a scooter in Tenerife - Aventura Excursions - Book Online for Best Rates\" \/>\n<meta property=\"og:description\" content=\"Rent a scooter in Tenerife with delivery to your hotel. Check reviews, prices, and ratings. Includes helmet, lock, and insurance. Easy booking online\" \/>\n<meta property=\"og:url\" content=\"https:\/\/aventura-excursions.com\/lt\/produktas\/rent-a-scooter\/\" \/>\n<meta property=\"og:site_name\" content=\"Aventura Excursions\" \/>\n<meta property=\"article:modified_time\" content=\"2024-05-29T15:41:45+00:00\" \/>\n<meta property=\"og:image\" content=\"https:\/\/aventura-excursions.com\/wp-content\/uploads\/2024\/03\/scooters.jpg\" \/>\n\t<meta property=\"og:image:width\" content=\"500\" \/>\n\t<meta property=\"og:image:height\" content=\"760\" \/>\n\t<meta property=\"og:image:type\" content=\"image\/jpeg\" \/>\n<meta name=\"twitter:card\" content=\"summary_large_image\" \/>\n<meta name=\"twitter:label1\" content=\"Est. reading time\" \/>\n\t<meta name=\"twitter:data1\" content=\"1 minut\u0117\" \/>\n<!-- \/ Yoast SEO plugin. -->","yoast_head_json":{"title":"Rent a scooter in Tenerife - Aventura Excursions - Book Online for Best Rates","description":"Rent a scooter in Tenerife with delivery to your hotel. Check reviews, prices, and ratings. Includes helmet, lock, and insurance. Easy booking online","robots":{"index":"index","follow":"follow","max-snippet":"max-snippet:-1","max-image-preview":"max-image-preview:large","max-video-preview":"max-video-preview:-1"},"canonical":"https:\/\/aventura-excursions.com\/lt\/produktas\/rent-a-scooter\/","og_locale":"lt_LT","og_type":"article","og_title":"Rent a scooter in Tenerife - Aventura Excursions - Book Online for Best Rates","og_description":"Rent a scooter in Tenerife with delivery to your hotel. Check reviews, prices, and ratings. Includes helmet, lock, and insurance. Easy booking online","og_url":"https:\/\/aventura-excursions.com\/lt\/produktas\/rent-a-scooter\/","og_site_name":"Aventura Excursions","article_modified_time":"2024-05-29T15:41:45+00:00","og_image":[{"width":500,"height":760,"url":"https:\/\/aventura-excursions.com\/wp-content\/uploads\/2024\/03\/scooters.jpg","type":"image\/jpeg"}],"twitter_card":"summary_large_image","twitter_misc":{"Est. reading time":"1 minut\u0117"},"schema":{"@context":"https:\/\/schema.org","@graph":[{"@type":"WebPage","@id":"https:\/\/aventura-excursions.com\/product\/rent-a-scooter\/","url":"https:\/\/aventura-excursions.com\/product\/rent-a-scooter\/","name":"Rent a scooter in Tenerife - Aventura Excursions - Book Online for Best Rates","isPartOf":{"@id":"https:\/\/aventura-excursions.com\/#website"},"primaryImageOfPage":{"@id":"https:\/\/aventura-excursions.com\/product\/rent-a-scooter\/#primaryimage"},"image":{"@id":"https:\/\/aventura-excursions.com\/product\/rent-a-scooter\/#primaryimage"},"thumbnailUrl":"https:\/\/aventura-excursions.com\/wp-content\/uploads\/2024\/03\/scooters.jpg","datePublished":"2024-03-04T09:47:16+00:00","dateModified":"2024-05-29T15:41:45+00:00","description":"Rent a scooter in Tenerife with delivery to your hotel. Check reviews, prices, and ratings. Includes helmet, lock, and insurance. Easy booking online","breadcrumb":{"@id":"https:\/\/aventura-excursions.com\/product\/rent-a-scooter\/#breadcrumb"},"inLanguage":"lt-LT","potentialAction":[{"@type":"ReadAction","target":["https:\/\/aventura-excursions.com\/product\/rent-a-scooter\/"]}]},{"@type":"ImageObject","inLanguage":"lt-LT","@id":"https:\/\/aventura-excursions.com\/product\/rent-a-scooter\/#primaryimage","url":"https:\/\/aventura-excursions.com\/wp-content\/uploads\/2024\/03\/scooters.jpg","contentUrl":"https:\/\/aventura-excursions.com\/wp-content\/uploads\/2024\/03\/scooters.jpg","width":500,"height":760},{"@type":"BreadcrumbList","@id":"https:\/\/aventura-excursions.com\/product\/rent-a-scooter\/#breadcrumb","itemListElement":[{"@type":"ListItem","position":1,"name":"Tours","item":"https:\/\/aventura-excursions.com\/tours\/"},{"@type":"ListItem","position":2,"name":"Rent a scooter"}]},{"@type":"WebSite","@id":"https:\/\/aventura-excursions.com\/#website","url":"https:\/\/aventura-excursions.com\/","name":"Aventura Excursions","description":"Aventura Excursions","potentialAction":[{"@type":"SearchAction","target":{"@type":"EntryPoint","urlTemplate":"https:\/\/aventura-excursions.com\/?s={search_term_string}"},"query-input":{"@type":"PropertyValueSpecification","valueRequired":true,"valueName":"search_term_string"}}],"inLanguage":"lt-LT"}]}},"_links":{"self":[{"href":"https:\/\/aventura-excursions.com\/lt\/wp-json\/wp\/v2\/product\/481","targetHints":{"allow":["GET"]}}],"collection":[{"href":"https:\/\/aventura-excursions.com\/lt\/wp-json\/wp\/v2\/product"}],"about":[{"href":"https:\/\/aventura-excursions.com\/lt\/wp-json\/wp\/v2\/types\/product"}],"wp:featuredmedia":[{"embeddable":true,"href":"https:\/\/aventura-excursions.com\/lt\/wp-json\/wp\/v2\/media\/550"}],"wp:attachment":[{"href":"https:\/\/aventura-excursions.com\/lt\/wp-json\/wp\/v2\/media?parent=481"}],"wp:term":[{"taxonomy":"product_brand","embeddable":true,"href":"https:\/\/aventura-excursions.com\/lt\/wp-json\/wp\/v2\/product_brand?post=481"},{"taxonomy":"product_cat","embeddable":true,"href":"https:\/\/aventura-excursions.com\/lt\/wp-json\/wp\/v2\/product_cat?post=481"},{"taxonomy":"product_tag","embeddable":true,"href":"https:\/\/aventura-excursions.com\/lt\/wp-json\/wp\/v2\/product_tag?post=481"}],"curies":[{"name":"wp","href":"https:\/\/api.w.org\/{rel}","templated":true}]}}