{"id":525,"date":"2024-03-08T18:17:14","date_gmt":"2024-03-08T15:17:14","guid":{"rendered":"https:\/\/aventura-excursions.com\/?post_type=product&#038;p=525"},"modified":"2025-10-19T00:18:34","modified_gmt":"2025-10-18T21:18:34","slug":"santa-cruz-la-laguna-anaga","status":"publish","type":"product","link":"https:\/\/aventura-excursions.com\/lt\/produktas\/santa-cruz-la-laguna-anaga\/","title":{"rendered":"Santa Cruz \u2013 La Laguna \u2013 Anaga"},"content":{"rendered":"<h3>Apra\u0161ymas<\/h3>\n<p>\nAtraskite Tenerif\u0117s moderni\u0105j\u0105 ir istorin\u0119 sostines, senovinius mi\u0161kus ir tradicinius Kanar\u0173 miestelius per vien\u0105 dien\u0105! Ekskursij\u0105 prad\u0117sime nuo apsilankymo Santa Kruze, Tenerif\u0117s sostin\u0117je ir svarbiame Kanar\u0173 sal\u0173 uoste. Jo architekt\u016broje dera ir modernus stilius, ir senosios kolonijin\u0117s tradicijos. Pagrindinis miesto simbolis - Auditorio operos teatras, esantis prie j\u016bros.<\/p>\n<p> Kita m\u016bs\u0173 kelion\u0117s stotel\u0117 - senoji Tenerif\u0117s sostin\u0117 San Crist\u00f3bal de La Laguna. \u010cia atrasite keli\u0173 \u0161imtme\u010di\u0173 senumo kolonijinio stiliaus architekt\u016bros gro\u017e\u012f. 1999 m. istorin\u0117 miesto dalis buvo paskelbta UNESCO pasaulio paveldo objektu. <\/p>\n<p> Galiausiai \u012fva\u017eiuosime \u012f Anagos laur\u0173 mi\u0161k\u0105 - vien\u0105 i\u0161 vertingiausi\u0173 tretinio periodo lobi\u0173 visoje Europoje. D\u0117l didel\u0117s endemini\u0173 r\u016b\u0161i\u0173 \u012fvairov\u0117s 2015 m. UNESCO \u0161i\u0105 vietov\u0119 paskelb\u0117 biosferos rezervatu.<\/p>\n<h3><\/h3>\n<h3>Lankytinos vietos<\/h3>\n<ul>\n<li>Santa Cruz, \u0161iuolaikin\u0117 sostin\u0117<\/li>\n<li>La Laguna, istorin\u0117 sostin\u0117<\/li>\n<li>Anaga, laur\u0173 mi\u0161kas<\/li>\n<li>Taganana, \u017evej\u0173 kaimas<\/li>\n<\/ul>\n<p>\n                                              <\/p>\n<h3>Detal\u0117s<\/h3>\n<p>\n<strong><em>Transportas:<\/em><\/strong> apie 08:30 <\/p>\n<p>\n<strong><em>Trukm\u0117:<\/em><\/strong> 9 valandos <\/p>\n<p>\n<strong><em>\u012etrauktas:<\/em><\/strong><\/p>\n<ul>\n<li>paimti i\u0161 piet\u0173 nuo Los Cristianos iki Los Gigantes ir i\u0161 \u0161iaur\u0117s nuo Puerto de la Cruz ir Santa Cruz de Tenerife.<\/li>\n<li>profesionalus gidas<\/li>\n<\/ul>\n<p>\n<strong><em>Ne\u012ftrauktas:<\/em><\/strong> piet\u016bs (bus sustojimas tradiciniame restorane). <\/p>\n<p><p>\n<br \/>\n<strong><em>Atkreipkite d\u0117mes\u012f:<\/em><\/strong> \u0161iame puslapyje pateiktas tvarkara\u0161tis taikomas tik ekskursijoms angl\u0173 ir ispan\u0173 kalbomis.<\/p>\n<p>\nD\u0117l ekskursij\u0173 kitomis kalbomis arba jei pageidaujate pasiimti i\u0161 vietov\u0117s, kuri nenurodyta s\u0105ra\u0161e, maloniai pra\u0161ome susisiekti su mumis el. pa\u0161tu <a href=\"mailto:info@aventura-excursions.com\" target=\"ask__mail\">info@aventura-excursions.com<\/a> arba telefonu <a href=\"tel: 34647676812\" target=\"_blank\">+34 647 67 68 12<\/a>. M\u016bs\u0173 komanda mielai jums pad\u0117s.<\/p>","protected":false},"excerpt":{"rendered":"<div>\n<p>Aplankykite Santa Cruz miest\u0105, Tenerif\u0117s sostin\u0119, kurioje istoriniai pastatai dera su modernaus miesto \u0161urmuliu. Tada atraskite San Crist\u00f3bal de La Laguna senamiest\u012f - \u017eavi\u0105 viet\u0105 su gr\u012fstomis gatvel\u0117mis ir spalvingais kolonijiniais pastatais. Galiausiai aplankykite Tagananos gamtos rezervat\u0105 su tradiciniais Kanar\u0173 kaimais ir senoviniu laur\u0173 mi\u0161ku.<\/p>\n<p>\nPirmiausia pasirinkite suaugusi\u0173j\u0173, vaik\u0173 (2-11 met\u0173) ir k\u016bdiki\u0173 (0-1 met\u0173) skai\u010di\u0173, tada pasirinkite kelion\u0117s dat\u0105.\n<\/div>","protected":false},"featured_media":537,"template":"","meta":{"_acf_changed":false},"product_brand":[],"product_cat":[19],"product_tag":[],"class_list":{"0":"post-525","1":"product","2":"type-product","3":"status-publish","4":"has-post-thumbnail","6":"product_cat-bus-excursions","8":"first","9":"instock","10":"shipping-taxable","11":"product-type-grouped"},"acf":[],"yoast_head":"<!-- This site is optimized with the Yoast SEO plugin v25.6 - https:\/\/yoast.com\/wordpress\/plugins\/seo\/ -->\n<title>Visit Santa Cruz \u2013 La Laguna \u2013 Anaga Tour - Aventura Excursions - Book Now!<\/title>\n<meta name=\"description\" content=\"Explore Santa Cruz, La Laguna, and Taganana in one day! Check reviews and prices. Discover Tenerife\u2019s capitals, laurel forests, and charming villages.\" \/>\n<meta name=\"robots\" content=\"index, follow, max-snippet:-1, max-image-preview:large, max-video-preview:-1\" \/>\n<link rel=\"canonical\" href=\"https:\/\/aventura-excursions.com\/lt\/produktas\/santa-cruz-la-laguna-anaga\/\" \/>\n<meta property=\"og:locale\" content=\"lt_LT\" \/>\n<meta property=\"og:type\" content=\"article\" \/>\n<meta property=\"og:title\" content=\"Visit Santa Cruz \u2013 La Laguna \u2013 Anaga Tour - Aventura Excursions - Book Now!\" \/>\n<meta property=\"og:description\" content=\"Explore Santa Cruz, La Laguna, and Taganana in one day! Check reviews and prices. Discover Tenerife\u2019s capitals, laurel forests, and charming villages.\" \/>\n<meta property=\"og:url\" content=\"https:\/\/aventura-excursions.com\/lt\/produktas\/santa-cruz-la-laguna-anaga\/\" \/>\n<meta property=\"og:site_name\" content=\"Aventura Excursions\" \/>\n<meta property=\"article:modified_time\" content=\"2025-10-18T21:18:34+00:00\" \/>\n<meta property=\"og:image\" content=\"https:\/\/aventura-excursions.com\/wp-content\/uploads\/2024\/03\/At_Palmetum_de_Santa_Cruz_de_Tenerife_2022_028.jpg\" \/>\n\t<meta property=\"og:image:width\" content=\"960\" \/>\n\t<meta property=\"og:image:height\" content=\"640\" \/>\n\t<meta property=\"og:image:type\" content=\"image\/jpeg\" \/>\n<meta name=\"twitter:card\" content=\"summary_large_image\" \/>\n<meta name=\"twitter:label1\" content=\"Est. reading time\" \/>\n\t<meta name=\"twitter:data1\" content=\"2 minut\u0117s\" \/>\n<!-- \/ Yoast SEO plugin. -->","yoast_head_json":{"title":"Visit Santa Cruz \u2013 La Laguna \u2013 Anaga Tour - Aventura Excursions - Book Now!","description":"Explore Santa Cruz, La Laguna, and Taganana in one day! Check reviews and prices. Discover Tenerife\u2019s capitals, laurel forests, and charming villages.","robots":{"index":"index","follow":"follow","max-snippet":"max-snippet:-1","max-image-preview":"max-image-preview:large","max-video-preview":"max-video-preview:-1"},"canonical":"https:\/\/aventura-excursions.com\/lt\/produktas\/santa-cruz-la-laguna-anaga\/","og_locale":"lt_LT","og_type":"article","og_title":"Visit Santa Cruz \u2013 La Laguna \u2013 Anaga Tour - Aventura Excursions - Book Now!","og_description":"Explore Santa Cruz, La Laguna, and Taganana in one day! Check reviews and prices. Discover Tenerife\u2019s capitals, laurel forests, and charming villages.","og_url":"https:\/\/aventura-excursions.com\/lt\/produktas\/santa-cruz-la-laguna-anaga\/","og_site_name":"Aventura Excursions","article_modified_time":"2025-10-18T21:18:34+00:00","og_image":[{"width":960,"height":640,"url":"https:\/\/aventura-excursions.com\/wp-content\/uploads\/2024\/03\/At_Palmetum_de_Santa_Cruz_de_Tenerife_2022_028.jpg","type":"image\/jpeg"}],"twitter_card":"summary_large_image","twitter_misc":{"Est. reading time":"2 minut\u0117s"},"schema":{"@context":"https:\/\/schema.org","@graph":[{"@type":"WebPage","@id":"https:\/\/aventura-excursions.com\/product\/santa-cruz-la-laguna-anaga\/","url":"https:\/\/aventura-excursions.com\/product\/santa-cruz-la-laguna-anaga\/","name":"Visit Santa Cruz \u2013 La Laguna \u2013 Anaga Tour - Aventura Excursions - Book Now!","isPartOf":{"@id":"https:\/\/aventura-excursions.com\/#website"},"primaryImageOfPage":{"@id":"https:\/\/aventura-excursions.com\/product\/santa-cruz-la-laguna-anaga\/#primaryimage"},"image":{"@id":"https:\/\/aventura-excursions.com\/product\/santa-cruz-la-laguna-anaga\/#primaryimage"},"thumbnailUrl":"https:\/\/aventura-excursions.com\/wp-content\/uploads\/2024\/03\/At_Palmetum_de_Santa_Cruz_de_Tenerife_2022_028.jpg","datePublished":"2024-03-08T15:17:14+00:00","dateModified":"2025-10-18T21:18:34+00:00","description":"Explore Santa Cruz, La Laguna, and Taganana in one day! Check reviews and prices. Discover Tenerife\u2019s capitals, laurel forests, and charming villages.","breadcrumb":{"@id":"https:\/\/aventura-excursions.com\/product\/santa-cruz-la-laguna-anaga\/#breadcrumb"},"inLanguage":"lt-LT","potentialAction":[{"@type":"ReadAction","target":["https:\/\/aventura-excursions.com\/product\/santa-cruz-la-laguna-anaga\/"]}]},{"@type":"ImageObject","inLanguage":"lt-LT","@id":"https:\/\/aventura-excursions.com\/product\/santa-cruz-la-laguna-anaga\/#primaryimage","url":"https:\/\/aventura-excursions.com\/wp-content\/uploads\/2024\/03\/At_Palmetum_de_Santa_Cruz_de_Tenerife_2022_028.jpg","contentUrl":"https:\/\/aventura-excursions.com\/wp-content\/uploads\/2024\/03\/At_Palmetum_de_Santa_Cruz_de_Tenerife_2022_028.jpg","width":960,"height":640},{"@type":"BreadcrumbList","@id":"https:\/\/aventura-excursions.com\/product\/santa-cruz-la-laguna-anaga\/#breadcrumb","itemListElement":[{"@type":"ListItem","position":1,"name":"Tours","item":"https:\/\/aventura-excursions.com\/tours\/"},{"@type":"ListItem","position":2,"name":"Santa Cruz \u2013 La Laguna \u2013 Anaga"}]},{"@type":"WebSite","@id":"https:\/\/aventura-excursions.com\/#website","url":"https:\/\/aventura-excursions.com\/","name":"Aventura Excursions","description":"Aventura Excursions","potentialAction":[{"@type":"SearchAction","target":{"@type":"EntryPoint","urlTemplate":"https:\/\/aventura-excursions.com\/?s={search_term_string}"},"query-input":{"@type":"PropertyValueSpecification","valueRequired":true,"valueName":"search_term_string"}}],"inLanguage":"lt-LT"}]}},"_links":{"self":[{"href":"https:\/\/aventura-excursions.com\/lt\/wp-json\/wp\/v2\/product\/525","targetHints":{"allow":["GET"]}}],"collection":[{"href":"https:\/\/aventura-excursions.com\/lt\/wp-json\/wp\/v2\/product"}],"about":[{"href":"https:\/\/aventura-excursions.com\/lt\/wp-json\/wp\/v2\/types\/product"}],"wp:featuredmedia":[{"embeddable":true,"href":"https:\/\/aventura-excursions.com\/lt\/wp-json\/wp\/v2\/media\/537"}],"wp:attachment":[{"href":"https:\/\/aventura-excursions.com\/lt\/wp-json\/wp\/v2\/media?parent=525"}],"wp:term":[{"taxonomy":"product_brand","embeddable":true,"href":"https:\/\/aventura-excursions.com\/lt\/wp-json\/wp\/v2\/product_brand?post=525"},{"taxonomy":"product_cat","embeddable":true,"href":"https:\/\/aventura-excursions.com\/lt\/wp-json\/wp\/v2\/product_cat?post=525"},{"taxonomy":"product_tag","embeddable":true,"href":"https:\/\/aventura-excursions.com\/lt\/wp-json\/wp\/v2\/product_tag?post=525"}],"curies":[{"name":"wp","href":"https:\/\/api.w.org\/{rel}","templated":true}]}}