{"id":588,"date":"2024-03-16T19:41:09","date_gmt":"2024-03-16T16:41:09","guid":{"rendered":"https:\/\/aventura-excursions.com\/?post_type=product&#038;p=588"},"modified":"2026-02-12T03:34:05","modified_gmt":"2026-02-12T00:34:05","slug":"la-palma","status":"publish","type":"product","link":"https:\/\/aventura-excursions.com\/lt\/produktas\/la-palma\/","title":{"rendered":"La Palma"},"content":{"rendered":"<h3>Apra\u0161ymas<\/h3>\n<p>Spectacular excursion to discover the greenest island of the Canaries and the lava flows that appeared by the volcanoes&#8217; eruptions in 2021.<\/p>\n<p>\nA 2.5-hour trip on a ferry boat brings us to the capital of La Palma, where we enjoy traditional Canarian architecture with its gracious wooden balconies and learn the history of the Columbus trip to America that started from La Palma. You will see El Barco de la Virgen, a reproduction of the Columbus&#8217; ship Santa Maria.<\/p>\n<p>\nAfter the visit to the capital, we head to the inner part of the island to explore volcanoes. The unpredictable force of nature drastically changed the island&#8217;s landscape and there you can witness it with your own eyes. <\/p>\n<p>\nPaskutin\u0117 m\u016bs\u0173 stotel\u0117 \u2013 Tajuya, Tazacorte ir Concepci\u00f3n ap\u017evalgos aik\u0161tel\u0117s, kur dar kart\u0105 galima saugiai steb\u0117ti ugnikalnius, tada vykstame \u012f uost\u0105 ir kupin\u0105 \u012fsp\u016bd\u017ei\u0173 dien\u0105 u\u017ebaigiame gr\u012f\u017eimu \u012f Tenerif\u0119.<\/p>\n<h3><\/h3>\n<h3>Lankytinos vietos<\/h3>\n<ul>\n<li>Santa Cruz de La Palma: Kolumbas<\/li>\n<li>Naujagimiai ugnikalniai ir lavos srautai<\/li>\n<li>Caldera de Taburiente nacionalinis parkas<\/li>\n<\/ul>\n<p>\n<\/p>\n<h3>Detal\u0117s<\/h3>\n<p>\n<strong>Su savimi \u012f kelt\u0105 privalote tur\u0117ti asmens tapatyb\u0117s dokument\u0105!!!<\/strong><\/p>\n<p>\n<strong><em>Transportas:<\/em><\/strong> apie 07:30<\/p>\n<p>\n<strong><em>Trukm\u0117:<\/em><\/strong> 12 valand\u0173<\/p>\n<p>\n<strong><em>\u012etrauktas:<\/em><\/strong><\/p>\n<ul>\n<li>kelto bilietas (2,5 val.)<\/li>\n<li>profesionalus gidas<\/li>\n<\/ul>\n<p>\n<strong><em>Ne\u012ftrauktas:<\/em><\/strong> <\/p>\n<ul>\n<li>pa\u0117mimas i\u0161 vie\u0161bu\u010dio<\/li>\n<\/ul>\n<\/ul>\n<p>\n<br \/>\n<strong><em>Atkreipkite d\u0117mes\u012f:<\/em><\/strong> \u0161iame puslapyje pateiktas tvarkara\u0161tis taikomas tik ekskursijoms angl\u0173, vokie\u010di\u0173 ir ispan\u0173 kalbomis.<\/p>\n<p>\nD\u0117l ekskursij\u0173 kitomis kalbomis susisiekite su mumis el. pa\u0161tu <a href=\"mailto:info@aventura-excursions.com\" target=\"ask__mail\">info@aventura-excursions.com<\/a> arba telefonu <a href=\"tel: 34647676812\" target=\"_blank\">+34 647 67 68 12<\/a>. M\u016bs\u0173 komanda mielai jums pad\u0117s.<\/p>","protected":false},"excerpt":{"rendered":"<div>\nSala, kuri stebina savo kra\u0161tovaizd\u017eio kontrastu: nuo \u017ealiausi\u0173 senovini\u0173 mi\u0161k\u0173 iki senov\u0117je sukurt\u0173 lavos sraut\u0173 Caldera de Taburiente nacionaliniame parke ir pastarojo meto ugnikalnio aktyvumo 2021 m. Taip pat yra viena i\u0161 Kolumbo i\u0161vykimo viet\u0173. kelioni\u0173 \u012f Amerik\u0105, La Palma turi ne tik gamtos vertybi\u0173, bet ir istorini\u0173.<\/p>\n<p>\n<br \/>\nPirmiausia pasirinkite suaugusi\u0173j\u0173, vaik\u0173 (4\u201311 met\u0173) ir k\u016bdiki\u0173 (0\u20133 met\u0173) skai\u010di\u0173, o tada \u2013 kelion\u0117s dat\u0105.\n<\/div>","protected":false},"featured_media":592,"template":"","meta":{"_acf_changed":false},"product_brand":[],"product_cat":[19],"product_tag":[],"class_list":{"0":"post-588","1":"product","2":"type-product","3":"status-publish","4":"has-post-thumbnail","6":"product_cat-bus-excursions","8":"first","9":"instock","10":"shipping-taxable","11":"product-type-grouped"},"acf":[],"yoast_head":"<!-- This site is optimized with the Yoast SEO plugin v25.6 - https:\/\/yoast.com\/wordpress\/plugins\/seo\/ -->\n<title>Explore La Palma from Tenerife - Aventura Excursions | Book Your Adventure Today!<\/title>\n<meta name=\"description\" content=\"Discover La Palma&#039;s landscapes and history on a ferry boat from Tenerife! Check reviews, prices, and ratings. Book now for an unforgettable journey!\" \/>\n<meta name=\"robots\" content=\"index, follow, max-snippet:-1, max-image-preview:large, max-video-preview:-1\" \/>\n<link rel=\"canonical\" href=\"https:\/\/aventura-excursions.com\/lt\/produktas\/la-palma\/\" \/>\n<meta property=\"og:locale\" content=\"lt_LT\" \/>\n<meta property=\"og:type\" content=\"article\" \/>\n<meta property=\"og:title\" content=\"Explore La Palma from Tenerife - Aventura Excursions | Book Your Adventure Today!\" \/>\n<meta property=\"og:description\" content=\"Discover La Palma&#039;s landscapes and history on a ferry boat from Tenerife! Check reviews, prices, and ratings. Book now for an unforgettable journey!\" \/>\n<meta property=\"og:url\" content=\"https:\/\/aventura-excursions.com\/lt\/produktas\/la-palma\/\" \/>\n<meta property=\"og:site_name\" content=\"Aventura Excursions\" \/>\n<meta property=\"article:modified_time\" content=\"2026-02-12T00:34:05+00:00\" \/>\n<meta property=\"og:image\" content=\"https:\/\/aventura-excursions.com\/wp-content\/uploads\/2024\/03\/HH_La_Palma_shutterstock_2125025831.png\" \/>\n\t<meta property=\"og:image:width\" content=\"1200\" \/>\n\t<meta property=\"og:image:height\" content=\"816\" \/>\n\t<meta property=\"og:image:type\" content=\"image\/png\" \/>\n<meta name=\"twitter:card\" content=\"summary_large_image\" \/>\n<meta name=\"twitter:label1\" content=\"Est. reading time\" \/>\n\t<meta name=\"twitter:data1\" content=\"2 minut\u0117s\" \/>\n<!-- \/ Yoast SEO plugin. -->","yoast_head_json":{"title":"Explore La Palma from Tenerife - Aventura Excursions | Book Your Adventure Today!","description":"Discover La Palma's landscapes and history on a ferry boat from Tenerife! Check reviews, prices, and ratings. Book now for an unforgettable journey!","robots":{"index":"index","follow":"follow","max-snippet":"max-snippet:-1","max-image-preview":"max-image-preview:large","max-video-preview":"max-video-preview:-1"},"canonical":"https:\/\/aventura-excursions.com\/lt\/produktas\/la-palma\/","og_locale":"lt_LT","og_type":"article","og_title":"Explore La Palma from Tenerife - Aventura Excursions | Book Your Adventure Today!","og_description":"Discover La Palma's landscapes and history on a ferry boat from Tenerife! Check reviews, prices, and ratings. Book now for an unforgettable journey!","og_url":"https:\/\/aventura-excursions.com\/lt\/produktas\/la-palma\/","og_site_name":"Aventura Excursions","article_modified_time":"2026-02-12T00:34:05+00:00","og_image":[{"width":1200,"height":816,"url":"https:\/\/aventura-excursions.com\/wp-content\/uploads\/2024\/03\/HH_La_Palma_shutterstock_2125025831.png","type":"image\/png"}],"twitter_card":"summary_large_image","twitter_misc":{"Est. reading time":"2 minut\u0117s"},"schema":{"@context":"https:\/\/schema.org","@graph":[{"@type":"WebPage","@id":"https:\/\/aventura-excursions.com\/product\/la-palma\/","url":"https:\/\/aventura-excursions.com\/product\/la-palma\/","name":"Explore La Palma from Tenerife - Aventura Excursions | Book Your Adventure Today!","isPartOf":{"@id":"https:\/\/aventura-excursions.com\/#website"},"primaryImageOfPage":{"@id":"https:\/\/aventura-excursions.com\/product\/la-palma\/#primaryimage"},"image":{"@id":"https:\/\/aventura-excursions.com\/product\/la-palma\/#primaryimage"},"thumbnailUrl":"https:\/\/aventura-excursions.com\/wp-content\/uploads\/2024\/03\/HH_La_Palma_shutterstock_2125025831.png","datePublished":"2024-03-16T16:41:09+00:00","dateModified":"2026-02-12T00:34:05+00:00","description":"Discover La Palma's landscapes and history on a ferry boat from Tenerife! Check reviews, prices, and ratings. Book now for an unforgettable journey!","breadcrumb":{"@id":"https:\/\/aventura-excursions.com\/product\/la-palma\/#breadcrumb"},"inLanguage":"lt-LT","potentialAction":[{"@type":"ReadAction","target":["https:\/\/aventura-excursions.com\/product\/la-palma\/"]}]},{"@type":"ImageObject","inLanguage":"lt-LT","@id":"https:\/\/aventura-excursions.com\/product\/la-palma\/#primaryimage","url":"https:\/\/aventura-excursions.com\/wp-content\/uploads\/2024\/03\/HH_La_Palma_shutterstock_2125025831.png","contentUrl":"https:\/\/aventura-excursions.com\/wp-content\/uploads\/2024\/03\/HH_La_Palma_shutterstock_2125025831.png","width":1200,"height":816},{"@type":"BreadcrumbList","@id":"https:\/\/aventura-excursions.com\/product\/la-palma\/#breadcrumb","itemListElement":[{"@type":"ListItem","position":1,"name":"Tours","item":"https:\/\/aventura-excursions.com\/tours\/"},{"@type":"ListItem","position":2,"name":"La Palma"}]},{"@type":"WebSite","@id":"https:\/\/aventura-excursions.com\/#website","url":"https:\/\/aventura-excursions.com\/","name":"Aventura Excursions","description":"Aventura Excursions","potentialAction":[{"@type":"SearchAction","target":{"@type":"EntryPoint","urlTemplate":"https:\/\/aventura-excursions.com\/?s={search_term_string}"},"query-input":{"@type":"PropertyValueSpecification","valueRequired":true,"valueName":"search_term_string"}}],"inLanguage":"lt-LT"}]}},"_links":{"self":[{"href":"https:\/\/aventura-excursions.com\/lt\/wp-json\/wp\/v2\/product\/588","targetHints":{"allow":["GET"]}}],"collection":[{"href":"https:\/\/aventura-excursions.com\/lt\/wp-json\/wp\/v2\/product"}],"about":[{"href":"https:\/\/aventura-excursions.com\/lt\/wp-json\/wp\/v2\/types\/product"}],"wp:featuredmedia":[{"embeddable":true,"href":"https:\/\/aventura-excursions.com\/lt\/wp-json\/wp\/v2\/media\/592"}],"wp:attachment":[{"href":"https:\/\/aventura-excursions.com\/lt\/wp-json\/wp\/v2\/media?parent=588"}],"wp:term":[{"taxonomy":"product_brand","embeddable":true,"href":"https:\/\/aventura-excursions.com\/lt\/wp-json\/wp\/v2\/product_brand?post=588"},{"taxonomy":"product_cat","embeddable":true,"href":"https:\/\/aventura-excursions.com\/lt\/wp-json\/wp\/v2\/product_cat?post=588"},{"taxonomy":"product_tag","embeddable":true,"href":"https:\/\/aventura-excursions.com\/lt\/wp-json\/wp\/v2\/product_tag?post=588"}],"curies":[{"name":"wp","href":"https:\/\/api.w.org\/{rel}","templated":true}]}}