{"id":599,"date":"2024-03-18T16:24:07","date_gmt":"2024-03-18T13:24:07","guid":{"rendered":"https:\/\/aventura-excursions.com\/?post_type=product&#038;p=599"},"modified":"2024-05-29T14:27:44","modified_gmt":"2024-05-29T11:27:44","slug":"siam-park","status":"publish","type":"product","link":"https:\/\/aventura-excursions.com\/lt\/produktas\/siam-park\/","title":{"rendered":"Siam Park"},"content":{"rendered":"<h3>Apra\u0161ymas<\/h3>\n<p>\nSiam Park, named the best water park in the world by TripAdvisor users, is a place full of different fun activities to do. Crazy slides, the world&#8217;s largest artificial wave, a water castle for children, and a lazy river, are all surrounded by exotic vegetation and Thai-stylised architecture.<\/p>\n<p>\nParke veikia \u012fvair\u016bs barai ir restoranai, kuriuose galite atsigaivinti ir pasiruo\u0161ti kitiems nuotykiams.<\/p>\n<h3><\/h3>\n<h3>Lankytinos vietos<\/h3>\n<ul>\n<li>Tower of Power: 28 metr\u0173 ilgio vertikalus nusileidimo kalnelis, besibaigiantis tuneliu, vedan\u010diu per rykli\u0173 basein\u0105.<\/li>\n<li>White sand beach by the pool with the world&#8217;s biggest artificial waves<\/li>\n<li>Koko papl\u016bdimys su vaik\u0173 baseinu ir ma\u017eomis dirbtin\u0117mis bangomis; Ding\u0119s miestas su vandens atrakcionais vaikams<\/li>\n<li>15 \u012fdomi\u0173 skaidri\u0173<\/li>\n<li>Mai Thai tinginio up\u0117 atsipalaidavimui<\/li>\n<\/ul>\n<p><h3>Detal\u0117s<\/h3>\n<p>\n<em><strong>Vasaros darbo laikas<\/strong><\/em>: 10:00 \u2013 18:00<\/p>\n<p>\n<strong><em>\u017diemos darbo laikas<\/em><\/strong>: 10:00 &#8211; 17:00<\/p>\n<p>\n<br \/>\n <strong><em>Vieta<\/em><\/strong>: Las Americas (Tenerif\u0117s pietin\u0117 dalis)<\/p>\n<p><h3>Transporto<\/h3>\n<p>\u012e pietus va\u017eiuoja nemokamas autobusas. Stoteles ir tvarkara\u0161t\u012f atsi\u0173sime kartu su u\u017esakymo patvirtinimu.<\/p>\n<p>Apsistojusiems \u0161iaurin\u0117je salos dalyje si\u016blome mokam\u0105 perve\u017eim\u0105 (19,50 EUR). \u0160is autobusas paima turistus i\u0161 Puerto de la Cruz vie\u0161bu\u010di\u0173 ir ve\u017ea tiesiai \u012f Siamo park\u0105. Jis gr\u012f\u0161 \u012f Puerto de la Cruz paskirtu laiku po piet\u0173.<\/p>\n<p>Jei <strong><em><a href=\"https:\/\/aventura-excursions.com\/lt\/produktas\/rent-a-car\/\">i\u0161sinuomoti automobil\u012f<\/a><\/em><\/strong>, galite patys nuvykti \u012f Siamo park\u0105 ir palikti automobil\u012f mokamoje automobili\u0173 stov\u0117jimo aik\u0161tel\u0117je. Nepamir\u0161kite atvykti anks\u010diau, nes Siam parkas yra viena i\u0161 labiausiai lankom\u0173 viet\u0173 Tenerif\u0117je, o automobili\u0173 stov\u0117jimo aik\u0161tel\u0117 b\u016bna pilna per 1-2 valandas nuo atidarymo.<\/p>\n<h3>Twin Ticket: du parkai su nuolaida<\/h3>\n<p>\nNorite aplankyti ir Siamo, ir <strong><em><a href=\"https:\/\/aventura-excursions.com\/lt\/produktas\/loro-park\/\">Loro Park,<\/a><\/em><\/strong> labiausiai lankom\u0105 gyv\u016bn\u0173 park\u0105 Tenerif\u0117je? \u012esigykite dvigub\u0105 biliet\u0105 ir aplankykite abu parkus su nuolaida!\nDaugiau informacijos rasite \u010dia: Dvigubas bilietas<br \/>\n<br \/>Daugiau informacijos rasite \u010dia: <strong><em><a href=\"https:\/\/aventura-excursions.com\/lt\/produktas\/twin-ticket\/\">Twin ticket<\/a><\/em><\/strong><\/p>","protected":false},"excerpt":{"rendered":"<div>\n<p>Apsilankykite garsiajame Europos vandens parke su \u012fdomiais vandens kalneliais, nuostabiais baseinais ir papl\u016bdimiais, puikiai tinkan\u010diais ir suaugusiesiems, ir vaikams. <\/p>\n<p>\n<br \/>\nFirst select one of the options: ticket only or ticket + transfer from Puerto de la Cruz.<br \/>\n<br \/> Tada pasirinkite suaugusi\u0173j\u0173 ir vaik\u0173 (3-11 met\u0173) skai\u010di\u0173. K\u016bdikiams (0-2 met\u0173) \u012f\u0117jimas nemokamas.\n<\/div>","protected":false},"featured_media":607,"template":"","meta":{"_acf_changed":false},"product_brand":[],"product_cat":[20],"product_tag":[],"class_list":{"0":"post-599","1":"product","2":"type-product","3":"status-publish","4":"has-post-thumbnail","6":"product_cat-parks","8":"first","9":"instock","10":"shipping-taxable","11":"product-type-grouped"},"acf":[],"yoast_head":"<!-- This site is optimized with the Yoast SEO plugin v25.6 - https:\/\/yoast.com\/wordpress\/plugins\/seo\/ -->\n<title>Visit Siam Park in Tenerife - Aventura Excursions \u2013 Best Water Park in Europe! Book now<\/title>\n<meta name=\"description\" content=\"Enjoy thrilling water slides, a lazy river, and the world\u2019s largest artificial wave in Siam Park. Check reviews, prices, and ratings. Perfect for families!\" \/>\n<meta name=\"robots\" content=\"index, follow, max-snippet:-1, max-image-preview:large, max-video-preview:-1\" \/>\n<link rel=\"canonical\" href=\"https:\/\/aventura-excursions.com\/lt\/produktas\/siam-park\/\" \/>\n<meta property=\"og:locale\" content=\"lt_LT\" \/>\n<meta property=\"og:type\" content=\"article\" \/>\n<meta property=\"og:title\" content=\"Visit Siam Park in Tenerife - Aventura Excursions \u2013 Best Water Park in Europe! Book now\" \/>\n<meta property=\"og:description\" content=\"Enjoy thrilling water slides, a lazy river, and the world\u2019s largest artificial wave in Siam Park. Check reviews, prices, and ratings. Perfect for families!\" \/>\n<meta property=\"og:url\" content=\"https:\/\/aventura-excursions.com\/lt\/produktas\/siam-park\/\" \/>\n<meta property=\"og:site_name\" content=\"Aventura Excursions\" \/>\n<meta property=\"article:modified_time\" content=\"2024-05-29T11:27:44+00:00\" \/>\n<meta property=\"og:image\" content=\"https:\/\/aventura-excursions.com\/wp-content\/uploads\/2024\/03\/daysout_siampark_1_900x450-e1710773199258.jpg\" \/>\n\t<meta property=\"og:image:width\" content=\"472\" \/>\n\t<meta property=\"og:image:height\" content=\"240\" \/>\n\t<meta property=\"og:image:type\" content=\"image\/jpeg\" \/>\n<meta name=\"twitter:card\" content=\"summary_large_image\" \/>\n<meta name=\"twitter:label1\" content=\"Est. reading time\" \/>\n\t<meta name=\"twitter:data1\" content=\"2 minut\u0117s\" \/>\n<!-- \/ Yoast SEO plugin. -->","yoast_head_json":{"title":"Visit Siam Park in Tenerife - Aventura Excursions \u2013 Best Water Park in Europe! Book now","description":"Enjoy thrilling water slides, a lazy river, and the world\u2019s largest artificial wave in Siam Park. Check reviews, prices, and ratings. Perfect for families!","robots":{"index":"index","follow":"follow","max-snippet":"max-snippet:-1","max-image-preview":"max-image-preview:large","max-video-preview":"max-video-preview:-1"},"canonical":"https:\/\/aventura-excursions.com\/lt\/produktas\/siam-park\/","og_locale":"lt_LT","og_type":"article","og_title":"Visit Siam Park in Tenerife - Aventura Excursions \u2013 Best Water Park in Europe! Book now","og_description":"Enjoy thrilling water slides, a lazy river, and the world\u2019s largest artificial wave in Siam Park. Check reviews, prices, and ratings. Perfect for families!","og_url":"https:\/\/aventura-excursions.com\/lt\/produktas\/siam-park\/","og_site_name":"Aventura Excursions","article_modified_time":"2024-05-29T11:27:44+00:00","og_image":[{"width":472,"height":240,"url":"https:\/\/aventura-excursions.com\/wp-content\/uploads\/2024\/03\/daysout_siampark_1_900x450-e1710773199258.jpg","type":"image\/jpeg"}],"twitter_card":"summary_large_image","twitter_misc":{"Est. reading time":"2 minut\u0117s"},"schema":{"@context":"https:\/\/schema.org","@graph":[{"@type":"WebPage","@id":"https:\/\/aventura-excursions.com\/product\/siam-park\/","url":"https:\/\/aventura-excursions.com\/product\/siam-park\/","name":"Visit Siam Park in Tenerife - Aventura Excursions \u2013 Best Water Park in Europe! Book now","isPartOf":{"@id":"https:\/\/aventura-excursions.com\/#website"},"primaryImageOfPage":{"@id":"https:\/\/aventura-excursions.com\/product\/siam-park\/#primaryimage"},"image":{"@id":"https:\/\/aventura-excursions.com\/product\/siam-park\/#primaryimage"},"thumbnailUrl":"https:\/\/aventura-excursions.com\/wp-content\/uploads\/2024\/03\/daysout_siampark_1_900x450-e1710773199258.jpg","datePublished":"2024-03-18T13:24:07+00:00","dateModified":"2024-05-29T11:27:44+00:00","description":"Enjoy thrilling water slides, a lazy river, and the world\u2019s largest artificial wave in Siam Park. Check reviews, prices, and ratings. Perfect for families!","breadcrumb":{"@id":"https:\/\/aventura-excursions.com\/product\/siam-park\/#breadcrumb"},"inLanguage":"lt-LT","potentialAction":[{"@type":"ReadAction","target":["https:\/\/aventura-excursions.com\/product\/siam-park\/"]}]},{"@type":"ImageObject","inLanguage":"lt-LT","@id":"https:\/\/aventura-excursions.com\/product\/siam-park\/#primaryimage","url":"https:\/\/aventura-excursions.com\/wp-content\/uploads\/2024\/03\/daysout_siampark_1_900x450-e1710773199258.jpg","contentUrl":"https:\/\/aventura-excursions.com\/wp-content\/uploads\/2024\/03\/daysout_siampark_1_900x450-e1710773199258.jpg","width":472,"height":240},{"@type":"BreadcrumbList","@id":"https:\/\/aventura-excursions.com\/product\/siam-park\/#breadcrumb","itemListElement":[{"@type":"ListItem","position":1,"name":"Tours","item":"https:\/\/aventura-excursions.com\/tours\/"},{"@type":"ListItem","position":2,"name":"Siam Park"}]},{"@type":"WebSite","@id":"https:\/\/aventura-excursions.com\/#website","url":"https:\/\/aventura-excursions.com\/","name":"Aventura Excursions","description":"Aventura Excursions","potentialAction":[{"@type":"SearchAction","target":{"@type":"EntryPoint","urlTemplate":"https:\/\/aventura-excursions.com\/?s={search_term_string}"},"query-input":{"@type":"PropertyValueSpecification","valueRequired":true,"valueName":"search_term_string"}}],"inLanguage":"lt-LT"}]}},"_links":{"self":[{"href":"https:\/\/aventura-excursions.com\/lt\/wp-json\/wp\/v2\/product\/599","targetHints":{"allow":["GET"]}}],"collection":[{"href":"https:\/\/aventura-excursions.com\/lt\/wp-json\/wp\/v2\/product"}],"about":[{"href":"https:\/\/aventura-excursions.com\/lt\/wp-json\/wp\/v2\/types\/product"}],"wp:featuredmedia":[{"embeddable":true,"href":"https:\/\/aventura-excursions.com\/lt\/wp-json\/wp\/v2\/media\/607"}],"wp:attachment":[{"href":"https:\/\/aventura-excursions.com\/lt\/wp-json\/wp\/v2\/media?parent=599"}],"wp:term":[{"taxonomy":"product_brand","embeddable":true,"href":"https:\/\/aventura-excursions.com\/lt\/wp-json\/wp\/v2\/product_brand?post=599"},{"taxonomy":"product_cat","embeddable":true,"href":"https:\/\/aventura-excursions.com\/lt\/wp-json\/wp\/v2\/product_cat?post=599"},{"taxonomy":"product_tag","embeddable":true,"href":"https:\/\/aventura-excursions.com\/lt\/wp-json\/wp\/v2\/product_tag?post=599"}],"curies":[{"name":"wp","href":"https:\/\/api.w.org\/{rel}","templated":true}]}}