{"id":613,"date":"2024-03-18T19:50:56","date_gmt":"2024-03-18T16:50:56","guid":{"rendered":"https:\/\/aventura-excursions.com\/?post_type=product&#038;p=613"},"modified":"2025-06-14T01:39:14","modified_gmt":"2025-06-13T22:39:14","slug":"teide-by-night","status":"publish","type":"product","link":"https:\/\/aventura-excursions.com\/lt\/produktas\/teide-by-night\/","title":{"rendered":"Teid\u0117 nakt\u012f"},"content":{"rendered":"<h3>Apra\u0161ymas<\/h3>\n<p>\nNustebsite, kaip skirtingai Teid\u0117s pasaulis atrodo po nakties skraiste. Galite susijungti su gamta beveik priart\u0117j\u0119 prie \u017evaig\u017ed\u017ei\u0173 ir apsupti kosmini\u0173 dangaus vaizd\u0173. Profesionalus astronomas per teleskop\u0105 parodys jums \u017evaig\u017edynus ir papasakos apie j\u0173 reik\u0161m\u0119 bei istorij\u0105. <\/p>\n<p>\nM\u016bs\u0173 kelion\u0117 prasideda pietuose, o paskui keliaujame \u012f Tenerif\u0117s \u0161ird\u012f, prie did\u017eiojo Teid\u0117s ugnikalnio. Ten gal\u0117site pasim\u0117gauti nuostabiu saul\u0117lyd\u017eiu su taure vyno ir pasigro\u017e\u0117ti Atlanto vandenyno vaizdais. Aplankysime Teid\u0117s nacionalin\u012f park\u0105, o tada, vadovaujami profesionalaus gido, per teleskop\u0105 daug su\u017einosime apie \u017evaig\u017edes, kosmos\u0105 ir Visat\u0105.<\/p>\n<p><\/p>\n<h3>Lankytinos vietos<\/h3>\n<ul>\n<li>Teid\u0117s Nacionalinis Parkas<\/li>\n<li>Profesionalus astronomas<\/li>\n<li>Galingi teleskopai<\/li>\n<li>Stulbinantis saul\u0117lydis<\/li>\n<\/ul>\n<p>\n<\/p>\n<h3>Detal\u0117s<\/h3>\n<p>\n<strong><em>Transportas:<\/em><\/strong> 15:00-16:00 <\/p>\n<p>\n<strong><em>Trukm\u0117:<\/em><\/strong> 9 valandos <\/p>\n<p>\n<strong><em>\u012etrauktas:<\/em><\/strong><\/p>\n<ul>\n<li>paimti i\u0161 piet\u0173 nuo El Medano iki Los Gigantes ir i\u0161 \u0161iaur\u0117s nuo Puerto de la Cruz<\/li>\n<li>antklod\u0117s ir kar\u0161ti g\u0117rimai<\/li>\n<li>teleskopai<\/li>\n<li>profesionalus astronomas<\/li>\n<\/ul>\n<p><p>\n<br \/>\n<strong><em>Atkreipkite d\u0117mes\u012f:<\/em><\/strong> \u0161iame puslapyje pateiktas tvarkara\u0161tis taikomas tik ekskursijoms angl\u0173, vokie\u010di\u0173 ir ispan\u0173 kalbomis.<\/p>\n<p>\nD\u0117l ekskursij\u0173 kitomis kalbomis susisiekite su mumis el. pa\u0161tu <a href=\"mailto:info@aventura-excursions.com\" target=\"ask__mail\">info@aventura-excursions.com<\/a> arba telefonu <a href=\"tel: 34647676812\" target=\"_blank\">+34 647 67 68 12<\/a>. M\u016bs\u0173 komanda mielai jums pad\u0117s.<\/p>","protected":false},"excerpt":{"rendered":"<div>\nPatirkite nepamir\u0161tam\u0105 kelion\u0119 \u012f Tenerif\u0117s \u0161ird\u012f, Teid\u0117s ugnikaln\u012f nakt\u012f, steb\u0117kite \u017evaig\u017edes pro teleskopus ir gro\u017e\u0117kit\u0117s didingais Atlanto vandenyno vaizdais spalvingose saul\u0117lyd\u017eio \u0161viesose su profesionaliu gidu \u0161alia.<\/p>\n<p>\n<br \/>\nPirmiausia pasirinkite suaugusi\u0173j\u0173, vaik\u0173 (8\u201313 met\u0173), o tada \u2013 kelion\u0117s dat\u0105.\n<\/div>","protected":false},"featured_media":614,"template":"","meta":{"_acf_changed":false},"product_brand":[],"product_cat":[19],"product_tag":[],"class_list":{"0":"post-613","1":"product","2":"type-product","3":"status-publish","4":"has-post-thumbnail","6":"product_cat-bus-excursions","8":"first","9":"instock","10":"shipping-taxable","11":"product-type-grouped"},"acf":[],"yoast_head":"<!-- This site is optimized with the Yoast SEO plugin v25.6 - https:\/\/yoast.com\/wordpress\/plugins\/seo\/ -->\n<title>Teide by Night Tours in Tenerife - Aventura Excursions - Book Your Stargazing Adventure!<\/title>\n<meta name=\"description\" content=\"Experience Teide by Night tours in Tenerife. Check reviews and prices. Enjoy stargazing with telescopes and breathtaking sunsets over the Atlantic.\" \/>\n<meta name=\"robots\" content=\"index, follow, max-snippet:-1, max-image-preview:large, max-video-preview:-1\" \/>\n<link rel=\"canonical\" href=\"https:\/\/aventura-excursions.com\/lt\/produktas\/teide-by-night\/\" \/>\n<meta property=\"og:locale\" content=\"lt_LT\" \/>\n<meta property=\"og:type\" content=\"article\" \/>\n<meta property=\"og:title\" content=\"Teide by Night Tours in Tenerife - Aventura Excursions - Book Your Stargazing Adventure!\" \/>\n<meta property=\"og:description\" content=\"Experience Teide by Night tours in Tenerife. Check reviews and prices. Enjoy stargazing with telescopes and breathtaking sunsets over the Atlantic.\" \/>\n<meta property=\"og:url\" content=\"https:\/\/aventura-excursions.com\/lt\/produktas\/teide-by-night\/\" \/>\n<meta property=\"og:site_name\" content=\"Aventura Excursions\" \/>\n<meta property=\"article:modified_time\" content=\"2025-06-13T22:39:14+00:00\" \/>\n<meta property=\"og:image\" content=\"https:\/\/aventura-excursions.com\/wp-content\/uploads\/2024\/03\/photo_2024-03-18_14-35-08-e1710781294954.jpg\" \/>\n\t<meta property=\"og:image:width\" content=\"748\" \/>\n\t<meta property=\"og:image:height\" content=\"701\" \/>\n\t<meta property=\"og:image:type\" content=\"image\/jpeg\" \/>\n<meta name=\"twitter:card\" content=\"summary_large_image\" \/>\n<meta name=\"twitter:label1\" content=\"Est. reading time\" \/>\n\t<meta name=\"twitter:data1\" content=\"2 minut\u0117s\" \/>\n<!-- \/ Yoast SEO plugin. -->","yoast_head_json":{"title":"Teide by Night Tours in Tenerife - Aventura Excursions - Book Your Stargazing Adventure!","description":"Experience Teide by Night tours in Tenerife. Check reviews and prices. Enjoy stargazing with telescopes and breathtaking sunsets over the Atlantic.","robots":{"index":"index","follow":"follow","max-snippet":"max-snippet:-1","max-image-preview":"max-image-preview:large","max-video-preview":"max-video-preview:-1"},"canonical":"https:\/\/aventura-excursions.com\/lt\/produktas\/teide-by-night\/","og_locale":"lt_LT","og_type":"article","og_title":"Teide by Night Tours in Tenerife - Aventura Excursions - Book Your Stargazing Adventure!","og_description":"Experience Teide by Night tours in Tenerife. Check reviews and prices. Enjoy stargazing with telescopes and breathtaking sunsets over the Atlantic.","og_url":"https:\/\/aventura-excursions.com\/lt\/produktas\/teide-by-night\/","og_site_name":"Aventura Excursions","article_modified_time":"2025-06-13T22:39:14+00:00","og_image":[{"width":748,"height":701,"url":"https:\/\/aventura-excursions.com\/wp-content\/uploads\/2024\/03\/photo_2024-03-18_14-35-08-e1710781294954.jpg","type":"image\/jpeg"}],"twitter_card":"summary_large_image","twitter_misc":{"Est. reading time":"2 minut\u0117s"},"schema":{"@context":"https:\/\/schema.org","@graph":[{"@type":"WebPage","@id":"https:\/\/aventura-excursions.com\/product\/teide-by-night\/","url":"https:\/\/aventura-excursions.com\/product\/teide-by-night\/","name":"Teide by Night Tours in Tenerife - Aventura Excursions - Book Your Stargazing Adventure!","isPartOf":{"@id":"https:\/\/aventura-excursions.com\/#website"},"primaryImageOfPage":{"@id":"https:\/\/aventura-excursions.com\/product\/teide-by-night\/#primaryimage"},"image":{"@id":"https:\/\/aventura-excursions.com\/product\/teide-by-night\/#primaryimage"},"thumbnailUrl":"https:\/\/aventura-excursions.com\/wp-content\/uploads\/2024\/03\/photo_2024-03-18_14-35-08-e1710781294954.jpg","datePublished":"2024-03-18T16:50:56+00:00","dateModified":"2025-06-13T22:39:14+00:00","description":"Experience Teide by Night tours in Tenerife. Check reviews and prices. Enjoy stargazing with telescopes and breathtaking sunsets over the Atlantic.","breadcrumb":{"@id":"https:\/\/aventura-excursions.com\/product\/teide-by-night\/#breadcrumb"},"inLanguage":"lt-LT","potentialAction":[{"@type":"ReadAction","target":["https:\/\/aventura-excursions.com\/product\/teide-by-night\/"]}]},{"@type":"ImageObject","inLanguage":"lt-LT","@id":"https:\/\/aventura-excursions.com\/product\/teide-by-night\/#primaryimage","url":"https:\/\/aventura-excursions.com\/wp-content\/uploads\/2024\/03\/photo_2024-03-18_14-35-08-e1710781294954.jpg","contentUrl":"https:\/\/aventura-excursions.com\/wp-content\/uploads\/2024\/03\/photo_2024-03-18_14-35-08-e1710781294954.jpg","width":748,"height":701},{"@type":"BreadcrumbList","@id":"https:\/\/aventura-excursions.com\/product\/teide-by-night\/#breadcrumb","itemListElement":[{"@type":"ListItem","position":1,"name":"Tours","item":"https:\/\/aventura-excursions.com\/tours\/"},{"@type":"ListItem","position":2,"name":"Teide by Night"}]},{"@type":"WebSite","@id":"https:\/\/aventura-excursions.com\/#website","url":"https:\/\/aventura-excursions.com\/","name":"Aventura Excursions","description":"Aventura Excursions","potentialAction":[{"@type":"SearchAction","target":{"@type":"EntryPoint","urlTemplate":"https:\/\/aventura-excursions.com\/?s={search_term_string}"},"query-input":{"@type":"PropertyValueSpecification","valueRequired":true,"valueName":"search_term_string"}}],"inLanguage":"lt-LT"}]}},"_links":{"self":[{"href":"https:\/\/aventura-excursions.com\/lt\/wp-json\/wp\/v2\/product\/613","targetHints":{"allow":["GET"]}}],"collection":[{"href":"https:\/\/aventura-excursions.com\/lt\/wp-json\/wp\/v2\/product"}],"about":[{"href":"https:\/\/aventura-excursions.com\/lt\/wp-json\/wp\/v2\/types\/product"}],"wp:featuredmedia":[{"embeddable":true,"href":"https:\/\/aventura-excursions.com\/lt\/wp-json\/wp\/v2\/media\/614"}],"wp:attachment":[{"href":"https:\/\/aventura-excursions.com\/lt\/wp-json\/wp\/v2\/media?parent=613"}],"wp:term":[{"taxonomy":"product_brand","embeddable":true,"href":"https:\/\/aventura-excursions.com\/lt\/wp-json\/wp\/v2\/product_brand?post=613"},{"taxonomy":"product_cat","embeddable":true,"href":"https:\/\/aventura-excursions.com\/lt\/wp-json\/wp\/v2\/product_cat?post=613"},{"taxonomy":"product_tag","embeddable":true,"href":"https:\/\/aventura-excursions.com\/lt\/wp-json\/wp\/v2\/product_tag?post=613"}],"curies":[{"name":"wp","href":"https:\/\/api.w.org\/{rel}","templated":true}]}}