{"id":620,"date":"2024-03-18T20:14:38","date_gmt":"2024-03-18T17:14:38","guid":{"rendered":"https:\/\/aventura-excursions.com\/?post_type=product&#038;p=620"},"modified":"2024-05-27T16:10:33","modified_gmt":"2024-05-27T13:10:33","slug":"aqualand","status":"publish","type":"product","link":"https:\/\/aventura-excursions.com\/lt\/produktas\/aqualand\/","title":{"rendered":"Aqualand"},"content":{"rendered":"<h3>Apra\u0161ymas<\/h3>\n<p>\nAqualand is one of the most popular places to visit in Tenerife. Located in Costa Adeje, the aqua park is perfect to spend your time with the whole family. It offers not only a wide range of slides for adults but also a huge variety of attractions for kids of all ages. There is a big area, dedicated to the little ones in a shallow pool, so parents can relax while watching their children without worrying. This park also features one of Tenerife&#8217;s most popular pools with artificial waves. At last, a nice addition to the full day of excitement, there will be a dolphin show! You can enjoy the dolphin performance and even have a chance to interact with them. It&#8217;s an unforgettable experience for everyone!<\/p>\n<p>Did\u017eiul\u0117je parko teritorijoje taip pat yra \u012fvairi\u0173 bar\u0173, kiosk\u0173 ir spinteli\u0173.<\/p>\n<h3><\/h3>\n<h3>Lankytinos vietos<\/h3>\n<ul>\n<li>Vis\u0173 lygi\u0173 skaidr\u0117s<\/li>\n<li>Delfin\u0173 \u0161ou<\/li>\n<li>Bang\u0173 baseinas<\/li>\n<li>Kids pool<\/li>\n<\/ul>\n<p><h3>Detal\u0117s<\/h3>\n<p>\n<em><strong>Darbo laikas:<\/strong><\/em><br \/>10:00 \u2013 17:00 (September &#8211; June)<br \/>10:00 \u2013 18:00 (July &#8211; August)<\/p>\n<p>\n<em><strong>Vieta:<\/strong><\/em><br \/>Kosta Adech\u0117 (Tenerif\u0117s pietin\u0117 dalis)<\/p>\n<p><h3>Du parkai su nuolaida<\/h3>\n<p class=\" translation-block\">Jei planuojate apsilankyti ir <a href=\"https:\/\/aventura-excursions.com\/lt\/produktas\/jungle-park\/\" target=\"_self\"><strong>Jungle Park<\/strong><\/a> Aqualand, galite \u012fsigyti dviej\u0173 biliet\u0173 paket\u0105 su nuolaida ir sutaupyti 8 eurus asmeniui!<\/p>\n<p>Daugiau informacijos rasite \u010dia: <a href=\"https:\/\/aventura-excursions.com\/lt\/produktas\/two-parks\/\"><strong>Du parkai<\/strong><\/a><\/p>","protected":false},"excerpt":{"rendered":"<div>\n<p>Aqualand - tai garsus Kosta Adech\u0117je \u012fsik\u016br\u0119s vandens parkas, kuriame si\u016blomi \u012fvair\u016bs u\u017esi\u0117mimai \u012fvairaus am\u017eiaus \u017emon\u0117ms, \u012fskaitant delfin\u0173 \u0161ou! <\/p>\n<p>\n<br \/>\nPasirinkite suaugusi\u0173j\u0173, vaik\u0173 (5-10 met\u0173), ma\u017e\u0173 vaik\u0173 (3-4 met\u0173) ir k\u016bdiki\u0173 (0-2 met\u0173) skai\u010di\u0173.\n<\/div>","protected":false},"featured_media":1219,"template":"","meta":{"_acf_changed":false},"product_brand":[],"product_cat":[20],"product_tag":[],"class_list":{"0":"post-620","1":"product","2":"type-product","3":"status-publish","4":"has-post-thumbnail","6":"product_cat-parks","8":"first","9":"instock","10":"shipping-taxable","11":"product-type-grouped"},"acf":[],"yoast_head":"<!-- This site is optimized with the Yoast SEO plugin v25.6 - https:\/\/yoast.com\/wordpress\/plugins\/seo\/ -->\n<title>Aqualand Costa Adeje Book Tickets for a Fun-Filled Day in Tenerife<\/title>\n<meta name=\"description\" content=\"Book your tickets for Aqualand in Costa Adeje! Enjoy slides, kids&#039; pools, and a dolphin show. Check prices and book now for a family adventure!\" \/>\n<meta name=\"robots\" content=\"index, follow, max-snippet:-1, max-image-preview:large, max-video-preview:-1\" \/>\n<link rel=\"canonical\" href=\"https:\/\/aventura-excursions.com\/lt\/produktas\/aqualand\/\" \/>\n<meta property=\"og:locale\" content=\"lt_LT\" \/>\n<meta property=\"og:type\" content=\"article\" \/>\n<meta property=\"og:title\" content=\"Aqualand Costa Adeje Book Tickets for a Fun-Filled Day in Tenerife\" \/>\n<meta property=\"og:description\" content=\"Book your tickets for Aqualand in Costa Adeje! Enjoy slides, kids&#039; pools, and a dolphin show. Check prices and book now for a family adventure!\" \/>\n<meta property=\"og:url\" content=\"https:\/\/aventura-excursions.com\/lt\/produktas\/aqualand\/\" \/>\n<meta property=\"og:site_name\" content=\"Aventura Excursions\" \/>\n<meta property=\"article:modified_time\" content=\"2024-05-27T13:10:33+00:00\" \/>\n<meta property=\"og:image\" content=\"https:\/\/aventura-excursions.com\/wp-content\/uploads\/2024\/03\/aqualand-1.jpg\" \/>\n\t<meta property=\"og:image:width\" content=\"1100\" \/>\n\t<meta property=\"og:image:height\" content=\"550\" \/>\n\t<meta property=\"og:image:type\" content=\"image\/jpeg\" \/>\n<meta name=\"twitter:card\" content=\"summary_large_image\" \/>\n<meta name=\"twitter:label1\" content=\"Est. reading time\" \/>\n\t<meta name=\"twitter:data1\" content=\"2 minut\u0117s\" \/>\n<!-- \/ Yoast SEO plugin. -->","yoast_head_json":{"title":"Aqualand Costa Adeje Book Tickets for a Fun-Filled Day in Tenerife","description":"Book your tickets for Aqualand in Costa Adeje! Enjoy slides, kids' pools, and a dolphin show. Check prices and book now for a family adventure!","robots":{"index":"index","follow":"follow","max-snippet":"max-snippet:-1","max-image-preview":"max-image-preview:large","max-video-preview":"max-video-preview:-1"},"canonical":"https:\/\/aventura-excursions.com\/lt\/produktas\/aqualand\/","og_locale":"lt_LT","og_type":"article","og_title":"Aqualand Costa Adeje Book Tickets for a Fun-Filled Day in Tenerife","og_description":"Book your tickets for Aqualand in Costa Adeje! Enjoy slides, kids' pools, and a dolphin show. Check prices and book now for a family adventure!","og_url":"https:\/\/aventura-excursions.com\/lt\/produktas\/aqualand\/","og_site_name":"Aventura Excursions","article_modified_time":"2024-05-27T13:10:33+00:00","og_image":[{"width":1100,"height":550,"url":"https:\/\/aventura-excursions.com\/wp-content\/uploads\/2024\/03\/aqualand-1.jpg","type":"image\/jpeg"}],"twitter_card":"summary_large_image","twitter_misc":{"Est. reading time":"2 minut\u0117s"},"schema":{"@context":"https:\/\/schema.org","@graph":[{"@type":"WebPage","@id":"https:\/\/aventura-excursions.com\/product\/aqualand\/","url":"https:\/\/aventura-excursions.com\/product\/aqualand\/","name":"Aqualand Costa Adeje Book Tickets for a Fun-Filled Day in Tenerife","isPartOf":{"@id":"https:\/\/aventura-excursions.com\/#website"},"primaryImageOfPage":{"@id":"https:\/\/aventura-excursions.com\/product\/aqualand\/#primaryimage"},"image":{"@id":"https:\/\/aventura-excursions.com\/product\/aqualand\/#primaryimage"},"thumbnailUrl":"https:\/\/aventura-excursions.com\/wp-content\/uploads\/2024\/03\/aqualand-1.jpg","datePublished":"2024-03-18T17:14:38+00:00","dateModified":"2024-05-27T13:10:33+00:00","description":"Book your tickets for Aqualand in Costa Adeje! Enjoy slides, kids' pools, and a dolphin show. Check prices and book now for a family adventure!","breadcrumb":{"@id":"https:\/\/aventura-excursions.com\/product\/aqualand\/#breadcrumb"},"inLanguage":"lt-LT","potentialAction":[{"@type":"ReadAction","target":["https:\/\/aventura-excursions.com\/product\/aqualand\/"]}]},{"@type":"ImageObject","inLanguage":"lt-LT","@id":"https:\/\/aventura-excursions.com\/product\/aqualand\/#primaryimage","url":"https:\/\/aventura-excursions.com\/wp-content\/uploads\/2024\/03\/aqualand-1.jpg","contentUrl":"https:\/\/aventura-excursions.com\/wp-content\/uploads\/2024\/03\/aqualand-1.jpg","width":1100,"height":550,"caption":"Aqualand costa adeje"},{"@type":"BreadcrumbList","@id":"https:\/\/aventura-excursions.com\/product\/aqualand\/#breadcrumb","itemListElement":[{"@type":"ListItem","position":1,"name":"Tours","item":"https:\/\/aventura-excursions.com\/tours\/"},{"@type":"ListItem","position":2,"name":"Aqualand"}]},{"@type":"WebSite","@id":"https:\/\/aventura-excursions.com\/#website","url":"https:\/\/aventura-excursions.com\/","name":"Aventura Excursions","description":"Aventura Excursions","potentialAction":[{"@type":"SearchAction","target":{"@type":"EntryPoint","urlTemplate":"https:\/\/aventura-excursions.com\/?s={search_term_string}"},"query-input":{"@type":"PropertyValueSpecification","valueRequired":true,"valueName":"search_term_string"}}],"inLanguage":"lt-LT"}]}},"_links":{"self":[{"href":"https:\/\/aventura-excursions.com\/lt\/wp-json\/wp\/v2\/product\/620","targetHints":{"allow":["GET"]}}],"collection":[{"href":"https:\/\/aventura-excursions.com\/lt\/wp-json\/wp\/v2\/product"}],"about":[{"href":"https:\/\/aventura-excursions.com\/lt\/wp-json\/wp\/v2\/types\/product"}],"wp:featuredmedia":[{"embeddable":true,"href":"https:\/\/aventura-excursions.com\/lt\/wp-json\/wp\/v2\/media\/1219"}],"wp:attachment":[{"href":"https:\/\/aventura-excursions.com\/lt\/wp-json\/wp\/v2\/media?parent=620"}],"wp:term":[{"taxonomy":"product_brand","embeddable":true,"href":"https:\/\/aventura-excursions.com\/lt\/wp-json\/wp\/v2\/product_brand?post=620"},{"taxonomy":"product_cat","embeddable":true,"href":"https:\/\/aventura-excursions.com\/lt\/wp-json\/wp\/v2\/product_cat?post=620"},{"taxonomy":"product_tag","embeddable":true,"href":"https:\/\/aventura-excursions.com\/lt\/wp-json\/wp\/v2\/product_tag?post=620"}],"curies":[{"name":"wp","href":"https:\/\/api.w.org\/{rel}","templated":true}]}}