{"id":631,"date":"2024-03-19T20:27:31","date_gmt":"2024-03-19T17:27:31","guid":{"rendered":"https:\/\/aventura-excursions.com\/?post_type=product&#038;p=631"},"modified":"2025-09-16T15:59:34","modified_gmt":"2025-09-16T12:59:34","slug":"jet-ski-safari","status":"publish","type":"product","link":"https:\/\/aventura-excursions.com\/lt\/produktas\/jet-ski-safari\/","title":{"rendered":"Safari ant vandens motocikl\u0173"},"content":{"rendered":"<h3>Apra\u0161ymas<\/h3>\n<p>\nM\u0117gaukit\u0117s vandens motocikl\u0173 kelione, kuri si\u016blo linksmybi\u0173 ir \u012fsp\u016bd\u017ei\u0173 kupinus nuotykius. Dideliu grei\u010diu tyrin\u0117site vandenyn\u0105, atsiveriantys panoraminiai uol\u0117tos pakrant\u0117s vaizdai. Taip pat yra tikimyb\u0117, kad pakeliui sutiksite delfin\u0173 ar bangini\u0173. Nepamir\u0161k aki\u0173, niekada ne\u017einai, kas tav\u0119s laukia j\u016broje! Kelion\u0117s trunka 1 ir 2 valandas, jas veda profesionalus plaukiojimo instruktorius. Safaris prasideda Las Galletas uoste ir veda palei nuostabias Palm-Mar uolas. Tiek vienvie\u010di\u0173, tiek dvivie\u010di\u0173 vandens motocikl\u0173 kaina vienoda.<\/p>\n<p>\n<\/p>\n<h3>Lankytinos vietos<\/h3>\n<ul>\n<li>Safaris su gidu<\/li>\n<li>Panoraminiai vaizdai<\/li>\n<li>Adrenalinas<\/li>\n<li>Pa\u0117mimas i\u0161 vie\u0161bu\u010dio<\/li>\n<\/ul>\n<p>\n<\/p>\n<h3>Detal\u0117s<\/h3>\n<p>\n<strong>Prad\u017eios laikai:<\/strong> <br \/>\n10:00, 12:00, 14:00, 16:00 <\/p>\n<p>\n<strong>Minimalus auk\u0161tis:<\/strong> <br \/>\n120 cm <\/p>\n<p>\n<strong>Did\u017eiausias svoris:<\/strong> <br \/>\nsingle jet ski &#8211; 120 kg,<br \/> <br \/>\ndouble jet ski &#8211; 160 kg <\/p>\n<p>\n<strong>Uostas:<\/strong><br \/>\nLas Galletas<\/p>\n<p>\n<strong>Transporto:<\/strong><br \/>\nNemokamas pa\u0117mimas i\u0161 Los Cristianos, Las Americas, Costa Adeje<\/p>\n<p><p>\n<\/p>\n<h3>Jet Ski + SUP nuolaid\u0173 paketas<\/h3>\n<p>\nPadvigubinkite linksmybi\u0173 su m\u016bs\u0173 vandens motocikl\u0173 safari + SUP pamok\u0173 paketu su nuolaida! Patirkite greito vandens motociklo safario ir meistri\u0161kojo irklavimo (SUP) \u012fsp\u016bd\u017eius su m\u016bs\u0173 specialiu pasi\u016blymu. Daugiau informacijos skaitykite \u010dia: <a href=\"https:\/\/aventura-excursions.com\/lt\/produktas\/water-package\/\"><strong><em>Vandens paketas 2 asmenims<\/em><\/strong><\/a><\/p>","protected":false},"excerpt":{"rendered":"<div>\n<p>Patirkite jaudinan\u010dius vandens nuotykius vandens motociklu palei pietin\u0119 Tenerif\u0117s pakrant\u0119. <\/p>\n<p>\n<br \/>\nPasirinkite vienviet\u012f \/ dviviet\u012f vandens motocikl\u0105 ir 1 arba 2 valand\u0173 tur\u0105. Tada pasirinkite vandens motocikl\u0173 safario dat\u0105.\n<\/div>","protected":false},"featured_media":638,"template":"","meta":{"_acf_changed":false},"product_brand":[],"product_cat":[21],"product_tag":[],"class_list":{"0":"post-631","1":"product","2":"type-product","3":"status-publish","4":"has-post-thumbnail","6":"product_cat-activities","8":"first","9":"instock","10":"sale","11":"shipping-taxable","12":"product-type-grouped"},"acf":[],"yoast_head":"<!-- This site is optimized with the Yoast SEO plugin v25.6 - https:\/\/yoast.com\/wordpress\/plugins\/seo\/ -->\n<title>Jet Ski Safari in Tenerife - Aventura Excursions - Book Your Adventure<\/title>\n<meta name=\"description\" content=\"Exciting Jet Ski Safari in Tenerife! Check reviews, prices, and ratings on our website. Book now to see dolphins, whales, and sea turtles.\" \/>\n<meta name=\"robots\" content=\"index, follow, max-snippet:-1, max-image-preview:large, max-video-preview:-1\" \/>\n<link rel=\"canonical\" href=\"https:\/\/aventura-excursions.com\/lt\/produktas\/jet-ski-safari\/\" \/>\n<meta property=\"og:locale\" content=\"lt_LT\" \/>\n<meta property=\"og:type\" content=\"article\" \/>\n<meta property=\"og:title\" content=\"Jet Ski Safari in Tenerife - Aventura Excursions - Book Your Adventure\" \/>\n<meta property=\"og:description\" content=\"Exciting Jet Ski Safari in Tenerife! Check reviews, prices, and ratings on our website. Book now to see dolphins, whales, and sea turtles.\" \/>\n<meta property=\"og:url\" content=\"https:\/\/aventura-excursions.com\/lt\/produktas\/jet-ski-safari\/\" \/>\n<meta property=\"og:site_name\" content=\"Aventura Excursions\" \/>\n<meta property=\"article:modified_time\" content=\"2025-09-16T12:59:34+00:00\" \/>\n<meta property=\"og:image\" content=\"https:\/\/aventura-excursions.com\/wp-content\/uploads\/2024\/03\/pexels-pixabay-33046.jpg\" \/>\n\t<meta property=\"og:image:width\" content=\"1760\" \/>\n\t<meta property=\"og:image:height\" content=\"1173\" \/>\n\t<meta property=\"og:image:type\" content=\"image\/jpeg\" \/>\n<meta name=\"twitter:card\" content=\"summary_large_image\" \/>\n<meta name=\"twitter:label1\" content=\"Est. reading time\" \/>\n\t<meta name=\"twitter:data1\" content=\"2 minut\u0117s\" \/>\n<!-- \/ Yoast SEO plugin. -->","yoast_head_json":{"title":"Jet Ski Safari in Tenerife - Aventura Excursions - Book Your Adventure","description":"Exciting Jet Ski Safari in Tenerife! Check reviews, prices, and ratings on our website. Book now to see dolphins, whales, and sea turtles.","robots":{"index":"index","follow":"follow","max-snippet":"max-snippet:-1","max-image-preview":"max-image-preview:large","max-video-preview":"max-video-preview:-1"},"canonical":"https:\/\/aventura-excursions.com\/lt\/produktas\/jet-ski-safari\/","og_locale":"lt_LT","og_type":"article","og_title":"Jet Ski Safari in Tenerife - Aventura Excursions - Book Your Adventure","og_description":"Exciting Jet Ski Safari in Tenerife! Check reviews, prices, and ratings on our website. Book now to see dolphins, whales, and sea turtles.","og_url":"https:\/\/aventura-excursions.com\/lt\/produktas\/jet-ski-safari\/","og_site_name":"Aventura Excursions","article_modified_time":"2025-09-16T12:59:34+00:00","og_image":[{"width":1760,"height":1173,"url":"https:\/\/aventura-excursions.com\/wp-content\/uploads\/2024\/03\/pexels-pixabay-33046.jpg","type":"image\/jpeg"}],"twitter_card":"summary_large_image","twitter_misc":{"Est. reading time":"2 minut\u0117s"},"schema":{"@context":"https:\/\/schema.org","@graph":[{"@type":"WebPage","@id":"https:\/\/aventura-excursions.com\/product\/jet-ski-safari\/","url":"https:\/\/aventura-excursions.com\/product\/jet-ski-safari\/","name":"Jet Ski Safari in Tenerife - Aventura Excursions - Book Your Adventure","isPartOf":{"@id":"https:\/\/aventura-excursions.com\/#website"},"primaryImageOfPage":{"@id":"https:\/\/aventura-excursions.com\/product\/jet-ski-safari\/#primaryimage"},"image":{"@id":"https:\/\/aventura-excursions.com\/product\/jet-ski-safari\/#primaryimage"},"thumbnailUrl":"https:\/\/aventura-excursions.com\/wp-content\/uploads\/2024\/03\/pexels-pixabay-33046.jpg","datePublished":"2024-03-19T17:27:31+00:00","dateModified":"2025-09-16T12:59:34+00:00","description":"Exciting Jet Ski Safari in Tenerife! Check reviews, prices, and ratings on our website. Book now to see dolphins, whales, and sea turtles.","breadcrumb":{"@id":"https:\/\/aventura-excursions.com\/product\/jet-ski-safari\/#breadcrumb"},"inLanguage":"lt-LT","potentialAction":[{"@type":"ReadAction","target":["https:\/\/aventura-excursions.com\/product\/jet-ski-safari\/"]}]},{"@type":"ImageObject","inLanguage":"lt-LT","@id":"https:\/\/aventura-excursions.com\/product\/jet-ski-safari\/#primaryimage","url":"https:\/\/aventura-excursions.com\/wp-content\/uploads\/2024\/03\/pexels-pixabay-33046.jpg","contentUrl":"https:\/\/aventura-excursions.com\/wp-content\/uploads\/2024\/03\/pexels-pixabay-33046.jpg","width":1760,"height":1173},{"@type":"BreadcrumbList","@id":"https:\/\/aventura-excursions.com\/product\/jet-ski-safari\/#breadcrumb","itemListElement":[{"@type":"ListItem","position":1,"name":"Tours","item":"https:\/\/aventura-excursions.com\/tours\/"},{"@type":"ListItem","position":2,"name":"Jet Ski Safari"}]},{"@type":"WebSite","@id":"https:\/\/aventura-excursions.com\/#website","url":"https:\/\/aventura-excursions.com\/","name":"Aventura Excursions","description":"Aventura Excursions","potentialAction":[{"@type":"SearchAction","target":{"@type":"EntryPoint","urlTemplate":"https:\/\/aventura-excursions.com\/?s={search_term_string}"},"query-input":{"@type":"PropertyValueSpecification","valueRequired":true,"valueName":"search_term_string"}}],"inLanguage":"lt-LT"}]}},"_links":{"self":[{"href":"https:\/\/aventura-excursions.com\/lt\/wp-json\/wp\/v2\/product\/631","targetHints":{"allow":["GET"]}}],"collection":[{"href":"https:\/\/aventura-excursions.com\/lt\/wp-json\/wp\/v2\/product"}],"about":[{"href":"https:\/\/aventura-excursions.com\/lt\/wp-json\/wp\/v2\/types\/product"}],"wp:featuredmedia":[{"embeddable":true,"href":"https:\/\/aventura-excursions.com\/lt\/wp-json\/wp\/v2\/media\/638"}],"wp:attachment":[{"href":"https:\/\/aventura-excursions.com\/lt\/wp-json\/wp\/v2\/media?parent=631"}],"wp:term":[{"taxonomy":"product_brand","embeddable":true,"href":"https:\/\/aventura-excursions.com\/lt\/wp-json\/wp\/v2\/product_brand?post=631"},{"taxonomy":"product_cat","embeddable":true,"href":"https:\/\/aventura-excursions.com\/lt\/wp-json\/wp\/v2\/product_cat?post=631"},{"taxonomy":"product_tag","embeddable":true,"href":"https:\/\/aventura-excursions.com\/lt\/wp-json\/wp\/v2\/product_tag?post=631"}],"curies":[{"name":"wp","href":"https:\/\/api.w.org\/{rel}","templated":true}]}}