{"id":686,"date":"2024-03-21T18:48:03","date_gmt":"2024-03-21T15:48:03","guid":{"rendered":"https:\/\/aventura-excursions.com\/?post_type=product&#038;p=686"},"modified":"2024-05-28T18:44:20","modified_gmt":"2024-05-28T15:44:20","slug":"jungle-park","status":"publish","type":"product","link":"https:\/\/aventura-excursions.com\/lt\/produktas\/jungle-park\/","title":{"rendered":"Jungle Park"},"content":{"rendered":"<h3>Apra\u0161ymas<\/h3>\n<p>\nPatirkite nuostabius nuotykius d\u017eiungli\u0173 parke su egzoti\u0161kais gyv\u016bnais! Vaik\u0161\u010diokite mediniais kaban\u010diais tiltais, tyrin\u0117kite krioklius ir tunelius, pasiva\u017ein\u0117kite bobu, \u012fsp\u016bdingus pauk\u0161\u010di\u0173 ir j\u016br\u0173 li\u016bt\u0173 pasirodymus ir daugyb\u0119 kit\u0173 pramog\u0173. Galite praleisti vis\u0105 dien\u0105 su \u0161eima keliaudami po 75 000 m\u00b2 plot\u0105 ir steb\u0117dami daugiau nei 500 gyv\u016bn\u0173. J\u016bs netgi turite galimyb\u0119 su jais bendrauti!<\/p>\n<p>\nDon&#8217;t miss the park&#8217;s spectacular exhibitions and shows: <strong>pl\u0117\u0161r\u016bs pauk\u0161\u010diai<\/strong> , tarp kuri\u0173 yra sakalai, grifai ir ereliai, <strong>egzoti\u0161ki pauk\u0161\u010diai<\/strong> su \u012fvairiomis spalvingomis pap\u016bgomis, \u012fdomiais pasirodymais <strong>j\u016br\u0173 li\u016btai<\/strong> ir <strong>pingvin\u0173 vakarien\u0117,<\/strong> per kur\u012f galite pa\u0161erti \u0161iuos \u017eavingus gyv\u016bnus. <\/p>\n<p>Papildomas \u201eJungle Park\u201c prana\u0161umas yra jo pietin\u0117 vieta netoli pagrindini\u0173 Los Kristianoso ir Las Americas turistini\u0173 zon\u0173.<\/p>\n<h3><\/h3>\n<h3>Lankytinos vietos<\/h3>\n<ul>\n<li>Pauk\u0161\u010di\u0173 ir j\u016br\u0173 li\u016bt\u0173 \u0161ou<\/li>\n<li>Puikiai tinka \u0161eimoms su vaikais<\/li>\n<li>Rope bridges and exotic plants<\/li>\n<li>Daugiau nei 500 gyv\u016bn\u0173<\/li>\n<li>Barai ir restoranai parke<\/li>\n<\/ul>\n<p><h3>Detal\u0117s<\/h3>\n<p>\n<em><strong>Darbo laikas:<\/strong><\/em> 10:00 &#8211; 17:30 <\/p>\n<p><em><strong>Vieta:<\/strong><\/em> Arona (\u012f pietus nuo Tenerif\u0117s)<\/p>\n<p>U\u017e papildom\u0105 mokest\u012f galima maudytis su j\u016br\u0173 li\u016btais<\/p>\n<p><h3>Du parkai su nuolaida<\/h3>\n<p class=\" translation-block\">Jei planuojate aplankyti ir D\u017eiungli\u0173 park\u0105, ir<a href=\"https:\/\/aventura-excursions.com\/lt\/produktas\/aqualand\/\" target=\"_self\"><strong>Aqualand<\/strong><\/a>, galite \u012fsigyti dviej\u0173 biliet\u0173 paket\u0105 su nuolaida ir sutaupyti 8 eurus vienam asmeniui!<\/p>\n<p>Daugiau informacijos rasite \u010dia: <a href=\"https:\/\/aventura-excursions.com\/lt\/produktas\/two-parks\/\"><strong>Du parkai<\/strong><\/a><\/p>","protected":false},"excerpt":{"rendered":"<div>\n<p>Atraskite Tenerif\u0117s pietuose esant\u012f D\u017eiungli\u0173 park\u0105 su daugiau nei 500 gyv\u016bn\u0173, \u012fdomiais pauk\u0161\u010di\u0173 ir j\u016br\u0173 li\u016bt\u0173 pasirodymais ir \u012fvairia d\u017eiungli\u0173 laukine gamta, vos 15 minu\u010di\u0173 nuo Los Kristianoso ir Las Americas kurort\u0173.<\/p>\n<p>\n<br \/>\nPasirinkite suaugusi\u0173j\u0173, vaik\u0173 (5-10 met\u0173), ma\u017e\u0173 vaik\u0173 (3-4 met\u0173) ir k\u016bdiki\u0173 (0-2 met\u0173) skai\u010di\u0173.<\/p>\n<\/div>","protected":false},"featured_media":710,"template":"","meta":{"_acf_changed":false},"product_brand":[],"product_cat":[20],"product_tag":[],"class_list":{"0":"post-686","1":"product","2":"type-product","3":"status-publish","4":"has-post-thumbnail","6":"product_cat-parks","8":"first","9":"instock","10":"shipping-taxable","11":"product-type-grouped"},"acf":[],"yoast_head":"<!-- This site is optimized with the Yoast SEO plugin v25.6 - https:\/\/yoast.com\/wordpress\/plugins\/seo\/ -->\n<title>Jungle Park in Tenerife - Aventura Excursions - Best Prices, Book Tickets Now<\/title>\n<meta name=\"description\" content=\"Explore Jungle Park Tenerife! Check reviews, prices, and ratings. Book your adventure today to see exotic animals, thrilling shows, and beautiful wildlife\" \/>\n<meta name=\"robots\" content=\"index, follow, max-snippet:-1, max-image-preview:large, max-video-preview:-1\" \/>\n<link rel=\"canonical\" href=\"https:\/\/aventura-excursions.com\/lt\/produktas\/jungle-park\/\" \/>\n<meta property=\"og:locale\" content=\"lt_LT\" \/>\n<meta property=\"og:type\" content=\"article\" \/>\n<meta property=\"og:title\" content=\"Jungle Park in Tenerife - Aventura Excursions - Best Prices, Book Tickets Now\" \/>\n<meta property=\"og:description\" content=\"Explore Jungle Park Tenerife! Check reviews, prices, and ratings. Book your adventure today to see exotic animals, thrilling shows, and beautiful wildlife\" \/>\n<meta property=\"og:url\" content=\"https:\/\/aventura-excursions.com\/lt\/produktas\/jungle-park\/\" \/>\n<meta property=\"og:site_name\" content=\"Aventura Excursions\" \/>\n<meta property=\"article:modified_time\" content=\"2024-05-28T15:44:20+00:00\" \/>\n<meta property=\"og:image\" content=\"https:\/\/aventura-excursions.com\/wp-content\/uploads\/2024\/03\/photo_1_2024-03-21_16-53-29-e1711041025371.jpg\" \/>\n\t<meta property=\"og:image:width\" content=\"920\" \/>\n\t<meta property=\"og:image:height\" content=\"495\" \/>\n\t<meta property=\"og:image:type\" content=\"image\/jpeg\" \/>\n<meta name=\"twitter:card\" content=\"summary_large_image\" \/>\n<meta name=\"twitter:label1\" content=\"Est. reading time\" \/>\n\t<meta name=\"twitter:data1\" content=\"2 minut\u0117s\" \/>\n<!-- \/ Yoast SEO plugin. -->","yoast_head_json":{"title":"Jungle Park in Tenerife - Aventura Excursions - Best Prices, Book Tickets Now","description":"Explore Jungle Park Tenerife! Check reviews, prices, and ratings. Book your adventure today to see exotic animals, thrilling shows, and beautiful wildlife","robots":{"index":"index","follow":"follow","max-snippet":"max-snippet:-1","max-image-preview":"max-image-preview:large","max-video-preview":"max-video-preview:-1"},"canonical":"https:\/\/aventura-excursions.com\/lt\/produktas\/jungle-park\/","og_locale":"lt_LT","og_type":"article","og_title":"Jungle Park in Tenerife - Aventura Excursions - Best Prices, Book Tickets Now","og_description":"Explore Jungle Park Tenerife! Check reviews, prices, and ratings. Book your adventure today to see exotic animals, thrilling shows, and beautiful wildlife","og_url":"https:\/\/aventura-excursions.com\/lt\/produktas\/jungle-park\/","og_site_name":"Aventura Excursions","article_modified_time":"2024-05-28T15:44:20+00:00","og_image":[{"width":920,"height":495,"url":"https:\/\/aventura-excursions.com\/wp-content\/uploads\/2024\/03\/photo_1_2024-03-21_16-53-29-e1711041025371.jpg","type":"image\/jpeg"}],"twitter_card":"summary_large_image","twitter_misc":{"Est. reading time":"2 minut\u0117s"},"schema":{"@context":"https:\/\/schema.org","@graph":[{"@type":"WebPage","@id":"https:\/\/aventura-excursions.com\/product\/jungle-park\/","url":"https:\/\/aventura-excursions.com\/product\/jungle-park\/","name":"Jungle Park in Tenerife - Aventura Excursions - Best Prices, Book Tickets Now","isPartOf":{"@id":"https:\/\/aventura-excursions.com\/#website"},"primaryImageOfPage":{"@id":"https:\/\/aventura-excursions.com\/product\/jungle-park\/#primaryimage"},"image":{"@id":"https:\/\/aventura-excursions.com\/product\/jungle-park\/#primaryimage"},"thumbnailUrl":"https:\/\/aventura-excursions.com\/wp-content\/uploads\/2024\/03\/photo_1_2024-03-21_16-53-29-e1711041025371.jpg","datePublished":"2024-03-21T15:48:03+00:00","dateModified":"2024-05-28T15:44:20+00:00","description":"Explore Jungle Park Tenerife! Check reviews, prices, and ratings. Book your adventure today to see exotic animals, thrilling shows, and beautiful wildlife","breadcrumb":{"@id":"https:\/\/aventura-excursions.com\/product\/jungle-park\/#breadcrumb"},"inLanguage":"lt-LT","potentialAction":[{"@type":"ReadAction","target":["https:\/\/aventura-excursions.com\/product\/jungle-park\/"]}]},{"@type":"ImageObject","inLanguage":"lt-LT","@id":"https:\/\/aventura-excursions.com\/product\/jungle-park\/#primaryimage","url":"https:\/\/aventura-excursions.com\/wp-content\/uploads\/2024\/03\/photo_1_2024-03-21_16-53-29-e1711041025371.jpg","contentUrl":"https:\/\/aventura-excursions.com\/wp-content\/uploads\/2024\/03\/photo_1_2024-03-21_16-53-29-e1711041025371.jpg","width":920,"height":495},{"@type":"BreadcrumbList","@id":"https:\/\/aventura-excursions.com\/product\/jungle-park\/#breadcrumb","itemListElement":[{"@type":"ListItem","position":1,"name":"Tours","item":"https:\/\/aventura-excursions.com\/tours\/"},{"@type":"ListItem","position":2,"name":"Jungle Park"}]},{"@type":"WebSite","@id":"https:\/\/aventura-excursions.com\/#website","url":"https:\/\/aventura-excursions.com\/","name":"Aventura Excursions","description":"Aventura Excursions","potentialAction":[{"@type":"SearchAction","target":{"@type":"EntryPoint","urlTemplate":"https:\/\/aventura-excursions.com\/?s={search_term_string}"},"query-input":{"@type":"PropertyValueSpecification","valueRequired":true,"valueName":"search_term_string"}}],"inLanguage":"lt-LT"}]}},"_links":{"self":[{"href":"https:\/\/aventura-excursions.com\/lt\/wp-json\/wp\/v2\/product\/686","targetHints":{"allow":["GET"]}}],"collection":[{"href":"https:\/\/aventura-excursions.com\/lt\/wp-json\/wp\/v2\/product"}],"about":[{"href":"https:\/\/aventura-excursions.com\/lt\/wp-json\/wp\/v2\/types\/product"}],"wp:featuredmedia":[{"embeddable":true,"href":"https:\/\/aventura-excursions.com\/lt\/wp-json\/wp\/v2\/media\/710"}],"wp:attachment":[{"href":"https:\/\/aventura-excursions.com\/lt\/wp-json\/wp\/v2\/media?parent=686"}],"wp:term":[{"taxonomy":"product_brand","embeddable":true,"href":"https:\/\/aventura-excursions.com\/lt\/wp-json\/wp\/v2\/product_brand?post=686"},{"taxonomy":"product_cat","embeddable":true,"href":"https:\/\/aventura-excursions.com\/lt\/wp-json\/wp\/v2\/product_cat?post=686"},{"taxonomy":"product_tag","embeddable":true,"href":"https:\/\/aventura-excursions.com\/lt\/wp-json\/wp\/v2\/product_tag?post=686"}],"curies":[{"name":"wp","href":"https:\/\/api.w.org\/{rel}","templated":true}]}}