{"id":893,"date":"2024-03-23T18:17:29","date_gmt":"2024-03-23T15:17:29","guid":{"rendered":"https:\/\/aventura-excursions.com\/?post_type=product&#038;p=893"},"modified":"2024-05-29T14:07:16","modified_gmt":"2024-05-29T11:07:16","slug":"castillo-san-miguel","status":"publish","type":"product","link":"https:\/\/aventura-excursions.com\/lt\/produktas\/castillo-san-miguel\/","title":{"rendered":"San Miguelio Pilis"},"content":{"rendered":"<h3>Apra\u0161ymas<\/h3>\n<p>\nPasiruo\u0161kite nukeliauti \u012f riteri\u0173, karali\u0161k\u0173j\u0173 \u0161eim\u0173 ir burtinink\u0173 laikus Tenerif\u0117je esan\u010dioje parodoje \u201eCastillo San Miguel\u201c! San Migelio pilis, pastatyta i\u0161 Kanar\u0173 Kanto akmens, gars\u0117ja savo bok\u0161tais, kurie perkelia lankytojus \u012f autenti\u0161k\u0105 viduram\u017ei\u0173 aplink\u0105. \u012esik\u016brusi tarp didingos pilies sien\u0173, \u0161i unikali patirtis sujungia istorij\u0105, pramogas ir skan\u0173 maist\u0105. I\u0161vysite kvap\u0105 gniau\u017eiant\u012f \u0161arvuot\u0173 riteri\u0173 pasirodym\u0105, kurio metu jie kaunasi epiniuose m\u016b\u0161iuose ir demonstruoja savo \u012fg\u016bd\u017eius bei dr\u0105s\u0105. Turnyre riteriui prireiks j\u016bs\u0173 palaikymo, tod\u0117l b\u016btinai j\u012f padr\u0105sinkite. B\u016bsite pavai\u0161inti vakariene ir vynu, o kol kas smagiai praleisite laik\u0105 b\u016bdami \u0161ios viduram\u017ei\u0173 ekstravagancijos dalimi.<\/p>\n<h3><\/h3>\n<h3>Lankytinos vietos<\/h3>\n<ul>\n<li>Viduram\u017ei\u0173 spektaklis<\/li>\n<li>Autenti\u0161ka viduram\u017ei\u0173 vakarien\u0117<\/li>\n<li>Aktyvus dalyvavimas spektaklyje<\/li>\n<\/ul>\n<h3>Detal\u0117s<\/h3>\n<p>\n<strong><em>Prad\u017eios laikas:<\/em><\/strong> 18:30<\/p>\n<p>\n<strong><em>Vieta:<\/em><\/strong> San Miguel (10 minu\u010di\u0173 kelio nuo Los Cristianos)<\/p>\n<p>\n<strong><em>\u012etrauktas:<\/em><\/strong><\/p>\n<ul>\n<li>vakarien\u0117<\/li>\n<li>viduram\u017ei\u0173 aprangos elementai<\/li>\n<\/ul>\n<p>\n<strong><em>Ne\u012ftrauktas:<\/em><\/strong> pa\u0117mimas i\u0161 vie\u0161bu\u010dio<\/p>\n<p>\n<\/p>\n<h3>Transporto<\/h3>\n<p class=\" translation-block\">Pas mus galite <a href=\"https:\/\/aventura-excursions.com\/lt\/produktas\/rent-a-car\/\" target=\"_self\"><strong><em>i\u0161sinuomoti automobil\u012f<\/em><\/strong><\/a> ir vykti \u012f San Miguelio pil\u012f patys arba u\u017esisakyti perve\u017eim\u0105 i\u0161 vie\u0161bu\u010dio. \u0160i\u0105 galimyb\u0119 pamatysite u\u017esisakydami pasirodym\u0105. Perve\u017eimas paima i\u0161 vis\u0173 turistini\u0173 Tenerif\u0117s rajon\u0173, \u012fskaitant Los Gigantes, Golf del Sur ir Puerto de la Cruz.<\/p>","protected":false},"excerpt":{"rendered":"<div>\n<p>Pasinerkite \u012f viduram\u017ei\u0173 spindes\u012f Tenerif\u0117s \u201eCastillo San Miguel Show\u201c, kur gal\u0117site m\u0117gautis viduram\u017ei\u0173 puotos atmosfera ir \u012fdomiais turnyrais. <\/p>\n<p>\nPirmiausia pasirinkite vien\u0105 i\u0161 \u0161i\u0173 variant\u0173: vien tik bilietas arba bilietas + perve\u017eimas.<br \/>\nTada pasirinkite suaugusi\u0173j\u0173, vaik\u0173 (3-13 met\u0173) ir k\u016bdiki\u0173 (0-2 met\u0173) skai\u010di\u0173.\n<\/div>","protected":false},"featured_media":903,"template":"","meta":{"_acf_changed":false},"product_brand":[],"product_cat":[22],"product_tag":[],"class_list":{"0":"post-893","1":"product","2":"type-product","3":"status-publish","4":"has-post-thumbnail","6":"product_cat-shows","8":"first","9":"instock","10":"shipping-taxable","11":"product-type-grouped"},"acf":[],"yoast_head":"<!-- This site is optimized with the Yoast SEO plugin v25.6 - https:\/\/yoast.com\/wordpress\/plugins\/seo\/ -->\n<title>Visit San Miguel castle Show Tenerife - Aventura Excursions - Book a Knight Tournament!<\/title>\n<meta name=\"description\" content=\"Experience the San Miguel Castle Show in Tenerife! Check reviews, prices, and ratings. Enjoy thrilling knight tournaments and an authentic medieval feast.\" \/>\n<meta name=\"robots\" content=\"index, follow, max-snippet:-1, max-image-preview:large, max-video-preview:-1\" \/>\n<link rel=\"canonical\" href=\"https:\/\/aventura-excursions.com\/lt\/produktas\/castillo-san-miguel\/\" \/>\n<meta property=\"og:locale\" content=\"lt_LT\" \/>\n<meta property=\"og:type\" content=\"article\" \/>\n<meta property=\"og:title\" content=\"Visit San Miguel castle Show Tenerife - Aventura Excursions - Book a Knight Tournament!\" \/>\n<meta property=\"og:description\" content=\"Experience the San Miguel Castle Show in Tenerife! Check reviews, prices, and ratings. Enjoy thrilling knight tournaments and an authentic medieval feast.\" \/>\n<meta property=\"og:url\" content=\"https:\/\/aventura-excursions.com\/lt\/produktas\/castillo-san-miguel\/\" \/>\n<meta property=\"og:site_name\" content=\"Aventura Excursions\" \/>\n<meta property=\"article:modified_time\" content=\"2024-05-29T11:07:16+00:00\" \/>\n<meta property=\"og:image\" content=\"https:\/\/aventura-excursions.com\/wp-content\/uploads\/2024\/03\/photo_2024-03-23_17-35-54.jpg\" \/>\n\t<meta property=\"og:image:width\" content=\"1280\" \/>\n\t<meta property=\"og:image:height\" content=\"960\" \/>\n\t<meta property=\"og:image:type\" content=\"image\/jpeg\" \/>\n<meta name=\"twitter:card\" content=\"summary_large_image\" \/>\n<meta name=\"twitter:label1\" content=\"Est. reading time\" \/>\n\t<meta name=\"twitter:data1\" content=\"2 minut\u0117s\" \/>\n<!-- \/ Yoast SEO plugin. -->","yoast_head_json":{"title":"Visit San Miguel castle Show Tenerife - Aventura Excursions - Book a Knight Tournament!","description":"Experience the San Miguel Castle Show in Tenerife! Check reviews, prices, and ratings. Enjoy thrilling knight tournaments and an authentic medieval feast.","robots":{"index":"index","follow":"follow","max-snippet":"max-snippet:-1","max-image-preview":"max-image-preview:large","max-video-preview":"max-video-preview:-1"},"canonical":"https:\/\/aventura-excursions.com\/lt\/produktas\/castillo-san-miguel\/","og_locale":"lt_LT","og_type":"article","og_title":"Visit San Miguel castle Show Tenerife - Aventura Excursions - Book a Knight Tournament!","og_description":"Experience the San Miguel Castle Show in Tenerife! Check reviews, prices, and ratings. Enjoy thrilling knight tournaments and an authentic medieval feast.","og_url":"https:\/\/aventura-excursions.com\/lt\/produktas\/castillo-san-miguel\/","og_site_name":"Aventura Excursions","article_modified_time":"2024-05-29T11:07:16+00:00","og_image":[{"width":1280,"height":960,"url":"https:\/\/aventura-excursions.com\/wp-content\/uploads\/2024\/03\/photo_2024-03-23_17-35-54.jpg","type":"image\/jpeg"}],"twitter_card":"summary_large_image","twitter_misc":{"Est. reading time":"2 minut\u0117s"},"schema":{"@context":"https:\/\/schema.org","@graph":[{"@type":"WebPage","@id":"https:\/\/aventura-excursions.com\/product\/castillo-san-miguel\/","url":"https:\/\/aventura-excursions.com\/product\/castillo-san-miguel\/","name":"Visit San Miguel castle Show Tenerife - Aventura Excursions - Book a Knight Tournament!","isPartOf":{"@id":"https:\/\/aventura-excursions.com\/#website"},"primaryImageOfPage":{"@id":"https:\/\/aventura-excursions.com\/product\/castillo-san-miguel\/#primaryimage"},"image":{"@id":"https:\/\/aventura-excursions.com\/product\/castillo-san-miguel\/#primaryimage"},"thumbnailUrl":"https:\/\/aventura-excursions.com\/wp-content\/uploads\/2024\/03\/photo_2024-03-23_17-35-54.jpg","datePublished":"2024-03-23T15:17:29+00:00","dateModified":"2024-05-29T11:07:16+00:00","description":"Experience the San Miguel Castle Show in Tenerife! Check reviews, prices, and ratings. Enjoy thrilling knight tournaments and an authentic medieval feast.","breadcrumb":{"@id":"https:\/\/aventura-excursions.com\/product\/castillo-san-miguel\/#breadcrumb"},"inLanguage":"lt-LT","potentialAction":[{"@type":"ReadAction","target":["https:\/\/aventura-excursions.com\/product\/castillo-san-miguel\/"]}]},{"@type":"ImageObject","inLanguage":"lt-LT","@id":"https:\/\/aventura-excursions.com\/product\/castillo-san-miguel\/#primaryimage","url":"https:\/\/aventura-excursions.com\/wp-content\/uploads\/2024\/03\/photo_2024-03-23_17-35-54.jpg","contentUrl":"https:\/\/aventura-excursions.com\/wp-content\/uploads\/2024\/03\/photo_2024-03-23_17-35-54.jpg","width":1280,"height":960},{"@type":"BreadcrumbList","@id":"https:\/\/aventura-excursions.com\/product\/castillo-san-miguel\/#breadcrumb","itemListElement":[{"@type":"ListItem","position":1,"name":"Tours","item":"https:\/\/aventura-excursions.com\/tours\/"},{"@type":"ListItem","position":2,"name":"San Miguel castle"}]},{"@type":"WebSite","@id":"https:\/\/aventura-excursions.com\/#website","url":"https:\/\/aventura-excursions.com\/","name":"Aventura Excursions","description":"Aventura Excursions","potentialAction":[{"@type":"SearchAction","target":{"@type":"EntryPoint","urlTemplate":"https:\/\/aventura-excursions.com\/?s={search_term_string}"},"query-input":{"@type":"PropertyValueSpecification","valueRequired":true,"valueName":"search_term_string"}}],"inLanguage":"lt-LT"}]}},"_links":{"self":[{"href":"https:\/\/aventura-excursions.com\/lt\/wp-json\/wp\/v2\/product\/893","targetHints":{"allow":["GET"]}}],"collection":[{"href":"https:\/\/aventura-excursions.com\/lt\/wp-json\/wp\/v2\/product"}],"about":[{"href":"https:\/\/aventura-excursions.com\/lt\/wp-json\/wp\/v2\/types\/product"}],"wp:featuredmedia":[{"embeddable":true,"href":"https:\/\/aventura-excursions.com\/lt\/wp-json\/wp\/v2\/media\/903"}],"wp:attachment":[{"href":"https:\/\/aventura-excursions.com\/lt\/wp-json\/wp\/v2\/media?parent=893"}],"wp:term":[{"taxonomy":"product_brand","embeddable":true,"href":"https:\/\/aventura-excursions.com\/lt\/wp-json\/wp\/v2\/product_brand?post=893"},{"taxonomy":"product_cat","embeddable":true,"href":"https:\/\/aventura-excursions.com\/lt\/wp-json\/wp\/v2\/product_cat?post=893"},{"taxonomy":"product_tag","embeddable":true,"href":"https:\/\/aventura-excursions.com\/lt\/wp-json\/wp\/v2\/product_tag?post=893"}],"curies":[{"name":"wp","href":"https:\/\/api.w.org\/{rel}","templated":true}]}}