{"id":908,"date":"2024-03-24T01:22:56","date_gmt":"2024-03-23T22:22:56","guid":{"rendered":"https:\/\/aventura-excursions.com\/?post_type=product&#038;p=908"},"modified":"2024-05-29T14:23:31","modified_gmt":"2024-05-29T11:23:31","slug":"scandal-dinner-show","status":"publish","type":"product","link":"https:\/\/aventura-excursions.com\/lt\/produktas\/scandal-dinner-show\/","title":{"rendered":"Scandal Show"},"content":{"rendered":"<h3>Apra\u0161ymas<\/h3>\n<p>\n\u012e\u017eenkite \u012f paslap\u010di\u0173, \u017eavesio ir jaudulio pasaul\u012f su \u201eSkandalo vakarien\u0117s \u0161ou\u201c Tenerif\u0117je, kur kulinariniai malonumai ir kvap\u0105 gniau\u017eian\u010dios pramogos sukuria nepamir\u0161tam\u0105 vakar\u0105! Jus su\u017eav\u0117s \u0161io burleskos stiliaus \u0161ou atmosfera. Skandalingi artistai nukels Jus \u012f intrig\u0173 ir jaudulio pasaul\u012f, derindami teatro meistri\u0161kum\u0105, \u0161ok\u012f ir muzik\u0105, kad sukurt\u0173 ne\u012ftik\u0117tin\u0105 \u012fsp\u016bd\u012f. Patyr\u0119 vir\u0117jai paruo\u0161 trij\u0173 patiekal\u0173 patiekal\u0105 ir pasir\u016bpins, kad j\u016bs\u0173 vakarien\u0117 b\u016bt\u0173 tokia pat nuostabi.<\/p>\n<h3><\/h3>\n<h3>Lankytinos vietos<\/h3>\n<ul>\n<li>Stulbinantys pasirodymai<\/li>\n<li>Skan\u016bs skan\u0117stai<\/li>\n<li>Skandalingos staigmenos<\/li>\n<\/ul>\n<h3>Detal\u0117s<\/h3>\n<p>\n<strong><em>Prad\u017eios laikas:<\/em><\/strong> 20:00<\/p>\n<p>\n<strong><em>Vieta:<\/em><\/strong> Costa Adeje, GF Victoria hotel<\/p>\n<p>\n<strong><em>Minimalus am\u017eius:<\/em><\/strong> 16 met\u0173<\/p>\n<p>\nGalimas vegetari\u0161kas meniu<\/p>\n<p>\n\u012e platinin\u012f biliet\u0105 \u012feina taur\u0117 vyno \/ nealkoholinio g\u0117rimo ir tapas.<\/p>\n<p>","protected":false},"excerpt":{"rendered":"<div>\n<p>Pompasti\u0161kas kabareto spektaklis, si\u016blantis prabangias ir dr\u0105sias pramogas, garantuojantis nepamir\u0161tam\u0105 vakar\u0105 ir profesionali\u0173 vir\u0117j\u0173 paruo\u0161t\u0105 vakarien\u0119. <\/p>\n<p>\n<br \/>\nJei norite tik bilieto, rinkit\u0117s \u201eGolden\u201c.<br \/>\nSelect Platinum if you&#8217;d like to add drinks and tapas to the ticket.<br \/>\nTada pasirinkite suaugusi\u0173j\u0173 skai\u010di\u0173 ir pasirodymo dat\u0105.<\/p>\n<\/div>","protected":false},"featured_media":933,"template":"","meta":{"_acf_changed":false},"product_brand":[],"product_cat":[22],"product_tag":[],"class_list":{"0":"post-908","1":"product","2":"type-product","3":"status-publish","4":"has-post-thumbnail","6":"product_cat-shows","8":"first","9":"instock","10":"shipping-taxable","11":"product-type-grouped"},"acf":[],"yoast_head":"<!-- This site is optimized with the Yoast SEO plugin v25.6 - https:\/\/yoast.com\/wordpress\/plugins\/seo\/ -->\n<title>Visit Scandal Dinner Show in Tenerife - Aventura Excursions \u2013 Dazzling Night Out Awaits!<\/title>\n<meta name=\"description\" content=\"Enjoy the Scandal Dinner show in Tenerife with delicious dishes and exciting performances for an unforgettable evening! Check the reviews and prices.\" \/>\n<meta name=\"robots\" content=\"index, follow, max-snippet:-1, max-image-preview:large, max-video-preview:-1\" \/>\n<link rel=\"canonical\" href=\"https:\/\/aventura-excursions.com\/lt\/produktas\/scandal-dinner-show\/\" \/>\n<meta property=\"og:locale\" content=\"lt_LT\" \/>\n<meta property=\"og:type\" content=\"article\" \/>\n<meta property=\"og:title\" content=\"Visit Scandal Dinner Show in Tenerife - Aventura Excursions \u2013 Dazzling Night Out Awaits!\" \/>\n<meta property=\"og:description\" content=\"Enjoy the Scandal Dinner show in Tenerife with delicious dishes and exciting performances for an unforgettable evening! Check the reviews and prices.\" \/>\n<meta property=\"og:url\" content=\"https:\/\/aventura-excursions.com\/lt\/produktas\/scandal-dinner-show\/\" \/>\n<meta property=\"og:site_name\" content=\"Aventura Excursions\" \/>\n<meta property=\"article:modified_time\" content=\"2024-05-29T11:23:31+00:00\" \/>\n<meta property=\"og:image\" content=\"https:\/\/aventura-excursions.com\/wp-content\/uploads\/2024\/03\/photo_2024-03-22_16-54-041.png\" \/>\n\t<meta property=\"og:image:width\" content=\"1023\" \/>\n\t<meta property=\"og:image:height\" content=\"809\" \/>\n\t<meta property=\"og:image:type\" content=\"image\/png\" \/>\n<meta name=\"twitter:card\" content=\"summary_large_image\" \/>\n<meta name=\"twitter:label1\" content=\"Est. reading time\" \/>\n\t<meta name=\"twitter:data1\" content=\"1 minut\u0117\" \/>\n<!-- \/ Yoast SEO plugin. -->","yoast_head_json":{"title":"Visit Scandal Dinner Show in Tenerife - Aventura Excursions \u2013 Dazzling Night Out Awaits!","description":"Enjoy the Scandal Dinner show in Tenerife with delicious dishes and exciting performances for an unforgettable evening! Check the reviews and prices.","robots":{"index":"index","follow":"follow","max-snippet":"max-snippet:-1","max-image-preview":"max-image-preview:large","max-video-preview":"max-video-preview:-1"},"canonical":"https:\/\/aventura-excursions.com\/lt\/produktas\/scandal-dinner-show\/","og_locale":"lt_LT","og_type":"article","og_title":"Visit Scandal Dinner Show in Tenerife - Aventura Excursions \u2013 Dazzling Night Out Awaits!","og_description":"Enjoy the Scandal Dinner show in Tenerife with delicious dishes and exciting performances for an unforgettable evening! Check the reviews and prices.","og_url":"https:\/\/aventura-excursions.com\/lt\/produktas\/scandal-dinner-show\/","og_site_name":"Aventura Excursions","article_modified_time":"2024-05-29T11:23:31+00:00","og_image":[{"width":1023,"height":809,"url":"https:\/\/aventura-excursions.com\/wp-content\/uploads\/2024\/03\/photo_2024-03-22_16-54-041.png","type":"image\/png"}],"twitter_card":"summary_large_image","twitter_misc":{"Est. reading time":"1 minut\u0117"},"schema":{"@context":"https:\/\/schema.org","@graph":[{"@type":"WebPage","@id":"https:\/\/aventura-excursions.com\/product\/scandal-dinner-show\/","url":"https:\/\/aventura-excursions.com\/product\/scandal-dinner-show\/","name":"Visit Scandal Dinner Show in Tenerife - Aventura Excursions \u2013 Dazzling Night Out Awaits!","isPartOf":{"@id":"https:\/\/aventura-excursions.com\/#website"},"primaryImageOfPage":{"@id":"https:\/\/aventura-excursions.com\/product\/scandal-dinner-show\/#primaryimage"},"image":{"@id":"https:\/\/aventura-excursions.com\/product\/scandal-dinner-show\/#primaryimage"},"thumbnailUrl":"https:\/\/aventura-excursions.com\/wp-content\/uploads\/2024\/03\/photo_2024-03-22_16-54-041.png","datePublished":"2024-03-23T22:22:56+00:00","dateModified":"2024-05-29T11:23:31+00:00","description":"Enjoy the Scandal Dinner show in Tenerife with delicious dishes and exciting performances for an unforgettable evening! Check the reviews and prices.","breadcrumb":{"@id":"https:\/\/aventura-excursions.com\/product\/scandal-dinner-show\/#breadcrumb"},"inLanguage":"lt-LT","potentialAction":[{"@type":"ReadAction","target":["https:\/\/aventura-excursions.com\/product\/scandal-dinner-show\/"]}]},{"@type":"ImageObject","inLanguage":"lt-LT","@id":"https:\/\/aventura-excursions.com\/product\/scandal-dinner-show\/#primaryimage","url":"https:\/\/aventura-excursions.com\/wp-content\/uploads\/2024\/03\/photo_2024-03-22_16-54-041.png","contentUrl":"https:\/\/aventura-excursions.com\/wp-content\/uploads\/2024\/03\/photo_2024-03-22_16-54-041.png","width":1023,"height":809},{"@type":"BreadcrumbList","@id":"https:\/\/aventura-excursions.com\/product\/scandal-dinner-show\/#breadcrumb","itemListElement":[{"@type":"ListItem","position":1,"name":"Tours","item":"https:\/\/aventura-excursions.com\/tours\/"},{"@type":"ListItem","position":2,"name":"Scandal Dinner Show"}]},{"@type":"WebSite","@id":"https:\/\/aventura-excursions.com\/#website","url":"https:\/\/aventura-excursions.com\/","name":"Aventura Excursions","description":"Aventura Excursions","potentialAction":[{"@type":"SearchAction","target":{"@type":"EntryPoint","urlTemplate":"https:\/\/aventura-excursions.com\/?s={search_term_string}"},"query-input":{"@type":"PropertyValueSpecification","valueRequired":true,"valueName":"search_term_string"}}],"inLanguage":"lt-LT"}]}},"_links":{"self":[{"href":"https:\/\/aventura-excursions.com\/lt\/wp-json\/wp\/v2\/product\/908","targetHints":{"allow":["GET"]}}],"collection":[{"href":"https:\/\/aventura-excursions.com\/lt\/wp-json\/wp\/v2\/product"}],"about":[{"href":"https:\/\/aventura-excursions.com\/lt\/wp-json\/wp\/v2\/types\/product"}],"wp:featuredmedia":[{"embeddable":true,"href":"https:\/\/aventura-excursions.com\/lt\/wp-json\/wp\/v2\/media\/933"}],"wp:attachment":[{"href":"https:\/\/aventura-excursions.com\/lt\/wp-json\/wp\/v2\/media?parent=908"}],"wp:term":[{"taxonomy":"product_brand","embeddable":true,"href":"https:\/\/aventura-excursions.com\/lt\/wp-json\/wp\/v2\/product_brand?post=908"},{"taxonomy":"product_cat","embeddable":true,"href":"https:\/\/aventura-excursions.com\/lt\/wp-json\/wp\/v2\/product_cat?post=908"},{"taxonomy":"product_tag","embeddable":true,"href":"https:\/\/aventura-excursions.com\/lt\/wp-json\/wp\/v2\/product_tag?post=908"}],"curies":[{"name":"wp","href":"https:\/\/api.w.org\/{rel}","templated":true}]}}