{"id":942,"date":"2024-03-24T20:38:20","date_gmt":"2024-03-24T17:38:20","guid":{"rendered":"https:\/\/aventura-excursions.com\/?post_type=product&#038;p=942"},"modified":"2024-05-29T16:56:44","modified_gmt":"2024-05-29T13:56:44","slug":"surfing","status":"publish","type":"product","link":"https:\/\/aventura-excursions.com\/lt\/produktas\/surfing\/","title":{"rendered":"Surf"},"content":{"rendered":"<h3>Apra\u0161ymas<\/h3>\n<p>\nM\u016bs\u0173 pamokos, idealiai tinkan\u010dios vis\u0173 \u012fg\u016bd\u017ei\u0173 lygi\u0173 \u017emon\u0117ms, yra skirtos pad\u0117ti jums pajusti banglen\u010di\u0173 sport\u0105 saugioje ir palankioje aplinkoje. M\u016bs\u0173 sertifikuoti banglen\u010di\u0173 sporto instruktoriai teikia asmenines rekomendacijas, kad greitai pakiltum\u0117te ir \u012fveiktum\u0117te pirm\u0105j\u0105 bang\u0105.<\/p>\n<p>\nTai 2,5 val. trukm\u0117s pamoka, kuri\u0105 sudaro teorija, praktika ant vandens ir praktikos metu padaryt\u0173 klaid\u0173 nuotraukose analiz\u0117. Banglen\u010di\u0173 sporto mokykla \u012fsik\u016brusi Las Americas turistin\u0117s zonos viduryje, i\u0161 jos lengva patekti prie vandens. Puiki aplinka, draugi\u0161kas instruktorius ir puik\u016bs nuotykiai ant bang\u0173 pavers tai smagia ir nepamir\u0161tama patirtimi kiekvienam!<\/p>\n<p>\n<\/p>\n<h3>Lankytinos vietos<\/h3>\n<ul>\n<li>Geriausia vieta banglen\u010di\u0173 sportui pietuose<\/li>\n<li>Bangos i\u0161tisus metus<\/li>\n<li>Profesionalus instruktorius<\/li>\n<li>Puikios b\u016bkl\u0117s \u012franga<\/li>\n<\/ul>\n<p>\n<\/p>\n<h3>Detal\u0117s<\/h3>\n<p>\nSusitikimo vieta Las Americas <br \/>\nDarbo valandos: nuo 07:00 iki 16:00 <br \/>\nNeopreno kostiumai ir draudimas \u012fskai\u010diuoti \u012f kain\u0105 <\/p>","protected":false},"excerpt":{"rendered":"<div>\nGaudykite bangas per m\u016bs\u0173 banglen\u010di\u0173 sporto pamokas ir atraskite \u0161io jaudinan\u010dio sporto d\u017eiaugsm\u0105! Idealiai tinka \u012fvairaus am\u017eiaus ir \u012fg\u016bd\u017ei\u0173 lygio \u017emon\u0117ms.<\/p>\n<p>\n<br \/>\nPasirinkite pamok\u0173 skai\u010di\u0173 ir pirmosios pamokos dat\u0105.\n<\/div>","protected":false},"featured_media":948,"template":"","meta":{"_acf_changed":false},"product_brand":[],"product_cat":[21],"product_tag":[],"class_list":{"0":"post-942","1":"product","2":"type-product","3":"status-publish","4":"has-post-thumbnail","6":"product_cat-activities","8":"first","9":"instock","10":"sale","11":"shipping-taxable","12":"product-type-grouped"},"acf":[],"yoast_head":"<!-- This site is optimized with the Yoast SEO plugin v25.6 - https:\/\/yoast.com\/wordpress\/plugins\/seo\/ -->\n<title>Surfing Lessons in Tenerife - Aventura Excursions - Book Your Surf Adventure Now!<\/title>\n<meta name=\"description\" content=\"Join our surfing lessons in Tenerife. Check reviews and prices. Perfect for all ages and skill levels with professional instructors and year-round waves\" \/>\n<meta name=\"robots\" content=\"index, follow, max-snippet:-1, max-image-preview:large, max-video-preview:-1\" \/>\n<link rel=\"canonical\" href=\"https:\/\/aventura-excursions.com\/lt\/produktas\/surfing\/\" \/>\n<meta property=\"og:locale\" content=\"lt_LT\" \/>\n<meta property=\"og:type\" content=\"article\" \/>\n<meta property=\"og:title\" content=\"Surfing Lessons in Tenerife - Aventura Excursions - Book Your Surf Adventure Now!\" \/>\n<meta property=\"og:description\" content=\"Join our surfing lessons in Tenerife. Check reviews and prices. Perfect for all ages and skill levels with professional instructors and year-round waves\" \/>\n<meta property=\"og:url\" content=\"https:\/\/aventura-excursions.com\/lt\/produktas\/surfing\/\" \/>\n<meta property=\"og:site_name\" content=\"Aventura Excursions\" \/>\n<meta property=\"article:modified_time\" content=\"2024-05-29T13:56:44+00:00\" \/>\n<meta property=\"og:image\" content=\"https:\/\/aventura-excursions.com\/wp-content\/uploads\/2024\/03\/Image008f1.png\" \/>\n\t<meta property=\"og:image:width\" content=\"964\" \/>\n\t<meta property=\"og:image:height\" content=\"620\" \/>\n\t<meta property=\"og:image:type\" content=\"image\/png\" \/>\n<meta name=\"twitter:card\" content=\"summary_large_image\" \/>\n<meta name=\"twitter:label1\" content=\"Est. reading time\" \/>\n\t<meta name=\"twitter:data1\" content=\"1 minut\u0117\" \/>\n<!-- \/ Yoast SEO plugin. -->","yoast_head_json":{"title":"Surfing Lessons in Tenerife - Aventura Excursions - Book Your Surf Adventure Now!","description":"Join our surfing lessons in Tenerife. Check reviews and prices. Perfect for all ages and skill levels with professional instructors and year-round waves","robots":{"index":"index","follow":"follow","max-snippet":"max-snippet:-1","max-image-preview":"max-image-preview:large","max-video-preview":"max-video-preview:-1"},"canonical":"https:\/\/aventura-excursions.com\/lt\/produktas\/surfing\/","og_locale":"lt_LT","og_type":"article","og_title":"Surfing Lessons in Tenerife - Aventura Excursions - Book Your Surf Adventure Now!","og_description":"Join our surfing lessons in Tenerife. Check reviews and prices. Perfect for all ages and skill levels with professional instructors and year-round waves","og_url":"https:\/\/aventura-excursions.com\/lt\/produktas\/surfing\/","og_site_name":"Aventura Excursions","article_modified_time":"2024-05-29T13:56:44+00:00","og_image":[{"width":964,"height":620,"url":"https:\/\/aventura-excursions.com\/wp-content\/uploads\/2024\/03\/Image008f1.png","type":"image\/png"}],"twitter_card":"summary_large_image","twitter_misc":{"Est. reading time":"1 minut\u0117"},"schema":{"@context":"https:\/\/schema.org","@graph":[{"@type":"WebPage","@id":"https:\/\/aventura-excursions.com\/product\/surfing\/","url":"https:\/\/aventura-excursions.com\/product\/surfing\/","name":"Surfing Lessons in Tenerife - Aventura Excursions - Book Your Surf Adventure Now!","isPartOf":{"@id":"https:\/\/aventura-excursions.com\/#website"},"primaryImageOfPage":{"@id":"https:\/\/aventura-excursions.com\/product\/surfing\/#primaryimage"},"image":{"@id":"https:\/\/aventura-excursions.com\/product\/surfing\/#primaryimage"},"thumbnailUrl":"https:\/\/aventura-excursions.com\/wp-content\/uploads\/2024\/03\/Image008f1.png","datePublished":"2024-03-24T17:38:20+00:00","dateModified":"2024-05-29T13:56:44+00:00","description":"Join our surfing lessons in Tenerife. Check reviews and prices. Perfect for all ages and skill levels with professional instructors and year-round waves","breadcrumb":{"@id":"https:\/\/aventura-excursions.com\/product\/surfing\/#breadcrumb"},"inLanguage":"lt-LT","potentialAction":[{"@type":"ReadAction","target":["https:\/\/aventura-excursions.com\/product\/surfing\/"]}]},{"@type":"ImageObject","inLanguage":"lt-LT","@id":"https:\/\/aventura-excursions.com\/product\/surfing\/#primaryimage","url":"https:\/\/aventura-excursions.com\/wp-content\/uploads\/2024\/03\/Image008f1.png","contentUrl":"https:\/\/aventura-excursions.com\/wp-content\/uploads\/2024\/03\/Image008f1.png","width":964,"height":620},{"@type":"BreadcrumbList","@id":"https:\/\/aventura-excursions.com\/product\/surfing\/#breadcrumb","itemListElement":[{"@type":"ListItem","position":1,"name":"Tours","item":"https:\/\/aventura-excursions.com\/tours\/"},{"@type":"ListItem","position":2,"name":"Surfing"}]},{"@type":"WebSite","@id":"https:\/\/aventura-excursions.com\/#website","url":"https:\/\/aventura-excursions.com\/","name":"Aventura Excursions","description":"Aventura Excursions","potentialAction":[{"@type":"SearchAction","target":{"@type":"EntryPoint","urlTemplate":"https:\/\/aventura-excursions.com\/?s={search_term_string}"},"query-input":{"@type":"PropertyValueSpecification","valueRequired":true,"valueName":"search_term_string"}}],"inLanguage":"lt-LT"}]}},"_links":{"self":[{"href":"https:\/\/aventura-excursions.com\/lt\/wp-json\/wp\/v2\/product\/942","targetHints":{"allow":["GET"]}}],"collection":[{"href":"https:\/\/aventura-excursions.com\/lt\/wp-json\/wp\/v2\/product"}],"about":[{"href":"https:\/\/aventura-excursions.com\/lt\/wp-json\/wp\/v2\/types\/product"}],"wp:featuredmedia":[{"embeddable":true,"href":"https:\/\/aventura-excursions.com\/lt\/wp-json\/wp\/v2\/media\/948"}],"wp:attachment":[{"href":"https:\/\/aventura-excursions.com\/lt\/wp-json\/wp\/v2\/media?parent=942"}],"wp:term":[{"taxonomy":"product_brand","embeddable":true,"href":"https:\/\/aventura-excursions.com\/lt\/wp-json\/wp\/v2\/product_brand?post=942"},{"taxonomy":"product_cat","embeddable":true,"href":"https:\/\/aventura-excursions.com\/lt\/wp-json\/wp\/v2\/product_cat?post=942"},{"taxonomy":"product_tag","embeddable":true,"href":"https:\/\/aventura-excursions.com\/lt\/wp-json\/wp\/v2\/product_tag?post=942"}],"curies":[{"name":"wp","href":"https:\/\/api.w.org\/{rel}","templated":true}]}}