{"id":956,"date":"2024-03-25T02:28:45","date_gmt":"2024-03-24T23:28:45","guid":{"rendered":"https:\/\/aventura-excursions.com\/?post_type=product&#038;p=956"},"modified":"2024-05-29T13:13:08","modified_gmt":"2024-05-29T10:13:08","slug":"paragliding","status":"publish","type":"product","link":"https:\/\/aventura-excursions.com\/lt\/produktas\/paragliding\/","title":{"rendered":"Parasparnis"},"content":{"rendered":"<h3>Apra\u0161ymas<\/h3>\n<p>\nLive your dreams and fly over the best landscapes in Tenerife! Get a dose of adrenaline from seeing Tenerife from a bird&#8217;s point of view. This unique experience, guided by an experienced instructor, will be the greatest memory of your vacation in Tenerife. We will pick you up from the hotel, if necessary, and head to the starting point. Once in the air, you will be amazed by the wonderful landscapes of Tenerife. The pilot will point out key landmarks and search for thermal currents to extend the duration of the flight.<\/p>\n<p>\n<\/p>\n<h3>Lankytinos vietos<\/h3>\n<ul>\n<li>Skryd\u017eiai 10-30 min<\/li>\n<li>\u012esp\u016bdingi vaizdai<\/li>\n<li>Profesionalus pilotas<\/li>\n<\/ul>\n<p><\/p>\n<h3>Detal\u0117s<\/h3>\n<p>\n<strong>Trukm\u0117:<\/strong><br \/>\nSilver Flight &#8211; 10-20 min<br \/>\nGolden Flight &#8211; 20-25 min<br \/>\nPlatinum Flight &#8211; 25-30 min (also includes acrobatic maneuvers)<\/p>\n<p>\n\u012e kolekcij\u0105 \u012feina<br \/>\nI\u0161silaipinimas La Caleta papl\u016bdimyje<br \/>\nPrad\u017eios laikas: 10:00, 12:00, 14:00, 16:00 <br \/>\nDid\u017eiausias svoris: 110 kg<\/p>\n<p>\n<\/p>\n<h3>Reklamin\u0117 pakuot\u0117: ADRENALINO PAKETAS<\/h3>\n<p>\nBook now for an action-packed journey through Tenerife&#8217;s land, sea, and sky! This fantastic package includes all you need to experience adrenaline rush and explore Tenerife from different perspectives: paragliding, <a href=\"https:\/\/aventura-excursions.com\/lt\/produktas\/diving-for-beginners\/\"><strong><em>try dive<\/em><\/strong><\/a> ir <strong><em><a href=\"https:\/\/aventura-excursions.com\/lt\/produktas\/kayaking-snorkeling\/\">ekskursij\u0105 baidar\u0117mis<\/a><\/em><\/strong>.<\/p>\n<p>Daugiau informacijos rasite \u010dia: <a href=\"https:\/\/aventura-excursions.com\/lt\/produktas\/adrenaline-pack\/\"><strong><em>Adrenalino paketas<\/em><\/strong><\/a><\/p>","protected":false},"excerpt":{"rendered":"<div>\n<p>Experience the thrill of flying over Tenerife&#8217;s stunning landscapes with an experienced instructor, creat\u0435 unforgettable vacation memories as you marvel at the island&#8217;s beauty from a bird&#8217;s-eye view. <\/p>\n<p>\n<br \/>\nPasirinkite skryd\u012f ir dat\u0105.\n<\/div>","protected":false},"featured_media":961,"template":"","meta":{"_acf_changed":false},"product_brand":[],"product_cat":[21],"product_tag":[],"class_list":{"0":"post-956","1":"product","2":"type-product","3":"status-publish","4":"has-post-thumbnail","6":"product_cat-activities","8":"first","9":"instock","10":"sale","11":"shipping-taxable","12":"product-type-grouped"},"acf":[],"yoast_head":"<!-- This site is optimized with the Yoast SEO plugin v25.6 - https:\/\/yoast.com\/wordpress\/plugins\/seo\/ -->\n<title>Paragliding Tandem in Tenerife - Aventura Excursions | Book Now for Best Prices!<\/title>\n<meta name=\"description\" content=\"Experience tandem paragliding over Tenerife&#039;s stunning landscapes. Check reviews and prices. Fly with professional pilots and create unforgettable memories.\" \/>\n<meta name=\"robots\" content=\"index, follow, max-snippet:-1, max-image-preview:large, max-video-preview:-1\" \/>\n<link rel=\"canonical\" href=\"https:\/\/aventura-excursions.com\/lt\/produktas\/paragliding\/\" \/>\n<meta property=\"og:locale\" content=\"lt_LT\" \/>\n<meta property=\"og:type\" content=\"article\" \/>\n<meta property=\"og:title\" content=\"Paragliding Tandem in Tenerife - Aventura Excursions | Book Now for Best Prices!\" \/>\n<meta property=\"og:description\" content=\"Experience tandem paragliding over Tenerife&#039;s stunning landscapes. Check reviews and prices. Fly with professional pilots and create unforgettable memories.\" \/>\n<meta property=\"og:url\" content=\"https:\/\/aventura-excursions.com\/lt\/produktas\/paragliding\/\" \/>\n<meta property=\"og:site_name\" content=\"Aventura Excursions\" \/>\n<meta property=\"article:modified_time\" content=\"2024-05-29T10:13:08+00:00\" \/>\n<meta property=\"og:image\" content=\"https:\/\/aventura-excursions.com\/wp-content\/uploads\/2024\/03\/photo_2024-03-24_23-51-19.jpg\" \/>\n\t<meta property=\"og:image:width\" content=\"1280\" \/>\n\t<meta property=\"og:image:height\" content=\"1280\" \/>\n\t<meta property=\"og:image:type\" content=\"image\/jpeg\" \/>\n<meta name=\"twitter:card\" content=\"summary_large_image\" \/>\n<meta name=\"twitter:label1\" content=\"Est. reading time\" \/>\n\t<meta name=\"twitter:data1\" content=\"2 minut\u0117s\" \/>\n<!-- \/ Yoast SEO plugin. -->","yoast_head_json":{"title":"Paragliding Tandem in Tenerife - Aventura Excursions | Book Now for Best Prices!","description":"Experience tandem paragliding over Tenerife's stunning landscapes. Check reviews and prices. Fly with professional pilots and create unforgettable memories.","robots":{"index":"index","follow":"follow","max-snippet":"max-snippet:-1","max-image-preview":"max-image-preview:large","max-video-preview":"max-video-preview:-1"},"canonical":"https:\/\/aventura-excursions.com\/lt\/produktas\/paragliding\/","og_locale":"lt_LT","og_type":"article","og_title":"Paragliding Tandem in Tenerife - Aventura Excursions | Book Now for Best Prices!","og_description":"Experience tandem paragliding over Tenerife's stunning landscapes. Check reviews and prices. Fly with professional pilots and create unforgettable memories.","og_url":"https:\/\/aventura-excursions.com\/lt\/produktas\/paragliding\/","og_site_name":"Aventura Excursions","article_modified_time":"2024-05-29T10:13:08+00:00","og_image":[{"width":1280,"height":1280,"url":"https:\/\/aventura-excursions.com\/wp-content\/uploads\/2024\/03\/photo_2024-03-24_23-51-19.jpg","type":"image\/jpeg"}],"twitter_card":"summary_large_image","twitter_misc":{"Est. reading time":"2 minut\u0117s"},"schema":{"@context":"https:\/\/schema.org","@graph":[{"@type":"WebPage","@id":"https:\/\/aventura-excursions.com\/product\/paragliding\/","url":"https:\/\/aventura-excursions.com\/product\/paragliding\/","name":"Paragliding Tandem in Tenerife - Aventura Excursions | Book Now for Best Prices!","isPartOf":{"@id":"https:\/\/aventura-excursions.com\/#website"},"primaryImageOfPage":{"@id":"https:\/\/aventura-excursions.com\/product\/paragliding\/#primaryimage"},"image":{"@id":"https:\/\/aventura-excursions.com\/product\/paragliding\/#primaryimage"},"thumbnailUrl":"https:\/\/aventura-excursions.com\/wp-content\/uploads\/2024\/03\/photo_2024-03-24_23-51-19.jpg","datePublished":"2024-03-24T23:28:45+00:00","dateModified":"2024-05-29T10:13:08+00:00","description":"Experience tandem paragliding over Tenerife's stunning landscapes. Check reviews and prices. Fly with professional pilots and create unforgettable memories.","breadcrumb":{"@id":"https:\/\/aventura-excursions.com\/product\/paragliding\/#breadcrumb"},"inLanguage":"lt-LT","potentialAction":[{"@type":"ReadAction","target":["https:\/\/aventura-excursions.com\/product\/paragliding\/"]}]},{"@type":"ImageObject","inLanguage":"lt-LT","@id":"https:\/\/aventura-excursions.com\/product\/paragliding\/#primaryimage","url":"https:\/\/aventura-excursions.com\/wp-content\/uploads\/2024\/03\/photo_2024-03-24_23-51-19.jpg","contentUrl":"https:\/\/aventura-excursions.com\/wp-content\/uploads\/2024\/03\/photo_2024-03-24_23-51-19.jpg","width":1280,"height":1280},{"@type":"BreadcrumbList","@id":"https:\/\/aventura-excursions.com\/product\/paragliding\/#breadcrumb","itemListElement":[{"@type":"ListItem","position":1,"name":"Tours","item":"https:\/\/aventura-excursions.com\/tours\/"},{"@type":"ListItem","position":2,"name":"Paragliding"}]},{"@type":"WebSite","@id":"https:\/\/aventura-excursions.com\/#website","url":"https:\/\/aventura-excursions.com\/","name":"Aventura Excursions","description":"Aventura Excursions","potentialAction":[{"@type":"SearchAction","target":{"@type":"EntryPoint","urlTemplate":"https:\/\/aventura-excursions.com\/?s={search_term_string}"},"query-input":{"@type":"PropertyValueSpecification","valueRequired":true,"valueName":"search_term_string"}}],"inLanguage":"lt-LT"}]}},"_links":{"self":[{"href":"https:\/\/aventura-excursions.com\/lt\/wp-json\/wp\/v2\/product\/956","targetHints":{"allow":["GET"]}}],"collection":[{"href":"https:\/\/aventura-excursions.com\/lt\/wp-json\/wp\/v2\/product"}],"about":[{"href":"https:\/\/aventura-excursions.com\/lt\/wp-json\/wp\/v2\/types\/product"}],"wp:featuredmedia":[{"embeddable":true,"href":"https:\/\/aventura-excursions.com\/lt\/wp-json\/wp\/v2\/media\/961"}],"wp:attachment":[{"href":"https:\/\/aventura-excursions.com\/lt\/wp-json\/wp\/v2\/media?parent=956"}],"wp:term":[{"taxonomy":"product_brand","embeddable":true,"href":"https:\/\/aventura-excursions.com\/lt\/wp-json\/wp\/v2\/product_brand?post=956"},{"taxonomy":"product_cat","embeddable":true,"href":"https:\/\/aventura-excursions.com\/lt\/wp-json\/wp\/v2\/product_cat?post=956"},{"taxonomy":"product_tag","embeddable":true,"href":"https:\/\/aventura-excursions.com\/lt\/wp-json\/wp\/v2\/product_tag?post=956"}],"curies":[{"name":"wp","href":"https:\/\/api.w.org\/{rel}","templated":true}]}}