{"id":970,"date":"2024-03-25T18:46:45","date_gmt":"2024-03-25T15:46:45","guid":{"rendered":"https:\/\/aventura-excursions.com\/?post_type=product&#038;p=970"},"modified":"2024-05-31T15:48:21","modified_gmt":"2024-05-31T12:48:21","slug":"twin-ticket","status":"publish","type":"product","link":"https:\/\/aventura-excursions.com\/lt\/produktas\/twin-ticket\/","title":{"rendered":"Dvigubas bilietas"},"content":{"rendered":"<h3>Apra\u0161ymas<\/h3>\n<p>\nApsilankykite garsiausiuose Tenerif\u0117s pramog\u0173 parkuose su nuolaida!<\/p>\n<p>\nU\u017esisakykite <a href=\"https:\/\/aventura-excursions.com\/lt\/produktas\/loro-park\/\"><strong><em>Loro Park<\/em><\/strong><\/a> ir <a href=\"https:\/\/aventura-excursions.com\/lt\/produktas\/siam-park\/\"><strong><em>Siam Park<\/em><\/strong><\/a> together and get a Twin ticket with a 10 euros discount. Choose two separate days to visit the parks and enjoy Tenerife&#8217;s top attractions, so famous in the whole world.<\/p>\n<h3><\/h3>\n<h3>Lankytinos vietos<\/h3>\n<ul>\n<li><a href=\"https:\/\/aventura-excursions.com\/lt\/produktas\/siam-park\/\"><strong><em>Siam Park:<\/em><\/strong><\/a> Nr. 1 vandens parkas Europoje<\/li>\n<li><strong><em><a href=\"https:\/\/aventura-excursions.com\/lt\/produktas\/loro-park\/\">Loro Park:<\/a><\/em><\/strong> garsus zoologijos sodas su ork\u0173 \u0161ou<\/li>\n<\/ul>\n<h3>Detal\u0117s<\/h3>\n<p>\n<strong><em>Siam Park<\/em><\/strong><\/p>\n<p>\nDarbo laikas vasar\u0105: 10:00-18:00<br \/>\nWinter opening hours: 10:00 &#8211; 17:00<br \/>\nVieta: \u012f pietus nuo Tenerif\u0117s<\/p>\n<p>\n<strong><em>Loro Park<\/em><\/strong><\/p>\n<p>\nDarbo laikas: 09:30 - 17:30 <br \/>\nVieta: \u012f \u0161iaur\u0119 nuo Tenerif\u0117s<\/p>\n<h3>Transporto<\/h3>\n<p>Kad b\u016bt\u0173 lengviau suplanuoti kelion\u0119, si\u016blome Siam autobus\u0105 i\u0161 Puerto de la Cruz ir Loro autobus\u0105 i\u0161 pietini\u0173 turistini\u0173 kaimeli\u0173 (Las Americas, Los Cristianos ir kt.).<\/p>\n<p>U\u017esisakykite <strong>Dvigubas bilietas + autobusas \u012f Siam park<\/strong>, jei gyvenate Puerto de La Cruz.<br \/>\n<br \/>U\u017esisakykite <strong>Dvigubas bilietas + autobusas \u012f Loro Park<\/strong>, jei gyvenate pietuose.<\/p>\n<p> \u012e Siamo park\u0105 pietuose va\u017eiuoja nemokamas autobusas.<\/p>\n<p class=\" translation-block\">Pas mus taip pat galite <a href=\"https:\/\/aventura-excursions.com\/lt\/produktas\/rent-a-car\/\" target=\"_self\"><strong><em>i\u0161sinuomoti automobil\u012f<\/em><\/strong><\/a> ir \u012f parkus vykti savaranki\u0161kai. Vienintelis nepatogumas gali b\u016bti pilna automobili\u0173 stov\u0117jimo aik\u0161tel\u0117 d\u0117l didelio abiej\u0173 park\u0173 populiarumo.<\/p>","protected":false},"excerpt":{"rendered":"<div>\n<p>\nVisit Loro Park and Siam park in two days with a discount! It&#8217;s a perfect opportunity to discover a water park and a zoo that have gained worldwide fame.<\/p>\n<p>Pirmiausia pasirinkite, ar perkate biliet\u0105 vienas, ar jums reikia pers\u0117dimo. Jei esate \u0161iaur\u0117je, rinkit\u0117s dvigub\u0105 biliet\u0105 + Siamo autobus\u0105. Jei esate pietuose, rinkit\u0117s dvigub\u0105 biliet\u0105 + Loro autobus\u0105.<\/p>\n<p>Tada pasirinkite suaugusi\u0173j\u0173, vaik\u0173 ir k\u016bdiki\u0173 skai\u010di\u0173.\n<\/p><\/div>","protected":false},"featured_media":1010,"template":"","meta":{"_acf_changed":false},"product_brand":[],"product_cat":[20],"product_tag":[140,139,141,138,137],"class_list":{"0":"post-970","1":"product","2":"type-product","3":"status-publish","4":"has-post-thumbnail","6":"product_cat-parks","7":"product_tag-buy-twin-ticket","8":"product_tag-entrance-loro-siam-tenerife","9":"product_tag-loro-siam-with-discount","10":"product_tag-ticket-loro-siam","11":"product_tag-twin-ticket-tenerife","13":"first","14":"instock","15":"shipping-taxable","16":"product-type-grouped"},"acf":[],"yoast_head":"<!-- This site is optimized with the Yoast SEO plugin v25.6 - https:\/\/yoast.com\/wordpress\/plugins\/seo\/ -->\n<title>Twin Ticket: Loro Park &amp; Siam Park - Aventura Excursions - Book Now and Save!<\/title>\n<meta name=\"description\" content=\"Visit Loro Park and Siam Park in Tenerife with a Twin Ticket. Check reviews, prices, and ratings. Enjoy a discounted visit to the top water park and zoo.\" \/>\n<meta name=\"robots\" content=\"index, follow, max-snippet:-1, max-image-preview:large, max-video-preview:-1\" \/>\n<link rel=\"canonical\" href=\"https:\/\/aventura-excursions.com\/lt\/produktas\/twin-ticket\/\" \/>\n<meta property=\"og:locale\" content=\"lt_LT\" \/>\n<meta property=\"og:type\" content=\"article\" \/>\n<meta property=\"og:title\" content=\"Twin Ticket: Loro Park &amp; Siam Park - Aventura Excursions - Book Now and Save!\" \/>\n<meta property=\"og:description\" content=\"Visit Loro Park and Siam Park in Tenerife with a Twin Ticket. Check reviews, prices, and ratings. Enjoy a discounted visit to the top water park and zoo.\" \/>\n<meta property=\"og:url\" content=\"https:\/\/aventura-excursions.com\/lt\/produktas\/twin-ticket\/\" \/>\n<meta property=\"og:site_name\" content=\"Aventura Excursions\" \/>\n<meta property=\"article:modified_time\" content=\"2024-05-31T12:48:21+00:00\" \/>\n<meta property=\"og:image\" content=\"https:\/\/aventura-excursions.com\/wp-content\/uploads\/2024\/03\/556497_3d6f7a69449a4886b6fa728165c335a2mv2.webp\" \/>\n\t<meta property=\"og:image:width\" content=\"420\" \/>\n\t<meta property=\"og:image:height\" content=\"304\" \/>\n\t<meta property=\"og:image:type\" content=\"image\/webp\" \/>\n<meta name=\"twitter:card\" content=\"summary_large_image\" \/>\n<meta name=\"twitter:label1\" content=\"Est. reading time\" \/>\n\t<meta name=\"twitter:data1\" content=\"2 minut\u0117s\" \/>\n<!-- \/ Yoast SEO plugin. -->","yoast_head_json":{"title":"Twin Ticket: Loro Park & Siam Park - Aventura Excursions - Book Now and Save!","description":"Visit Loro Park and Siam Park in Tenerife with a Twin Ticket. Check reviews, prices, and ratings. Enjoy a discounted visit to the top water park and zoo.","robots":{"index":"index","follow":"follow","max-snippet":"max-snippet:-1","max-image-preview":"max-image-preview:large","max-video-preview":"max-video-preview:-1"},"canonical":"https:\/\/aventura-excursions.com\/lt\/produktas\/twin-ticket\/","og_locale":"lt_LT","og_type":"article","og_title":"Twin Ticket: Loro Park & Siam Park - Aventura Excursions - Book Now and Save!","og_description":"Visit Loro Park and Siam Park in Tenerife with a Twin Ticket. Check reviews, prices, and ratings. Enjoy a discounted visit to the top water park and zoo.","og_url":"https:\/\/aventura-excursions.com\/lt\/produktas\/twin-ticket\/","og_site_name":"Aventura Excursions","article_modified_time":"2024-05-31T12:48:21+00:00","og_image":[{"width":420,"height":304,"url":"https:\/\/aventura-excursions.com\/wp-content\/uploads\/2024\/03\/556497_3d6f7a69449a4886b6fa728165c335a2mv2.webp","type":"image\/webp"}],"twitter_card":"summary_large_image","twitter_misc":{"Est. reading time":"2 minut\u0117s"},"schema":{"@context":"https:\/\/schema.org","@graph":[{"@type":"WebPage","@id":"https:\/\/aventura-excursions.com\/product\/twin-ticket\/","url":"https:\/\/aventura-excursions.com\/product\/twin-ticket\/","name":"Twin Ticket: Loro Park & Siam Park - Aventura Excursions - Book Now and Save!","isPartOf":{"@id":"https:\/\/aventura-excursions.com\/#website"},"primaryImageOfPage":{"@id":"https:\/\/aventura-excursions.com\/product\/twin-ticket\/#primaryimage"},"image":{"@id":"https:\/\/aventura-excursions.com\/product\/twin-ticket\/#primaryimage"},"thumbnailUrl":"https:\/\/aventura-excursions.com\/wp-content\/uploads\/2024\/03\/556497_3d6f7a69449a4886b6fa728165c335a2mv2.webp","datePublished":"2024-03-25T15:46:45+00:00","dateModified":"2024-05-31T12:48:21+00:00","description":"Visit Loro Park and Siam Park in Tenerife with a Twin Ticket. Check reviews, prices, and ratings. Enjoy a discounted visit to the top water park and zoo.","breadcrumb":{"@id":"https:\/\/aventura-excursions.com\/product\/twin-ticket\/#breadcrumb"},"inLanguage":"lt-LT","potentialAction":[{"@type":"ReadAction","target":["https:\/\/aventura-excursions.com\/product\/twin-ticket\/"]}]},{"@type":"ImageObject","inLanguage":"lt-LT","@id":"https:\/\/aventura-excursions.com\/product\/twin-ticket\/#primaryimage","url":"https:\/\/aventura-excursions.com\/wp-content\/uploads\/2024\/03\/556497_3d6f7a69449a4886b6fa728165c335a2mv2.webp","contentUrl":"https:\/\/aventura-excursions.com\/wp-content\/uploads\/2024\/03\/556497_3d6f7a69449a4886b6fa728165c335a2mv2.webp","width":420,"height":304},{"@type":"BreadcrumbList","@id":"https:\/\/aventura-excursions.com\/product\/twin-ticket\/#breadcrumb","itemListElement":[{"@type":"ListItem","position":1,"name":"Tours","item":"https:\/\/aventura-excursions.com\/tours\/"},{"@type":"ListItem","position":2,"name":"Twin Ticket"}]},{"@type":"WebSite","@id":"https:\/\/aventura-excursions.com\/#website","url":"https:\/\/aventura-excursions.com\/","name":"Aventura Excursions","description":"Aventura Excursions","potentialAction":[{"@type":"SearchAction","target":{"@type":"EntryPoint","urlTemplate":"https:\/\/aventura-excursions.com\/?s={search_term_string}"},"query-input":{"@type":"PropertyValueSpecification","valueRequired":true,"valueName":"search_term_string"}}],"inLanguage":"lt-LT"}]}},"_links":{"self":[{"href":"https:\/\/aventura-excursions.com\/lt\/wp-json\/wp\/v2\/product\/970","targetHints":{"allow":["GET"]}}],"collection":[{"href":"https:\/\/aventura-excursions.com\/lt\/wp-json\/wp\/v2\/product"}],"about":[{"href":"https:\/\/aventura-excursions.com\/lt\/wp-json\/wp\/v2\/types\/product"}],"wp:featuredmedia":[{"embeddable":true,"href":"https:\/\/aventura-excursions.com\/lt\/wp-json\/wp\/v2\/media\/1010"}],"wp:attachment":[{"href":"https:\/\/aventura-excursions.com\/lt\/wp-json\/wp\/v2\/media?parent=970"}],"wp:term":[{"taxonomy":"product_brand","embeddable":true,"href":"https:\/\/aventura-excursions.com\/lt\/wp-json\/wp\/v2\/product_brand?post=970"},{"taxonomy":"product_cat","embeddable":true,"href":"https:\/\/aventura-excursions.com\/lt\/wp-json\/wp\/v2\/product_cat?post=970"},{"taxonomy":"product_tag","embeddable":true,"href":"https:\/\/aventura-excursions.com\/lt\/wp-json\/wp\/v2\/product_tag?post=970"}],"curies":[{"name":"wp","href":"https:\/\/api.w.org\/{rel}","templated":true}]}}