{"id":10,"date":"2023-06-16T06:14:49","date_gmt":"2023-06-16T06:14:49","guid":{"rendered":"https:\/\/aventura-excursions.com\/?page_id=10"},"modified":"2025-09-16T14:01:37","modified_gmt":"2025-09-16T11:01:37","slug":"about","status":"publish","type":"page","link":"https:\/\/aventura-excursions.com\/pl\/about\/","title":{"rendered":"About"},"content":{"rendered":"<div class=\"about_text_img__text\">\n<p style=\"text-align: left;\">Witamy w Aventura Excursion, Twojej bramie do niezapomnianych przyg\u00f3d i wzbogacaj\u0105cych do\u015bwiadcze\u0144! Nasz\u0105 misj\u0105 jest zapewnienie Ci wyj\u0105tkowych i spersonalizowanych wycieczek, kt\u00f3re zaprezentuj\u0105 to, co najlepsze na naszej pi\u0119knej wyspie. Niezale\u017cnie od tego, czy jeste\u015b poszukiwaczem mocnych wra\u017ce\u0144, entuzjast\u0105 kultury, czy po prostu chcesz odkrywa\u0107 nowe miejsca, mamy co\u015b specjalnego dla ka\u017cdego.<\/p>\n<p>&nbsp;<\/p>\n<h2>Nasza historia<\/h2>\n<p><\/p>\n<p style=\"text-align: left;\">Za\u0142o\u017cona w 2014 roku firma Aventura Excutrsions zrodzi\u0142a si\u0119 z pasji do podr\u00f3\u017cy i g\u0142\u0119bokiej mi\u0142o\u015bci do naszej okolicy. Nasi za\u0142o\u017cyciele, Marcin G\u0142owacki i Ekaterina Lavrentyeva, marzyli o stworzeniu agencji, kt\u00f3ra nie tylko oferuje wyj\u0105tkowe wycieczki, ale tak\u017ce wspiera autentyczn\u0105 wi\u0119\u017a mi\u0119dzy podr\u00f3\u017cnikami a odwiedzanymi przez nich miejscami docelowymi. Z biegiem lat rozwin\u0119li\u015bmy si\u0119 z ma\u0142ej, lokalnej firmy w renomowan\u0105 agencj\u0119 znan\u0105 z dba\u0142o\u015bci o szczeg\u00f3\u0142y i zadowolenia klient\u00f3w.<\/p>\n<p>&nbsp;<\/p>\n<h2>Nasz zesp\u00f3\u0142<\/h2>\n<p><\/p>\n<p style=\"text-align: left;\" class=\" translation-block\">Nasz zesp\u00f3\u0142 do\u015bwiadczonych konsultant\u00f3w i ekspert\u00f3w ds. podr\u00f3\u017cy dok\u0142ada wszelkich stara\u0144, aby zapewni\u0107 Ci niesamowite wra\u017cenia od pocz\u0105tku do ko\u0144ca. Wybrali\u015bmy najlepszych organizator\u00f3w wycieczek po Teneryfie i zebrali\u015bmy dla Ciebie kilka przydatnych wskaz\u00f3wek, kt\u00f3re znajdziesz na naszym <strong><em><a href=\"https:\/\/aventura-excursions.com\/pl\/tips\/\" target=\"_self\">blogu<\/a><\/em><\/strong>. Jeste\u015bmy dumni z naszego profesjonalizmu, \u017cyczliwo\u015bci i zaanga\u017cowania, aby Twoje wakacje na Teneryfie by\u0142y niezapomniane.<\/p>\n<p>&nbsp;<\/p>\n<h2>Nasze zaanga\u017cowanie<\/h2>\n<p><\/p>\n<p style=\"text-align: left;\">Zale\u017cy nam na \u015bwiadczeniu wysokiej jako\u015bci us\u0142ug, zapewnieniu bezpiecze\u0144stwa i promowaniu zr\u00f3wnowa\u017conej turystyki. Nasze wycieczki maj\u0105 na celu zminimalizowanie wp\u0142ywu na \u015brodowisko i wspieranie lokalnych spo\u0142eczno\u015bci, zapewniaj\u0105c przysz\u0142ym pokoleniom mo\u017cliwo\u015b\u0107 dalszego korzystania z tych wspania\u0142ych miejsc.<\/p>\n<p>&nbsp;<\/p>\n<h2>Dlaczego w\u0142a\u015bnie my?<\/h2>\n<p><\/p>\n<p style=\"text-align: left;\">\u2022 Spersonalizowana obs\u0142uga: Po\u015bwi\u0119camy czas, aby zrozumie\u0107 Twoje preferencje i odpowiednio dostosowa\u0107 nasze wycieczki.<\/p>\n<p style=\"text-align: left;\">\u2022 Do\u015bwiadczeni przewodnicy: nasi kompetentni i pe\u0142ni pasji przewodnicy wzbogacaj\u0105 Twoje do\u015bwiadczenia swoj\u0105 wiedz\u0105 i entuzjazmem.<\/p>\n<p style=\"text-align: left;\">\u2022 Zadowolenie klienta: Staramy si\u0119 przekracza\u0107 Twoje oczekiwania i sprawi\u0107, aby Twoja wycieczka by\u0142a naprawd\u0119 niezapomniana.<\/p>\n<p style=\"text-align: left;\">\u2022 Zr\u00f3wnowa\u017cony rozw\u00f3j: priorytetowo traktujemy praktyki przyjazne dla \u015brodowiska i wspieramy lokalne firmy w promowaniu odpowiedzialnej turystyki.<\/p>\n<p>&nbsp;<\/p>\n<p style=\"text-align: left;\">Join us on an adventure and create lasting memories with Aventura Excursions! Let\u2019s explore the world together!<br \/>\nFeel free to contact us for more information or to book your next excursion.<\/p>\n<\/div>\n<div class=\"about_text_img__img\"><img decoding=\"async\" src=\"\/wp-content\/uploads\/2024\/05\/about_img.jpg\" alt=\"\" \/><\/div>","protected":false},"excerpt":{"rendered":"<p>Welcome to Aventura Excursions, your gateway to unforgettable adventures and enriching experiences! Our mission is to provide you with unique and personalized excursions that showcase the best our beautiful island has to offer. Whether you\u2019re a thrill-seeker, a culture enthusiast, or simply looking to explore new places, we have something special for everyone. &nbsp; Our [&hellip;]<\/p>","protected":false},"author":1,"featured_media":0,"parent":0,"menu_order":0,"comment_status":"closed","ping_status":"closed","template":"pages\/about.php","meta":{"_acf_changed":false,"footnotes":""},"class_list":["post-10","page","type-page","status-publish","hentry"],"acf":[],"yoast_head":"<!-- This site is optimized with the Yoast SEO plugin v25.6 - https:\/\/yoast.com\/wordpress\/plugins\/seo\/ -->\n<title>Unforgettable Tenerife Excursions - Aventura Excursions - Book Online for 10% Off<\/title>\n<meta name=\"description\" content=\"Discover personalized tours in Tenerife with Aventura Excursions. We organize tours in Tenerife. Our team speaks English, Spanish, German, French, Polish, and Italian.\" \/>\n<meta name=\"robots\" content=\"index, follow, max-snippet:-1, max-image-preview:large, max-video-preview:-1\" \/>\n<link rel=\"canonical\" href=\"https:\/\/aventura-excursions.com\/pl\/about\/\" \/>\n<meta property=\"og:locale\" content=\"pl_PL\" \/>\n<meta property=\"og:type\" content=\"article\" \/>\n<meta property=\"og:title\" content=\"Unforgettable Tenerife Excursions - Aventura Excursions - Book Online for 10% Off\" \/>\n<meta property=\"og:description\" content=\"Discover personalized tours in Tenerife with Aventura Excursions. We organize tours in Tenerife. Our team speaks English, Spanish, German, French, Polish, and Italian.\" \/>\n<meta property=\"og:url\" content=\"https:\/\/aventura-excursions.com\/pl\/about\/\" \/>\n<meta property=\"og:site_name\" content=\"Aventura Excursions\" \/>\n<meta property=\"article:modified_time\" content=\"2025-09-16T11:01:37+00:00\" \/>\n<meta name=\"twitter:card\" content=\"summary_large_image\" \/>\n<meta name=\"twitter:label1\" content=\"Szacowany czas czytania\" \/>\n\t<meta name=\"twitter:data1\" content=\"2 minuty\" \/>\n<!-- \/ Yoast SEO plugin. -->","yoast_head_json":{"title":"Unforgettable Tenerife Excursions - Aventura Excursions - Book Online for 10% Off","description":"Discover personalized tours in Tenerife with Aventura Excursions. We organize tours in Tenerife. Our team speaks English, Spanish, German, French, Polish, and Italian.","robots":{"index":"index","follow":"follow","max-snippet":"max-snippet:-1","max-image-preview":"max-image-preview:large","max-video-preview":"max-video-preview:-1"},"canonical":"https:\/\/aventura-excursions.com\/pl\/about\/","og_locale":"pl_PL","og_type":"article","og_title":"Unforgettable Tenerife Excursions - Aventura Excursions - Book Online for 10% Off","og_description":"Discover personalized tours in Tenerife with Aventura Excursions. We organize tours in Tenerife. Our team speaks English, Spanish, German, French, Polish, and Italian.","og_url":"https:\/\/aventura-excursions.com\/pl\/about\/","og_site_name":"Aventura Excursions","article_modified_time":"2025-09-16T11:01:37+00:00","twitter_card":"summary_large_image","twitter_misc":{"Szacowany czas czytania":"2 minuty"},"schema":{"@context":"https:\/\/schema.org","@graph":[{"@type":"WebPage","@id":"https:\/\/aventura-excursions.com\/about\/","url":"https:\/\/aventura-excursions.com\/about\/","name":"Unforgettable Tenerife Excursions - Aventura Excursions - Book Online for 10% Off","isPartOf":{"@id":"https:\/\/aventura-excursions.com\/#website"},"datePublished":"2023-06-16T06:14:49+00:00","dateModified":"2025-09-16T11:01:37+00:00","description":"Discover personalized tours in Tenerife with Aventura Excursions. We organize tours in Tenerife. Our team speaks English, Spanish, German, French, Polish, and Italian.","inLanguage":"pl-PL","potentialAction":[{"@type":"ReadAction","target":["https:\/\/aventura-excursions.com\/about\/"]}]},{"@type":"WebSite","@id":"https:\/\/aventura-excursions.com\/#website","url":"https:\/\/aventura-excursions.com\/","name":"Aventura Excursions","description":"Aventura Excursions","potentialAction":[{"@type":"SearchAction","target":{"@type":"EntryPoint","urlTemplate":"https:\/\/aventura-excursions.com\/?s={search_term_string}"},"query-input":{"@type":"PropertyValueSpecification","valueRequired":true,"valueName":"search_term_string"}}],"inLanguage":"pl-PL"}]}},"_links":{"self":[{"href":"https:\/\/aventura-excursions.com\/pl\/wp-json\/wp\/v2\/pages\/10","targetHints":{"allow":["GET"]}}],"collection":[{"href":"https:\/\/aventura-excursions.com\/pl\/wp-json\/wp\/v2\/pages"}],"about":[{"href":"https:\/\/aventura-excursions.com\/pl\/wp-json\/wp\/v2\/types\/page"}],"author":[{"embeddable":true,"href":"https:\/\/aventura-excursions.com\/pl\/wp-json\/wp\/v2\/users\/1"}],"replies":[{"embeddable":true,"href":"https:\/\/aventura-excursions.com\/pl\/wp-json\/wp\/v2\/comments?post=10"}],"version-history":[{"count":23,"href":"https:\/\/aventura-excursions.com\/pl\/wp-json\/wp\/v2\/pages\/10\/revisions"}],"predecessor-version":[{"id":1746,"href":"https:\/\/aventura-excursions.com\/pl\/wp-json\/wp\/v2\/pages\/10\/revisions\/1746"}],"wp:attachment":[{"href":"https:\/\/aventura-excursions.com\/pl\/wp-json\/wp\/v2\/media?parent=10"}],"curies":[{"name":"wp","href":"https:\/\/api.w.org\/{rel}","templated":true}]}}