{"id":14,"date":"2023-06-16T06:15:49","date_gmt":"2023-06-16T06:15:49","guid":{"rendered":"https:\/\/aventura-excursions.com\/?page_id=14"},"modified":"2024-05-29T18:36:05","modified_gmt":"2024-05-29T15:36:05","slug":"rentals","status":"publish","type":"page","link":"https:\/\/aventura-excursions.com\/pl\/rentals\/","title":{"rendered":"Wynajem"},"content":{"rendered":"<h2 class=\"h2_title reviews__title\">Jak zarezerwowa\u0107 samoch\u00f3d i inne pojazdy na naszej stronie?<\/h2>\n<div class=\"reviews__text\">\nPo klikni\u0119ciu niebieskiego przycisku \u201eWynajmij samoch\u00f3d\u201d lub podobnego dla innych pojazd\u00f3w, znajdziesz si\u0119 na stronie, na kt\u00f3rej mo\u017cesz przeczyta\u0107 wi\u0119cej szczeg\u00f3\u0142\u00f3w na temat procedur wynajmu na Teneryfie. Po prawej stronie wybierz model, kt\u00f3ry chcesz wypo\u017cyczy\u0107 oraz liczb\u0119 dni (b\u0119dzie to czas trwania wynajmu). Nast\u0119pnie w kalendarzu wybierasz dzie\u0144, w kt\u00f3rym chcesz rozpocz\u0105\u0107 wynajem pojazdu. Po wykonaniu tej czynno\u015bci kliknij przycisk \u201eDodaj do koszyka\u201d i kontynuuj p\u0142atno\u015b\u0107. Skontaktujemy si\u0119 z Tob\u0105 mailowo w celu potwierdzenia dost\u0119pno\u015bci i godziny spotkania.\n<\/div>","protected":false},"excerpt":{"rendered":"<p>How to book a car and other vehicles on our website? After you click the blue button &#8220;Rent a car&#8221; or similar for other vehicles, you will be on the page where you can read more details about the procedures of rental in Tenerife. On the right side, please, choose the model that you wish [&hellip;]<\/p>","protected":false},"author":1,"featured_media":0,"parent":0,"menu_order":0,"comment_status":"closed","ping_status":"closed","template":"pages\/rentals.php","meta":{"_acf_changed":false,"footnotes":""},"class_list":["post-14","page","type-page","status-publish","hentry"],"acf":[],"yoast_head":"<!-- This site is optimized with the Yoast SEO plugin v25.6 - https:\/\/yoast.com\/wordpress\/plugins\/seo\/ -->\n<title>Cars, Scooters, Bikes Rentals in Tenerife - Aventura Excursions - Book with 10% discount!<\/title>\n<meta name=\"description\" content=\"Rent cars, scooters, bicycles, and quad bikes in Tenerife. Check reviews and prices. One of the oldest excursion agencies in the Canaries.\" \/>\n<meta name=\"robots\" content=\"index, follow, max-snippet:-1, max-image-preview:large, max-video-preview:-1\" \/>\n<link rel=\"canonical\" href=\"https:\/\/aventura-excursions.com\/pl\/rentals\/\" \/>\n<meta property=\"og:locale\" content=\"pl_PL\" \/>\n<meta property=\"og:type\" content=\"article\" \/>\n<meta property=\"og:title\" content=\"Cars, Scooters, Bikes Rentals in Tenerife - Aventura Excursions - Book with 10% discount!\" \/>\n<meta property=\"og:description\" content=\"Rent cars, scooters, bicycles, and quad bikes in Tenerife. Check reviews and prices. One of the oldest excursion agencies in the Canaries.\" \/>\n<meta property=\"og:url\" content=\"https:\/\/aventura-excursions.com\/pl\/rentals\/\" \/>\n<meta property=\"og:site_name\" content=\"Aventura Excursions\" \/>\n<meta property=\"article:modified_time\" content=\"2024-05-29T15:36:05+00:00\" \/>\n<meta name=\"twitter:card\" content=\"summary_large_image\" \/>\n<meta name=\"twitter:label1\" content=\"Szacowany czas czytania\" \/>\n\t<meta name=\"twitter:data1\" content=\"1 minuta\" \/>\n<!-- \/ Yoast SEO plugin. -->","yoast_head_json":{"title":"Cars, Scooters, Bikes Rentals in Tenerife - Aventura Excursions - Book with 10% discount!","description":"Rent cars, scooters, bicycles, and quad bikes in Tenerife. Check reviews and prices. One of the oldest excursion agencies in the Canaries.","robots":{"index":"index","follow":"follow","max-snippet":"max-snippet:-1","max-image-preview":"max-image-preview:large","max-video-preview":"max-video-preview:-1"},"canonical":"https:\/\/aventura-excursions.com\/pl\/rentals\/","og_locale":"pl_PL","og_type":"article","og_title":"Cars, Scooters, Bikes Rentals in Tenerife - Aventura Excursions - Book with 10% discount!","og_description":"Rent cars, scooters, bicycles, and quad bikes in Tenerife. Check reviews and prices. One of the oldest excursion agencies in the Canaries.","og_url":"https:\/\/aventura-excursions.com\/pl\/rentals\/","og_site_name":"Aventura Excursions","article_modified_time":"2024-05-29T15:36:05+00:00","twitter_card":"summary_large_image","twitter_misc":{"Szacowany czas czytania":"1 minuta"},"schema":{"@context":"https:\/\/schema.org","@graph":[{"@type":"WebPage","@id":"https:\/\/aventura-excursions.com\/rentals\/","url":"https:\/\/aventura-excursions.com\/rentals\/","name":"Cars, Scooters, Bikes Rentals in Tenerife - Aventura Excursions - Book with 10% discount!","isPartOf":{"@id":"https:\/\/aventura-excursions.com\/#website"},"datePublished":"2023-06-16T06:15:49+00:00","dateModified":"2024-05-29T15:36:05+00:00","description":"Rent cars, scooters, bicycles, and quad bikes in Tenerife. Check reviews and prices. One of the oldest excursion agencies in the Canaries.","inLanguage":"pl-PL","potentialAction":[{"@type":"ReadAction","target":["https:\/\/aventura-excursions.com\/rentals\/"]}]},{"@type":"WebSite","@id":"https:\/\/aventura-excursions.com\/#website","url":"https:\/\/aventura-excursions.com\/","name":"Aventura Excursions","description":"Aventura Excursions","potentialAction":[{"@type":"SearchAction","target":{"@type":"EntryPoint","urlTemplate":"https:\/\/aventura-excursions.com\/?s={search_term_string}"},"query-input":{"@type":"PropertyValueSpecification","valueRequired":true,"valueName":"search_term_string"}}],"inLanguage":"pl-PL"}]}},"_links":{"self":[{"href":"https:\/\/aventura-excursions.com\/pl\/wp-json\/wp\/v2\/pages\/14","targetHints":{"allow":["GET"]}}],"collection":[{"href":"https:\/\/aventura-excursions.com\/pl\/wp-json\/wp\/v2\/pages"}],"about":[{"href":"https:\/\/aventura-excursions.com\/pl\/wp-json\/wp\/v2\/types\/page"}],"author":[{"embeddable":true,"href":"https:\/\/aventura-excursions.com\/pl\/wp-json\/wp\/v2\/users\/1"}],"replies":[{"embeddable":true,"href":"https:\/\/aventura-excursions.com\/pl\/wp-json\/wp\/v2\/comments?post=14"}],"version-history":[{"count":13,"href":"https:\/\/aventura-excursions.com\/pl\/wp-json\/wp\/v2\/pages\/14\/revisions"}],"predecessor-version":[{"id":1152,"href":"https:\/\/aventura-excursions.com\/pl\/wp-json\/wp\/v2\/pages\/14\/revisions\/1152"}],"wp:attachment":[{"href":"https:\/\/aventura-excursions.com\/pl\/wp-json\/wp\/v2\/media?parent=14"}],"curies":[{"name":"wp","href":"https:\/\/api.w.org\/{rel}","templated":true}]}}