{"id":1111,"date":"2024-03-27T01:24:04","date_gmt":"2024-03-26T22:24:04","guid":{"rendered":"https:\/\/aventura-excursions.com\/?post_type=product&#038;p=1111"},"modified":"2024-10-22T15:20:32","modified_gmt":"2024-10-22T12:20:32","slug":"loro-park","status":"publish","type":"product","link":"https:\/\/aventura-excursions.com\/pl\/produkt\/loro-park\/","title":{"rendered":"Loro Park"},"content":{"rendered":"<h3>Opis<\/h3>\n<p>\nVisit one of the most famous zoos in the world!<br \/>\nLoro Park is a beautifully decorated theme park where you can have a great time with your family or friends. It offers you a full day of excitement watching animals and discovering Thai architecture and exotic plants. One of the highlights of the visit to Loro park is its shows that have brought it a world-wide fame. Orca show is number one for its popularity. People of all countries come to Tenerife to see it with their own eyes. The other 3 shows can&#8217;t be overpraised neither: sea lions, parrots and dolphins make a great impression on each visitor of their performance.<\/p>\n<p>\nNie zapomnijcie odwiedzi\u0107 <strong><em>Planet Penguin<\/em><\/strong>, a place with a real iceberg that has become a home for hundreds of penguins. It is considered to be the best representation of penguins&#8217; natural habitat in the world.<\/p>\n<p>\n<strong><em>La Gruta<\/em><\/strong> przeniesie Ci\u0119 w tajemniczy \u015bwiat nietoperzy. Te nocne stworzenia \u017cyj\u0105 w odtworzonej jaskini, kt\u00f3ra jest ca\u0142kowicie d\u017awi\u0119koszczelna ze wzgl\u0119du na ich wra\u017cliw\u0105 natur\u0119.<\/p>\n<p>\nMa\u0142e go\u015bcie mog\u0105 tak\u017ce mi\u0142o sp\u0119dzi\u0107 czas w <strong><em>Kinderlandia<\/em><\/strong>, miejscu przypominaj\u0105cym afryka\u0144sk\u0105 wiosk\u0119, gdzie dzieci mog\u0105 wspina\u0107 si\u0119 na chatki i drzewa, balansowa\u0107 na wisz\u0105cych mostach i bawi\u0107 si\u0119 w d\u017cungli.<\/p>\n<h3><\/h3>\n<h3>Ciekawe miejsca<\/h3>\n<ul>\n<li>Pokazy zwierz\u0105t: Orki, Delfiny, Lwy Morskie, Papugi<\/li>\n<li>Planet Penguin<\/li>\n<li>Ponad 100 gatunk\u00f3w egzotycznych ro\u015blin<\/li>\n<li>Akwarium z 12 r\u00f3\u017cnymi wystawami i tunelem z rekinami<\/li>\n<li>Najwi\u0119ksza kolekcja papug na \u015bwiecie<\/li>\n<\/ul>\n<h3>Szczeg\u00f3\u0142y<\/h3>\n<p>\n<em><strong>Godziny otwarcia:<\/strong><\/em> 09:30 \u2013 17:30<\/p>\n<p>\n <em><strong>Lokalizacja:<\/strong><\/em> Puerto de la Cruz (p\u00f3\u0142noc Teneryfy)<\/p>\n<h3>Transport<\/h3>\n<p>Je\u015bli jeste\u015b na po\u0142udniu Teneryfy, mo\u017cesz zarezerwowa\u0107 transfer, kt\u00f3ry odbierze turyst\u00f3w spod hoteli i uda si\u0119 bezpo\u015brednio do Loro Park. Istniej\u0105 dwa rodzaje autobus\u00f3w: zwyk\u0142y transfer i express.<\/p>\n<p><em><strong>Express<\/strong> <\/em>zatrzymuje si\u0119 w: H10 Costa Adeje, Duke Shop, Bahia Fa\u00f1abe Suits, CC Fa\u00f1abe Plaza, Allsun Hibiscos, Ole Tropical Playa, Best Tenerife, Columbus, Sol Tenerife, Paradise Park. Zbiera pasa\u017cer\u00f3w dopiero od 2-4 przystank\u00f3w i wyrusza do Puerto de La Cruz. Je\u015bli widzisz, \u017ce Tw\u00f3j hotel znajduje si\u0119 blisko jednego z tych przystank\u00f3w autobusowych, lepiej wybierz t\u0119 opcj\u0119.<\/p>\n<p>Pozosta\u0142a cz\u0119\u015b\u0107 po\u0142udnia Teneryfy (od Los Gigantes do el Medano) jest odbierana <em><strong>zwyk\u0142ym transferem,<\/strong><\/em> z t\u0105 tylko r\u00f3\u017cnic\u0105, \u017ce odbi\u00f3r wszystkich klient\u00f3w mo\u017ce zaj\u0105\u0107 wi\u0119cej czasu.<\/p>\n<p>Dotarcie do Puerto de La Cruz zajmuje oko\u0142o 1,5 godziny. Godzina powrotu zostanie podana w autobusie. Zwykle jest oko\u0142o 16:30, wi\u0119c w Loro Parku mo\u017cna sp\u0119dzi\u0107 ca\u0142y dzie\u0144 i obejrze\u0107 wszystkie przedstawienia.<\/p>\n<p>Je\u015bli <a href=\"https:\/\/aventura-excursions.com\/pl\/produkt\/rent-a-car\/\"><strong>wypo\u017cyczy\u0107 samoch\u00f3d<\/strong><\/a>, mo\u017cesz uda\u0107 si\u0119 do Loro Park na w\u0142asn\u0105 r\u0119k\u0119. Przy wej\u015bciu do parku znajduje si\u0119 p\u0142atny parking. Uwa\u017cajcie, w sezonie zape\u0142nia si\u0119 zazwyczaj ju\u017c o 10:00.<\/p>\n<h3>Twin ticket: dwa parki ze zni\u017ck\u0105<\/h3>\n<p>Chcesz odwiedzi\u0107 zar\u00f3wno Loro Park, jak i <a href=\"https:\/\/aventura-excursions.com\/pl\/produkt\/siam-park\/\"><strong>Siam Park,<\/strong><\/a> jeden z najs\u0142ynniejszych park\u00f3w wodnych na \u015bwiecie? Zdob\u0105d\u017a zni\u017ckowy bilet do dw\u00f3ch park\u00f3w!<br \/>\n<br \/>Czytaj wi\u0119cej informacji tutaj: <a href=\"https:\/\/aventura-excursions.com\/pl\/produkt\/twin-ticket\/\"><strong>Twin ticket<\/strong><\/a><\/p>","protected":false},"excerpt":{"rendered":"<p>A visit to this world-wide famous zoo is a captivating experience to discover its lovely animals, entertaining shows and exuberant tropical vegetation. It&#8217;s a must for anyone interested in wildlife and nature.<\/p>\n<p>Najpierw wybierz jedn\u0105 z opcji: sam bilet lub bilet + transfer z po\u0142udnia Teneryfy.<br \/>Nast\u0119pnie wybierz liczb\u0119 doros\u0142ych i dzieci (3-11 lat). Wst\u0119p dla niemowl\u0105t (0-2 lat) jest bezp\u0142atny.<\/p>","protected":false},"featured_media":429,"template":"","meta":{"_acf_changed":false},"product_brand":[],"product_cat":[20],"product_tag":[],"class_list":{"0":"post-1111","1":"product","2":"type-product","3":"status-publish","4":"has-post-thumbnail","6":"product_cat-parks","8":"first","9":"instock","10":"shipping-taxable","11":"product-type-grouped"},"acf":[],"yoast_head":"<!-- This site is optimized with the Yoast SEO plugin v25.6 - https:\/\/yoast.com\/wordpress\/plugins\/seo\/ -->\n<title>Visit Loro Park in Tenerife - Aventura Excursions - Book Tickets Now for Best Experience!<\/title>\n<meta name=\"description\" content=\"Explore Loro Park: Check reviews, prices, and ratings. Enjoy exciting animal shows, beautiful Thai architecture, and lush tropical vegetation. Book now!\" \/>\n<meta name=\"robots\" content=\"index, follow, max-snippet:-1, max-image-preview:large, max-video-preview:-1\" \/>\n<link rel=\"canonical\" href=\"https:\/\/aventura-excursions.com\/pl\/produkt\/loro-park\/\" \/>\n<meta property=\"og:locale\" content=\"pl_PL\" \/>\n<meta property=\"og:type\" content=\"article\" \/>\n<meta property=\"og:title\" content=\"Visit Loro Park in Tenerife - Aventura Excursions - Book Tickets Now for Best Experience!\" \/>\n<meta property=\"og:description\" content=\"Explore Loro Park: Check reviews, prices, and ratings. Enjoy exciting animal shows, beautiful Thai architecture, and lush tropical vegetation. Book now!\" \/>\n<meta property=\"og:url\" content=\"https:\/\/aventura-excursions.com\/pl\/produkt\/loro-park\/\" \/>\n<meta property=\"og:site_name\" content=\"Aventura Excursions\" \/>\n<meta property=\"article:modified_time\" content=\"2024-10-22T12:20:32+00:00\" \/>\n<meta property=\"og:image\" content=\"https:\/\/aventura-excursions.com\/wp-content\/uploads\/2023\/08\/poster-cabecera-min1.jpg\" \/>\n\t<meta property=\"og:image:width\" content=\"889\" \/>\n\t<meta property=\"og:image:height\" content=\"500\" \/>\n\t<meta property=\"og:image:type\" content=\"image\/jpeg\" \/>\n<meta name=\"twitter:card\" content=\"summary_large_image\" \/>\n<meta name=\"twitter:label1\" content=\"Szacowany czas czytania\" \/>\n\t<meta name=\"twitter:data1\" content=\"3 minuty\" \/>\n<!-- \/ Yoast SEO plugin. -->","yoast_head_json":{"title":"Visit Loro Park in Tenerife - Aventura Excursions - Book Tickets Now for Best Experience!","description":"Explore Loro Park: Check reviews, prices, and ratings. Enjoy exciting animal shows, beautiful Thai architecture, and lush tropical vegetation. Book now!","robots":{"index":"index","follow":"follow","max-snippet":"max-snippet:-1","max-image-preview":"max-image-preview:large","max-video-preview":"max-video-preview:-1"},"canonical":"https:\/\/aventura-excursions.com\/pl\/produkt\/loro-park\/","og_locale":"pl_PL","og_type":"article","og_title":"Visit Loro Park in Tenerife - Aventura Excursions - Book Tickets Now for Best Experience!","og_description":"Explore Loro Park: Check reviews, prices, and ratings. Enjoy exciting animal shows, beautiful Thai architecture, and lush tropical vegetation. Book now!","og_url":"https:\/\/aventura-excursions.com\/pl\/produkt\/loro-park\/","og_site_name":"Aventura Excursions","article_modified_time":"2024-10-22T12:20:32+00:00","og_image":[{"width":889,"height":500,"url":"https:\/\/aventura-excursions.com\/wp-content\/uploads\/2023\/08\/poster-cabecera-min1.jpg","type":"image\/jpeg"}],"twitter_card":"summary_large_image","twitter_misc":{"Szacowany czas czytania":"3 minuty"},"schema":{"@context":"https:\/\/schema.org","@graph":[{"@type":"WebPage","@id":"https:\/\/aventura-excursions.com\/product\/loro-park\/","url":"https:\/\/aventura-excursions.com\/product\/loro-park\/","name":"Visit Loro Park in Tenerife - Aventura Excursions - Book Tickets Now for Best Experience!","isPartOf":{"@id":"https:\/\/aventura-excursions.com\/#website"},"primaryImageOfPage":{"@id":"https:\/\/aventura-excursions.com\/product\/loro-park\/#primaryimage"},"image":{"@id":"https:\/\/aventura-excursions.com\/product\/loro-park\/#primaryimage"},"thumbnailUrl":"https:\/\/aventura-excursions.com\/wp-content\/uploads\/2023\/08\/poster-cabecera-min1.jpg","datePublished":"2024-03-26T22:24:04+00:00","dateModified":"2024-10-22T12:20:32+00:00","description":"Explore Loro Park: Check reviews, prices, and ratings. Enjoy exciting animal shows, beautiful Thai architecture, and lush tropical vegetation. Book now!","breadcrumb":{"@id":"https:\/\/aventura-excursions.com\/product\/loro-park\/#breadcrumb"},"inLanguage":"pl-PL","potentialAction":[{"@type":"ReadAction","target":["https:\/\/aventura-excursions.com\/product\/loro-park\/"]}]},{"@type":"ImageObject","inLanguage":"pl-PL","@id":"https:\/\/aventura-excursions.com\/product\/loro-park\/#primaryimage","url":"https:\/\/aventura-excursions.com\/wp-content\/uploads\/2023\/08\/poster-cabecera-min1.jpg","contentUrl":"https:\/\/aventura-excursions.com\/wp-content\/uploads\/2023\/08\/poster-cabecera-min1.jpg","width":889,"height":500},{"@type":"BreadcrumbList","@id":"https:\/\/aventura-excursions.com\/product\/loro-park\/#breadcrumb","itemListElement":[{"@type":"ListItem","position":1,"name":"Tours","item":"https:\/\/aventura-excursions.com\/tours\/"},{"@type":"ListItem","position":2,"name":"Loro Park"}]},{"@type":"WebSite","@id":"https:\/\/aventura-excursions.com\/#website","url":"https:\/\/aventura-excursions.com\/","name":"Aventura Excursions","description":"Aventura Excursions","potentialAction":[{"@type":"SearchAction","target":{"@type":"EntryPoint","urlTemplate":"https:\/\/aventura-excursions.com\/?s={search_term_string}"},"query-input":{"@type":"PropertyValueSpecification","valueRequired":true,"valueName":"search_term_string"}}],"inLanguage":"pl-PL"}]}},"_links":{"self":[{"href":"https:\/\/aventura-excursions.com\/pl\/wp-json\/wp\/v2\/product\/1111","targetHints":{"allow":["GET"]}}],"collection":[{"href":"https:\/\/aventura-excursions.com\/pl\/wp-json\/wp\/v2\/product"}],"about":[{"href":"https:\/\/aventura-excursions.com\/pl\/wp-json\/wp\/v2\/types\/product"}],"wp:featuredmedia":[{"embeddable":true,"href":"https:\/\/aventura-excursions.com\/pl\/wp-json\/wp\/v2\/media\/429"}],"wp:attachment":[{"href":"https:\/\/aventura-excursions.com\/pl\/wp-json\/wp\/v2\/media?parent=1111"}],"wp:term":[{"taxonomy":"product_brand","embeddable":true,"href":"https:\/\/aventura-excursions.com\/pl\/wp-json\/wp\/v2\/product_brand?post=1111"},{"taxonomy":"product_cat","embeddable":true,"href":"https:\/\/aventura-excursions.com\/pl\/wp-json\/wp\/v2\/product_cat?post=1111"},{"taxonomy":"product_tag","embeddable":true,"href":"https:\/\/aventura-excursions.com\/pl\/wp-json\/wp\/v2\/product_tag?post=1111"}],"curies":[{"name":"wp","href":"https:\/\/api.w.org\/{rel}","templated":true}]}}