{"id":1113,"date":"2024-03-27T01:41:48","date_gmt":"2024-03-26T22:41:48","guid":{"rendered":"https:\/\/aventura-excursions.com\/?post_type=product&#038;p=1113"},"modified":"2025-10-19T00:04:03","modified_gmt":"2025-10-18T21:04:03","slug":"teide-masca","status":"publish","type":"product","link":"https:\/\/aventura-excursions.com\/pl\/produkt\/teide-masca\/","title":{"rendered":"Teide Masca"},"content":{"rendered":"<h3>Opis<\/h3>\n<p>\nOdkryj najbardziej zapieraj\u0105ce dech w piersiach widoki na Teneryf\u0119 i odwied\u017a tradycyjne kanaryjskie wioski.<\/p>\n<p>First, we head to the volcano Teide, the tallest mount in Spain, and enjoy a walk in the Teide National<br \/>\nPark.<\/p>\n<p>\nNast\u0119pnie schodzimy na p\u00f3\u0142nocne wybrze\u017ce przez dolin\u0119 La Orotava i odwiedzamy Icod de Los Vinos z legendarnym Smoczym Drzewem, kt\u00f3re ma oko\u0142o 800 lat.<\/p>\n<p>\nNasz nast\u0119pny przystanek znajduje si\u0119 w Garachico, malowniczym miasteczku na wybrze\u017cu morskim, kt\u00f3re by\u0142o wa\u017cnym portem i pierwsz\u0105 stolic\u0105 Teneryfy. Niestety, dwukrotnie zosta\u0142o zniszczone przez erupcje wulkan\u00f3w. Mo\u017cna tu spacerowa\u0107 po historycznym centrum i podziwia\u0107 naturalne baseny utworzone z suszonej lawy. <\/p>\n<p>\nNa koniec udamy si\u0119 na magiczn\u0105 przygod\u0119 do Doliny Masca, kt\u00f3ra by\u0142a niegdy\u015b kryj\u00f3wk\u0105 pirat\u00f3w. Zapieraj\u0105ca dech w piersiach droga, ma\u0142a wioska cudownie wbudowana pomi\u0119dzy ska\u0142ami i bujna ro\u015blinno\u015b\u0107 z pewno\u015bci\u0105 pozostawi\u0105 najsilniejsze wspomnienia z pobytu na Teneryfie.<\/p>\n<p>\n<\/p>\n<h3><\/h3>\n<h3>Ciekawe miejsca<\/h3>\n<ul>\n<li>Park Narodowy Teide<\/li>\n<li>Icod de Los Vinos<\/li>\n<li>Garachico<\/li>\n<li>Dolina Masca<\/li>\n<\/ul>\n<p>\n<\/p>\n<h3>Szczeg\u00f3\u0142y<\/h3>\n<p>\n<strong><em>Odbi\u00f3r:<\/em><\/strong> oko\u0142o 08:00<\/p>\n<p>\n<strong><em>Czas trwania:<\/em><\/strong> 9 godzin<\/p>\n<p>\n<strong><em>W cenie:<\/em><\/strong> <\/p>\n<ul>\n<li>pick up in the South from Los Gigantes to Los Cristianos and in the North from Puerto de la Cruz<\/li>\n<li>profesjonalny przewodnik<\/li>\n<\/ul>\n<p>\n<br \/><strong><em>Nie wliczone:<\/em><\/strong> obiad (b\u0119dzie przystanek w tradycyjnej restauracji) <\/p>\n<p>\n<br \/>\n<strong><em>Uwaga:<\/em><\/strong> Harmonogram wy\u015bwietlany na tej stronie dotyczy wy\u0142\u0105cznie wycieczek prowadzonych w j\u0119zyku angielskim i hiszpa\u0144skim.<\/p>\n<p>\nW przypadku wycieczek w innych j\u0119zykach lub w przypadku konieczno\u015bci odbioru z obszaru niewymienionego na li\u015bcie, prosimy o kontakt za po\u015brednictwem poczty elektronicznej pod adresem <a href=\"mailto:info@aventura-excursions.com\" target=\"ask__mail\">info@aventura-excursions.com<\/a> lub telefonicznie pod numerem <a href=\"tel: 34647676812\" target=\"_blank\">+34 647 67 68 12<\/a>. Nasz zesp\u00f3\u0142 z przyjemno\u015bci\u0105 Ci pomo\u017ce.<\/p>","protected":false},"excerpt":{"rendered":"<div>\nThe Teide Masca tour reveals breathtaking views of Mount Teide, the volcanic landscape, and the charming village of Masca, nestled amidst dramatic cliffs and known as a great example of traditional Canarian life. It is one of the &#8220;musts&#8221; of Tenerife and a memorable experience for the whole family not to be missed.<\/p>\n<p>\nNajpierw wybierz, czy jeste\u015b na po\u0142udniu (odbi\u00f3r dost\u0119pny z Los Gigantes do Los Cristianos) czy w Puerto de la Cruz. Wybierz liczb\u0119 doros\u0142ych, dzieci (2-11 lat) i niemowl\u0105t (0-1 rok), a nast\u0119pnie dat\u0119 wycieczki.\n<\/div>","protected":false},"featured_media":432,"template":"","meta":{"_acf_changed":false},"product_brand":[],"product_cat":[19],"product_tag":[],"class_list":{"0":"post-1113","1":"product","2":"type-product","3":"status-publish","4":"has-post-thumbnail","6":"product_cat-bus-excursions","8":"first","9":"instock","10":"sale","11":"shipping-taxable","12":"product-type-grouped"},"acf":[],"yoast_head":"<!-- This site is optimized with the Yoast SEO plugin v25.6 - https:\/\/yoast.com\/wordpress\/plugins\/seo\/ -->\n<title>Teide Masca Tours in Tenerife - Aventura Excursions - Book Now for Unforgettable Views!<\/title>\n<meta name=\"description\" content=\"Explore Teide Masca tours in Tenerife. Check reviews, prices, ratings. Discover stunning landscapes, traditional villages, and volcanic scenery with family\" \/>\n<meta name=\"robots\" content=\"index, follow, max-snippet:-1, max-image-preview:large, max-video-preview:-1\" \/>\n<link rel=\"canonical\" href=\"https:\/\/aventura-excursions.com\/pl\/produkt\/teide-masca\/\" \/>\n<meta property=\"og:locale\" content=\"pl_PL\" \/>\n<meta property=\"og:type\" content=\"article\" \/>\n<meta property=\"og:title\" content=\"Teide Masca Tours in Tenerife - Aventura Excursions - Book Now for Unforgettable Views!\" \/>\n<meta property=\"og:description\" content=\"Explore Teide Masca tours in Tenerife. Check reviews, prices, ratings. Discover stunning landscapes, traditional villages, and volcanic scenery with family\" \/>\n<meta property=\"og:url\" content=\"https:\/\/aventura-excursions.com\/pl\/produkt\/teide-masca\/\" \/>\n<meta property=\"og:site_name\" content=\"Aventura Excursions\" \/>\n<meta property=\"article:modified_time\" content=\"2025-10-18T21:04:03+00:00\" \/>\n<meta property=\"og:image\" content=\"https:\/\/aventura-excursions.com\/wp-content\/uploads\/2024\/02\/el-parque-nacional-del-teide-floracion-del-tajinaste-t.jpg.webp\" \/>\n\t<meta property=\"og:image:width\" content=\"680\" \/>\n\t<meta property=\"og:image:height\" content=\"408\" \/>\n\t<meta property=\"og:image:type\" content=\"image\/webp\" \/>\n<meta name=\"twitter:card\" content=\"summary_large_image\" \/>\n<meta name=\"twitter:label1\" content=\"Szacowany czas czytania\" \/>\n\t<meta name=\"twitter:data1\" content=\"2 minuty\" \/>\n<!-- \/ Yoast SEO plugin. -->","yoast_head_json":{"title":"Teide Masca Tours in Tenerife - Aventura Excursions - Book Now for Unforgettable Views!","description":"Explore Teide Masca tours in Tenerife. Check reviews, prices, ratings. Discover stunning landscapes, traditional villages, and volcanic scenery with family","robots":{"index":"index","follow":"follow","max-snippet":"max-snippet:-1","max-image-preview":"max-image-preview:large","max-video-preview":"max-video-preview:-1"},"canonical":"https:\/\/aventura-excursions.com\/pl\/produkt\/teide-masca\/","og_locale":"pl_PL","og_type":"article","og_title":"Teide Masca Tours in Tenerife - Aventura Excursions - Book Now for Unforgettable Views!","og_description":"Explore Teide Masca tours in Tenerife. Check reviews, prices, ratings. Discover stunning landscapes, traditional villages, and volcanic scenery with family","og_url":"https:\/\/aventura-excursions.com\/pl\/produkt\/teide-masca\/","og_site_name":"Aventura Excursions","article_modified_time":"2025-10-18T21:04:03+00:00","og_image":[{"width":680,"height":408,"url":"https:\/\/aventura-excursions.com\/wp-content\/uploads\/2024\/02\/el-parque-nacional-del-teide-floracion-del-tajinaste-t.jpg.webp","type":"image\/webp"}],"twitter_card":"summary_large_image","twitter_misc":{"Szacowany czas czytania":"2 minuty"},"schema":{"@context":"https:\/\/schema.org","@graph":[{"@type":"WebPage","@id":"https:\/\/aventura-excursions.com\/product\/teide-masca\/","url":"https:\/\/aventura-excursions.com\/product\/teide-masca\/","name":"Teide Masca Tours in Tenerife - Aventura Excursions - Book Now for Unforgettable Views!","isPartOf":{"@id":"https:\/\/aventura-excursions.com\/#website"},"primaryImageOfPage":{"@id":"https:\/\/aventura-excursions.com\/product\/teide-masca\/#primaryimage"},"image":{"@id":"https:\/\/aventura-excursions.com\/product\/teide-masca\/#primaryimage"},"thumbnailUrl":"https:\/\/aventura-excursions.com\/wp-content\/uploads\/2024\/02\/el-parque-nacional-del-teide-floracion-del-tajinaste-t.jpg.webp","datePublished":"2024-03-26T22:41:48+00:00","dateModified":"2025-10-18T21:04:03+00:00","description":"Explore Teide Masca tours in Tenerife. Check reviews, prices, ratings. Discover stunning landscapes, traditional villages, and volcanic scenery with family","breadcrumb":{"@id":"https:\/\/aventura-excursions.com\/product\/teide-masca\/#breadcrumb"},"inLanguage":"pl-PL","potentialAction":[{"@type":"ReadAction","target":["https:\/\/aventura-excursions.com\/product\/teide-masca\/"]}]},{"@type":"ImageObject","inLanguage":"pl-PL","@id":"https:\/\/aventura-excursions.com\/product\/teide-masca\/#primaryimage","url":"https:\/\/aventura-excursions.com\/wp-content\/uploads\/2024\/02\/el-parque-nacional-del-teide-floracion-del-tajinaste-t.jpg.webp","contentUrl":"https:\/\/aventura-excursions.com\/wp-content\/uploads\/2024\/02\/el-parque-nacional-del-teide-floracion-del-tajinaste-t.jpg.webp","width":680,"height":408},{"@type":"BreadcrumbList","@id":"https:\/\/aventura-excursions.com\/product\/teide-masca\/#breadcrumb","itemListElement":[{"@type":"ListItem","position":1,"name":"Tours","item":"https:\/\/aventura-excursions.com\/tours\/"},{"@type":"ListItem","position":2,"name":"Teide Masca"}]},{"@type":"WebSite","@id":"https:\/\/aventura-excursions.com\/#website","url":"https:\/\/aventura-excursions.com\/","name":"Aventura Excursions","description":"Aventura Excursions","potentialAction":[{"@type":"SearchAction","target":{"@type":"EntryPoint","urlTemplate":"https:\/\/aventura-excursions.com\/?s={search_term_string}"},"query-input":{"@type":"PropertyValueSpecification","valueRequired":true,"valueName":"search_term_string"}}],"inLanguage":"pl-PL"}]}},"_links":{"self":[{"href":"https:\/\/aventura-excursions.com\/pl\/wp-json\/wp\/v2\/product\/1113","targetHints":{"allow":["GET"]}}],"collection":[{"href":"https:\/\/aventura-excursions.com\/pl\/wp-json\/wp\/v2\/product"}],"about":[{"href":"https:\/\/aventura-excursions.com\/pl\/wp-json\/wp\/v2\/types\/product"}],"wp:featuredmedia":[{"embeddable":true,"href":"https:\/\/aventura-excursions.com\/pl\/wp-json\/wp\/v2\/media\/432"}],"wp:attachment":[{"href":"https:\/\/aventura-excursions.com\/pl\/wp-json\/wp\/v2\/media?parent=1113"}],"wp:term":[{"taxonomy":"product_brand","embeddable":true,"href":"https:\/\/aventura-excursions.com\/pl\/wp-json\/wp\/v2\/product_brand?post=1113"},{"taxonomy":"product_cat","embeddable":true,"href":"https:\/\/aventura-excursions.com\/pl\/wp-json\/wp\/v2\/product_cat?post=1113"},{"taxonomy":"product_tag","embeddable":true,"href":"https:\/\/aventura-excursions.com\/pl\/wp-json\/wp\/v2\/product_tag?post=1113"}],"curies":[{"name":"wp","href":"https:\/\/api.w.org\/{rel}","templated":true}]}}