{"id":1153,"date":"2024-03-30T23:16:04","date_gmt":"2024-03-30T20:16:04","guid":{"rendered":"https:\/\/aventura-excursions.com\/?post_type=product&#038;p=1153"},"modified":"2024-05-28T18:56:09","modified_gmt":"2024-05-28T15:56:09","slug":"kayaking-snorkeling","status":"publish","type":"product","link":"https:\/\/aventura-excursions.com\/pl\/produkt\/kayaking-snorkeling\/","title":{"rendered":"Kayaking &#038; Snorkeling"},"content":{"rendered":"<h3>Opis<\/h3>\n<p>\nOdkryj dreszczyk emocji zwi\u0105zany z p\u0142ywaniem kajakiem na Teneryfie, gdzie czekaj\u0105 krystalicznie czyste wody, spektakularne wulkaniczne wybrze\u017ca i zapieraj\u0105ce dech w piersiach \u017cycie morskie! Wycieczk\u0119 rozpoczynamy na pla\u017cy Rays Bay w Los Cristianos i kierujemy si\u0119 w stron\u0119 majestatycznych klif\u00f3w Palm Mar. Zatrzymujemy si\u0119 tam na p\u00f3\u0142 godziny, aby nurkowa\u0107 z rurk\u0105 w miejscu, w kt\u00f3rym \u017cyj\u0105 wspania\u0142e \u017c\u00f3\u0142wie kanaryjskie. B\u0119dziemy mieli \u015bwietn\u0105 okazj\u0119 do obserwacji podwodnego \u015bwiata i poznania r\u00f3\u017cnorodnego \u017cycia morskiego. Je\u015bli b\u0119dziemy mieli szcz\u0119\u015bcie, w drodze powrotnej do Los Cristianos spotkamy tak\u017ce delfiny.<\/p>\n<p>Sp\u0142ywy kajakowe to dobry spos\u00f3b na sp\u0119dzenie dnia z rodzin\u0105, odkrywanie urok\u00f3w tego wspania\u0142ego sportu i pi\u0119kna Teneryfy. Jest to tak\u017ce przydatne do\u015bwiadczenie dla dzieci, poniewa\u017c ucz\u0105 si\u0119 o \u017cyciu morskim i oceanie.<\/p>\n<p>\n<\/p>\n<h3>Ciekawe miejsca<\/h3>\n<ul>\n<li>\u017b\u00f3\u0142wie i delfiny<\/li>\n<li>Spektakularne widoki na ocean<\/li>\n<li>Zesp\u00f3\u0142 ekspert\u00f3w<\/li>\n<li>Nurkowanie pod okiem do\u015bwiadczonego instruktora<\/li>\n<\/ul>\n<p>\n<\/p>\n<h3>Szczeg\u00f3\u0142y<\/h3>\n<p>\nDwa rodzaje wycieczek: sam sp\u0142yw kajakowy (bez snorkelingu) i sp\u0142yw kajakowy + snorkeling<br \/>\nMiejsce startu: Los Cristianos<br \/>\nGodziny rozpocz\u0119cia: 10:00, 12:30, 14:00<br \/>\nCzas trwania: 2 godziny w wodzie \/ \u0142\u0105cznie 3 godziny<br \/>\nMaksymalna pojemno\u015b\u0107 kajaka: 2 osoby doros\u0142e i 2 dzieci<br \/>\nPianka, buty, kamizelka ratunkowa i zestaw do snorkelingu w cenie<br \/>\nJedzenie nie jest wliczone w cen\u0119<\/p>\n<p>\n<\/p>\n<h3>Odbi\u00f3r<\/h3>\n<p>\nOdbi\u00f3r na po\u0142udniu Teneryfy: 2 euro za osob\u0119<br \/>\n<br \/>Na zachodzie Teneryfy 15 euro za samoch\u00f3d (w obie strony, do 8 os\u00f3b): Puerto Santiago, Playa la Arena, Alcal\u00e1 i Playa San Juan.<\/p>\n<p>\n<\/p>\n<h3>Pakiet rabatowy: Dla Rodzin z Dzie\u0107mi <\/h3>\n<p>\nBook a kayak tour together with a boat trip and Twin ticket to Loro and Siam parks and get a special discount for the package. It&#8217;s a perfect combination to spend your vacations in Tenerife with your family. Read more information here: <a href=\"https:\/\/aventura-excursions.com\/pl\/produkt\/for-families-with-kids\/\"><strong><em>Dla Rodzin z Dzie\u0107mi<\/em><\/strong><\/a><\/p>","protected":false},"excerpt":{"rendered":"<div>\nJoin us for an unforgettable kayak tour along the island&#8217;s breathtaking coastline, where you might even spot dolphins and sea turtles.<\/p>\n<p>Wybierz sp\u0142yw kajakowy z snorkelingiem lub bez, liczb\u0119 doros\u0142ych i dzieci (6-10 lat) oraz dat\u0119. Prosz\u0119 wybra\u0107 transport, je\u015bli chcesz zosta\u0107 odebrany.\n<\/div>","protected":false},"featured_media":1156,"template":"","meta":{"_acf_changed":false},"product_brand":[],"product_cat":[21],"product_tag":[124,128,127,130,122,125,129,123,126],"class_list":{"0":"post-1153","1":"product","2":"type-product","3":"status-publish","4":"has-post-thumbnail","6":"product_cat-activities","7":"product_tag-canoe-tenerife","8":"product_tag-kayak-excursion-tenerife","9":"product_tag-kayak-palmmar","10":"product_tag-kayak-school-los-cristianos","11":"product_tag-kayak-tenerife","12":"product_tag-kayak-tours-los-cristianos","13":"product_tag-kayak-with-kids-tenerife","14":"product_tag-kayaking-tenerife","15":"product_tag-snorkeling-with-turtles","17":"first","18":"instock","19":"sale","20":"shipping-taxable","21":"product-type-grouped"},"acf":[],"yoast_head":"<!-- This site is optimized with the Yoast SEO plugin v25.6 - https:\/\/yoast.com\/wordpress\/plugins\/seo\/ -->\n<title>Kayaking &amp; Snorkeling in Tenerife - Aventura Excursions | Book Your Adventure Today!<\/title>\n<meta name=\"description\" content=\"Join our Kayaking &amp; Snorkeling tour in Tenerife! Check reviews, prices, and ratings. Spot dolphins and turtles. Book now for an unforgettable experience!\" \/>\n<meta name=\"robots\" content=\"index, follow, max-snippet:-1, max-image-preview:large, max-video-preview:-1\" \/>\n<link rel=\"canonical\" href=\"https:\/\/aventura-excursions.com\/pl\/produkt\/kayaking-snorkeling\/\" \/>\n<meta property=\"og:locale\" content=\"pl_PL\" \/>\n<meta property=\"og:type\" content=\"article\" \/>\n<meta property=\"og:title\" content=\"Kayaking &amp; Snorkeling in Tenerife - Aventura Excursions | Book Your Adventure Today!\" \/>\n<meta property=\"og:description\" content=\"Join our Kayaking &amp; Snorkeling tour in Tenerife! Check reviews, prices, and ratings. Spot dolphins and turtles. Book now for an unforgettable experience!\" \/>\n<meta property=\"og:url\" content=\"https:\/\/aventura-excursions.com\/pl\/produkt\/kayaking-snorkeling\/\" \/>\n<meta property=\"og:site_name\" content=\"Aventura Excursions\" \/>\n<meta property=\"article:modified_time\" content=\"2024-05-28T15:56:09+00:00\" \/>\n<meta property=\"og:image\" content=\"https:\/\/aventura-excursions.com\/wp-content\/uploads\/2024\/03\/1T0A0418.jpg\" \/>\n\t<meta property=\"og:image:width\" content=\"960\" \/>\n\t<meta property=\"og:image:height\" content=\"640\" \/>\n\t<meta property=\"og:image:type\" content=\"image\/jpeg\" \/>\n<meta name=\"twitter:card\" content=\"summary_large_image\" \/>\n<meta name=\"twitter:label1\" content=\"Szacowany czas czytania\" \/>\n\t<meta name=\"twitter:data1\" content=\"2 minuty\" \/>\n<!-- \/ Yoast SEO plugin. -->","yoast_head_json":{"title":"Kayaking & Snorkeling in Tenerife - Aventura Excursions | Book Your Adventure Today!","description":"Join our Kayaking & Snorkeling tour in Tenerife! Check reviews, prices, and ratings. Spot dolphins and turtles. Book now for an unforgettable experience!","robots":{"index":"index","follow":"follow","max-snippet":"max-snippet:-1","max-image-preview":"max-image-preview:large","max-video-preview":"max-video-preview:-1"},"canonical":"https:\/\/aventura-excursions.com\/pl\/produkt\/kayaking-snorkeling\/","og_locale":"pl_PL","og_type":"article","og_title":"Kayaking & Snorkeling in Tenerife - Aventura Excursions | Book Your Adventure Today!","og_description":"Join our Kayaking & Snorkeling tour in Tenerife! Check reviews, prices, and ratings. Spot dolphins and turtles. Book now for an unforgettable experience!","og_url":"https:\/\/aventura-excursions.com\/pl\/produkt\/kayaking-snorkeling\/","og_site_name":"Aventura Excursions","article_modified_time":"2024-05-28T15:56:09+00:00","og_image":[{"width":960,"height":640,"url":"https:\/\/aventura-excursions.com\/wp-content\/uploads\/2024\/03\/1T0A0418.jpg","type":"image\/jpeg"}],"twitter_card":"summary_large_image","twitter_misc":{"Szacowany czas czytania":"2 minuty"},"schema":{"@context":"https:\/\/schema.org","@graph":[{"@type":"WebPage","@id":"https:\/\/aventura-excursions.com\/product\/kayaking-snorkeling\/","url":"https:\/\/aventura-excursions.com\/product\/kayaking-snorkeling\/","name":"Kayaking & Snorkeling in Tenerife - Aventura Excursions | Book Your Adventure Today!","isPartOf":{"@id":"https:\/\/aventura-excursions.com\/#website"},"primaryImageOfPage":{"@id":"https:\/\/aventura-excursions.com\/product\/kayaking-snorkeling\/#primaryimage"},"image":{"@id":"https:\/\/aventura-excursions.com\/product\/kayaking-snorkeling\/#primaryimage"},"thumbnailUrl":"https:\/\/aventura-excursions.com\/wp-content\/uploads\/2024\/03\/1T0A0418.jpg","datePublished":"2024-03-30T20:16:04+00:00","dateModified":"2024-05-28T15:56:09+00:00","description":"Join our Kayaking & Snorkeling tour in Tenerife! Check reviews, prices, and ratings. Spot dolphins and turtles. Book now for an unforgettable experience!","breadcrumb":{"@id":"https:\/\/aventura-excursions.com\/product\/kayaking-snorkeling\/#breadcrumb"},"inLanguage":"pl-PL","potentialAction":[{"@type":"ReadAction","target":["https:\/\/aventura-excursions.com\/product\/kayaking-snorkeling\/"]}]},{"@type":"ImageObject","inLanguage":"pl-PL","@id":"https:\/\/aventura-excursions.com\/product\/kayaking-snorkeling\/#primaryimage","url":"https:\/\/aventura-excursions.com\/wp-content\/uploads\/2024\/03\/1T0A0418.jpg","contentUrl":"https:\/\/aventura-excursions.com\/wp-content\/uploads\/2024\/03\/1T0A0418.jpg","width":960,"height":640},{"@type":"BreadcrumbList","@id":"https:\/\/aventura-excursions.com\/product\/kayaking-snorkeling\/#breadcrumb","itemListElement":[{"@type":"ListItem","position":1,"name":"Tours","item":"https:\/\/aventura-excursions.com\/tours\/"},{"@type":"ListItem","position":2,"name":"Kayaking &#038; Snorkeling"}]},{"@type":"WebSite","@id":"https:\/\/aventura-excursions.com\/#website","url":"https:\/\/aventura-excursions.com\/","name":"Aventura Excursions","description":"Aventura Excursions","potentialAction":[{"@type":"SearchAction","target":{"@type":"EntryPoint","urlTemplate":"https:\/\/aventura-excursions.com\/?s={search_term_string}"},"query-input":{"@type":"PropertyValueSpecification","valueRequired":true,"valueName":"search_term_string"}}],"inLanguage":"pl-PL"}]}},"_links":{"self":[{"href":"https:\/\/aventura-excursions.com\/pl\/wp-json\/wp\/v2\/product\/1153","targetHints":{"allow":["GET"]}}],"collection":[{"href":"https:\/\/aventura-excursions.com\/pl\/wp-json\/wp\/v2\/product"}],"about":[{"href":"https:\/\/aventura-excursions.com\/pl\/wp-json\/wp\/v2\/types\/product"}],"wp:featuredmedia":[{"embeddable":true,"href":"https:\/\/aventura-excursions.com\/pl\/wp-json\/wp\/v2\/media\/1156"}],"wp:attachment":[{"href":"https:\/\/aventura-excursions.com\/pl\/wp-json\/wp\/v2\/media?parent=1153"}],"wp:term":[{"taxonomy":"product_brand","embeddable":true,"href":"https:\/\/aventura-excursions.com\/pl\/wp-json\/wp\/v2\/product_brand?post=1153"},{"taxonomy":"product_cat","embeddable":true,"href":"https:\/\/aventura-excursions.com\/pl\/wp-json\/wp\/v2\/product_cat?post=1153"},{"taxonomy":"product_tag","embeddable":true,"href":"https:\/\/aventura-excursions.com\/pl\/wp-json\/wp\/v2\/product_tag?post=1153"}],"curies":[{"name":"wp","href":"https:\/\/api.w.org\/{rel}","templated":true}]}}