{"id":1210,"date":"2024-04-01T17:01:05","date_gmt":"2024-04-01T14:01:05","guid":{"rendered":"https:\/\/aventura-excursions.com\/?post_type=product&#038;p=1210"},"modified":"2024-07-24T16:30:11","modified_gmt":"2024-07-24T13:30:11","slug":"diving-courses","status":"publish","type":"product","link":"https:\/\/aventura-excursions.com\/pl\/produkt\/diving-courses\/","title":{"rendered":"Kursy nurkowania"},"content":{"rendered":"<div>\n<p><h3>Opis<\/h3>\n<p>\nNasza szko\u0142a nurkowania wsp\u00f3\u0142pracuje z najwi\u0119kszymi i najbardziej znanymi federacjami nurkowymi SSI i PADI. Uko\u0144czywszy u nas kurs otrzymasz certyfikat, kt\u00f3ry b\u0119dzie \u0142atwo rozpoznawalny w ka\u017cdym centrum nurkowym na \u015bwiecie, gdziekolwiek zdecydujesz si\u0119 nurkowa\u0107. Kurs nurkowania to ekscytuj\u0105ca przygoda, kt\u00f3ra pomo\u017ce Ci otworzy\u0107 drzwi do innego \u015bwiata.<\/p>\n<p><\/p>\n<h3>Ciekawe miejsca<\/h3>\n<ul>\n<li>Kursy i specjalizacje do Divemastera<\/li>\n<li>Profesjonalni instruktorzy<\/li>\n<li>Elearning i szkolenia praktyczne<\/li>\n<li>Nowoczesny sprz\u0119t<\/li>\n<\/ul>\n<p><\/p>\n<h3>Szczeg\u00f3\u0142y<\/h3>\n<p>\nLokalizacja: Los Cristianos\/Puerto Colon<br \/>\nGodzina rozpocz\u0119cia: 09:00<br \/>\nW cenie sprz\u0119t, ubezpieczenie, certyfikat<br \/>\nKursy SSI i PADI<\/p>\n<p>\nOdbi\u00f3r na po\u0142udniu Teneryfy kosztuje 2 euro za osob\u0119: z Callao Salvaje do el M\u00e9dano.<br \/>\nOdbi\u00f3r z Puerto Santiago \/ Playa la Arena kosztuje 15 euro za samoch\u00f3d (w obie strony).<\/p>\n<p><\/p>\n<h3>Open Water Diver<\/h3>\n<p>\nKurs ten jest pierwszym krokiem i najs\u0142ynniejszym kursem nurkowania na \u015bwiecie. Certyfikat OWD umo\u017cliwia nurkowanie z partnerem na g\u0142\u0119boko\u015b\u0107 do 18 metr\u00f3w w dowolnym miejscu na \u015bwiecie. Kurs trwa 2 dni i sk\u0142ada si\u0119 z 3 cz\u0119\u015bci:<\/p>\n<p>\n&#8211; Theory (elearning): you will learn the equipment, safety basics and basic rules on how to move underwater. You can comfortably complete this part at home a few days before the course starts, from your computer.<\/p>\n<p>\n&#8211; Underwater and surface exercises: these exercises will help you to feel confident underwater and to cope with the different types of problems that can occur during a dive.<\/p>\n<p>\n&#8211; Once we have finished the exercises, we will make 4 dives, during which we will continue to practice everything we have learned before.<\/p>\n<p class=\" translation-block\"><strong>Czas trwania:<\/strong> 2-3 dni<br>\n<strong>Wymagania:<\/strong> \u017cadne<br>\n<strong>Minimalny wiek:<\/strong> 10 lat<\/p>\n<p><\/p>\n<h3>Scuba Diver<\/h3>\n<p>\nIf you don&#8217;t have enough time to complete the full Open Water course, you can opt for the PADI\/SSI Scuba Diver course, which is a shortened version of the OWD course and only takes 1 day. You can then upgrade your license to Open Water Diver at any PADI dive center in the world. The Scuba Diver license allows you to dive to depths of up to 12 meters.<\/p>\n<p>\n<strong>Czas trwania:<\/strong> 1-2 dni<br \/>\n<strong>Wymagania:<\/strong> \u017cadne<br \/>\n<strong>Minimalny wiek:<\/strong> 10 lat<\/p>\n<p><\/p>\n<h3>Advanced Open Water Diver<\/h3>\n<p>\nJest to kurs zaawansowany dla os\u00f3b, kt\u00f3re posiadaj\u0105 ju\u017c certyfikat OWD lub r\u00f3wnowa\u017cny. Podczas kursu przeprowadzanych jest 5 nurkowa\u0144, podczas kt\u00f3rych \u0107wiczymy r\u00f3\u017cne umiej\u0119tno\u015bci. Po uko\u0144czeniu kursu AOWD nurek mo\u017ce nurkowa\u0107 do g\u0142\u0119boko\u015bci 30 metr\u00f3w. Mo\u017cesz po\u0142\u0105czy\u0107 ten kurs z innymi zaplanowanymi nurkowaniami, aby udoskonali\u0107 swoje umiej\u0119tno\u015bci. Na kurs mo\u017cna zapisa\u0107 si\u0119 zaraz po uko\u0144czeniu kursu OWD.<\/p>\n<p>\n<strong>Czas trwania:<\/strong> 2-3 dni<br \/>\n<strong>Wymagania:<\/strong> Certyfikat OWD<br \/>\n<strong>Minimalny wiek:<\/strong> 10 lat<\/p>\n<p><\/p>\n<h3>Night Diver<\/h3>\n<p>\nNoc\u0105 nurkowie mog\u0105 zobaczy\u0107 to, co w \u015bwietle dnia jest ukryte przed ich oczami. Podczas nurkowa\u0144 nocnych obserwujemy zachowanie zwierz\u0105t, kt\u00f3re zmienia si\u0119 wraz z zapadni\u0119ciem zmroku. Na kursie Night Diver nauczymy Ci\u0119 jak bezpiecznie i komfortowo nurkowa\u0107 w warunkach ograniczonej widoczno\u015bci. Kurs obejmuje sesj\u0119 teoretyczn\u0105 i 3 nocne nurkowania w oceanie.<\/p>\n<p>\n<strong>Czas trwania:<\/strong> 3 dni<br \/>\n<strong>Wymagania:<\/strong> Certyfikat OWD<br \/>\n<strong>Minimalny wiek:<\/strong> 18 lat<\/p>\n<p><\/p>\n<h3>Wreck Diver<\/h3>\n<p>\nNurkowanie wrakowe sta\u0142o si\u0119 pasj\u0105 wielu nurk\u00f3w na ca\u0142ym \u015bwiecie. Pod wod\u0105 mo\u017cemy eksplorowa\u0107 statki, samoloty, czo\u0142gi, samochody i koparki. Na tym kursie dowiesz si\u0119 jak bezpiecznie nurkowa\u0107 i penetrowa\u0107 wraki. Szkolenie obejmuje teori\u0119 i 4 nurkowania w pobli\u017cu wraku.<\/p>\n<p>\n<strong>Czas trwania:<\/strong> 2 dni<br \/>\n<strong>Wymagania:<\/strong> Certyfikat OWD<br \/>\n<strong>Minimalny wiek:<\/strong> 15 lat<\/p>\n<p><\/p>\n<h3>Deep Diver<\/h3>\n<p>\nDeep Diver to specjalizacja dla nurk\u00f3w AOWD, kt\u00f3ra pozwala doskonali\u0107 swoje umiej\u0119tno\u015bci i nurkowa\u0107 do g\u0142\u0119boko\u015bci 40 metr\u00f3w. Jest to maksymalna g\u0142\u0119boko\u015b\u0107 dozwolona do nurkowania rekreacyjnego. Podczas kursu Deep Diver poznasz skutki fizjologiczne, procedury planowania, specyfik\u0119 sprz\u0119tu. Poznasz techniki zarz\u0105dzania gazem, radzenia sobie z potencjalnymi zagro\u017ceniami i sytuacjami awaryjnymi. Cena kursu obejmuje 4 nurkowania oceaniczne.<\/p>\n<p>\n<strong>Czas trwania:<\/strong> 2 dni<br \/>\n<strong>Wymagania: <\/strong>Certyfikat AOWD<br \/>\n<strong>Minimalny wiek:<\/strong> 15 lat\n<\/div>","protected":false},"excerpt":{"rendered":"<div>\n<p>\nWejd\u017a do \u015bwiata nurkowania i uko\u0144cz kurs z nami. Nasze programy nauczania obejmuj\u0105 wszystkie poziomy, od podstawowych umiej\u0119tno\u015bci nurkowania po specjalistyczne techniki, takie jak nurkowanie nocne i wrakowe, a\u017c po profesjonalny poziom divemastera.<\/p>\n<p><\/p>\n<p>Wybierz kurs i w razie potrzeby dodatkowe opcje: zdj\u0119cia, odbi\u00f3r na po\u0142udniu Teneryfy lub w Playa la Arena. Nast\u0119pnie wybierz dat\u0119 rozpocz\u0119cia kursu.<\/p>\n<\/div>","protected":false},"featured_media":1213,"template":"","meta":{"_acf_changed":false},"product_brand":[],"product_cat":[21],"product_tag":[],"class_list":{"0":"post-1210","1":"product","2":"type-product","3":"status-publish","4":"has-post-thumbnail","6":"product_cat-activities","8":"first","9":"instock","10":"sale","11":"shipping-taxable","12":"product-type-grouped"},"acf":[],"yoast_head":"<!-- This site is optimized with the Yoast SEO plugin v25.6 - https:\/\/yoast.com\/wordpress\/plugins\/seo\/ -->\n<title>Diving Courses - Aventura Excursions in Tenerife | Learn to Dive | PADI or SSI | Book now<\/title>\n<meta name=\"description\" content=\"Discover scuba diving in Tenerife! From basic skills to advanced PADI and SSI certifications. Check prices, reviews, and book your diving course today!\" \/>\n<meta name=\"robots\" content=\"index, follow, max-snippet:-1, max-image-preview:large, max-video-preview:-1\" \/>\n<link rel=\"canonical\" href=\"https:\/\/aventura-excursions.com\/pl\/produkt\/diving-courses\/\" \/>\n<meta property=\"og:locale\" content=\"pl_PL\" \/>\n<meta property=\"og:type\" content=\"article\" \/>\n<meta property=\"og:title\" content=\"Diving Courses - Aventura Excursions in Tenerife | Learn to Dive | PADI or SSI | Book now\" \/>\n<meta property=\"og:description\" content=\"Discover scuba diving in Tenerife! From basic skills to advanced PADI and SSI certifications. Check prices, reviews, and book your diving course today!\" \/>\n<meta property=\"og:url\" content=\"https:\/\/aventura-excursions.com\/pl\/produkt\/diving-courses\/\" \/>\n<meta property=\"og:site_name\" content=\"Aventura Excursions\" \/>\n<meta property=\"article:modified_time\" content=\"2024-07-24T13:30:11+00:00\" \/>\n<meta property=\"og:image\" content=\"https:\/\/aventura-excursions.com\/wp-content\/uploads\/2024\/04\/21106856_737374579784137_766626476876553897_n.jpg\" \/>\n\t<meta property=\"og:image:width\" content=\"960\" \/>\n\t<meta property=\"og:image:height\" content=\"640\" \/>\n\t<meta property=\"og:image:type\" content=\"image\/jpeg\" \/>\n<meta name=\"twitter:card\" content=\"summary_large_image\" \/>\n<meta name=\"twitter:label1\" content=\"Szacowany czas czytania\" \/>\n\t<meta name=\"twitter:data1\" content=\"4 minuty\" \/>\n<!-- \/ Yoast SEO plugin. -->","yoast_head_json":{"title":"Diving Courses - Aventura Excursions in Tenerife | Learn to Dive | PADI or SSI | Book now","description":"Discover scuba diving in Tenerife! From basic skills to advanced PADI and SSI certifications. Check prices, reviews, and book your diving course today!","robots":{"index":"index","follow":"follow","max-snippet":"max-snippet:-1","max-image-preview":"max-image-preview:large","max-video-preview":"max-video-preview:-1"},"canonical":"https:\/\/aventura-excursions.com\/pl\/produkt\/diving-courses\/","og_locale":"pl_PL","og_type":"article","og_title":"Diving Courses - Aventura Excursions in Tenerife | Learn to Dive | PADI or SSI | Book now","og_description":"Discover scuba diving in Tenerife! From basic skills to advanced PADI and SSI certifications. Check prices, reviews, and book your diving course today!","og_url":"https:\/\/aventura-excursions.com\/pl\/produkt\/diving-courses\/","og_site_name":"Aventura Excursions","article_modified_time":"2024-07-24T13:30:11+00:00","og_image":[{"width":960,"height":640,"url":"https:\/\/aventura-excursions.com\/wp-content\/uploads\/2024\/04\/21106856_737374579784137_766626476876553897_n.jpg","type":"image\/jpeg"}],"twitter_card":"summary_large_image","twitter_misc":{"Szacowany czas czytania":"4 minuty"},"schema":{"@context":"https:\/\/schema.org","@graph":[{"@type":"WebPage","@id":"https:\/\/aventura-excursions.com\/product\/diving-courses\/","url":"https:\/\/aventura-excursions.com\/product\/diving-courses\/","name":"Diving Courses - Aventura Excursions in Tenerife | Learn to Dive | PADI or SSI | Book now","isPartOf":{"@id":"https:\/\/aventura-excursions.com\/#website"},"primaryImageOfPage":{"@id":"https:\/\/aventura-excursions.com\/product\/diving-courses\/#primaryimage"},"image":{"@id":"https:\/\/aventura-excursions.com\/product\/diving-courses\/#primaryimage"},"thumbnailUrl":"https:\/\/aventura-excursions.com\/wp-content\/uploads\/2024\/04\/21106856_737374579784137_766626476876553897_n.jpg","datePublished":"2024-04-01T14:01:05+00:00","dateModified":"2024-07-24T13:30:11+00:00","description":"Discover scuba diving in Tenerife! From basic skills to advanced PADI and SSI certifications. Check prices, reviews, and book your diving course today!","breadcrumb":{"@id":"https:\/\/aventura-excursions.com\/product\/diving-courses\/#breadcrumb"},"inLanguage":"pl-PL","potentialAction":[{"@type":"ReadAction","target":["https:\/\/aventura-excursions.com\/product\/diving-courses\/"]}]},{"@type":"ImageObject","inLanguage":"pl-PL","@id":"https:\/\/aventura-excursions.com\/product\/diving-courses\/#primaryimage","url":"https:\/\/aventura-excursions.com\/wp-content\/uploads\/2024\/04\/21106856_737374579784137_766626476876553897_n.jpg","contentUrl":"https:\/\/aventura-excursions.com\/wp-content\/uploads\/2024\/04\/21106856_737374579784137_766626476876553897_n.jpg","width":960,"height":640},{"@type":"BreadcrumbList","@id":"https:\/\/aventura-excursions.com\/product\/diving-courses\/#breadcrumb","itemListElement":[{"@type":"ListItem","position":1,"name":"Tours","item":"https:\/\/aventura-excursions.com\/tours\/"},{"@type":"ListItem","position":2,"name":"Diving Courses"}]},{"@type":"WebSite","@id":"https:\/\/aventura-excursions.com\/#website","url":"https:\/\/aventura-excursions.com\/","name":"Aventura Excursions","description":"Aventura Excursions","potentialAction":[{"@type":"SearchAction","target":{"@type":"EntryPoint","urlTemplate":"https:\/\/aventura-excursions.com\/?s={search_term_string}"},"query-input":{"@type":"PropertyValueSpecification","valueRequired":true,"valueName":"search_term_string"}}],"inLanguage":"pl-PL"}]}},"_links":{"self":[{"href":"https:\/\/aventura-excursions.com\/pl\/wp-json\/wp\/v2\/product\/1210","targetHints":{"allow":["GET"]}}],"collection":[{"href":"https:\/\/aventura-excursions.com\/pl\/wp-json\/wp\/v2\/product"}],"about":[{"href":"https:\/\/aventura-excursions.com\/pl\/wp-json\/wp\/v2\/types\/product"}],"wp:featuredmedia":[{"embeddable":true,"href":"https:\/\/aventura-excursions.com\/pl\/wp-json\/wp\/v2\/media\/1213"}],"wp:attachment":[{"href":"https:\/\/aventura-excursions.com\/pl\/wp-json\/wp\/v2\/media?parent=1210"}],"wp:term":[{"taxonomy":"product_brand","embeddable":true,"href":"https:\/\/aventura-excursions.com\/pl\/wp-json\/wp\/v2\/product_brand?post=1210"},{"taxonomy":"product_cat","embeddable":true,"href":"https:\/\/aventura-excursions.com\/pl\/wp-json\/wp\/v2\/product_cat?post=1210"},{"taxonomy":"product_tag","embeddable":true,"href":"https:\/\/aventura-excursions.com\/pl\/wp-json\/wp\/v2\/product_tag?post=1210"}],"curies":[{"name":"wp","href":"https:\/\/api.w.org\/{rel}","templated":true}]}}