{"id":1407,"date":"2024-04-20T18:50:37","date_gmt":"2024-04-20T15:50:37","guid":{"rendered":"https:\/\/aventura-excursions.com\/?post_type=product&#038;p=1407"},"modified":"2025-09-10T15:53:34","modified_gmt":"2025-09-10T12:53:34","slug":"musts-of-tenerife","status":"publish","type":"product","link":"https:\/\/aventura-excursions.com\/pl\/produkt\/musts-of-tenerife\/","title":{"rendered":"\"Musts\" Teneryfy"},"content":{"rendered":"<h3>Wycieczki w pakiecie<\/h3>\n<ul>\n<li><strong><em><a href=\"https:\/\/aventura-excursions.com\/pl\/produkt\/twin-ticket\/\">Bilet podw\u00f3jny:<\/a><\/em><\/strong> Loro Park (park zwierz\u0105t) + Siam Park (park wodny)<\/li>\n<li><strong><em><a href=\"https:\/\/aventura-excursions.com\/pl\/produkt\/teide-masca\/\">Teide Masca:<\/a><\/em><\/strong> wycieczka autokarowa z przewodnikiem (wulkan Teide, dolina Masca)<\/li>\n<li><strong><em><a href=\"https:\/\/aventura-excursions.com\/pl\/produkt\/snorkeling\/\">Snorkeling 50 min:<\/a><\/em><\/strong> wycieczka \u0142odzi\u0105<\/li>\n<p>\n<\/p>\n<h3>Opis<\/h3>\n<p>\nExperience the ultimate Tenerife adventure! Visit <strong><em><a href=\"https:\/\/aventura-excursions.com\/pl\/produkt\/siam-park\/\">Siam Park<\/a><\/em><\/strong> i <strong><em><a href=\"https:\/\/aventura-excursions.com\/pl\/produkt\/loro-park\/\">Loro Park<\/a><\/em><\/strong> (Europe&#8217;s most famous attractions), go on a <strong><em><a href=\"https:\/\/aventura-excursions.com\/pl\/produkt\/teide-masca\/\">Teide Masca<\/a><\/em><\/strong> tour (majestic heights of Teide, the National Park, breathtaking Masca valley) and do <strong><em><a href=\"https:\/\/aventura-excursions.com\/pl\/produkt\/snorkeling\/\">snorkeling by boat<\/a><\/em><\/strong> . These are a very popular choice of tours to do in Tenerife and we have joined them into this fantastic package so that you could explore Tenerife at a better price and visit the must-see places.<\/p>\n<p>\nMo\u017cesz roz\u0142o\u017cy\u0107 ten pakiet na 4 r\u00f3\u017cne dni w dowolnej kolejno\u015bci. Dokonuj\u0105c rezerwacji wybierasz dzie\u0144 rozpocz\u0119cia pakietu, a p\u00f3\u017aniej ustalamy z Tob\u0105 dni wszystkich wycieczek obj\u0119tych pakietem.<\/p>\n<p>\nBook this package and do the &#8220;musts&#8221; of Tenerife!<\/p>\n<p>\n<\/p>\n<h3>Szczeg\u00f3\u0142y<\/h3>\n<p>\n<strong><em>Siam Park<\/em><\/strong><\/p>\n<p>\nGodziny otwarcia w lecie: 10:00 \u2013 18:00<br \/>\nWinter opening hours: 10:00 &#8211; 17:00<br \/>\nLokalizacja: po\u0142udnie Teneryfy<\/p>\n<p>\n<strong><em>Loro Park<\/em><\/strong><\/p>\n<p>\nGodziny otwarcia: 09:30 \u2013 17:30 <br \/>\nLokalizacja: p\u00f3\u0142noc od Teneryfy<\/p>\n<p>\n<strong><em>Teide Masca<\/em><\/strong><\/p>\n<p>\nGodzina rozpocz\u0119cia: oko\u0142o 08:00<br \/>\nCzas trwania: 9 godzin <br \/>\nB\u0119dzie przystanek w tradycyjnej restauracji<br \/>\nJedzenie nie jest wliczone w cen\u0119<\/p>\n<p>\n<strong><em>Snorkeling z \u0142odzi<\/em><\/strong><\/p>\n<p>\nCzas trwania: 2 godziny (snorkeling 50 minut) <br \/>\nGodzina rozpocz\u0119cia: 09:00, 12:00 <br \/>\nMinimalny wiek: 6 lat <br \/>\nSprz\u0119t w zestawie: zestawy do snorkelingu, kombinezony i buty neoprenowe, w razie potrzeby kamizelki<br \/>\nLokalizacja: Puerto Colon, po\u0142udniowa Teneryfa<\/p>\n<h3>Transport<\/h3>\n<p>\n<strong><em>Parki Loro i Siam<\/em><\/strong><\/p>\n<p>Aby u\u0142atwi\u0107 Pa\u0144stwu zaplanowanie wizyty, oferujemy autobus Siam z Puerto de la Cruz oraz autobus Loro z po\u0142udniowych wiosek turystycznych (Las Americas, Los Cristianos itp.).<\/p>\n<p>Zarezerwuj <strong>Pakiet \u201eMusts Teneryfy\u201d + autobus Siam<\/strong>, je\u015bli mieszkasz w Puerto de La Cruz.<br \/>\n<br \/>Zarezerwuj <strong>Pakiet \u201eMusts Teneryfy\u201d + autobus Loro<\/strong>, je\u015bli mieszkasz na po\u0142udniu.<\/p>\n<p> Na po\u0142udniu kursuje bezp\u0142atny autobus wahad\u0142owy do Siam Parku.<\/p>\n<p class=\" translation-block\">Mo\u017cesz tak\u017ce <a href=\"https:\/\/aventura-excursions.com\/pl\/produkt\/rent-a-car\/\" target=\"_self\"><strong><em>wypo\u017cyczy\u0107 u nas samoch\u00f3d<\/em><\/strong><\/a> i samodzielnie wybra\u0107 si\u0119 do park\u00f3w. Jedyn\u0105 niedogodno\u015bci\u0105 mo\u017ce by\u0107 zape\u0142nienie parkingu ze wzgl\u0119du na du\u017c\u0105 popularno\u015b\u0107 obu park\u00f3w.<\/p>\n<p>\n<strong><em>Teide Masca<\/em><\/strong><\/p>\n<p>\nAutobus odbierze Ci\u0119 z dowolnego obszaru turystycznego na Teneryfie (na po\u0142udniu i p\u00f3\u0142nocy).<\/p>\n<p>\n<strong><em>Snorkeling z \u0142odzi<\/em><\/strong><\/p>\n<p>\nTransport  kosztuje 4 euro za osob\u0119 na po\u0142udniu Teneryfy.<\/p>","protected":false},"excerpt":{"rendered":"<div>\n<p>\nOdwied\u017a Loro Park i Siam Park, odkryj legendarn\u0105 g\u00f3r\u0119 Teide z dolin\u0105 Masca i obserwuj podwodne \u017cycie podczas snorkelingu z \u0142odzi! Idealne po\u0142\u0105czenie do odkrywania Teneryfy! <\/p>\n<p>\n<br \/>\nNajpierw wybierz, czy chcesz kupi\u0107 sam bilet, czy potrzebujesz transferu do jednego z park\u00f3w. Je\u015bli jeste\u015b na p\u00f3\u0142nocy, wybierz pakiet Musts Teneryfy + autobus Siam. Je\u015bli jeste\u015b na po\u0142udniu, wybierz pakiet Musts Teneryfy  + autobus Loro.<\/p>\n<p>Nast\u0119pnie wybierz liczb\u0119 doros\u0142ych i dzieci. I na koniec wybierz dzie\u0144, w kt\u00f3rym chcesz rozpocz\u0105\u0107 pakiet. Skontaktujemy si\u0119 z Tob\u0105, aby uzgodni\u0107 dni i godziny ka\u017cdej wycieczki.\n<\/p><\/div>","protected":false},"featured_media":1557,"template":"","meta":{"_acf_changed":false},"product_brand":[],"product_cat":[142],"product_tag":[],"class_list":{"0":"post-1407","1":"product","2":"type-product","3":"status-publish","4":"has-post-thumbnail","6":"product_cat-special-offers","8":"first","9":"instock","10":"sale","11":"shipping-taxable","12":"product-type-grouped"},"acf":[],"yoast_head":"<!-- This site is optimized with the Yoast SEO plugin v25.6 - https:\/\/yoast.com\/wordpress\/plugins\/seo\/ -->\n<title>Musts of Tenerife with Aventura Excursions - Best Tours and activities<\/title>\n<meta name=\"description\" content=\"Explore Tenerife: visit Loro Park, Siam Park, Teide Masca, and snorkel with turtles. Check reviews, prices, and ratings. Book now for the best experience!\" \/>\n<meta name=\"robots\" content=\"index, follow, max-snippet:-1, max-image-preview:large, max-video-preview:-1\" \/>\n<link rel=\"canonical\" href=\"https:\/\/aventura-excursions.com\/pl\/produkt\/musts-of-tenerife\/\" \/>\n<meta property=\"og:locale\" content=\"pl_PL\" \/>\n<meta property=\"og:type\" content=\"article\" \/>\n<meta property=\"og:title\" content=\"Musts of Tenerife with Aventura Excursions - Best Tours and activities\" \/>\n<meta property=\"og:description\" content=\"Explore Tenerife: visit Loro Park, Siam Park, Teide Masca, and snorkel with turtles. Check reviews, prices, and ratings. Book now for the best experience!\" \/>\n<meta property=\"og:url\" content=\"https:\/\/aventura-excursions.com\/pl\/produkt\/musts-of-tenerife\/\" \/>\n<meta property=\"og:site_name\" content=\"Aventura Excursions\" \/>\n<meta property=\"article:modified_time\" content=\"2025-09-10T12:53:34+00:00\" \/>\n<meta property=\"og:image\" content=\"https:\/\/aventura-excursions.com\/wp-content\/uploads\/2024\/04\/mot2.jpg\" \/>\n\t<meta property=\"og:image:width\" content=\"980\" \/>\n\t<meta property=\"og:image:height\" content=\"760\" \/>\n\t<meta property=\"og:image:type\" content=\"image\/jpeg\" \/>\n<meta name=\"twitter:card\" content=\"summary_large_image\" \/>\n<meta name=\"twitter:label1\" content=\"Szacowany czas czytania\" \/>\n\t<meta name=\"twitter:data1\" content=\"2 minuty\" \/>\n<!-- \/ Yoast SEO plugin. -->","yoast_head_json":{"title":"Musts of Tenerife with Aventura Excursions - Best Tours and activities","description":"Explore Tenerife: visit Loro Park, Siam Park, Teide Masca, and snorkel with turtles. Check reviews, prices, and ratings. Book now for the best experience!","robots":{"index":"index","follow":"follow","max-snippet":"max-snippet:-1","max-image-preview":"max-image-preview:large","max-video-preview":"max-video-preview:-1"},"canonical":"https:\/\/aventura-excursions.com\/pl\/produkt\/musts-of-tenerife\/","og_locale":"pl_PL","og_type":"article","og_title":"Musts of Tenerife with Aventura Excursions - Best Tours and activities","og_description":"Explore Tenerife: visit Loro Park, Siam Park, Teide Masca, and snorkel with turtles. Check reviews, prices, and ratings. Book now for the best experience!","og_url":"https:\/\/aventura-excursions.com\/pl\/produkt\/musts-of-tenerife\/","og_site_name":"Aventura Excursions","article_modified_time":"2025-09-10T12:53:34+00:00","og_image":[{"width":980,"height":760,"url":"https:\/\/aventura-excursions.com\/wp-content\/uploads\/2024\/04\/mot2.jpg","type":"image\/jpeg"}],"twitter_card":"summary_large_image","twitter_misc":{"Szacowany czas czytania":"2 minuty"},"schema":{"@context":"https:\/\/schema.org","@graph":[{"@type":"WebPage","@id":"https:\/\/aventura-excursions.com\/product\/musts-of-tenerife\/","url":"https:\/\/aventura-excursions.com\/product\/musts-of-tenerife\/","name":"Musts of Tenerife with Aventura Excursions - Best Tours and activities","isPartOf":{"@id":"https:\/\/aventura-excursions.com\/#website"},"primaryImageOfPage":{"@id":"https:\/\/aventura-excursions.com\/product\/musts-of-tenerife\/#primaryimage"},"image":{"@id":"https:\/\/aventura-excursions.com\/product\/musts-of-tenerife\/#primaryimage"},"thumbnailUrl":"https:\/\/aventura-excursions.com\/wp-content\/uploads\/2024\/04\/mot2.jpg","datePublished":"2024-04-20T15:50:37+00:00","dateModified":"2025-09-10T12:53:34+00:00","description":"Explore Tenerife: visit Loro Park, Siam Park, Teide Masca, and snorkel with turtles. Check reviews, prices, and ratings. Book now for the best experience!","breadcrumb":{"@id":"https:\/\/aventura-excursions.com\/product\/musts-of-tenerife\/#breadcrumb"},"inLanguage":"pl-PL","potentialAction":[{"@type":"ReadAction","target":["https:\/\/aventura-excursions.com\/product\/musts-of-tenerife\/"]}]},{"@type":"ImageObject","inLanguage":"pl-PL","@id":"https:\/\/aventura-excursions.com\/product\/musts-of-tenerife\/#primaryimage","url":"https:\/\/aventura-excursions.com\/wp-content\/uploads\/2024\/04\/mot2.jpg","contentUrl":"https:\/\/aventura-excursions.com\/wp-content\/uploads\/2024\/04\/mot2.jpg","width":980,"height":760},{"@type":"BreadcrumbList","@id":"https:\/\/aventura-excursions.com\/product\/musts-of-tenerife\/#breadcrumb","itemListElement":[{"@type":"ListItem","position":1,"name":"Tours","item":"https:\/\/aventura-excursions.com\/tours\/"},{"@type":"ListItem","position":2,"name":"Musts of Tenerife"}]},{"@type":"WebSite","@id":"https:\/\/aventura-excursions.com\/#website","url":"https:\/\/aventura-excursions.com\/","name":"Aventura Excursions","description":"Aventura Excursions","potentialAction":[{"@type":"SearchAction","target":{"@type":"EntryPoint","urlTemplate":"https:\/\/aventura-excursions.com\/?s={search_term_string}"},"query-input":{"@type":"PropertyValueSpecification","valueRequired":true,"valueName":"search_term_string"}}],"inLanguage":"pl-PL"}]}},"_links":{"self":[{"href":"https:\/\/aventura-excursions.com\/pl\/wp-json\/wp\/v2\/product\/1407","targetHints":{"allow":["GET"]}}],"collection":[{"href":"https:\/\/aventura-excursions.com\/pl\/wp-json\/wp\/v2\/product"}],"about":[{"href":"https:\/\/aventura-excursions.com\/pl\/wp-json\/wp\/v2\/types\/product"}],"wp:featuredmedia":[{"embeddable":true,"href":"https:\/\/aventura-excursions.com\/pl\/wp-json\/wp\/v2\/media\/1557"}],"wp:attachment":[{"href":"https:\/\/aventura-excursions.com\/pl\/wp-json\/wp\/v2\/media?parent=1407"}],"wp:term":[{"taxonomy":"product_brand","embeddable":true,"href":"https:\/\/aventura-excursions.com\/pl\/wp-json\/wp\/v2\/product_brand?post=1407"},{"taxonomy":"product_cat","embeddable":true,"href":"https:\/\/aventura-excursions.com\/pl\/wp-json\/wp\/v2\/product_cat?post=1407"},{"taxonomy":"product_tag","embeddable":true,"href":"https:\/\/aventura-excursions.com\/pl\/wp-json\/wp\/v2\/product_tag?post=1407"}],"curies":[{"name":"wp","href":"https:\/\/api.w.org\/{rel}","templated":true}]}}