{"id":1438,"date":"2024-04-23T01:22:51","date_gmt":"2024-04-22T22:22:51","guid":{"rendered":"https:\/\/aventura-excursions.com\/?post_type=product&#038;p=1438"},"modified":"2025-09-10T15:37:55","modified_gmt":"2025-09-10T12:37:55","slug":"adrenaline-pack","status":"publish","type":"product","link":"https:\/\/aventura-excursions.com\/pl\/produkt\/adrenaline-pack\/","title":{"rendered":"Pakiet Adrenalin"},"content":{"rendered":"<h3>Wycieczki w pakiecie<\/h3>\n<ul>\n<li><a href=\"https:\/\/aventura-excursions.com\/pl\/produkt\/diving-for-beginners\/\"><strong><em>Nurkowanie pr\u00f3bne 40 minut<\/em><\/strong><\/a><\/li>\n<li><a href=\"https:\/\/aventura-excursions.com\/pl\/produkt\/kayaking-snorkeling\/\"><strong><em>Kajak + snorkeling<\/em><\/strong><\/a><\/li>\n<li><a href=\"https:\/\/aventura-excursions.com\/pl\/produkt\/paragliding\/\"><strong><em>Paralotnia:<\/em><\/strong><\/a> Lot srebrny\/z\u0142oty\/platynowy<\/li>\n<\/ul>\n<p>\n<\/p>\n<h3>Opis<\/h3>\n<p class=\" translation-block\">Chcesz sp\u0119dzi\u0107 aktywne wakacje na Teneryfie? Jeste\u015b na w\u0142a\u015bciwej stronie! Ten pakiet adrenaliny zapewni Ci emocje, kt\u00f3rych szukasz. <strong><em><a href=\"https:\/\/aventura-excursions.com\/pl\/produkt\/try-dive\/\" target=\"_self\">Nurkowanie<\/a><\/em><\/strong>, <strong><em><a href=\"https:\/\/aventura-excursions.com\/pl\/produkt\/kayaking-snorkeling\/\" target=\"_self\">kajakarstwo<\/a><\/em><\/strong> i <strong><em><a href=\"https:\/\/aventura-excursions.com\/pl\/produkt\/paragliding\/\" target=\"_self\">paralotnia<\/a><\/em><\/strong> to najpopularniejsze zaj\u0119cia na naszej wyspie i z przyjemno\u015bci\u0105 informujemy, \u017ce mo\u017cesz zarezerwowa\u0107 je wszystkie ze zni\u017ck\u0105. Istniej\u0105 3 opcje lot\u00f3w na paralotni, kt\u00f3re mo\u017cesz wybra\u0107 jako pakiet adrenaliny z nurkowaniem pr\u00f3bnym trwaj\u0105cym 40 minut i wycieczk\u0105 kajakiem + snorkelingiem.<\/p>\n<p>\nMo\u017cesz wybra\u0107 pakiet w ci\u0105gu 2 lub 3 dni (je\u015bli chcesz, mo\u017cna wybra\u0107 si\u0119 na sp\u0142yw kajakowy i nurkowanie tego samego dnia). Terminy s\u0105 ca\u0142kowicie elastyczne, dostosujemy si\u0119 do Twoich potrzeb.<\/p>\n<p>\nZdob\u0105d\u017a adrenalin\u0119 i fajne wspomnienia z przyg\u00f3d na Teneryfie!<\/p>\n<p>\n<\/p>\n<h3>Szczeg\u00f3\u0142y<\/h3>\n<p>\n<strong>Nurkowanie pr\u00f3bne 40 min<\/strong><br \/>\nCzas trwania: \u0142\u0105cznie 2,5 godziny<br \/>\nGodziny rozpocz\u0119cia: 10:00, 12:30, 15:00<br \/>\nMinimalny wiek: 8 lat<br \/>\nLokalizacja: Los Cristianos<\/p>\n<p>\n<strong>Kajak + snorkeling<\/strong><br \/>\nCzas trwania: 1,5 godziny sp\u0142ywu kajakowego + 30 minut snorkelingu<br \/>\nGodziny rozpocz\u0119cia: 10:00, 12:30, 14:00<br \/>\nMinimalny wiek: 6 lat<br \/>\nLokalizacja: Los Cristianos<\/p>\n<p>\n<strong>Paralotnia<\/strong><br \/>\nCzas trwania: \u0142\u0105cznie 2 godziny<br \/>\nSilver Flight &#8211; 10-20 min<br \/>\nGolden Flight &#8211; 20-25 min<br \/>\nPlatinum Flight &#8211; 25-30 min (also includes acrobatic maneuvers)<br \/>\nGodziny rozpocz\u0119cia: 10:00, 12:00, 14:00, 16:00<br \/>\nMaksymalna waga: 110 kg<br \/>\nLokalizacja: po\u0142udnie Teneryfy, l\u0105dowanie na pla\u017cy La Caleta<\/p>\n<p>\n<\/p>\n<h3>Transport<\/h3>\n<p>\nOdbi\u00f3r na nurkowanie i sp\u0142ywy kajakowe kosztuje 4 euro od osoby: z Callao Salvaje do Golf del Sur.<br \/>\nOdbi\u00f3r z Puerto Santiago \/ Playa la Arena \/ El Medano kosztuje 15 euro za samoch\u00f3d (w obie strony). <\/p>\n<p>\nTransfer na paralotnie na po\u0142udniu Teneryfy jest bezp\u0142atny.<\/p>","protected":false},"excerpt":{"rendered":"<div>\n<p>Wspania\u0142a przygoda dla wszystkich poszukiwaczy mocnych wra\u017ce\u0144! Czeka na Ciebie nurkowanie pr\u00f3bne 40 minut, sp\u0142yw kajakowy z snorkelingiem i lot na paralotni.<\/p>\n<p>\nMinimalny wiek: 8 lat<\/p>\n<p>\nWybierz pakiet w zale\u017cno\u015bci od wybranego lotu: Srebrny, Z\u0142oty lub Platynowy.<br \/>\nNast\u0119pnie wybierz pierwszy dzie\u0144 pakietu.<br \/>Gdy tylko otrzymamy Twoj\u0105 rezerwacj\u0119, skontaktujemy si\u0119 z Tob\u0105 i ustalimy harmonogram wszystkich trzech wycieczek.\n<\/div>","protected":false},"featured_media":1594,"template":"","meta":{"_acf_changed":false},"product_brand":[],"product_cat":[142],"product_tag":[],"class_list":{"0":"post-1438","1":"product","2":"type-product","3":"status-publish","4":"has-post-thumbnail","6":"product_cat-special-offers","8":"first","9":"instock","10":"sale","11":"shipping-taxable","12":"product-type-grouped"},"acf":[],"yoast_head":"<!-- This site is optimized with the Yoast SEO plugin v25.6 - https:\/\/yoast.com\/wordpress\/plugins\/seo\/ -->\n<title>Adrenaline Pack in Tenerife | Diving, Kayaking &amp; Paragliding - Book<\/title>\n<meta name=\"description\" content=\"Book the Adrenaline Pack in Tenerife! Includes diving, kayaking, and paragliding. Check prices and book now for an unforgettable adventure!\" \/>\n<meta name=\"robots\" content=\"index, follow, max-snippet:-1, max-image-preview:large, max-video-preview:-1\" \/>\n<link rel=\"canonical\" href=\"https:\/\/aventura-excursions.com\/pl\/produkt\/adrenaline-pack\/\" \/>\n<meta property=\"og:locale\" content=\"pl_PL\" \/>\n<meta property=\"og:type\" content=\"article\" \/>\n<meta property=\"og:title\" content=\"Adrenaline Pack in Tenerife | Diving, Kayaking &amp; Paragliding - Book\" \/>\n<meta property=\"og:description\" content=\"Book the Adrenaline Pack in Tenerife! Includes diving, kayaking, and paragliding. Check prices and book now for an unforgettable adventure!\" \/>\n<meta property=\"og:url\" content=\"https:\/\/aventura-excursions.com\/pl\/produkt\/adrenaline-pack\/\" \/>\n<meta property=\"og:site_name\" content=\"Aventura Excursions\" \/>\n<meta property=\"article:modified_time\" content=\"2025-09-10T12:37:55+00:00\" \/>\n<meta property=\"og:image\" content=\"https:\/\/aventura-excursions.com\/wp-content\/uploads\/2024\/04\/pack.jpg\" \/>\n\t<meta property=\"og:image:width\" content=\"800\" \/>\n\t<meta property=\"og:image:height\" content=\"600\" \/>\n\t<meta property=\"og:image:type\" content=\"image\/jpeg\" \/>\n<meta name=\"twitter:card\" content=\"summary_large_image\" \/>\n<meta name=\"twitter:label1\" content=\"Szacowany czas czytania\" \/>\n\t<meta name=\"twitter:data1\" content=\"2 minuty\" \/>\n<!-- \/ Yoast SEO plugin. -->","yoast_head_json":{"title":"Adrenaline Pack in Tenerife | Diving, Kayaking & Paragliding - Book","description":"Book the Adrenaline Pack in Tenerife! Includes diving, kayaking, and paragliding. Check prices and book now for an unforgettable adventure!","robots":{"index":"index","follow":"follow","max-snippet":"max-snippet:-1","max-image-preview":"max-image-preview:large","max-video-preview":"max-video-preview:-1"},"canonical":"https:\/\/aventura-excursions.com\/pl\/produkt\/adrenaline-pack\/","og_locale":"pl_PL","og_type":"article","og_title":"Adrenaline Pack in Tenerife | Diving, Kayaking & Paragliding - Book","og_description":"Book the Adrenaline Pack in Tenerife! Includes diving, kayaking, and paragliding. Check prices and book now for an unforgettable adventure!","og_url":"https:\/\/aventura-excursions.com\/pl\/produkt\/adrenaline-pack\/","og_site_name":"Aventura Excursions","article_modified_time":"2025-09-10T12:37:55+00:00","og_image":[{"width":800,"height":600,"url":"https:\/\/aventura-excursions.com\/wp-content\/uploads\/2024\/04\/pack.jpg","type":"image\/jpeg"}],"twitter_card":"summary_large_image","twitter_misc":{"Szacowany czas czytania":"2 minuty"},"schema":{"@context":"https:\/\/schema.org","@graph":[{"@type":"WebPage","@id":"https:\/\/aventura-excursions.com\/product\/adrenaline-pack\/","url":"https:\/\/aventura-excursions.com\/product\/adrenaline-pack\/","name":"Adrenaline Pack in Tenerife | Diving, Kayaking & Paragliding - Book","isPartOf":{"@id":"https:\/\/aventura-excursions.com\/#website"},"primaryImageOfPage":{"@id":"https:\/\/aventura-excursions.com\/product\/adrenaline-pack\/#primaryimage"},"image":{"@id":"https:\/\/aventura-excursions.com\/product\/adrenaline-pack\/#primaryimage"},"thumbnailUrl":"https:\/\/aventura-excursions.com\/wp-content\/uploads\/2024\/04\/pack.jpg","datePublished":"2024-04-22T22:22:51+00:00","dateModified":"2025-09-10T12:37:55+00:00","description":"Book the Adrenaline Pack in Tenerife! Includes diving, kayaking, and paragliding. Check prices and book now for an unforgettable adventure!","breadcrumb":{"@id":"https:\/\/aventura-excursions.com\/product\/adrenaline-pack\/#breadcrumb"},"inLanguage":"pl-PL","potentialAction":[{"@type":"ReadAction","target":["https:\/\/aventura-excursions.com\/product\/adrenaline-pack\/"]}]},{"@type":"ImageObject","inLanguage":"pl-PL","@id":"https:\/\/aventura-excursions.com\/product\/adrenaline-pack\/#primaryimage","url":"https:\/\/aventura-excursions.com\/wp-content\/uploads\/2024\/04\/pack.jpg","contentUrl":"https:\/\/aventura-excursions.com\/wp-content\/uploads\/2024\/04\/pack.jpg","width":800,"height":600},{"@type":"BreadcrumbList","@id":"https:\/\/aventura-excursions.com\/product\/adrenaline-pack\/#breadcrumb","itemListElement":[{"@type":"ListItem","position":1,"name":"Tours","item":"https:\/\/aventura-excursions.com\/tours\/"},{"@type":"ListItem","position":2,"name":"Adrenaline Pack"}]},{"@type":"WebSite","@id":"https:\/\/aventura-excursions.com\/#website","url":"https:\/\/aventura-excursions.com\/","name":"Aventura Excursions","description":"Aventura Excursions","potentialAction":[{"@type":"SearchAction","target":{"@type":"EntryPoint","urlTemplate":"https:\/\/aventura-excursions.com\/?s={search_term_string}"},"query-input":{"@type":"PropertyValueSpecification","valueRequired":true,"valueName":"search_term_string"}}],"inLanguage":"pl-PL"}]}},"_links":{"self":[{"href":"https:\/\/aventura-excursions.com\/pl\/wp-json\/wp\/v2\/product\/1438","targetHints":{"allow":["GET"]}}],"collection":[{"href":"https:\/\/aventura-excursions.com\/pl\/wp-json\/wp\/v2\/product"}],"about":[{"href":"https:\/\/aventura-excursions.com\/pl\/wp-json\/wp\/v2\/types\/product"}],"wp:featuredmedia":[{"embeddable":true,"href":"https:\/\/aventura-excursions.com\/pl\/wp-json\/wp\/v2\/media\/1594"}],"wp:attachment":[{"href":"https:\/\/aventura-excursions.com\/pl\/wp-json\/wp\/v2\/media?parent=1438"}],"wp:term":[{"taxonomy":"product_brand","embeddable":true,"href":"https:\/\/aventura-excursions.com\/pl\/wp-json\/wp\/v2\/product_brand?post=1438"},{"taxonomy":"product_cat","embeddable":true,"href":"https:\/\/aventura-excursions.com\/pl\/wp-json\/wp\/v2\/product_cat?post=1438"},{"taxonomy":"product_tag","embeddable":true,"href":"https:\/\/aventura-excursions.com\/pl\/wp-json\/wp\/v2\/product_tag?post=1438"}],"curies":[{"name":"wp","href":"https:\/\/api.w.org\/{rel}","templated":true}]}}