{"id":1439,"date":"2024-04-23T01:25:32","date_gmt":"2024-04-22T22:25:32","guid":{"rendered":"https:\/\/aventura-excursions.com\/?post_type=product&#038;p=1439"},"modified":"2025-09-16T15:45:21","modified_gmt":"2025-09-16T12:45:21","slug":"water-package","status":"publish","type":"product","link":"https:\/\/aventura-excursions.com\/pl\/produkt\/water-package\/","title":{"rendered":"Pakiet Wodny dla 2 os\u00f3b"},"content":{"rendered":"<h3>Wycieczki w pakiecie<\/h3>\n<ul>\n<li><a href=\"https:\/\/aventura-excursions.com\/pl\/produkt\/jet-ski-safari\/\"><strong><em>Safari na skuterach wodnych:<\/em><\/strong><\/a> wycieczka z przewodnikiem<\/li>\n<li><a href=\"https:\/\/aventura-excursions.com\/pl\/produkt\/stand-up-paddle\/\"><strong><em>Stand Up Paddle:<\/em><\/strong><\/a> lekcja z instruktorem<\/li>\n<\/ul>\n<p>\n<\/p>\n<h3>Opis<\/h3>\n<p class=\" translation-block\">Pakiet dla odkrywc\u00f3w morza! Mamy specjaln\u0105 ofert\u0119 <strong><em><a href=\"https:\/\/aventura-excursions.com\/pl\/produkt\/jet-ski-safari\/\" target=\"_self\">safari na skuterach wodnych<\/a><\/em><\/strong> i <strong><em><a href=\"https:\/\/aventura-excursions.com\/pl\/produkt\/stand-up-paddle\/\" target=\"_self\">Stand Up Paddle<\/a><\/em><\/strong> dla dw\u00f3ch os\u00f3b. Skorzystaj z dw\u00f3ch popularnych atrakcji na Teneryfie i zarezerwuj je ze zni\u017ck\u0105.<\/p>\n<p>Obie wycieczki mo\u017cna odby\u0107 w jeden dzie\u0144 lub w dwa r\u00f3\u017cne dni. Daty i godziny s\u0105 elastyczne. Po dokonaniu rezerwacji skontaktujemy si\u0119 z Tob\u0105 w celu ustalenia daty i godziny safari na skuterze wodnym oraz Stand-Up Paddle.<\/p>\n<p>Zanurz si\u0119 w pi\u0119knie natury! <\/p>\n<p>\n<\/p>\n<h3>Szczeg\u00f3\u0142y<\/h3>\n<p>\n<strong>Skutery wodne<\/strong><\/p>\n<p>\nCzas trwania: 1 lub 2 godziny<br \/>\nGodziny rozpocz\u0119cia: 10:00, 12:00, 14:00, 16:00 <br \/>\nMinimalna wysoko\u015b\u0107: 120 cm <br \/>\nMaximum weight: single jet ski &#8211; 120 kg, double jet ski &#8211; 160 kg <br \/>\nPort: Las Galletas<\/p>\n<p>\n<br \/>\n<strong>Stand Up Paddle<\/strong><\/p>\n<p>\nCzas trwania: 2 godziny<br \/>\nGodziny rozpocz\u0119cia: 10:00, 12:00, 14:00 <br \/>\nMinimalny wiek: 10 lat <br \/>\nLokalizacja: Los Cristianos<\/p>\n<h3>Transport<\/h3>\n<p>\n<strong>Skutery wodne<\/strong>: bezp\u0142atny transport z Los Cristianos, Las Americas, Costa Adeje<\/p>\n<p>\n<strong>Stand Up Paddle<\/strong>: odbi\u00f3r 4 euro za osob\u0119 na po\u0142udniu Teneryfy<\/p>\n<p>\nJe\u015bli zatrzymasz si\u0119 w Puerto de la Cruz, mo\u017cemy zorganizowa\u0107 odbi\u00f3r z Twojego hotelu za dodatkow\u0105 op\u0142at\u0105.<\/p>","protected":false},"excerpt":{"rendered":"<div>\n<p>Ciesz si\u0119 ekscytuj\u0105cymi przeja\u017cd\u017ckami na skuterach wodnych i paddleboardingiem po oceanie! Zarezerwuj nasz Pakiet Wodny dla dw\u00f3ch os\u00f3b i zap\u0142a\u0107 mniej!  <\/p>\n<p>\n<br \/>\nWybierz preferowan\u0105 opcj\u0119, a nast\u0119pnie dat\u0119 pierwszej wycieczki. Po otrzymaniu rezerwacji ustalimy z Pa\u0144stwem daty i godziny obu wycieczek.<\/p>\n<\/div>","protected":false},"featured_media":1442,"template":"","meta":{"_acf_changed":false},"product_brand":[],"product_cat":[142],"product_tag":[],"class_list":{"0":"post-1439","1":"product","2":"type-product","3":"status-publish","4":"has-post-thumbnail","6":"product_cat-special-offers","8":"first","9":"instock","10":"sale","11":"shipping-taxable","12":"product-type-grouped"},"acf":[],"yoast_head":"<!-- This site is optimized with the Yoast SEO plugin v25.6 - https:\/\/yoast.com\/wordpress\/plugins\/seo\/ -->\n<title>Water Package for 2 : Jet Ski &amp; SUP in Tenerife - Aventura Excursions - Book Now!<\/title>\n<meta name=\"description\" content=\"Book our Water Package for 2 in Tenerife. Check reviews, prices, and ratings. Enjoy thrilling jet ski rides and stand up paddle board with a discount.\" \/>\n<meta name=\"robots\" content=\"index, follow, max-snippet:-1, max-image-preview:large, max-video-preview:-1\" \/>\n<link rel=\"canonical\" href=\"https:\/\/aventura-excursions.com\/pl\/produkt\/water-package\/\" \/>\n<meta property=\"og:locale\" content=\"pl_PL\" \/>\n<meta property=\"og:type\" content=\"article\" \/>\n<meta property=\"og:title\" content=\"Water Package for 2 : Jet Ski &amp; SUP in Tenerife - Aventura Excursions - Book Now!\" \/>\n<meta property=\"og:description\" content=\"Book our Water Package for 2 in Tenerife. Check reviews, prices, and ratings. Enjoy thrilling jet ski rides and stand up paddle board with a discount.\" \/>\n<meta property=\"og:url\" content=\"https:\/\/aventura-excursions.com\/pl\/produkt\/water-package\/\" \/>\n<meta property=\"og:site_name\" content=\"Aventura Excursions\" \/>\n<meta property=\"article:modified_time\" content=\"2025-09-16T12:45:21+00:00\" \/>\n<meta property=\"og:image\" content=\"https:\/\/aventura-excursions.com\/wp-content\/uploads\/2024\/04\/water-pack.jpg\" \/>\n\t<meta property=\"og:image:width\" content=\"950\" \/>\n\t<meta property=\"og:image:height\" content=\"676\" \/>\n\t<meta property=\"og:image:type\" content=\"image\/jpeg\" \/>\n<meta name=\"twitter:card\" content=\"summary_large_image\" \/>\n<meta name=\"twitter:label1\" content=\"Szacowany czas czytania\" \/>\n\t<meta name=\"twitter:data1\" content=\"2 minuty\" \/>\n<!-- \/ Yoast SEO plugin. -->","yoast_head_json":{"title":"Water Package for 2 : Jet Ski & SUP in Tenerife - Aventura Excursions - Book Now!","description":"Book our Water Package for 2 in Tenerife. Check reviews, prices, and ratings. Enjoy thrilling jet ski rides and stand up paddle board with a discount.","robots":{"index":"index","follow":"follow","max-snippet":"max-snippet:-1","max-image-preview":"max-image-preview:large","max-video-preview":"max-video-preview:-1"},"canonical":"https:\/\/aventura-excursions.com\/pl\/produkt\/water-package\/","og_locale":"pl_PL","og_type":"article","og_title":"Water Package for 2 : Jet Ski & SUP in Tenerife - Aventura Excursions - Book Now!","og_description":"Book our Water Package for 2 in Tenerife. Check reviews, prices, and ratings. Enjoy thrilling jet ski rides and stand up paddle board with a discount.","og_url":"https:\/\/aventura-excursions.com\/pl\/produkt\/water-package\/","og_site_name":"Aventura Excursions","article_modified_time":"2025-09-16T12:45:21+00:00","og_image":[{"width":950,"height":676,"url":"https:\/\/aventura-excursions.com\/wp-content\/uploads\/2024\/04\/water-pack.jpg","type":"image\/jpeg"}],"twitter_card":"summary_large_image","twitter_misc":{"Szacowany czas czytania":"2 minuty"},"schema":{"@context":"https:\/\/schema.org","@graph":[{"@type":"WebPage","@id":"https:\/\/aventura-excursions.com\/product\/water-package\/","url":"https:\/\/aventura-excursions.com\/product\/water-package\/","name":"Water Package for 2 : Jet Ski & SUP in Tenerife - Aventura Excursions - Book Now!","isPartOf":{"@id":"https:\/\/aventura-excursions.com\/#website"},"primaryImageOfPage":{"@id":"https:\/\/aventura-excursions.com\/product\/water-package\/#primaryimage"},"image":{"@id":"https:\/\/aventura-excursions.com\/product\/water-package\/#primaryimage"},"thumbnailUrl":"https:\/\/aventura-excursions.com\/wp-content\/uploads\/2024\/04\/water-pack.jpg","datePublished":"2024-04-22T22:25:32+00:00","dateModified":"2025-09-16T12:45:21+00:00","description":"Book our Water Package for 2 in Tenerife. Check reviews, prices, and ratings. Enjoy thrilling jet ski rides and stand up paddle board with a discount.","breadcrumb":{"@id":"https:\/\/aventura-excursions.com\/product\/water-package\/#breadcrumb"},"inLanguage":"pl-PL","potentialAction":[{"@type":"ReadAction","target":["https:\/\/aventura-excursions.com\/product\/water-package\/"]}]},{"@type":"ImageObject","inLanguage":"pl-PL","@id":"https:\/\/aventura-excursions.com\/product\/water-package\/#primaryimage","url":"https:\/\/aventura-excursions.com\/wp-content\/uploads\/2024\/04\/water-pack.jpg","contentUrl":"https:\/\/aventura-excursions.com\/wp-content\/uploads\/2024\/04\/water-pack.jpg","width":950,"height":676},{"@type":"BreadcrumbList","@id":"https:\/\/aventura-excursions.com\/product\/water-package\/#breadcrumb","itemListElement":[{"@type":"ListItem","position":1,"name":"Tours","item":"https:\/\/aventura-excursions.com\/tours\/"},{"@type":"ListItem","position":2,"name":"Water Package for 2"}]},{"@type":"WebSite","@id":"https:\/\/aventura-excursions.com\/#website","url":"https:\/\/aventura-excursions.com\/","name":"Aventura Excursions","description":"Aventura Excursions","potentialAction":[{"@type":"SearchAction","target":{"@type":"EntryPoint","urlTemplate":"https:\/\/aventura-excursions.com\/?s={search_term_string}"},"query-input":{"@type":"PropertyValueSpecification","valueRequired":true,"valueName":"search_term_string"}}],"inLanguage":"pl-PL"}]}},"_links":{"self":[{"href":"https:\/\/aventura-excursions.com\/pl\/wp-json\/wp\/v2\/product\/1439","targetHints":{"allow":["GET"]}}],"collection":[{"href":"https:\/\/aventura-excursions.com\/pl\/wp-json\/wp\/v2\/product"}],"about":[{"href":"https:\/\/aventura-excursions.com\/pl\/wp-json\/wp\/v2\/types\/product"}],"wp:featuredmedia":[{"embeddable":true,"href":"https:\/\/aventura-excursions.com\/pl\/wp-json\/wp\/v2\/media\/1442"}],"wp:attachment":[{"href":"https:\/\/aventura-excursions.com\/pl\/wp-json\/wp\/v2\/media?parent=1439"}],"wp:term":[{"taxonomy":"product_brand","embeddable":true,"href":"https:\/\/aventura-excursions.com\/pl\/wp-json\/wp\/v2\/product_brand?post=1439"},{"taxonomy":"product_cat","embeddable":true,"href":"https:\/\/aventura-excursions.com\/pl\/wp-json\/wp\/v2\/product_cat?post=1439"},{"taxonomy":"product_tag","embeddable":true,"href":"https:\/\/aventura-excursions.com\/pl\/wp-json\/wp\/v2\/product_tag?post=1439"}],"curies":[{"name":"wp","href":"https:\/\/api.w.org\/{rel}","templated":true}]}}