{"id":1448,"date":"2024-04-23T18:43:06","date_gmt":"2024-04-23T15:43:06","guid":{"rendered":"https:\/\/aventura-excursions.com\/?post_type=product&#038;p=1448"},"modified":"2025-09-10T15:48:36","modified_gmt":"2025-09-10T12:48:36","slug":"for-families-with-kids","status":"publish","type":"product","link":"https:\/\/aventura-excursions.com\/pl\/produkt\/for-families-with-kids\/","title":{"rendered":"Dla Rodzin z Dzie\u0107mi"},"content":{"rendered":"<div>\n<h3>Wycieczki w pakiecie<\/h3>\n<ul>\n<li><a href=\"https:\/\/aventura-excursions.com\/pl\/produkt\/siam-park\/\"><strong><em>Siam Park:<\/em><\/strong><\/a> park wodny nr 1 w Europie<\/li>\n<li><strong><em><a href=\"https:\/\/aventura-excursions.com\/pl\/produkt\/loro-park\/\">Loro Park:<\/a><\/em><\/strong> s\u0142ynne zoo z pokazem ork\u00f3w<\/li>\n<li><strong><em><a href=\"https:\/\/aventura-excursions.com\/pl\/produkt\/kayaking-snorkeling\/\">Kajaki i snorkeling:<\/a><\/em><\/strong> uczymy dzieci p\u0142ywa\u0107 z fajk\u0105<\/li>\n<li><strong><em><a href=\"https:\/\/aventura-excursions.com\/pl\/produkt\/boat-trip-whale-watching\/\">Wycieczka \u0142odzi\u0105 Viking:<\/a><\/em><\/strong> ogl\u0105danie delfin\u00f3w; najlepsza animacja dla dzieci<\/li>\n<\/ul>\n<p><\/p>\n<h3>Opis<\/h3>\n<p class=\" translation-block\">Sp\u0119d\u017a wyj\u0105tkowe wakacje z ca\u0142\u0105 rodzin\u0105! Wybrali\u015bmy dla Ciebie najpopularniejsze wycieczki na Teneryf\u0119, kt\u00f3re rezerwuj\u0105 rodziny z dzie\u0107mi i po\u0142\u0105czyli\u015bmy je w pakiet ze zni\u017ck\u0105. Ta oferta specjalna obejmuje <a href=\"https:\/\/aventura-excursions.com\/pl\/produkt\/twin-ticket\/\" target=\"_self\"><em><strong>podw\u00f3jny bilet<\/strong><\/em><\/a> (Siam + Loro), wycieczka <a href=\"https:\/\/aventura-excursions.com\/pl\/produkt\/kayaking-snorkeling\/\" target=\"_self\"><strong><em>kajakiem + snorkeling<\/em><\/strong><\/a> oraz wyj\u0105tkowa wycieczka na pok\u0142adzie <a href=\"https:\/\/aventura-excursions.com\/pl\/produkt\/boat-trip-whale-watching\/\" target=\"_self\"><strong><em>\u0142odzi Wiking\u00f3w<\/em><\/strong><\/a> ze spektakularnym pokazem.<\/p>\n<p>Mo\u017cesz wybra\u0107 dowolne dni, aby wykona\u0107 ka\u017cd\u0105 aktywno\u015b\u0107 i w dowolnej kolejno\u015bci. Gdy tylko otrzymamy Twoj\u0105 rezerwacj\u0119, skontaktujemy si\u0119 z Tob\u0105, aby uzgodni\u0107 dni i godziny wycieczek.<\/p>\n<p>\u0141atwe planowanie, mniejsze koszty!<\/p>\n<p>\n<\/p>\n<h3>Szczeg\u00f3\u0142y<\/h3>\n<p>\n<strong><em>Siam Park<\/em><\/strong><\/p>\n<p>Godziny otwarcia w lecie: 10:00 \u2013 18:00<br \/>\nWinter opening hours: 10:00 &#8211; 17:00<br \/>\nLokalizacja: po\u0142udnie Teneryfy<\/p>\n<p><strong><em>Loro Park<\/em><\/strong><\/p>\n<p>Godziny otwarcia: 09:30 \u2013 17:30<br \/>\nLokalizacja: p\u00f3\u0142noc od Teneryfy<\/p>\n<p><strong><em>Wycieczka kajakiem<\/em><\/strong><\/p>\n<p>Godziny rozpocz\u0119cia: 10:00, 12:30, 14:00<br \/>\nLokalizacja: Los Cristianos, po\u0142udnie Teneryfy<\/p>\n<p><strong><em>Wycieczka \u0142odzi\u0105 Viking<\/em><\/strong><\/p>\n<p>Godziny rozpocz\u0119cia: 11:00, 13:30<br \/>\nLokalizacja: Los Cristianos, po\u0142udnie Teneryfy<\/p>\n<p>\n<\/p>\n<h3>Transport<\/h3>\n<p>\nAby u\u0142atwi\u0107 Pa\u0144stwu zaplanowanie wizyty, oferujemy autobus Siam z Puerto de la Cruz oraz autobus Loro z po\u0142udniowych wiosek turystycznych (Las Americas, Los Cristianos itp.).<\/p>\n<p class=\" translation-block\">Zarezerwuj <strong>Pakiet Rodzinny + autobus Siam<\/strong>, je\u015bli przebywasz w Puerto de La Cruz.\n<br>Zarezerwuj <strong>Pakiet Rodzinny + autobus Loro<\/strong>, je\u015bli przebywasz na po\u0142udniu.<\/p>\n<p>Na po\u0142udniu kursuje bezp\u0142atny autobus wahad\u0142owy do Siam Parku.<\/p>\n<p class=\" translation-block\">Mo\u017cesz tak\u017ce <a href=\"https:\/\/aventura-excursions.com\/pl\/produkt\/rent-a-car\/\" target=\"_self\"><strong><em>wypo\u017cyczy\u0107 u nas samoch\u00f3d<\/em><\/strong><\/a> i samodzielnie wybra\u0107 si\u0119 do park\u00f3w. Jedyn\u0105 niedogodno\u015bci\u0105 mo\u017ce by\u0107 zape\u0142nienie parkingu ze wzgl\u0119du na du\u017c\u0105 popularno\u015b\u0107 obu park\u00f3w.<\/p>\n<p>W przypadku wycieczki kajakiem odbi\u00f3r z po\u0142udnia kosztuje 4 euro za osob\u0119. Op\u0142at\u0119 p\u0142acisz w szkole kajakowej.<\/p>\n<p>Transfer na Viking na po\u0142udniu Teneryfy jest bezp\u0142atny.\n<\/p><\/div>","protected":false},"excerpt":{"rendered":"<div>\n<p>Najpopularniejszy wyb\u00f3r rodzin z dzie\u0107mi: Twin Ticket (Siam Park i Loro Park), sp\u0142yw kajakowy+snorkeling oraz wycieczka \u0142odzi\u0105 Wiking\u00f3w.<\/p>\n<p>\nNajpierw wybierz, czy potrzebujesz transferu do jednego z park\u00f3w, czy nie.<\/p>\n<p>\nJe\u015bli jeste\u015b na p\u00f3\u0142nocy i potrzebujesz transportu do Siam Parku, wybierz Pakiet Rodzinny + Autobus Siam.<\/p>\n<p>\nJe\u015bli jeste\u015b na po\u0142udniu i potrzebujesz transportu do Loro Park, wybierz Pakiet Rodzinny + Autobus Loro.<\/p>\n<p>\nWybierz liczb\u0119 os\u00f3b doros\u0142ych i dzieci, a nast\u0119pnie dat\u0119 pierwszego zwiedzania. Po otrzymaniu rezerwacji ustalimy z Pa\u0144stwem daty i godziny wszystkich wycieczek.\n<\/p><\/div>","protected":false},"featured_media":1620,"template":"","meta":{"_acf_changed":false},"product_brand":[],"product_cat":[142],"product_tag":[],"class_list":{"0":"post-1448","1":"product","2":"type-product","3":"status-publish","4":"has-post-thumbnail","6":"product_cat-special-offers","8":"first","9":"instock","10":"sale","11":"shipping-taxable","12":"product-type-grouped"},"acf":[],"yoast_head":"<!-- This site is optimized with the Yoast SEO plugin v25.6 - https:\/\/yoast.com\/wordpress\/plugins\/seo\/ -->\n<title>Tenerife Family Fun Package - Aventura Excursions | Book and Save 10%!<\/title>\n<meta name=\"description\" content=\"Book the best family tours in Tenerife! Get the Twin Ticket for Siam &amp; Loro Parks, kayaking, snorkeling, and Viking boat trip. Reserve your adventure now!\" \/>\n<meta name=\"robots\" content=\"index, follow, max-snippet:-1, max-image-preview:large, max-video-preview:-1\" \/>\n<link rel=\"canonical\" href=\"https:\/\/aventura-excursions.com\/pl\/produkt\/for-families-with-kids\/\" \/>\n<meta property=\"og:locale\" content=\"pl_PL\" \/>\n<meta property=\"og:type\" content=\"article\" \/>\n<meta property=\"og:title\" content=\"Tenerife Family Fun Package - Aventura Excursions | Book and Save 10%!\" \/>\n<meta property=\"og:description\" content=\"Book the best family tours in Tenerife! Get the Twin Ticket for Siam &amp; Loro Parks, kayaking, snorkeling, and Viking boat trip. Reserve your adventure now!\" \/>\n<meta property=\"og:url\" content=\"https:\/\/aventura-excursions.com\/pl\/produkt\/for-families-with-kids\/\" \/>\n<meta property=\"og:site_name\" content=\"Aventura Excursions\" \/>\n<meta property=\"article:modified_time\" content=\"2025-09-10T12:48:36+00:00\" \/>\n<meta property=\"og:image\" content=\"https:\/\/aventura-excursions.com\/wp-content\/uploads\/2024\/04\/\u0414\u0438\u0437\u0430\u0439\u043d-\u0431\u0435\u0437-\u043d\u0430\u0437\u0432\u0430\u043d\u0438\u044f.jpg\" \/>\n\t<meta property=\"og:image:width\" content=\"800\" \/>\n\t<meta property=\"og:image:height\" content=\"600\" \/>\n\t<meta property=\"og:image:type\" content=\"image\/jpeg\" \/>\n<meta name=\"twitter:card\" content=\"summary_large_image\" \/>\n<meta name=\"twitter:label1\" content=\"Szacowany czas czytania\" \/>\n\t<meta name=\"twitter:data1\" content=\"2 minuty\" \/>\n<!-- \/ Yoast SEO plugin. -->","yoast_head_json":{"title":"Tenerife Family Fun Package - Aventura Excursions | Book and Save 10%!","description":"Book the best family tours in Tenerife! Get the Twin Ticket for Siam & Loro Parks, kayaking, snorkeling, and Viking boat trip. Reserve your adventure now!","robots":{"index":"index","follow":"follow","max-snippet":"max-snippet:-1","max-image-preview":"max-image-preview:large","max-video-preview":"max-video-preview:-1"},"canonical":"https:\/\/aventura-excursions.com\/pl\/produkt\/for-families-with-kids\/","og_locale":"pl_PL","og_type":"article","og_title":"Tenerife Family Fun Package - Aventura Excursions | Book and Save 10%!","og_description":"Book the best family tours in Tenerife! Get the Twin Ticket for Siam & Loro Parks, kayaking, snorkeling, and Viking boat trip. Reserve your adventure now!","og_url":"https:\/\/aventura-excursions.com\/pl\/produkt\/for-families-with-kids\/","og_site_name":"Aventura Excursions","article_modified_time":"2025-09-10T12:48:36+00:00","og_image":[{"width":800,"height":600,"url":"https:\/\/aventura-excursions.com\/wp-content\/uploads\/2024\/04\/\u0414\u0438\u0437\u0430\u0439\u043d-\u0431\u0435\u0437-\u043d\u0430\u0437\u0432\u0430\u043d\u0438\u044f.jpg","type":"image\/jpeg"}],"twitter_card":"summary_large_image","twitter_misc":{"Szacowany czas czytania":"2 minuty"},"schema":{"@context":"https:\/\/schema.org","@graph":[{"@type":"WebPage","@id":"https:\/\/aventura-excursions.com\/product\/for-families-with-kids\/","url":"https:\/\/aventura-excursions.com\/product\/for-families-with-kids\/","name":"Tenerife Family Fun Package - Aventura Excursions | Book and Save 10%!","isPartOf":{"@id":"https:\/\/aventura-excursions.com\/#website"},"primaryImageOfPage":{"@id":"https:\/\/aventura-excursions.com\/product\/for-families-with-kids\/#primaryimage"},"image":{"@id":"https:\/\/aventura-excursions.com\/product\/for-families-with-kids\/#primaryimage"},"thumbnailUrl":"https:\/\/aventura-excursions.com\/wp-content\/uploads\/2024\/04\/\u0414\u0438\u0437\u0430\u0439\u043d-\u0431\u0435\u0437-\u043d\u0430\u0437\u0432\u0430\u043d\u0438\u044f.jpg","datePublished":"2024-04-23T15:43:06+00:00","dateModified":"2025-09-10T12:48:36+00:00","description":"Book the best family tours in Tenerife! Get the Twin Ticket for Siam & Loro Parks, kayaking, snorkeling, and Viking boat trip. Reserve your adventure now!","breadcrumb":{"@id":"https:\/\/aventura-excursions.com\/product\/for-families-with-kids\/#breadcrumb"},"inLanguage":"pl-PL","potentialAction":[{"@type":"ReadAction","target":["https:\/\/aventura-excursions.com\/product\/for-families-with-kids\/"]}]},{"@type":"ImageObject","inLanguage":"pl-PL","@id":"https:\/\/aventura-excursions.com\/product\/for-families-with-kids\/#primaryimage","url":"https:\/\/aventura-excursions.com\/wp-content\/uploads\/2024\/04\/\u0414\u0438\u0437\u0430\u0439\u043d-\u0431\u0435\u0437-\u043d\u0430\u0437\u0432\u0430\u043d\u0438\u044f.jpg","contentUrl":"https:\/\/aventura-excursions.com\/wp-content\/uploads\/2024\/04\/\u0414\u0438\u0437\u0430\u0439\u043d-\u0431\u0435\u0437-\u043d\u0430\u0437\u0432\u0430\u043d\u0438\u044f.jpg","width":800,"height":600},{"@type":"BreadcrumbList","@id":"https:\/\/aventura-excursions.com\/product\/for-families-with-kids\/#breadcrumb","itemListElement":[{"@type":"ListItem","position":1,"name":"Tours","item":"https:\/\/aventura-excursions.com\/tours\/"},{"@type":"ListItem","position":2,"name":"For Families with Kids"}]},{"@type":"WebSite","@id":"https:\/\/aventura-excursions.com\/#website","url":"https:\/\/aventura-excursions.com\/","name":"Aventura Excursions","description":"Aventura Excursions","potentialAction":[{"@type":"SearchAction","target":{"@type":"EntryPoint","urlTemplate":"https:\/\/aventura-excursions.com\/?s={search_term_string}"},"query-input":{"@type":"PropertyValueSpecification","valueRequired":true,"valueName":"search_term_string"}}],"inLanguage":"pl-PL"}]}},"_links":{"self":[{"href":"https:\/\/aventura-excursions.com\/pl\/wp-json\/wp\/v2\/product\/1448","targetHints":{"allow":["GET"]}}],"collection":[{"href":"https:\/\/aventura-excursions.com\/pl\/wp-json\/wp\/v2\/product"}],"about":[{"href":"https:\/\/aventura-excursions.com\/pl\/wp-json\/wp\/v2\/types\/product"}],"wp:featuredmedia":[{"embeddable":true,"href":"https:\/\/aventura-excursions.com\/pl\/wp-json\/wp\/v2\/media\/1620"}],"wp:attachment":[{"href":"https:\/\/aventura-excursions.com\/pl\/wp-json\/wp\/v2\/media?parent=1448"}],"wp:term":[{"taxonomy":"product_brand","embeddable":true,"href":"https:\/\/aventura-excursions.com\/pl\/wp-json\/wp\/v2\/product_brand?post=1448"},{"taxonomy":"product_cat","embeddable":true,"href":"https:\/\/aventura-excursions.com\/pl\/wp-json\/wp\/v2\/product_cat?post=1448"},{"taxonomy":"product_tag","embeddable":true,"href":"https:\/\/aventura-excursions.com\/pl\/wp-json\/wp\/v2\/product_tag?post=1448"}],"curies":[{"name":"wp","href":"https:\/\/api.w.org\/{rel}","templated":true}]}}