{"id":1579,"date":"2024-05-15T14:35:55","date_gmt":"2024-05-15T11:35:55","guid":{"rendered":"https:\/\/aventura-excursions.com\/?post_type=product&#038;p=1579"},"modified":"2025-09-10T15:36:06","modified_gmt":"2025-09-10T12:36:06","slug":"diving-for-beginners","status":"publish","type":"product","link":"https:\/\/aventura-excursions.com\/pl\/produkt\/diving-for-beginners\/","title":{"rendered":"Nurkowanie dla pocz\u0105tkuj\u0105cych"},"content":{"rendered":"<h3>Opis<\/h3>\n<p>\nEver wondered what it&#8217;s like to breathe underwater and explore the magical world beneath the waves? Join us for a try dive or DSD program and discover the thrill of scuba diving! Perfect for beginners, our expert instructors will guide you through every step, ensuring a safe and unforgettable experience. No prior experience needed\u2014just bring your sense of adventure!<\/p>\n<p>\nDla pocz\u0105tkuj\u0105cych dost\u0119pne s\u0105 dwa programy: nurkowanie pr\u00f3bne, najbardziej podstawowe wprowadzenie do nurkowania, oraz DSD kt\u00f3ry jest programem bardziej rozbudowanym i obejmuje e-learning, d\u0142u\u017csz\u0105 lekcj\u0119 z instruktorem i zestaw \u0107wicze\u0144 w wodzie. DSD wyda Ci tak\u017ce tymczasowe pozwolenie na nurkowanie do g\u0142\u0119boko\u015bci 12 metr\u00f3w pod okiem instruktora.<\/p>\n<p>\nYou can choose to dive from the beach or by boat. In both cases you will dive in a beautiful dive spot, rich of marine life. Guided by our experienced instructors, you&#8217;ll experience the beauty and thrill of scuba diving in one of the world&#8217;s top diving destinations.<\/p>\n<p>\nZarezerwuj nurkowanie ju\u017c dzi\u015b i zachowaj wspomnienia, kt\u00f3re zostan\u0105 na ca\u0142e \u017cycie!<\/p>\n<p>\n<\/p>\n<h3>Ciekawe miejsca<\/h3>\n<ul>\n<li>Nurkowanie dla pocz\u0105tkuj\u0105cych (bez do\u015bwiadczenia)<\/li>\n<li>Najlepsze miejsca do nurkowania na Teneryfie<\/li>\n<li>Nurkowanie z pla\u017cy i z \u0142odzi<\/li>\n<li>Bogate \u017cycie morskie<\/li>\n<li>Krajobrazy wulkaniczne<\/li>\n<li>Do\u015bwiadczeni instruktorzy<\/li>\n<\/ul>\n<p><\/p>\n<h3>Wymagania<\/h3>\n<p>Minimalny wiek: 8 lat<\/p>\n<p><\/p>\n<h3>Szczeg\u00f3\u0142y<\/h3>\n<p>\nCzas trwania: 3 godzin<br \/>\nGodziny rozpocz\u0119cia z pla\u017cy: 10:00, 12:30, 15:00<br \/>\nGodziny rozpocz\u0119cia rejsu z \u0142odzi: 09:00, 13:00<br \/>\nW cenie sprz\u0119t i ubezpieczenie<\/p>\n<p>Odbi\u00f3r na po\u0142udniu Teneryfy kosztuje 4 euro za osob\u0119: z Callao Salvaje do Golf del Sur.<br \/>\nOdbi\u00f3r z Puerto Santiago \/ Playa la Arena \/ El Medano kosztuje 15 euro za samoch\u00f3d (w obie strony). <\/p>\n<p><\/p>\n<h3>Zapisz si\u0119 na kurs<\/h3>\n<p>\nMo\u017cesz pomin\u0105\u0107 nurkowanie pr\u00f3bne i zapisa\u0107 si\u0119 bezpo\u015brednio na kurs nurkowania, a otrzymasz licencj\u0119 w ci\u0105gu zaledwie 1 lub 2 dni! Wi\u0119cej informacji znajdziesz tutaj: <strong><em><a href=\"https:\/\/aventura-excursions.com\/pl\/produkt\/diving-courses\/\">Kursy nurkowania<\/a><\/em><\/strong><\/p>","protected":false},"excerpt":{"rendered":"<div>\n<p>Ciekawi Ci\u0119 nurkowanie? Nasze nurkowanie pr\u00f3bne to idealny spos\u00f3b na rozpocz\u0119cie! Zanurz si\u0119 w nowy \u015bwiat pod okiem naszych do\u015bwiadczonych instruktor\u00f3w \u2014 nie jest wymagane \u017cadne do\u015bwiadczenie.<\/p>\n<p>\nWybierz nurkowanie pr\u00f3bne lub program DSD z e-learningiem, i w razie potrzeby dodatkowe opcje: zdj\u0119cia, odbi\u00f3r na po\u0142udniu Teneryfy lub w Playa la Arena. Nast\u0119pnie wybierz dat\u0119 swojego pierwszego do\u015bwiadczenia nurkowego.<\/p>\n<\/div>","protected":false},"featured_media":1611,"template":"","meta":{"_acf_changed":false},"product_brand":[],"product_cat":[21],"product_tag":[],"class_list":{"0":"post-1579","1":"product","2":"type-product","3":"status-publish","4":"has-post-thumbnail","6":"product_cat-activities","8":"first","9":"instock","10":"sale","11":"shipping-taxable","12":"product-type-grouped"},"acf":[],"yoast_head":"<!-- This site is optimized with the Yoast SEO plugin v25.6 - https:\/\/yoast.com\/wordpress\/plugins\/seo\/ -->\n<title>Diving for Beginners in Tenerife - Aventura Excursions | Book Your Try Dive Now!<\/title>\n<meta name=\"description\" content=\"Start scuba diving in Tenerife! Perfect for beginners, our try dive and DSD programs offer expert guidance. Check prices, reviews, and book now!\" \/>\n<meta name=\"robots\" content=\"index, follow, max-snippet:-1, max-image-preview:large, max-video-preview:-1\" \/>\n<link rel=\"canonical\" href=\"https:\/\/aventura-excursions.com\/pl\/produkt\/diving-for-beginners\/\" \/>\n<meta property=\"og:locale\" content=\"pl_PL\" \/>\n<meta property=\"og:type\" content=\"article\" \/>\n<meta property=\"og:title\" content=\"Diving for Beginners in Tenerife - Aventura Excursions | Book Your Try Dive Now!\" \/>\n<meta property=\"og:description\" content=\"Start scuba diving in Tenerife! Perfect for beginners, our try dive and DSD programs offer expert guidance. Check prices, reviews, and book now!\" \/>\n<meta property=\"og:url\" content=\"https:\/\/aventura-excursions.com\/pl\/produkt\/diving-for-beginners\/\" \/>\n<meta property=\"og:site_name\" content=\"Aventura Excursions\" \/>\n<meta property=\"article:modified_time\" content=\"2025-09-10T12:36:06+00:00\" \/>\n<meta property=\"og:image\" content=\"https:\/\/aventura-excursions.com\/wp-content\/uploads\/2024\/05\/caption.jpg\" \/>\n\t<meta property=\"og:image:width\" content=\"500\" \/>\n\t<meta property=\"og:image:height\" content=\"400\" \/>\n\t<meta property=\"og:image:type\" content=\"image\/jpeg\" \/>\n<meta name=\"twitter:card\" content=\"summary_large_image\" \/>\n<meta name=\"twitter:label1\" content=\"Szacowany czas czytania\" \/>\n\t<meta name=\"twitter:data1\" content=\"2 minuty\" \/>\n<!-- \/ Yoast SEO plugin. -->","yoast_head_json":{"title":"Diving for Beginners in Tenerife - Aventura Excursions | Book Your Try Dive Now!","description":"Start scuba diving in Tenerife! Perfect for beginners, our try dive and DSD programs offer expert guidance. Check prices, reviews, and book now!","robots":{"index":"index","follow":"follow","max-snippet":"max-snippet:-1","max-image-preview":"max-image-preview:large","max-video-preview":"max-video-preview:-1"},"canonical":"https:\/\/aventura-excursions.com\/pl\/produkt\/diving-for-beginners\/","og_locale":"pl_PL","og_type":"article","og_title":"Diving for Beginners in Tenerife - Aventura Excursions | Book Your Try Dive Now!","og_description":"Start scuba diving in Tenerife! Perfect for beginners, our try dive and DSD programs offer expert guidance. Check prices, reviews, and book now!","og_url":"https:\/\/aventura-excursions.com\/pl\/produkt\/diving-for-beginners\/","og_site_name":"Aventura Excursions","article_modified_time":"2025-09-10T12:36:06+00:00","og_image":[{"width":500,"height":400,"url":"https:\/\/aventura-excursions.com\/wp-content\/uploads\/2024\/05\/caption.jpg","type":"image\/jpeg"}],"twitter_card":"summary_large_image","twitter_misc":{"Szacowany czas czytania":"2 minuty"},"schema":{"@context":"https:\/\/schema.org","@graph":[{"@type":"WebPage","@id":"https:\/\/aventura-excursions.com\/product\/diving-for-beginners\/","url":"https:\/\/aventura-excursions.com\/product\/diving-for-beginners\/","name":"Diving for Beginners in Tenerife - Aventura Excursions | Book Your Try Dive Now!","isPartOf":{"@id":"https:\/\/aventura-excursions.com\/#website"},"primaryImageOfPage":{"@id":"https:\/\/aventura-excursions.com\/product\/diving-for-beginners\/#primaryimage"},"image":{"@id":"https:\/\/aventura-excursions.com\/product\/diving-for-beginners\/#primaryimage"},"thumbnailUrl":"https:\/\/aventura-excursions.com\/wp-content\/uploads\/2024\/05\/caption.jpg","datePublished":"2024-05-15T11:35:55+00:00","dateModified":"2025-09-10T12:36:06+00:00","description":"Start scuba diving in Tenerife! Perfect for beginners, our try dive and DSD programs offer expert guidance. Check prices, reviews, and book now!","breadcrumb":{"@id":"https:\/\/aventura-excursions.com\/product\/diving-for-beginners\/#breadcrumb"},"inLanguage":"pl-PL","potentialAction":[{"@type":"ReadAction","target":["https:\/\/aventura-excursions.com\/product\/diving-for-beginners\/"]}]},{"@type":"ImageObject","inLanguage":"pl-PL","@id":"https:\/\/aventura-excursions.com\/product\/diving-for-beginners\/#primaryimage","url":"https:\/\/aventura-excursions.com\/wp-content\/uploads\/2024\/05\/caption.jpg","contentUrl":"https:\/\/aventura-excursions.com\/wp-content\/uploads\/2024\/05\/caption.jpg","width":500,"height":400},{"@type":"BreadcrumbList","@id":"https:\/\/aventura-excursions.com\/product\/diving-for-beginners\/#breadcrumb","itemListElement":[{"@type":"ListItem","position":1,"name":"Tours","item":"https:\/\/aventura-excursions.com\/tours\/"},{"@type":"ListItem","position":2,"name":"Diving for Beginners"}]},{"@type":"WebSite","@id":"https:\/\/aventura-excursions.com\/#website","url":"https:\/\/aventura-excursions.com\/","name":"Aventura Excursions","description":"Aventura Excursions","potentialAction":[{"@type":"SearchAction","target":{"@type":"EntryPoint","urlTemplate":"https:\/\/aventura-excursions.com\/?s={search_term_string}"},"query-input":{"@type":"PropertyValueSpecification","valueRequired":true,"valueName":"search_term_string"}}],"inLanguage":"pl-PL"}]}},"_links":{"self":[{"href":"https:\/\/aventura-excursions.com\/pl\/wp-json\/wp\/v2\/product\/1579","targetHints":{"allow":["GET"]}}],"collection":[{"href":"https:\/\/aventura-excursions.com\/pl\/wp-json\/wp\/v2\/product"}],"about":[{"href":"https:\/\/aventura-excursions.com\/pl\/wp-json\/wp\/v2\/types\/product"}],"wp:featuredmedia":[{"embeddable":true,"href":"https:\/\/aventura-excursions.com\/pl\/wp-json\/wp\/v2\/media\/1611"}],"wp:attachment":[{"href":"https:\/\/aventura-excursions.com\/pl\/wp-json\/wp\/v2\/media?parent=1579"}],"wp:term":[{"taxonomy":"product_brand","embeddable":true,"href":"https:\/\/aventura-excursions.com\/pl\/wp-json\/wp\/v2\/product_brand?post=1579"},{"taxonomy":"product_cat","embeddable":true,"href":"https:\/\/aventura-excursions.com\/pl\/wp-json\/wp\/v2\/product_cat?post=1579"},{"taxonomy":"product_tag","embeddable":true,"href":"https:\/\/aventura-excursions.com\/pl\/wp-json\/wp\/v2\/product_tag?post=1579"}],"curies":[{"name":"wp","href":"https:\/\/api.w.org\/{rel}","templated":true}]}}