{"id":1589,"date":"2024-05-17T01:17:42","date_gmt":"2024-05-16T22:17:42","guid":{"rendered":"https:\/\/aventura-excursions.com\/?post_type=product&#038;p=1589"},"modified":"2025-09-10T15:08:35","modified_gmt":"2025-09-10T12:08:35","slug":"packages-for-certified-divers","status":"publish","type":"product","link":"https:\/\/aventura-excursions.com\/pl\/produkt\/packages-for-certified-divers\/","title":{"rendered":"Pakiety dla certyfikowanych nurk\u00f3w"},"content":{"rendered":"<h3>Opis<\/h3>\n<p>\nDive into the depths of the island&#8217;s most captivating sites! With its stunning volcanic landscapes, vibrant marine life and great visibility, Tenerife offers an unparalleled scuba diving experience for all skill levels. Our experienced guides ensure your adventure is both safe and unforgettable.<\/p>\n<p>In Tenerife we are blessed with enormous variety of dive sites, some accessible from the coast and others by boat. You can take a package of dives for several days to explore the most famous dive spots of Tenerife. Our diving boats start from 2 ports: Las Galletas and Puerto Colon, thus having possibility to reach even more sites. It&#8217;s up to you whether you dive from the shore or by boat. <\/p>\n<p>\nIf you haven&#8217;t dived for a long time (more than one year) it&#8217;s highly recommended that you add a scuba review (refresher course) on your first dive of the package. Thus, you will start with refreshing your knowledge and skills on a special dive with a separate instructor. From the second dive you join the group and do standard dives.<br \/>\n<\/p>\n<h3>Ciekawe miejsca<\/h3>\n<ul>\n<li>Du\u017ca r\u00f3\u017cnorodno\u015b\u0107 miejsc do nurkowania dla ka\u017cdego poziomu certyfikacji<\/li>\n<li>Bogate \u017cycie morskie i krajobrazy wulkaniczne<\/li>\n<li>Profesjonalny zesp\u00f3\u0142<\/li>\n<li>Nurkowanie z wybrze\u017ca i \u0142odzi<\/li>\n<\/ul>\n<p>\n<\/p>\n<h3>Szczeg\u00f3\u0142y<\/h3>\n<p>\nCzas trwania: oko\u0142o 5 godzin na 2 nurkowania dziennie<br \/>\nGodzina rozpocz\u0119cia: 08:30, 09:00<br \/>\nWypo\u017cyczenie sprz\u0119tu: 10 euro za dzie\u0144 (wypo\u017cyczenie komputera nurkowego jest dodatkowo p\u0142atne 10 euro)<\/p>\n<p>\nOdbi\u00f3r na po\u0142udniu Teneryfy kosztuje 4 euro za osob\u0119: z Callao Salvaje do Golf del Sur.<br \/>\nOdbi\u00f3r z Puerto Santiago \/ Playa la Arena \/ El Medano kosztuje 15 euro za samoch\u00f3d (w obie strony). <\/p>\n<p>\n<\/p>\n<h3>Kursy nurkowania: udoskonal swoje umiej\u0119tno\u015bci<\/h3>\n<p>\nMo\u017cesz zapisa\u0107 si\u0119 na kurs nurkowania lub specjalizacj\u0119 i cieszy\u0107 si\u0119 nurkowaniami w oceanie, jednocze\u015bnie doskonal\u0105c swoje umiej\u0119tno\u015bci jako nurek. Przeczytaj wi\u0119cej informacji tutaj: <strong><em><a href=\"https:\/\/aventura-excursions.com\/pl\/produkt\/diving-courses\/\">Kursy nurkowania<\/a><\/em><\/strong><\/p>","protected":false},"excerpt":{"rendered":"<div>\n<p>Ciesz si\u0119 podwodn\u0105 przygod\u0105 na Teneryfie! Oferujemy r\u00f3\u017cne pakiety dla certyfikowanych nurk\u00f3w, umo\u017cliwiaj\u0105ce zwiedzanie najciekawszych miejsc tej pi\u0119knej wyspy.  <\/p>\n<p>\n<br \/>\nNajpierw wybierz, czy chcesz nurkowa\u0107 z wybrze\u017ca, czy z \u0142odzi. Nast\u0119pnie wybierz ilo\u015b\u0107 nurkowa\u0144 i dat\u0119. Je\u015bli chcesz odebra\u0107, dodaj transport.\n<\/div>","protected":false},"featured_media":1194,"template":"","meta":{"_acf_changed":false},"product_brand":[],"product_cat":[21],"product_tag":[],"class_list":{"0":"post-1589","1":"product","2":"type-product","3":"status-publish","4":"has-post-thumbnail","6":"product_cat-activities","8":"first","9":"instock","10":"sale","11":"shipping-taxable","12":"product-type-grouped"},"acf":[],"yoast_head":"<!-- This site is optimized with the Yoast SEO plugin v25.6 - https:\/\/yoast.com\/wordpress\/plugins\/seo\/ -->\n<title>Book Certified Diver Packages in Tenerife - Aventura Excursions - Best Prices and Reviews<\/title>\n<meta name=\"description\" content=\"Explore Tenerife&#039;s best dive sites! Check reviews, prices, and ratings. Enjoy shore and boat diving with experienced guides. Book your adventure now!\" \/>\n<meta name=\"robots\" content=\"index, follow, max-snippet:-1, max-image-preview:large, max-video-preview:-1\" \/>\n<link rel=\"canonical\" href=\"https:\/\/aventura-excursions.com\/pl\/produkt\/packages-for-certified-divers\/\" \/>\n<meta property=\"og:locale\" content=\"pl_PL\" \/>\n<meta property=\"og:type\" content=\"article\" \/>\n<meta property=\"og:title\" content=\"Book Certified Diver Packages in Tenerife - Aventura Excursions - Best Prices and Reviews\" \/>\n<meta property=\"og:description\" content=\"Explore Tenerife&#039;s best dive sites! Check reviews, prices, and ratings. Enjoy shore and boat diving with experienced guides. Book your adventure now!\" \/>\n<meta property=\"og:url\" content=\"https:\/\/aventura-excursions.com\/pl\/produkt\/packages-for-certified-divers\/\" \/>\n<meta property=\"og:site_name\" content=\"Aventura Excursions\" \/>\n<meta property=\"article:modified_time\" content=\"2025-09-10T12:08:35+00:00\" \/>\n<meta property=\"og:image\" content=\"https:\/\/aventura-excursions.com\/wp-content\/uploads\/2024\/03\/Copia-de-vlcsnap-2020-09-15-21h55m26s024.jpg\" \/>\n\t<meta property=\"og:image:width\" content=\"947\" \/>\n\t<meta property=\"og:image:height\" content=\"732\" \/>\n\t<meta property=\"og:image:type\" content=\"image\/jpeg\" \/>\n<meta name=\"twitter:card\" content=\"summary_large_image\" \/>\n<meta name=\"twitter:label1\" content=\"Szacowany czas czytania\" \/>\n\t<meta name=\"twitter:data1\" content=\"2 minuty\" \/>\n<!-- \/ Yoast SEO plugin. -->","yoast_head_json":{"title":"Book Certified Diver Packages in Tenerife - Aventura Excursions - Best Prices and Reviews","description":"Explore Tenerife's best dive sites! Check reviews, prices, and ratings. Enjoy shore and boat diving with experienced guides. Book your adventure now!","robots":{"index":"index","follow":"follow","max-snippet":"max-snippet:-1","max-image-preview":"max-image-preview:large","max-video-preview":"max-video-preview:-1"},"canonical":"https:\/\/aventura-excursions.com\/pl\/produkt\/packages-for-certified-divers\/","og_locale":"pl_PL","og_type":"article","og_title":"Book Certified Diver Packages in Tenerife - Aventura Excursions - Best Prices and Reviews","og_description":"Explore Tenerife's best dive sites! Check reviews, prices, and ratings. Enjoy shore and boat diving with experienced guides. Book your adventure now!","og_url":"https:\/\/aventura-excursions.com\/pl\/produkt\/packages-for-certified-divers\/","og_site_name":"Aventura Excursions","article_modified_time":"2025-09-10T12:08:35+00:00","og_image":[{"width":947,"height":732,"url":"https:\/\/aventura-excursions.com\/wp-content\/uploads\/2024\/03\/Copia-de-vlcsnap-2020-09-15-21h55m26s024.jpg","type":"image\/jpeg"}],"twitter_card":"summary_large_image","twitter_misc":{"Szacowany czas czytania":"2 minuty"},"schema":{"@context":"https:\/\/schema.org","@graph":[{"@type":"WebPage","@id":"https:\/\/aventura-excursions.com\/product\/packages-for-certified-divers\/","url":"https:\/\/aventura-excursions.com\/product\/packages-for-certified-divers\/","name":"Book Certified Diver Packages in Tenerife - Aventura Excursions - Best Prices and Reviews","isPartOf":{"@id":"https:\/\/aventura-excursions.com\/#website"},"primaryImageOfPage":{"@id":"https:\/\/aventura-excursions.com\/product\/packages-for-certified-divers\/#primaryimage"},"image":{"@id":"https:\/\/aventura-excursions.com\/product\/packages-for-certified-divers\/#primaryimage"},"thumbnailUrl":"https:\/\/aventura-excursions.com\/wp-content\/uploads\/2024\/03\/Copia-de-vlcsnap-2020-09-15-21h55m26s024.jpg","datePublished":"2024-05-16T22:17:42+00:00","dateModified":"2025-09-10T12:08:35+00:00","description":"Explore Tenerife's best dive sites! Check reviews, prices, and ratings. Enjoy shore and boat diving with experienced guides. Book your adventure now!","breadcrumb":{"@id":"https:\/\/aventura-excursions.com\/product\/packages-for-certified-divers\/#breadcrumb"},"inLanguage":"pl-PL","potentialAction":[{"@type":"ReadAction","target":["https:\/\/aventura-excursions.com\/product\/packages-for-certified-divers\/"]}]},{"@type":"ImageObject","inLanguage":"pl-PL","@id":"https:\/\/aventura-excursions.com\/product\/packages-for-certified-divers\/#primaryimage","url":"https:\/\/aventura-excursions.com\/wp-content\/uploads\/2024\/03\/Copia-de-vlcsnap-2020-09-15-21h55m26s024.jpg","contentUrl":"https:\/\/aventura-excursions.com\/wp-content\/uploads\/2024\/03\/Copia-de-vlcsnap-2020-09-15-21h55m26s024.jpg","width":947,"height":732},{"@type":"BreadcrumbList","@id":"https:\/\/aventura-excursions.com\/product\/packages-for-certified-divers\/#breadcrumb","itemListElement":[{"@type":"ListItem","position":1,"name":"Tours","item":"https:\/\/aventura-excursions.com\/tours\/"},{"@type":"ListItem","position":2,"name":"Packages for Certified Divers"}]},{"@type":"WebSite","@id":"https:\/\/aventura-excursions.com\/#website","url":"https:\/\/aventura-excursions.com\/","name":"Aventura Excursions","description":"Aventura Excursions","potentialAction":[{"@type":"SearchAction","target":{"@type":"EntryPoint","urlTemplate":"https:\/\/aventura-excursions.com\/?s={search_term_string}"},"query-input":{"@type":"PropertyValueSpecification","valueRequired":true,"valueName":"search_term_string"}}],"inLanguage":"pl-PL"}]}},"_links":{"self":[{"href":"https:\/\/aventura-excursions.com\/pl\/wp-json\/wp\/v2\/product\/1589","targetHints":{"allow":["GET"]}}],"collection":[{"href":"https:\/\/aventura-excursions.com\/pl\/wp-json\/wp\/v2\/product"}],"about":[{"href":"https:\/\/aventura-excursions.com\/pl\/wp-json\/wp\/v2\/types\/product"}],"wp:featuredmedia":[{"embeddable":true,"href":"https:\/\/aventura-excursions.com\/pl\/wp-json\/wp\/v2\/media\/1194"}],"wp:attachment":[{"href":"https:\/\/aventura-excursions.com\/pl\/wp-json\/wp\/v2\/media?parent=1589"}],"wp:term":[{"taxonomy":"product_brand","embeddable":true,"href":"https:\/\/aventura-excursions.com\/pl\/wp-json\/wp\/v2\/product_brand?post=1589"},{"taxonomy":"product_cat","embeddable":true,"href":"https:\/\/aventura-excursions.com\/pl\/wp-json\/wp\/v2\/product_cat?post=1589"},{"taxonomy":"product_tag","embeddable":true,"href":"https:\/\/aventura-excursions.com\/pl\/wp-json\/wp\/v2\/product_tag?post=1589"}],"curies":[{"name":"wp","href":"https:\/\/api.w.org\/{rel}","templated":true}]}}