{"id":1829,"date":"2024-06-01T06:18:54","date_gmt":"2024-06-01T03:18:54","guid":{"rendered":"https:\/\/aventura-excursions.com\/?post_type=product&#038;p=1829"},"modified":"2025-06-04T18:36:37","modified_gmt":"2025-06-04T15:36:37","slug":"teide-cable-car","status":"publish","type":"product","link":"https:\/\/aventura-excursions.com\/pl\/produkt\/teide-cable-car\/","title":{"rendered":"Teide + Kolejka linowa"},"content":{"rendered":"<h3>Opis<\/h3>\n<p>\nOdkryj ksi\u0119\u017cycowe krajobrazy, kt\u00f3re sprawiaj\u0105, \u017ce Park Narodowy Teide jest najcz\u0119\u015bciej odwiedzanym w Europie. Od\u0142\u0105cz si\u0119 od zwyk\u0142ych ziemskich pogl\u0105d\u00f3w i uwierz, \u017ce jeste\u015b na innej planecie. Wjed\u017a kolejk\u0105 linow\u0105 na najwy\u017csz\u0105 i najbardziej imponuj\u0105c\u0105 g\u00f3r\u0119 w Hiszpanii, Teide (3718 m), i znajd\u017a si\u0119 ponad chmurami, sk\u0105d roztaczaj\u0105 si\u0119 fantastyczne widoki: ska\u0142y Garc\u00eda, ogromne strumienie lawy, rozleg\u0142e pustynie i kolorowe g\u00f3ry pe\u0142ne wszelkiego rodzaju minera\u0142y.<\/p>\n<h3>Ciekawe miejsca<\/h3>\n<ul>\n<li>Park Narodowy Teide<\/li>\n<li>Ska\u0142y Roques de Garcia<\/li>\n<li>kolejka linowa na Teide (a\u017c 3550 m!)<\/li>\n<\/ul>\n<p>\n<\/p>\n<h3>Szczeg\u00f3\u0142y<\/h3>\n<p>\n<strong><em>Odbi\u00f3r:<\/em><\/strong> oko\u0142o 11:00 <\/p>\n<p>\n<strong><em>Czas trwania:<\/em><\/strong> 7-8 godzin <\/p>\n<p>\n<strong><em>W cenie:<\/em><\/strong> <\/p>\n<ul>\n<li>odbi\u00f3r na po\u0142udniu z Costa Adeje do Los Cristianos i na p\u00f3\u0142nocy z Puerto de la Cruz<\/li>\n<li>bilet na kolejk\u0119 linow\u0105<\/li>\n<li>profesjonalny przewodnik<\/li>\n<\/ul>\n<p>\n<strong><em>Nie wliczone:<\/em><\/strong> obiad (b\u0119dzie przystanek w restauracji z barem przek\u0105skowym) <\/p>\n<p>\n<br \/>\n<strong><em>Uwaga:<\/em><\/strong> Harmonogram wy\u015bwietlany na tej stronie dotyczy wy\u0142\u0105cznie wycieczek prowadzonych w j\u0119zyku angielskim i hiszpa\u0144skim.<\/p>\n<p>\nW przypadku wycieczek w innych j\u0119zykach lub w przypadku konieczno\u015bci odbioru z obszaru niewymienionego na li\u015bcie, prosimy o kontakt za po\u015brednictwem poczty elektronicznej pod adresem <a href=\"mailto:info@aventura-excursions.com\" target=\"ask__mail\">info@aventura-excursions.com<\/a> lub telefonicznie pod numerem <a href=\"tel: 34647676812\" target=\"_blank\">+34 647 67 68 12<\/a>. Nasz zesp\u00f3\u0142 z przyjemno\u015bci\u0105 Ci pomo\u017ce.<\/p>","protected":false},"excerpt":{"rendered":"<div>\nDo\u0142\u0105cz do jednej z najpopularniejszych wycieczek z przewodnikiem po Teneryfie i odkryj Park Narodowy Teide z wyj\u0105tkowej perspektywy, wje\u017cd\u017caj\u0105c kolejk\u0105 linow\u0105 na najwy\u017cszy szczyt Hiszpanii. <\/p>\n<p>\nNajpierw wybierz, czy jeste\u015b na po\u0142udniu (odbi\u00f3r dost\u0119pny z Costa Adeje do Los Cristianos) czy w Puerto de la Cruz. Wybierz liczb\u0119 doros\u0142ych, dzieci (3-13 lat) i niemowl\u0105t (0-2 lata), a nast\u0119pnie dat\u0119 wycieczki.\n<\/div>","protected":false},"featured_media":440,"template":"","meta":{"_acf_changed":false},"product_brand":[],"product_cat":[19],"product_tag":[],"class_list":{"0":"post-1829","1":"product","2":"type-product","3":"status-publish","4":"has-post-thumbnail","6":"product_cat-bus-excursions","8":"first","9":"instock","10":"shipping-taxable","11":"product-type-grouped"},"acf":[],"yoast_head":"<!-- This site is optimized with the Yoast SEO plugin v25.6 - https:\/\/yoast.com\/wordpress\/plugins\/seo\/ -->\n<title>Teide Cable Car Tours in Tenerife - Aventura Excursions - Book Your Adventure Now!<\/title>\n<meta name=\"description\" content=\"Explore the Teide National Park and climb to an altitude of 3,550m by cable car. Check reviews, prices. Experience stunning views from Spain&#039;s highest peak.\" \/>\n<meta name=\"robots\" content=\"index, follow, max-snippet:-1, max-image-preview:large, max-video-preview:-1\" \/>\n<link rel=\"canonical\" href=\"https:\/\/aventura-excursions.com\/pl\/produkt\/teide-cable-car\/\" \/>\n<meta property=\"og:locale\" content=\"pl_PL\" \/>\n<meta property=\"og:type\" content=\"article\" \/>\n<meta property=\"og:title\" content=\"Teide Cable Car Tours in Tenerife - Aventura Excursions - Book Your Adventure Now!\" \/>\n<meta property=\"og:description\" content=\"Explore the Teide National Park and climb to an altitude of 3,550m by cable car. Check reviews, prices. Experience stunning views from Spain&#039;s highest peak.\" \/>\n<meta property=\"og:url\" content=\"https:\/\/aventura-excursions.com\/pl\/produkt\/teide-cable-car\/\" \/>\n<meta property=\"og:site_name\" content=\"Aventura Excursions\" \/>\n<meta property=\"article:modified_time\" content=\"2025-06-04T15:36:37+00:00\" \/>\n<meta property=\"og:image\" content=\"https:\/\/aventura-excursions.com\/wp-content\/uploads\/2024\/02\/parque-nacional-teide-teleferico-02.jpg\" \/>\n\t<meta property=\"og:image:width\" content=\"1024\" \/>\n\t<meta property=\"og:image:height\" content=\"682\" \/>\n\t<meta property=\"og:image:type\" content=\"image\/jpeg\" \/>\n<meta name=\"twitter:card\" content=\"summary_large_image\" \/>\n<meta name=\"twitter:label1\" content=\"Szacowany czas czytania\" \/>\n\t<meta name=\"twitter:data1\" content=\"2 minuty\" \/>\n<!-- \/ Yoast SEO plugin. -->","yoast_head_json":{"title":"Teide Cable Car Tours in Tenerife - Aventura Excursions - Book Your Adventure Now!","description":"Explore the Teide National Park and climb to an altitude of 3,550m by cable car. Check reviews, prices. Experience stunning views from Spain's highest peak.","robots":{"index":"index","follow":"follow","max-snippet":"max-snippet:-1","max-image-preview":"max-image-preview:large","max-video-preview":"max-video-preview:-1"},"canonical":"https:\/\/aventura-excursions.com\/pl\/produkt\/teide-cable-car\/","og_locale":"pl_PL","og_type":"article","og_title":"Teide Cable Car Tours in Tenerife - Aventura Excursions - Book Your Adventure Now!","og_description":"Explore the Teide National Park and climb to an altitude of 3,550m by cable car. Check reviews, prices. Experience stunning views from Spain's highest peak.","og_url":"https:\/\/aventura-excursions.com\/pl\/produkt\/teide-cable-car\/","og_site_name":"Aventura Excursions","article_modified_time":"2025-06-04T15:36:37+00:00","og_image":[{"width":1024,"height":682,"url":"https:\/\/aventura-excursions.com\/wp-content\/uploads\/2024\/02\/parque-nacional-teide-teleferico-02.jpg","type":"image\/jpeg"}],"twitter_card":"summary_large_image","twitter_misc":{"Szacowany czas czytania":"2 minuty"},"schema":{"@context":"https:\/\/schema.org","@graph":[{"@type":"WebPage","@id":"https:\/\/aventura-excursions.com\/product\/teide-cable-car\/","url":"https:\/\/aventura-excursions.com\/product\/teide-cable-car\/","name":"Teide Cable Car Tours in Tenerife - Aventura Excursions - Book Your Adventure Now!","isPartOf":{"@id":"https:\/\/aventura-excursions.com\/#website"},"primaryImageOfPage":{"@id":"https:\/\/aventura-excursions.com\/product\/teide-cable-car\/#primaryimage"},"image":{"@id":"https:\/\/aventura-excursions.com\/product\/teide-cable-car\/#primaryimage"},"thumbnailUrl":"https:\/\/aventura-excursions.com\/wp-content\/uploads\/2024\/02\/parque-nacional-teide-teleferico-02.jpg","datePublished":"2024-06-01T03:18:54+00:00","dateModified":"2025-06-04T15:36:37+00:00","description":"Explore the Teide National Park and climb to an altitude of 3,550m by cable car. Check reviews, prices. Experience stunning views from Spain's highest peak.","breadcrumb":{"@id":"https:\/\/aventura-excursions.com\/product\/teide-cable-car\/#breadcrumb"},"inLanguage":"pl-PL","potentialAction":[{"@type":"ReadAction","target":["https:\/\/aventura-excursions.com\/product\/teide-cable-car\/"]}]},{"@type":"ImageObject","inLanguage":"pl-PL","@id":"https:\/\/aventura-excursions.com\/product\/teide-cable-car\/#primaryimage","url":"https:\/\/aventura-excursions.com\/wp-content\/uploads\/2024\/02\/parque-nacional-teide-teleferico-02.jpg","contentUrl":"https:\/\/aventura-excursions.com\/wp-content\/uploads\/2024\/02\/parque-nacional-teide-teleferico-02.jpg","width":1024,"height":682},{"@type":"BreadcrumbList","@id":"https:\/\/aventura-excursions.com\/product\/teide-cable-car\/#breadcrumb","itemListElement":[{"@type":"ListItem","position":1,"name":"Tours","item":"https:\/\/aventura-excursions.com\/tours\/"},{"@type":"ListItem","position":2,"name":"Teide + Cable Car"}]},{"@type":"WebSite","@id":"https:\/\/aventura-excursions.com\/#website","url":"https:\/\/aventura-excursions.com\/","name":"Aventura Excursions","description":"Aventura Excursions","potentialAction":[{"@type":"SearchAction","target":{"@type":"EntryPoint","urlTemplate":"https:\/\/aventura-excursions.com\/?s={search_term_string}"},"query-input":{"@type":"PropertyValueSpecification","valueRequired":true,"valueName":"search_term_string"}}],"inLanguage":"pl-PL"}]}},"_links":{"self":[{"href":"https:\/\/aventura-excursions.com\/pl\/wp-json\/wp\/v2\/product\/1829","targetHints":{"allow":["GET"]}}],"collection":[{"href":"https:\/\/aventura-excursions.com\/pl\/wp-json\/wp\/v2\/product"}],"about":[{"href":"https:\/\/aventura-excursions.com\/pl\/wp-json\/wp\/v2\/types\/product"}],"wp:featuredmedia":[{"embeddable":true,"href":"https:\/\/aventura-excursions.com\/pl\/wp-json\/wp\/v2\/media\/440"}],"wp:attachment":[{"href":"https:\/\/aventura-excursions.com\/pl\/wp-json\/wp\/v2\/media?parent=1829"}],"wp:term":[{"taxonomy":"product_brand","embeddable":true,"href":"https:\/\/aventura-excursions.com\/pl\/wp-json\/wp\/v2\/product_brand?post=1829"},{"taxonomy":"product_cat","embeddable":true,"href":"https:\/\/aventura-excursions.com\/pl\/wp-json\/wp\/v2\/product_cat?post=1829"},{"taxonomy":"product_tag","embeddable":true,"href":"https:\/\/aventura-excursions.com\/pl\/wp-json\/wp\/v2\/product_tag?post=1829"}],"curies":[{"name":"wp","href":"https:\/\/api.w.org\/{rel}","templated":true}]}}