{"id":1848,"date":"2024-06-12T05:44:14","date_gmt":"2024-06-12T02:44:14","guid":{"rendered":"https:\/\/aventura-excursions.com\/?post_type=product&#038;p=1848"},"modified":"2025-08-02T15:52:44","modified_gmt":"2025-08-02T12:52:44","slug":"buggy-adventure","status":"publish","type":"product","link":"https:\/\/aventura-excursions.com\/pl\/produkt\/buggy-adventure\/","title":{"rendered":"Wycieczka buggy"},"content":{"rendered":"<h3>Opis<\/h3>\n<p>\nExperience an unforgettable adventure of Buggy Safari! Discover the breathtaking landscapes and hidden gems of Tenerife in our buggies. Whether you&#8217;re a nature enthusiast, thrill-seeker, or just looking for a unique way to explore Tenerife, our guided safari tours promise an exciting journey through the island&#8217;s diverse terrain. It&#8217;s perfect for families, friend groups, and couples! Create special memories as you explore together.<\/p>\n<p><\/p>\n<h3><\/h3>\n<h3>Ciekawe miejsca<\/h3>\n<ul>\n<li>Odkrywanie wyspy<\/li>\n<li>Adrenalin<\/li>\n<li>Spektakularne widoki<\/li>\n<\/ul>\n<h3>Szczeg\u00f3\u0142y<\/h3>\n<p>\n<strong>2 trasy:<\/strong><\/p>\n<p>\n<em>Costa Adventure<\/em> &#8211; 2 hours along the beautiful coasts of Tenerife <br \/>\n<em>Teide Adventure<\/em> &#8211; 3 hours to the National Park of Teide (up to 2200 m)<\/p>\n<p><\/p>\n<p>2 rodzaje w\u00f3zk\u00f3w: dla 2 i 4 os\u00f3b<\/p>\n<p><\/p>\n<p>Odbi\u00f3r z Playa Para\u00edso, Costa Adeje, Playa de Las Americas, Los Cristianos i Golf del Sur dodatkowo od 10 euro.<\/p>\n<p><\/p>\n<h3>Wymagania<\/h3>\n<ul>\n<li>Prawo jazdy B<\/li>\n<li>Minimalny wiek kierowcy: 18 lat<\/li>\n<li>Minimalna wysoko\u015b\u0107 pasa\u017cera: 1,25 m<\/li>\n<\/ul>","protected":false},"excerpt":{"rendered":"<div>\nExplore Tenerife&#8217;s landscapes during exciting Buggy Safari adventure,  promising unforgettable memories of your vacation.<\/p>\n<p>\n<br \/>\nWybierz wycieczk\u0119 i model w\u00f3zka. Nast\u0119pnie wybierz dat\u0119.\n<\/div>","protected":false},"featured_media":929,"template":"","meta":{"_acf_changed":false},"product_brand":[],"product_cat":[21],"product_tag":[],"class_list":{"0":"post-1848","1":"product","2":"type-product","3":"status-publish","4":"has-post-thumbnail","6":"product_cat-activities","8":"first","9":"instock","10":"sale","11":"shipping-taxable","12":"product-type-grouped"},"acf":[],"yoast_head":"<!-- This site is optimized with the Yoast SEO plugin v25.6 - https:\/\/yoast.com\/wordpress\/plugins\/seo\/ -->\n<title>Exciting Buggy Adventure Safari in Tenerife - Aventura Excursions | Book Your Tour Now!<\/title>\n<meta name=\"description\" content=\"Book your Buggy Safari in Tenerife! Explore stunning landscapes with our guided tours. Check prices, reviews and reserve your buggy today for an adventure.\" \/>\n<meta name=\"robots\" content=\"index, follow, max-snippet:-1, max-image-preview:large, max-video-preview:-1\" \/>\n<link rel=\"canonical\" href=\"https:\/\/aventura-excursions.com\/pl\/produkt\/buggy-adventure\/\" \/>\n<meta property=\"og:locale\" content=\"pl_PL\" \/>\n<meta property=\"og:type\" content=\"article\" \/>\n<meta property=\"og:title\" content=\"Exciting Buggy Adventure Safari in Tenerife - Aventura Excursions | Book Your Tour Now!\" \/>\n<meta property=\"og:description\" content=\"Book your Buggy Safari in Tenerife! Explore stunning landscapes with our guided tours. Check prices, reviews and reserve your buggy today for an adventure.\" \/>\n<meta property=\"og:url\" content=\"https:\/\/aventura-excursions.com\/pl\/produkt\/buggy-adventure\/\" \/>\n<meta property=\"og:site_name\" content=\"Aventura Excursions\" \/>\n<meta property=\"article:modified_time\" content=\"2025-08-02T12:52:44+00:00\" \/>\n<meta property=\"og:image\" content=\"https:\/\/aventura-excursions.com\/wp-content\/uploads\/2024\/03\/photo_2024-03-23_23-59-36.jpg\" \/>\n\t<meta property=\"og:image:width\" content=\"1080\" \/>\n\t<meta property=\"og:image:height\" content=\"1080\" \/>\n\t<meta property=\"og:image:type\" content=\"image\/jpeg\" \/>\n<meta name=\"twitter:card\" content=\"summary_large_image\" \/>\n<meta name=\"twitter:label1\" content=\"Szacowany czas czytania\" \/>\n\t<meta name=\"twitter:data1\" content=\"1 minuta\" \/>\n<!-- \/ Yoast SEO plugin. -->","yoast_head_json":{"title":"Exciting Buggy Adventure Safari in Tenerife - Aventura Excursions | Book Your Tour Now!","description":"Book your Buggy Safari in Tenerife! Explore stunning landscapes with our guided tours. Check prices, reviews and reserve your buggy today for an adventure.","robots":{"index":"index","follow":"follow","max-snippet":"max-snippet:-1","max-image-preview":"max-image-preview:large","max-video-preview":"max-video-preview:-1"},"canonical":"https:\/\/aventura-excursions.com\/pl\/produkt\/buggy-adventure\/","og_locale":"pl_PL","og_type":"article","og_title":"Exciting Buggy Adventure Safari in Tenerife - Aventura Excursions | Book Your Tour Now!","og_description":"Book your Buggy Safari in Tenerife! Explore stunning landscapes with our guided tours. Check prices, reviews and reserve your buggy today for an adventure.","og_url":"https:\/\/aventura-excursions.com\/pl\/produkt\/buggy-adventure\/","og_site_name":"Aventura Excursions","article_modified_time":"2025-08-02T12:52:44+00:00","og_image":[{"width":1080,"height":1080,"url":"https:\/\/aventura-excursions.com\/wp-content\/uploads\/2024\/03\/photo_2024-03-23_23-59-36.jpg","type":"image\/jpeg"}],"twitter_card":"summary_large_image","twitter_misc":{"Szacowany czas czytania":"1 minuta"},"schema":{"@context":"https:\/\/schema.org","@graph":[{"@type":"WebPage","@id":"https:\/\/aventura-excursions.com\/product\/buggy-adventure\/","url":"https:\/\/aventura-excursions.com\/product\/buggy-adventure\/","name":"Exciting Buggy Adventure Safari in Tenerife - Aventura Excursions | Book Your Tour Now!","isPartOf":{"@id":"https:\/\/aventura-excursions.com\/#website"},"primaryImageOfPage":{"@id":"https:\/\/aventura-excursions.com\/product\/buggy-adventure\/#primaryimage"},"image":{"@id":"https:\/\/aventura-excursions.com\/product\/buggy-adventure\/#primaryimage"},"thumbnailUrl":"https:\/\/aventura-excursions.com\/wp-content\/uploads\/2024\/03\/photo_2024-03-23_23-59-36.jpg","datePublished":"2024-06-12T02:44:14+00:00","dateModified":"2025-08-02T12:52:44+00:00","description":"Book your Buggy Safari in Tenerife! Explore stunning landscapes with our guided tours. Check prices, reviews and reserve your buggy today for an adventure.","breadcrumb":{"@id":"https:\/\/aventura-excursions.com\/product\/buggy-adventure\/#breadcrumb"},"inLanguage":"pl-PL","potentialAction":[{"@type":"ReadAction","target":["https:\/\/aventura-excursions.com\/product\/buggy-adventure\/"]}]},{"@type":"ImageObject","inLanguage":"pl-PL","@id":"https:\/\/aventura-excursions.com\/product\/buggy-adventure\/#primaryimage","url":"https:\/\/aventura-excursions.com\/wp-content\/uploads\/2024\/03\/photo_2024-03-23_23-59-36.jpg","contentUrl":"https:\/\/aventura-excursions.com\/wp-content\/uploads\/2024\/03\/photo_2024-03-23_23-59-36.jpg","width":1080,"height":1080},{"@type":"BreadcrumbList","@id":"https:\/\/aventura-excursions.com\/product\/buggy-adventure\/#breadcrumb","itemListElement":[{"@type":"ListItem","position":1,"name":"Tours","item":"https:\/\/aventura-excursions.com\/tours\/"},{"@type":"ListItem","position":2,"name":"Buggy Adventure"}]},{"@type":"WebSite","@id":"https:\/\/aventura-excursions.com\/#website","url":"https:\/\/aventura-excursions.com\/","name":"Aventura Excursions","description":"Aventura Excursions","potentialAction":[{"@type":"SearchAction","target":{"@type":"EntryPoint","urlTemplate":"https:\/\/aventura-excursions.com\/?s={search_term_string}"},"query-input":{"@type":"PropertyValueSpecification","valueRequired":true,"valueName":"search_term_string"}}],"inLanguage":"pl-PL"}]}},"_links":{"self":[{"href":"https:\/\/aventura-excursions.com\/pl\/wp-json\/wp\/v2\/product\/1848","targetHints":{"allow":["GET"]}}],"collection":[{"href":"https:\/\/aventura-excursions.com\/pl\/wp-json\/wp\/v2\/product"}],"about":[{"href":"https:\/\/aventura-excursions.com\/pl\/wp-json\/wp\/v2\/types\/product"}],"wp:featuredmedia":[{"embeddable":true,"href":"https:\/\/aventura-excursions.com\/pl\/wp-json\/wp\/v2\/media\/929"}],"wp:attachment":[{"href":"https:\/\/aventura-excursions.com\/pl\/wp-json\/wp\/v2\/media?parent=1848"}],"wp:term":[{"taxonomy":"product_brand","embeddable":true,"href":"https:\/\/aventura-excursions.com\/pl\/wp-json\/wp\/v2\/product_brand?post=1848"},{"taxonomy":"product_cat","embeddable":true,"href":"https:\/\/aventura-excursions.com\/pl\/wp-json\/wp\/v2\/product_cat?post=1848"},{"taxonomy":"product_tag","embeddable":true,"href":"https:\/\/aventura-excursions.com\/pl\/wp-json\/wp\/v2\/product_tag?post=1848"}],"curies":[{"name":"wp","href":"https:\/\/api.w.org\/{rel}","templated":true}]}}