{"id":1879,"date":"2024-06-15T00:32:04","date_gmt":"2024-06-14T21:32:04","guid":{"rendered":"https:\/\/aventura-excursions.com\/?post_type=product&#038;p=1879"},"modified":"2025-10-19T00:15:30","modified_gmt":"2025-10-18T21:15:30","slug":"la-gomera","status":"publish","type":"product","link":"https:\/\/aventura-excursions.com\/pl\/produkt\/la-gomera\/","title":{"rendered":"La Gomera"},"content":{"rendered":"<h3>Opis<\/h3>\n<p>\nLa Gomera, najbardziej zielona z Wysp Kanaryjskich, zabierze Ci\u0119 w podr\u00f3\u017c przez magiczne lasy wawrzynowe, doliny i zapieraj\u0105ce dech w piersiach krajobrazy. Po przybyciu na wysp\u0119 odwiedzisz San Sebastian, stolic\u0119 wyspy z atrakcyjnym historycznym centrum, w kt\u00f3rym Kolumb zatrzyma\u0142 si\u0119 ponad 500 lat temu w drodze na wschodnie wybrze\u017ce Azji. Nast\u0119pnie udasz si\u0119 do serca La Gomery, do Parku Narodowego Garajonay. Przejdziecie przez urokliwy las laurowy, kt\u00f3ry swoimi misternie kr\u0119conymi ga\u0142\u0119ziami wprowadzi Was w klimat filmu science fiction. Po zapoznaniu si\u0119 z aboryge\u0144sk\u0105 histori\u0105 La Gomery od swojego przewodnika, przyjedziesz na tradycyjny lunch, podczas kt\u00f3rego miejscowi zademonstruj\u0105 sw\u00f3j unikalny gomera\u0144ski j\u0119zyk gwi\u017cd\u017c\u0105cy, znany r\u00f3wnie\u017c jako Silbo Gomero.<\/p>\n<h3><\/h3>\n<h3>Ciekawe miejsca<\/h3>\n<ul>\n<li>Historyczne centrum San Sebastian<\/li>\n<li>Dom Kolumba<\/li>\n<li>Park Narodowy Garajonay: las laurowy<\/li>\n<li>Spektakl gwizdka<\/li>\n<\/ul>\n<p><h3>Szczeg\u00f3\u0142y<\/h3>\n<p>\n<strong>Na prom wymagane jest zabranie ze sob\u0105 dokumentu to\u017csamo\u015bci!!<\/strong><\/p>\n<p>\n<em><strong>Odbi\u00f3r:<\/strong><\/em> oko\u0142o 08:00<\/p>\n<p>\n<em><strong>Czas trwania:<\/strong><\/em> 10 godzin<\/p>\n<p>\n<strong><em>W cenie:<\/em><\/strong> <\/p>\n<ul>\n<li>odbi\u00f3r na po\u0142udniu z La Caleta do Los Cristianos i na p\u00f3\u0142nocy z Puerto de la Cruz<\/li>\n<li>bilet na prom (30 min)<\/li>\n<li>obiad w tradycyjnej restauracji<\/li>\n<li>profesjonalny przewodnik<\/li>\n<\/ul>\n<p>\n<br \/> <br \/>\n<strong>There&#8217;s no pick up for the tour in Polish language<\/strong><\/p>\n<p>\n<br \/>\n<strong><em>Uwaga:<\/em><\/strong> Harmonogram wy\u015bwietlany na tej stronie dotyczy wy\u0142\u0105cznie wycieczek prowadzonych w j\u0119zyku angielskim i hiszpa\u0144skim.<\/p>\n<p>\nW przypadku wycieczek w innych j\u0119zykach lub w przypadku konieczno\u015bci odbioru z obszaru niewymienionego na li\u015bcie, prosimy o kontakt za po\u015brednictwem poczty elektronicznej pod adresem <a href=\"mailto:info@aventura-excursions.com\" target=\"ask__mail\">info@aventura-excursions.com<\/a> lub telefonicznie pod numerem <a href=\"tel: 34647676812\" target=\"_blank\">+34 647 67 68 12<\/a>. Nasz zesp\u00f3\u0142 z przyjemno\u015bci\u0105 Ci pomo\u017ce.<\/p>","protected":false},"excerpt":{"rendered":"<div>\nOdwied\u017a pi\u0119kn\u0105 wysp\u0119 La Gomera z przystankiem w Parku Narodowym Garajonay, lasach laurowych i mie\u015bcie San Sebastian. Poznaj lokalnych mieszka\u0144c\u00f3w i odkryj ich unikalny, gwizdany j\u0119zyk.<\/p>\n<p>\n<br \/>\nNajpierw wybierz, czy jeste\u015b na po\u0142udniu (pon-sb) czy w Puerto de la Cruz (\u015br, czw, sb). Wybierz liczb\u0119 doros\u0142ych, dzieci (2-13 lat) i niemowl\u0105t (0-1 rok), a nast\u0119pnie dat\u0119 wycieczki.\n<\/div>","protected":false},"featured_media":513,"template":"","meta":{"_acf_changed":false},"product_brand":[],"product_cat":[19],"product_tag":[],"class_list":{"0":"post-1879","1":"product","2":"type-product","3":"status-publish","4":"has-post-thumbnail","6":"product_cat-bus-excursions","8":"first","9":"instock","10":"shipping-taxable","11":"product-type-grouped"},"acf":[],"yoast_head":"<!-- This site is optimized with the Yoast SEO plugin v25.6 - https:\/\/yoast.com\/wordpress\/plugins\/seo\/ -->\n<title>Explore La Gomera from Tenerife - Aventura Excursions | Book Your Trip Now!<\/title>\n<meta name=\"description\" content=\"Visit La Gomera and discover its wonders! Check reviews, prices, and ratings. Book your adventure today for an unforgettable experience!\" \/>\n<meta name=\"robots\" content=\"index, follow, max-snippet:-1, max-image-preview:large, max-video-preview:-1\" \/>\n<link rel=\"canonical\" href=\"https:\/\/aventura-excursions.com\/pl\/produkt\/la-gomera\/\" \/>\n<meta property=\"og:locale\" content=\"pl_PL\" \/>\n<meta property=\"og:type\" content=\"article\" \/>\n<meta property=\"og:title\" content=\"Explore La Gomera from Tenerife - Aventura Excursions | Book Your Trip Now!\" \/>\n<meta property=\"og:description\" content=\"Visit La Gomera and discover its wonders! Check reviews, prices, and ratings. Book your adventure today for an unforgettable experience!\" \/>\n<meta property=\"og:url\" content=\"https:\/\/aventura-excursions.com\/pl\/produkt\/la-gomera\/\" \/>\n<meta property=\"og:site_name\" content=\"Aventura Excursions\" \/>\n<meta property=\"article:modified_time\" content=\"2025-10-18T21:15:30+00:00\" \/>\n<meta property=\"og:image\" content=\"https:\/\/aventura-excursions.com\/wp-content\/uploads\/2024\/03\/245251-La-Gomera889-e1717292970876.png\" \/>\n\t<meta property=\"og:image:width\" content=\"496\" \/>\n\t<meta property=\"og:image:height\" content=\"241\" \/>\n\t<meta property=\"og:image:type\" content=\"image\/png\" \/>\n<meta name=\"twitter:card\" content=\"summary_large_image\" \/>\n<meta name=\"twitter:label1\" content=\"Szacowany czas czytania\" \/>\n\t<meta name=\"twitter:data1\" content=\"2 minuty\" \/>\n<!-- \/ Yoast SEO plugin. -->","yoast_head_json":{"title":"Explore La Gomera from Tenerife - Aventura Excursions | Book Your Trip Now!","description":"Visit La Gomera and discover its wonders! Check reviews, prices, and ratings. Book your adventure today for an unforgettable experience!","robots":{"index":"index","follow":"follow","max-snippet":"max-snippet:-1","max-image-preview":"max-image-preview:large","max-video-preview":"max-video-preview:-1"},"canonical":"https:\/\/aventura-excursions.com\/pl\/produkt\/la-gomera\/","og_locale":"pl_PL","og_type":"article","og_title":"Explore La Gomera from Tenerife - Aventura Excursions | Book Your Trip Now!","og_description":"Visit La Gomera and discover its wonders! Check reviews, prices, and ratings. Book your adventure today for an unforgettable experience!","og_url":"https:\/\/aventura-excursions.com\/pl\/produkt\/la-gomera\/","og_site_name":"Aventura Excursions","article_modified_time":"2025-10-18T21:15:30+00:00","og_image":[{"width":496,"height":241,"url":"https:\/\/aventura-excursions.com\/wp-content\/uploads\/2024\/03\/245251-La-Gomera889-e1717292970876.png","type":"image\/png"}],"twitter_card":"summary_large_image","twitter_misc":{"Szacowany czas czytania":"2 minuty"},"schema":{"@context":"https:\/\/schema.org","@graph":[{"@type":"WebPage","@id":"https:\/\/aventura-excursions.com\/product\/la-gomera\/","url":"https:\/\/aventura-excursions.com\/product\/la-gomera\/","name":"Explore La Gomera from Tenerife - Aventura Excursions | Book Your Trip Now!","isPartOf":{"@id":"https:\/\/aventura-excursions.com\/#website"},"primaryImageOfPage":{"@id":"https:\/\/aventura-excursions.com\/product\/la-gomera\/#primaryimage"},"image":{"@id":"https:\/\/aventura-excursions.com\/product\/la-gomera\/#primaryimage"},"thumbnailUrl":"https:\/\/aventura-excursions.com\/wp-content\/uploads\/2024\/03\/245251-La-Gomera889-e1717292970876.png","datePublished":"2024-06-14T21:32:04+00:00","dateModified":"2025-10-18T21:15:30+00:00","description":"Visit La Gomera and discover its wonders! Check reviews, prices, and ratings. Book your adventure today for an unforgettable experience!","breadcrumb":{"@id":"https:\/\/aventura-excursions.com\/product\/la-gomera\/#breadcrumb"},"inLanguage":"pl-PL","potentialAction":[{"@type":"ReadAction","target":["https:\/\/aventura-excursions.com\/product\/la-gomera\/"]}]},{"@type":"ImageObject","inLanguage":"pl-PL","@id":"https:\/\/aventura-excursions.com\/product\/la-gomera\/#primaryimage","url":"https:\/\/aventura-excursions.com\/wp-content\/uploads\/2024\/03\/245251-La-Gomera889-e1717292970876.png","contentUrl":"https:\/\/aventura-excursions.com\/wp-content\/uploads\/2024\/03\/245251-La-Gomera889-e1717292970876.png","width":496,"height":241},{"@type":"BreadcrumbList","@id":"https:\/\/aventura-excursions.com\/product\/la-gomera\/#breadcrumb","itemListElement":[{"@type":"ListItem","position":1,"name":"Tours","item":"https:\/\/aventura-excursions.com\/tours\/"},{"@type":"ListItem","position":2,"name":"La Gomera"}]},{"@type":"WebSite","@id":"https:\/\/aventura-excursions.com\/#website","url":"https:\/\/aventura-excursions.com\/","name":"Aventura Excursions","description":"Aventura Excursions","potentialAction":[{"@type":"SearchAction","target":{"@type":"EntryPoint","urlTemplate":"https:\/\/aventura-excursions.com\/?s={search_term_string}"},"query-input":{"@type":"PropertyValueSpecification","valueRequired":true,"valueName":"search_term_string"}}],"inLanguage":"pl-PL"}]}},"_links":{"self":[{"href":"https:\/\/aventura-excursions.com\/pl\/wp-json\/wp\/v2\/product\/1879","targetHints":{"allow":["GET"]}}],"collection":[{"href":"https:\/\/aventura-excursions.com\/pl\/wp-json\/wp\/v2\/product"}],"about":[{"href":"https:\/\/aventura-excursions.com\/pl\/wp-json\/wp\/v2\/types\/product"}],"wp:featuredmedia":[{"embeddable":true,"href":"https:\/\/aventura-excursions.com\/pl\/wp-json\/wp\/v2\/media\/513"}],"wp:attachment":[{"href":"https:\/\/aventura-excursions.com\/pl\/wp-json\/wp\/v2\/media?parent=1879"}],"wp:term":[{"taxonomy":"product_brand","embeddable":true,"href":"https:\/\/aventura-excursions.com\/pl\/wp-json\/wp\/v2\/product_brand?post=1879"},{"taxonomy":"product_cat","embeddable":true,"href":"https:\/\/aventura-excursions.com\/pl\/wp-json\/wp\/v2\/product_cat?post=1879"},{"taxonomy":"product_tag","embeddable":true,"href":"https:\/\/aventura-excursions.com\/pl\/wp-json\/wp\/v2\/product_tag?post=1879"}],"curies":[{"name":"wp","href":"https:\/\/api.w.org\/{rel}","templated":true}]}}