{"id":2281,"date":"2024-10-04T18:56:53","date_gmt":"2024-10-04T15:56:53","guid":{"rendered":"https:\/\/aventura-excursions.com\/?post_type=product&#038;p=2281"},"modified":"2024-10-28T14:41:41","modified_gmt":"2024-10-28T11:41:41","slug":"fishing-2","status":"publish","type":"product","link":"https:\/\/aventura-excursions.com\/pl\/produkt\/fishing-2\/","title":{"rendered":"Wycieczka w\u0119dkarska"},"content":{"rendered":"<h3>Opis<\/h3>\n<p>\nWyrusz w cudown\u0105 podr\u00f3\u017c, podczas kt\u00f3rej dreszczyk emocji zwi\u0105zany z po\u0142owami spotyka si\u0119 z pi\u0119knem Atlantyku! \u0141odzie zosta\u0142y zaprojektowane z my\u015bl\u0105 o najwspanialszych przygodach w\u0119dkarskich, wyposa\u017cone w niezb\u0119dn\u0105 technologi\u0119 i udogodnienia. Nasza wykwalifikowana za\u0142oga podzieli si\u0119 swoj\u0105 wiedz\u0105 i najlepszymi \u0142owiskami. W ciep\u0142ym blasku s\u0142o\u0144ca Wysp Kanaryjskich b\u0119dziesz cieszy\u0107 si\u0119 wypraw\u0105 w\u0119dkarsk\u0105 z rodzin\u0105, nawet je\u015bli nie \u0142owi\u0105 oni ryb. Mog\u0105 Ci towarzyszy\u0107 i by\u0107 \u015bwiadkami pi\u0119kna oceanu u wybrze\u017cy Teneryfy.<\/p>\n<p>Podczas naszych czterogodzinnych wypraw cz\u0119sto \u0142owimy marliny, tu\u0144czyki, bonito, dorado itp.<\/p>\n<p>Jest te\u017c du\u017ca szansa na spotkanie delfin\u00f3w i wieloryb\u00f3w zamieszkuj\u0105cych wody Teneryfy.<\/p>\n<p><\/p>\n<h3>Ciekawe miejsca<\/h3>\n<ul>\n<li>Big game fishing<\/li>\n<li>Do 25 mil od brzegu<\/li>\n<li>Zesp\u00f3\u0142 ekspert\u00f3w<\/li>\n<li>Najlepsze miejsca do w\u0119dkowania na Teneryfie<\/li>\n<li>Ogromna r\u00f3\u017cnorodno\u015b\u0107 \u017cycia morskiego<\/li>\n<li>Spektakularne widoki na ocean<\/li>\n<\/ul>\n<p><\/p>\n<h3>Szczeg\u00f3\u0142y<\/h3>\n<p>\nPort: Puerto Col\u00f3n \/ Las Galletas <br \/>\nCzas trwania: 4 godzin<br \/>\n2 w\u0119dki dla ka\u017cdego w\u0119dkarza<br \/>\nW cen\u0119 wliczone jest jedzenie i napoje, takie jak kanapki, woda, piwo i napoje bezalkoholowe.<\/p>","protected":false},"excerpt":{"rendered":"<div>Po\u015bwi\u0119\u0107 sw\u00f3j dzie\u0144 inspiruj\u0105cej wyprawie na ryby! Zabierz ze sob\u0105 ca\u0142\u0105 rodzin\u0119 na wygodn\u0105 \u0142\u00f3d\u017a, eksploruj g\u0142\u0119bokie wody u wybrze\u017cy Teneryfy i \u0142owij w okolicach, w kt\u00f3rych jest najwi\u0119ksza szansa na \u015bwietny po\u0142\u00f3w.<\/p>\n<p>\nWybierz liczb\u0119 rybak\u00f3w i os\u00f3b towarzysz\u0105cych, dat\u0119 wycieczki.\n<\/div>","protected":false},"featured_media":1034,"template":"","meta":{"_acf_changed":false},"product_brand":[],"product_cat":[21],"product_tag":[],"class_list":{"0":"post-2281","1":"product","2":"type-product","3":"status-publish","4":"has-post-thumbnail","6":"product_cat-activities","8":"first","9":"instock","10":"sale","11":"shipping-taxable","12":"product-type-grouped"},"acf":[],"yoast_head":"<!-- This site is optimized with the Yoast SEO plugin v25.6 - https:\/\/yoast.com\/wordpress\/plugins\/seo\/ -->\n<title>Fishing tour - Aventura Excursions<\/title>\n<meta name=\"description\" content=\"Experience thrilling fishing in Tenerife! Book now for big game and deep sea fishing. Best spots, expert crew, great prices. Secure your adventure today!\" \/>\n<meta name=\"robots\" content=\"index, follow, max-snippet:-1, max-image-preview:large, max-video-preview:-1\" \/>\n<link rel=\"canonical\" href=\"https:\/\/aventura-excursions.com\/pl\/produkt\/fishing-2\/\" \/>\n<meta property=\"og:locale\" content=\"pl_PL\" \/>\n<meta property=\"og:type\" content=\"article\" \/>\n<meta property=\"og:title\" content=\"Fishing tour - Aventura Excursions\" \/>\n<meta property=\"og:description\" content=\"Experience thrilling fishing in Tenerife! Book now for big game and deep sea fishing. Best spots, expert crew, great prices. Secure your adventure today!\" \/>\n<meta property=\"og:url\" content=\"https:\/\/aventura-excursions.com\/pl\/produkt\/fishing-2\/\" \/>\n<meta property=\"og:site_name\" content=\"Aventura Excursions\" \/>\n<meta property=\"article:modified_time\" content=\"2024-10-28T11:41:41+00:00\" \/>\n<meta property=\"og:image\" content=\"https:\/\/aventura-excursions.com\/wp-content\/uploads\/2024\/03\/pexels-william-mcallister-3793366.jpg\" \/>\n\t<meta property=\"og:image:width\" content=\"988\" \/>\n\t<meta property=\"og:image:height\" content=\"656\" \/>\n\t<meta property=\"og:image:type\" content=\"image\/jpeg\" \/>\n<meta name=\"twitter:card\" content=\"summary_large_image\" \/>\n<meta name=\"twitter:label1\" content=\"Szacowany czas czytania\" \/>\n\t<meta name=\"twitter:data1\" content=\"1 minuta\" \/>\n<!-- \/ Yoast SEO plugin. -->","yoast_head_json":{"title":"Fishing tour - Aventura Excursions","description":"Experience thrilling fishing in Tenerife! Book now for big game and deep sea fishing. Best spots, expert crew, great prices. Secure your adventure today!","robots":{"index":"index","follow":"follow","max-snippet":"max-snippet:-1","max-image-preview":"max-image-preview:large","max-video-preview":"max-video-preview:-1"},"canonical":"https:\/\/aventura-excursions.com\/pl\/produkt\/fishing-2\/","og_locale":"pl_PL","og_type":"article","og_title":"Fishing tour - Aventura Excursions","og_description":"Experience thrilling fishing in Tenerife! Book now for big game and deep sea fishing. Best spots, expert crew, great prices. Secure your adventure today!","og_url":"https:\/\/aventura-excursions.com\/pl\/produkt\/fishing-2\/","og_site_name":"Aventura Excursions","article_modified_time":"2024-10-28T11:41:41+00:00","og_image":[{"width":988,"height":656,"url":"https:\/\/aventura-excursions.com\/wp-content\/uploads\/2024\/03\/pexels-william-mcallister-3793366.jpg","type":"image\/jpeg"}],"twitter_card":"summary_large_image","twitter_misc":{"Szacowany czas czytania":"1 minuta"},"schema":{"@context":"https:\/\/schema.org","@graph":[{"@type":"WebPage","@id":"https:\/\/aventura-excursions.com\/product\/fishing-2\/","url":"https:\/\/aventura-excursions.com\/product\/fishing-2\/","name":"Fishing tour - Aventura Excursions","isPartOf":{"@id":"https:\/\/aventura-excursions.com\/#website"},"primaryImageOfPage":{"@id":"https:\/\/aventura-excursions.com\/product\/fishing-2\/#primaryimage"},"image":{"@id":"https:\/\/aventura-excursions.com\/product\/fishing-2\/#primaryimage"},"thumbnailUrl":"https:\/\/aventura-excursions.com\/wp-content\/uploads\/2024\/03\/pexels-william-mcallister-3793366.jpg","datePublished":"2024-10-04T15:56:53+00:00","dateModified":"2024-10-28T11:41:41+00:00","description":"Experience thrilling fishing in Tenerife! Book now for big game and deep sea fishing. Best spots, expert crew, great prices. Secure your adventure today!","breadcrumb":{"@id":"https:\/\/aventura-excursions.com\/product\/fishing-2\/#breadcrumb"},"inLanguage":"pl-PL","potentialAction":[{"@type":"ReadAction","target":["https:\/\/aventura-excursions.com\/product\/fishing-2\/"]}]},{"@type":"ImageObject","inLanguage":"pl-PL","@id":"https:\/\/aventura-excursions.com\/product\/fishing-2\/#primaryimage","url":"https:\/\/aventura-excursions.com\/wp-content\/uploads\/2024\/03\/pexels-william-mcallister-3793366.jpg","contentUrl":"https:\/\/aventura-excursions.com\/wp-content\/uploads\/2024\/03\/pexels-william-mcallister-3793366.jpg","width":988,"height":656},{"@type":"BreadcrumbList","@id":"https:\/\/aventura-excursions.com\/product\/fishing-2\/#breadcrumb","itemListElement":[{"@type":"ListItem","position":1,"name":"Tours","item":"https:\/\/aventura-excursions.com\/tours\/"},{"@type":"ListItem","position":2,"name":"Fishing tour"}]},{"@type":"WebSite","@id":"https:\/\/aventura-excursions.com\/#website","url":"https:\/\/aventura-excursions.com\/","name":"Aventura Excursions","description":"Aventura Excursions","potentialAction":[{"@type":"SearchAction","target":{"@type":"EntryPoint","urlTemplate":"https:\/\/aventura-excursions.com\/?s={search_term_string}"},"query-input":{"@type":"PropertyValueSpecification","valueRequired":true,"valueName":"search_term_string"}}],"inLanguage":"pl-PL"}]}},"_links":{"self":[{"href":"https:\/\/aventura-excursions.com\/pl\/wp-json\/wp\/v2\/product\/2281","targetHints":{"allow":["GET"]}}],"collection":[{"href":"https:\/\/aventura-excursions.com\/pl\/wp-json\/wp\/v2\/product"}],"about":[{"href":"https:\/\/aventura-excursions.com\/pl\/wp-json\/wp\/v2\/types\/product"}],"wp:featuredmedia":[{"embeddable":true,"href":"https:\/\/aventura-excursions.com\/pl\/wp-json\/wp\/v2\/media\/1034"}],"wp:attachment":[{"href":"https:\/\/aventura-excursions.com\/pl\/wp-json\/wp\/v2\/media?parent=2281"}],"wp:term":[{"taxonomy":"product_brand","embeddable":true,"href":"https:\/\/aventura-excursions.com\/pl\/wp-json\/wp\/v2\/product_brand?post=2281"},{"taxonomy":"product_cat","embeddable":true,"href":"https:\/\/aventura-excursions.com\/pl\/wp-json\/wp\/v2\/product_cat?post=2281"},{"taxonomy":"product_tag","embeddable":true,"href":"https:\/\/aventura-excursions.com\/pl\/wp-json\/wp\/v2\/product_tag?post=2281"}],"curies":[{"name":"wp","href":"https:\/\/api.w.org\/{rel}","templated":true}]}}