{"id":2664,"date":"2025-07-26T14:34:48","date_gmt":"2025-07-26T11:34:48","guid":{"rendered":"https:\/\/aventura-excursions.com\/?post_type=product&#038;p=2664"},"modified":"2025-09-10T16:01:14","modified_gmt":"2025-09-10T13:01:14","slug":"siam-night","status":"publish","type":"product","link":"https:\/\/aventura-excursions.com\/pl\/produkt\/siam-night\/","title":{"rendered":"Siam noc"},"content":{"rendered":"<h3>Opis<\/h3>\n<p>\nSiam Night to jeden z najlepszych park\u00f3w wodnych na \u015bwiecie - Siam Park. Od 1 lipca do 31 sierpnia ten tropikalny raj zamienia si\u0119 w nocny spektakl muzyki DJ-a, wi\u0105zek laserowych, efekt\u00f3w ognia i ta\u0144cz\u0105cych \u015bwiate\u0142. Zje\u017cd\u017caj po zakr\u0119conych rurach, dryfuj po leniwej rzece lub zrelaksuj si\u0119 na piaszczystej pla\u017cy pod palmami i w \u015bwietle gwiazd.<\/p>\n<p>\nPo zmroku park zamienia si\u0119 w senn\u0105 krain\u0119 czar\u00f3w, z rozbijaj\u0105cym si\u0119 Wave Palace i energi\u0105 pulsuj\u0105c\u0105 w ka\u017cdej fali. To symfonia widok\u00f3w i d\u017awi\u0119k\u00f3w, kt\u00f3ra pozostawia niezapomniane wspomnienia.<\/p>\n<h3><\/h3>\n<h3>Ciekawe miejsca<\/h3>\n<ul>\n<li>DJ Party: sety DJ-skie na \u017cywo z laserami, \u015bwiat\u0142ami i mg\u0142\u0105 nad falami<\/li>\n<li>Pokaz ognia: Osza\u0142amiaj\u0105ce efekty ognia i \u015bwiec\u0105ce nocne wizualizacje<\/li>\n<li>Pa\u0142ac Fal: P\u0142ywaj w falach pod gwiazdami<\/li>\n<li>Night Slides &#038; River: Glow-in-the-dark slides and a dreamy lazy river<\/li>\n<li>Bars and Restaurants: All facilities remain open during Siam Night (except the children&#8217;s attractions)<\/li>\n<\/ul>\n<p><h3>Szczeg\u00f3\u0142y<\/h3>\n<p>\n<em><strong>Godziny otwarcia<\/strong><\/em>: 20:00 \u2013 00:00<\/p>\n<p>\n <strong><em>Lokalizacja:<\/em><\/strong>Las Americas (po\u0142udnie Teneryfy)<\/p>\n<p>\nDzieciom poni\u017cej 16. roku \u017cycia musi towarzyszy\u0107 osoba doros\u0142a.<\/p>\n<h3>Transport<\/h3>\n<p>Nie ma transferu z po\u0142udnia, ale dla tych, kt\u00f3rzy zatrzymuj\u0105 si\u0119 na p\u00f3\u0142nocy wyspy, oferujemy p\u0142atny transfer. Ten autobus zbiera turyst\u00f3w w hotelach w Puerto de la Cruz i dowozi ich bezpo\u015brednio do Siam Park. W nocy, o wyznaczonej godzinie, wr\u00f3ci do Puerto de la Cruz.<\/p>\n<p>Je\u015bli <strong><em><a href=\"https:\/\/aventura-excursions.com\/pl\/produkt\/rent-a-car\/\">wypo\u017cyczy\u0107 samoch\u00f3d<\/a><\/em><\/strong>, mo\u017cesz uda\u0107 si\u0119 do Siam Parku samodzielnie i zostawi\u0107 samoch\u00f3d na p\u0142atnym parkingu. Pami\u0119taj, aby przyby\u0107 wcze\u015bniej, poniewa\u017c Siam Park jest jednym z najcz\u0119\u015bciej odwiedzanych miejsc na Teneryfie, a parking zape\u0142nia si\u0119 w ci\u0105gu 1-2 godzin od otwarcia.<\/p>","protected":false},"excerpt":{"rendered":"<div>\n<p>Siam Noc przekszta\u0142ca Siam Park w magiczn\u0105 tropikaln\u0105 imprez\u0119 z muzyk\u0105 DJ-a na \u017cywo, \u015bwiat\u0142ami laserowymi, efektami ognia, \u015bwiec\u0105cymi zje\u017cd\u017calniami wodnymi, surfowaniem na falach i relaksuj\u0105c\u0105 leniw\u0105 rzek\u0105 - a wszystko to pod rozgwie\u017cd\u017conym niebem. <\/p>\n<p>\n<br \/>\nNajpierw wybierz jedn\u0105 z opcji: sam bilet lub bilet + transfer z Puerto de la Cruz.<br \/>\n<br \/> Nast\u0119pnie wybierz liczb\u0119 doros\u0142ych i dzieci (3-11 lat). Wst\u0119p dla niemowl\u0105t (0-2 lat) jest bezp\u0142atny.\n<\/div>","protected":false},"featured_media":2665,"template":"","meta":{"_acf_changed":false},"product_brand":[],"product_cat":[20],"product_tag":[],"class_list":{"0":"post-2664","1":"product","2":"type-product","3":"status-publish","4":"has-post-thumbnail","6":"product_cat-parks","8":"first","9":"instock","10":"shipping-taxable","11":"product-type-grouped"},"acf":[],"yoast_head":"<!-- This site is optimized with the Yoast SEO plugin v25.6 - https:\/\/yoast.com\/wordpress\/plugins\/seo\/ -->\n<title>Siam Night Tenerife \u2013 Night Experience at Siam Park<\/title>\n<meta name=\"description\" content=\"Discover Siam Night in Tenerife: thrilling rides, live shows, and exotic atmosphere at Siam Park after dark. Book your night adventure today!\" \/>\n<meta name=\"robots\" content=\"index, follow, max-snippet:-1, max-image-preview:large, max-video-preview:-1\" \/>\n<link rel=\"canonical\" href=\"https:\/\/aventura-excursions.com\/pl\/produkt\/siam-night\/\" \/>\n<meta property=\"og:locale\" content=\"pl_PL\" \/>\n<meta property=\"og:type\" content=\"article\" \/>\n<meta property=\"og:title\" content=\"Siam Night Tenerife \u2013 Night Experience at Siam Park\" \/>\n<meta property=\"og:description\" content=\"Discover Siam Night in Tenerife: thrilling rides, live shows, and exotic atmosphere at Siam Park after dark. Book your night adventure today!\" \/>\n<meta property=\"og:url\" content=\"https:\/\/aventura-excursions.com\/pl\/produkt\/siam-night\/\" \/>\n<meta property=\"og:site_name\" content=\"Aventura Excursions\" \/>\n<meta property=\"article:modified_time\" content=\"2025-09-10T13:01:14+00:00\" \/>\n<meta property=\"og:image\" content=\"https:\/\/aventura-excursions.com\/wp-content\/uploads\/2025\/07\/SIAM-NIGHT-EN-132a898a.png\" \/>\n\t<meta property=\"og:image:width\" content=\"720\" \/>\n\t<meta property=\"og:image:height\" content=\"720\" \/>\n\t<meta property=\"og:image:type\" content=\"image\/png\" \/>\n<meta name=\"twitter:card\" content=\"summary_large_image\" \/>\n<meta name=\"twitter:label1\" content=\"Szacowany czas czytania\" \/>\n\t<meta name=\"twitter:data1\" content=\"2 minuty\" \/>\n<!-- \/ Yoast SEO plugin. -->","yoast_head_json":{"title":"Siam Night Tenerife \u2013 Night Experience at Siam Park","description":"Discover Siam Night in Tenerife: thrilling rides, live shows, and exotic atmosphere at Siam Park after dark. Book your night adventure today!","robots":{"index":"index","follow":"follow","max-snippet":"max-snippet:-1","max-image-preview":"max-image-preview:large","max-video-preview":"max-video-preview:-1"},"canonical":"https:\/\/aventura-excursions.com\/pl\/produkt\/siam-night\/","og_locale":"pl_PL","og_type":"article","og_title":"Siam Night Tenerife \u2013 Night Experience at Siam Park","og_description":"Discover Siam Night in Tenerife: thrilling rides, live shows, and exotic atmosphere at Siam Park after dark. Book your night adventure today!","og_url":"https:\/\/aventura-excursions.com\/pl\/produkt\/siam-night\/","og_site_name":"Aventura Excursions","article_modified_time":"2025-09-10T13:01:14+00:00","og_image":[{"width":720,"height":720,"url":"https:\/\/aventura-excursions.com\/wp-content\/uploads\/2025\/07\/SIAM-NIGHT-EN-132a898a.png","type":"image\/png"}],"twitter_card":"summary_large_image","twitter_misc":{"Szacowany czas czytania":"2 minuty"},"schema":{"@context":"https:\/\/schema.org","@graph":[{"@type":"WebPage","@id":"https:\/\/aventura-excursions.com\/product\/siam-night\/","url":"https:\/\/aventura-excursions.com\/product\/siam-night\/","name":"Siam Night Tenerife \u2013 Night Experience at Siam Park","isPartOf":{"@id":"https:\/\/aventura-excursions.com\/#website"},"primaryImageOfPage":{"@id":"https:\/\/aventura-excursions.com\/product\/siam-night\/#primaryimage"},"image":{"@id":"https:\/\/aventura-excursions.com\/product\/siam-night\/#primaryimage"},"thumbnailUrl":"https:\/\/aventura-excursions.com\/wp-content\/uploads\/2025\/07\/SIAM-NIGHT-EN-132a898a.png","datePublished":"2025-07-26T11:34:48+00:00","dateModified":"2025-09-10T13:01:14+00:00","description":"Discover Siam Night in Tenerife: thrilling rides, live shows, and exotic atmosphere at Siam Park after dark. Book your night adventure today!","breadcrumb":{"@id":"https:\/\/aventura-excursions.com\/product\/siam-night\/#breadcrumb"},"inLanguage":"pl-PL","potentialAction":[{"@type":"ReadAction","target":["https:\/\/aventura-excursions.com\/product\/siam-night\/"]}]},{"@type":"ImageObject","inLanguage":"pl-PL","@id":"https:\/\/aventura-excursions.com\/product\/siam-night\/#primaryimage","url":"https:\/\/aventura-excursions.com\/wp-content\/uploads\/2025\/07\/SIAM-NIGHT-EN-132a898a.png","contentUrl":"https:\/\/aventura-excursions.com\/wp-content\/uploads\/2025\/07\/SIAM-NIGHT-EN-132a898a.png","width":720,"height":720,"caption":"Siam Night in Tenerife"},{"@type":"BreadcrumbList","@id":"https:\/\/aventura-excursions.com\/product\/siam-night\/#breadcrumb","itemListElement":[{"@type":"ListItem","position":1,"name":"Tours","item":"https:\/\/aventura-excursions.com\/tours\/"},{"@type":"ListItem","position":2,"name":"Siam Night"}]},{"@type":"WebSite","@id":"https:\/\/aventura-excursions.com\/#website","url":"https:\/\/aventura-excursions.com\/","name":"Aventura Excursions","description":"Aventura Excursions","potentialAction":[{"@type":"SearchAction","target":{"@type":"EntryPoint","urlTemplate":"https:\/\/aventura-excursions.com\/?s={search_term_string}"},"query-input":{"@type":"PropertyValueSpecification","valueRequired":true,"valueName":"search_term_string"}}],"inLanguage":"pl-PL"}]}},"_links":{"self":[{"href":"https:\/\/aventura-excursions.com\/pl\/wp-json\/wp\/v2\/product\/2664","targetHints":{"allow":["GET"]}}],"collection":[{"href":"https:\/\/aventura-excursions.com\/pl\/wp-json\/wp\/v2\/product"}],"about":[{"href":"https:\/\/aventura-excursions.com\/pl\/wp-json\/wp\/v2\/types\/product"}],"wp:featuredmedia":[{"embeddable":true,"href":"https:\/\/aventura-excursions.com\/pl\/wp-json\/wp\/v2\/media\/2665"}],"wp:attachment":[{"href":"https:\/\/aventura-excursions.com\/pl\/wp-json\/wp\/v2\/media?parent=2664"}],"wp:term":[{"taxonomy":"product_brand","embeddable":true,"href":"https:\/\/aventura-excursions.com\/pl\/wp-json\/wp\/v2\/product_brand?post=2664"},{"taxonomy":"product_cat","embeddable":true,"href":"https:\/\/aventura-excursions.com\/pl\/wp-json\/wp\/v2\/product_cat?post=2664"},{"taxonomy":"product_tag","embeddable":true,"href":"https:\/\/aventura-excursions.com\/pl\/wp-json\/wp\/v2\/product_tag?post=2664"}],"curies":[{"name":"wp","href":"https:\/\/api.w.org\/{rel}","templated":true}]}}