{"id":447,"date":"2024-02-26T18:22:24","date_gmt":"2024-02-26T15:22:24","guid":{"rendered":"https:\/\/aventura-excursions.com\/?post_type=product&#038;p=447"},"modified":"2024-05-29T18:39:31","modified_gmt":"2024-05-29T15:39:31","slug":"rent-a-car","status":"publish","type":"product","link":"https:\/\/aventura-excursions.com\/pl\/produkt\/rent-a-car\/","title":{"rendered":"Wypo\u017cyczy\u0107 auto"},"content":{"rendered":"<h3>Grupy samochod\u00f3w<\/h3>\n<p>\nRezerwuj\u0105c samoch\u00f3d wybierasz grup\u0119 zawieraj\u0105c\u0105 kilka modeli. Nie mo\u017cemy zagwarantowa\u0107 dok\u0142adnego modelu. Je\u015bli wolisz konkretny model, napisz to w komentarzu, a my do\u0142o\u017cymy wszelkich stara\u0144, aby uwzgl\u0119dni\u0107 Twoje preferencje. Ca\u0142a lista samochod\u00f3w wraz z liczb\u0105 miejsc podan\u0105 w nawiasach:<\/p>\n<p><strong>Grupa A:<\/strong> Fiat Panda (5)<\/p>\n<p><strong>Grupa B<\/strong> Seat Ibiza (5), Opel Corsa (5)<\/p>\n<p><strong>Grupa C:<\/strong> VW Polo (5), Citroen C3 (5), Fiat 500 Hybrido (4), Smart\/Skoda Fabia (4)<\/p>\n<p><strong>Grupa D:<\/strong> Smart cabrio (4), Fiat 500 cabrio (4), Seat Ibiza Familiar (5)<\/p>\n<p><strong>Grupa E:<\/strong> Seat Ibiza automatic (5), Skoda Fabia automatic (5), Skoda Scala (5)<\/p>\n<p><strong>Grupa E1<\/strong> VW Caddy (5)<\/p>\n<p><strong>Grupa F:<\/strong> VW Beetle cabrio (4), VW Caddy automatic (7), VW Caddy (7)<\/p>\n<p><strong>Grupa G:<\/strong> VW Transporter (9)<\/p>\n<p><h3>Co musisz wiedzie\u0107<\/h3>\n<p>Wszystkie samochody w naszej flocie posiadaj\u0105 ubezpieczenie od wszystkich ryzyk. Nie musisz zostawia\u0107 \u017cadnego depozytu.<\/p>\n<p>O ustalonej godzinie przywieziemy samoch\u00f3d do hotelu i podpiszemy umow\u0119. Konieczne b\u0119dzie okazanie dowodu osobistego i prawa jazdy B. Ostatniego dnia wynajmu samochodu zostawisz kluczyk w recepcji hotelu.<\/p>\n<p>Godzin\u0105 rozpocz\u0119cia jest zwykle poranek. Ostatniego dnia klucz nale\u017cy pozostawi\u0107 w recepcji do godziny 08:00 rano (nawet je\u015bli pierwszego dnia odebra\u0142e\u015b samoch\u00f3d po po\u0142udniu).<\/p>\n<p>Wszystkie samochody posiadaj\u0105 klimatyzacj\u0119 i radio.<\/p>\n<p>Pierwszego dnia zarejestrujemy w umowie ile paliwa jest w samochodzie. Przed zwrotem b\u0119dziesz musia\u0142 zatankowa\u0107 samoch\u00f3d do tego samego poziomu paliwa.<\/p>\n<p><h3>Dodatki:<\/h3>\n<p>Je\u015bli chcesz doda\u0107 kt\u00f3ry\u015b z dodatk\u00f3w do swojego samochodu, daj nam zna\u0107 w komentarzu podczas rezerwacji.<\/p>\n<p>Je\u017celi chcesz wynaj\u0105\u0107 samoch\u00f3d na <strong>lotnisku<\/strong> additional fee is to be paid: 15 euros if it&#8217;s the Southern Airport, 25 euros if it&#8217;s the Northern Airport.<\/p>\n<p>Mo\u017cna wypo\u017cyczy\u0107 <strong>GPS <\/strong>(nawigacj\u0119) za 5 euro dziennie, pozostawiaj\u0105c 70 euro jako kaucj\u0119, kt\u00f3ra zostanie Pa\u0144stwu zwr\u00f3cona po oddaniu samochodu.<\/p>\n<p>Je\u015bli masz dzieci o wzro\u015bcie poni\u017cej 135 cm, zgodnie z hiszpa\u0144skim prawem masz obowi\u0105zek posiadania w samochodzie <strong>fotelik\u00f3w dzieci\u0119cych\/podwy\u017cszaj\u0105cych.<\/strong> Daj nam zna\u0107, czy chcesz doda\u0107 t\u0119 opcj\u0119 i jakiego wzrostu s\u0105 Twoje dzieci.<\/p>\n<p>Je\u015bli planujesz kilku kierowc\u00f3w do samochodu, wybierz opcj\u0119 dodania <strong>dodatkowego kierowcy<\/strong>: 3 euro za ka\u017cdego dodatkowego kierowc\u0119.<\/p>\n<p>","protected":false},"excerpt":{"rendered":"<div>\n<p>Wybierz grup\u0119 samochodu i liczb\u0119 dni\n<\/p><\/div>","protected":false},"featured_media":548,"template":"","meta":{"_acf_changed":false},"product_brand":[],"product_cat":[23],"product_tag":[113,112,111,114],"class_list":{"0":"post-447","1":"product","2":"type-product","3":"status-publish","4":"has-post-thumbnail","6":"product_cat-rentals","7":"product_tag-all-risk-insurance-car-tenerife","8":"product_tag-rent-a-cabrio-tenerife","9":"product_tag-rent-a-car-tenerife","10":"product_tag-rent-an-automatic-car-tenerife","12":"first","13":"instock","14":"shipping-taxable","15":"purchasable","16":"product-type-simple"},"acf":[],"yoast_head":"<!-- This site is optimized with the Yoast SEO plugin v25.6 - https:\/\/yoast.com\/wordpress\/plugins\/seo\/ -->\n<title>Rent a car in Tenerife - Aventura Excursions - Book Online for Best Deals and Choices!<\/title>\n<meta name=\"description\" content=\"Rent a car in Tenerife with full insurance and no deposit. Check reviews and prices. Choose from various models and enjoy delivery to your hotel or airport.\" \/>\n<meta name=\"robots\" content=\"index, follow, max-snippet:-1, max-image-preview:large, max-video-preview:-1\" \/>\n<link rel=\"canonical\" href=\"https:\/\/aventura-excursions.com\/pl\/produkt\/rent-a-car\/\" \/>\n<meta property=\"og:locale\" content=\"pl_PL\" \/>\n<meta property=\"og:type\" content=\"article\" \/>\n<meta property=\"og:title\" content=\"Rent a car in Tenerife - Aventura Excursions - Book Online for Best Deals and Choices!\" \/>\n<meta property=\"og:description\" content=\"Rent a car in Tenerife with full insurance and no deposit. Check reviews and prices. Choose from various models and enjoy delivery to your hotel or airport.\" \/>\n<meta property=\"og:url\" content=\"https:\/\/aventura-excursions.com\/pl\/produkt\/rent-a-car\/\" \/>\n<meta property=\"og:site_name\" content=\"Aventura Excursions\" \/>\n<meta property=\"article:modified_time\" content=\"2024-05-29T15:39:31+00:00\" \/>\n<meta property=\"og:image\" content=\"https:\/\/aventura-excursions.com\/wp-content\/uploads\/2024\/03\/car.jpg\" \/>\n\t<meta property=\"og:image:width\" content=\"500\" \/>\n\t<meta property=\"og:image:height\" content=\"760\" \/>\n\t<meta property=\"og:image:type\" content=\"image\/jpeg\" \/>\n<meta name=\"twitter:card\" content=\"summary_large_image\" \/>\n<meta name=\"twitter:label1\" content=\"Szacowany czas czytania\" \/>\n\t<meta name=\"twitter:data1\" content=\"3 minuty\" \/>\n<!-- \/ Yoast SEO plugin. -->","yoast_head_json":{"title":"Rent a car in Tenerife - Aventura Excursions - Book Online for Best Deals and Choices!","description":"Rent a car in Tenerife with full insurance and no deposit. Check reviews and prices. Choose from various models and enjoy delivery to your hotel or airport.","robots":{"index":"index","follow":"follow","max-snippet":"max-snippet:-1","max-image-preview":"max-image-preview:large","max-video-preview":"max-video-preview:-1"},"canonical":"https:\/\/aventura-excursions.com\/pl\/produkt\/rent-a-car\/","og_locale":"pl_PL","og_type":"article","og_title":"Rent a car in Tenerife - Aventura Excursions - Book Online for Best Deals and Choices!","og_description":"Rent a car in Tenerife with full insurance and no deposit. Check reviews and prices. Choose from various models and enjoy delivery to your hotel or airport.","og_url":"https:\/\/aventura-excursions.com\/pl\/produkt\/rent-a-car\/","og_site_name":"Aventura Excursions","article_modified_time":"2024-05-29T15:39:31+00:00","og_image":[{"width":500,"height":760,"url":"https:\/\/aventura-excursions.com\/wp-content\/uploads\/2024\/03\/car.jpg","type":"image\/jpeg"}],"twitter_card":"summary_large_image","twitter_misc":{"Szacowany czas czytania":"3 minuty"},"schema":{"@context":"https:\/\/schema.org","@graph":[{"@type":"WebPage","@id":"https:\/\/aventura-excursions.com\/product\/rent-a-car\/","url":"https:\/\/aventura-excursions.com\/product\/rent-a-car\/","name":"Rent a car in Tenerife - Aventura Excursions - Book Online for Best Deals and Choices!","isPartOf":{"@id":"https:\/\/aventura-excursions.com\/#website"},"primaryImageOfPage":{"@id":"https:\/\/aventura-excursions.com\/product\/rent-a-car\/#primaryimage"},"image":{"@id":"https:\/\/aventura-excursions.com\/product\/rent-a-car\/#primaryimage"},"thumbnailUrl":"https:\/\/aventura-excursions.com\/wp-content\/uploads\/2024\/03\/car.jpg","datePublished":"2024-02-26T15:22:24+00:00","dateModified":"2024-05-29T15:39:31+00:00","description":"Rent a car in Tenerife with full insurance and no deposit. Check reviews and prices. Choose from various models and enjoy delivery to your hotel or airport.","breadcrumb":{"@id":"https:\/\/aventura-excursions.com\/product\/rent-a-car\/#breadcrumb"},"inLanguage":"pl-PL","potentialAction":[{"@type":"ReadAction","target":["https:\/\/aventura-excursions.com\/product\/rent-a-car\/"]}]},{"@type":"ImageObject","inLanguage":"pl-PL","@id":"https:\/\/aventura-excursions.com\/product\/rent-a-car\/#primaryimage","url":"https:\/\/aventura-excursions.com\/wp-content\/uploads\/2024\/03\/car.jpg","contentUrl":"https:\/\/aventura-excursions.com\/wp-content\/uploads\/2024\/03\/car.jpg","width":500,"height":760},{"@type":"BreadcrumbList","@id":"https:\/\/aventura-excursions.com\/product\/rent-a-car\/#breadcrumb","itemListElement":[{"@type":"ListItem","position":1,"name":"Tours","item":"https:\/\/aventura-excursions.com\/tours\/"},{"@type":"ListItem","position":2,"name":"Rent a car"}]},{"@type":"WebSite","@id":"https:\/\/aventura-excursions.com\/#website","url":"https:\/\/aventura-excursions.com\/","name":"Aventura Excursions","description":"Aventura Excursions","potentialAction":[{"@type":"SearchAction","target":{"@type":"EntryPoint","urlTemplate":"https:\/\/aventura-excursions.com\/?s={search_term_string}"},"query-input":{"@type":"PropertyValueSpecification","valueRequired":true,"valueName":"search_term_string"}}],"inLanguage":"pl-PL"}]}},"_links":{"self":[{"href":"https:\/\/aventura-excursions.com\/pl\/wp-json\/wp\/v2\/product\/447","targetHints":{"allow":["GET"]}}],"collection":[{"href":"https:\/\/aventura-excursions.com\/pl\/wp-json\/wp\/v2\/product"}],"about":[{"href":"https:\/\/aventura-excursions.com\/pl\/wp-json\/wp\/v2\/types\/product"}],"wp:featuredmedia":[{"embeddable":true,"href":"https:\/\/aventura-excursions.com\/pl\/wp-json\/wp\/v2\/media\/548"}],"wp:attachment":[{"href":"https:\/\/aventura-excursions.com\/pl\/wp-json\/wp\/v2\/media?parent=447"}],"wp:term":[{"taxonomy":"product_brand","embeddable":true,"href":"https:\/\/aventura-excursions.com\/pl\/wp-json\/wp\/v2\/product_brand?post=447"},{"taxonomy":"product_cat","embeddable":true,"href":"https:\/\/aventura-excursions.com\/pl\/wp-json\/wp\/v2\/product_cat?post=447"},{"taxonomy":"product_tag","embeddable":true,"href":"https:\/\/aventura-excursions.com\/pl\/wp-json\/wp\/v2\/product_tag?post=447"}],"curies":[{"name":"wp","href":"https:\/\/api.w.org\/{rel}","templated":true}]}}