{"id":525,"date":"2024-03-08T18:17:14","date_gmt":"2024-03-08T15:17:14","guid":{"rendered":"https:\/\/aventura-excursions.com\/?post_type=product&#038;p=525"},"modified":"2025-10-19T00:18:34","modified_gmt":"2025-10-18T21:18:34","slug":"santa-cruz-la-laguna-anaga","status":"publish","type":"product","link":"https:\/\/aventura-excursions.com\/pl\/produkt\/santa-cruz-la-laguna-anaga\/","title":{"rendered":"Santa Cruz \u2013 La Laguna \u2013 Anaga"},"content":{"rendered":"<h3>Opis<\/h3>\n<p>\nOdkryj nowoczesne i historyczne stolice Teneryfy, staro\u017cytne lasy i tradycyjne kanaryjskie miasta w ci\u0105gu jednego dnia! Nasz\u0105 wycieczk\u0119 zaczniemy od odwiedzenia Santa Cruz, stolicy Teneryfy, wa\u017cnego portu Wysp Kanaryjskich. Jego architektura \u0142\u0105czy w sobie zar\u00f3wno nowoczesny styl, jak i star\u0105 tradycj\u0119 kolonialn\u0105. G\u0142\u00f3wnym symbolem miasta jest po\u0142o\u017cona nad morzem opera Auditorio.<\/p>\n<p> Nast\u0119pnym przystankiem naszej wycieczki b\u0119dzie San Crist\u00f3bal de La Laguna, stara stolica Teneryfy. Odkryjesz tam pi\u0119kno kolonialnego stylu architektury, kt\u00f3rego pocz\u0105tki si\u0119gaj\u0105 kilku wiek\u00f3w wstecz. W 1999 roku historyczna cz\u0119\u015b\u0107 miasta zosta\u0142a wpisana na List\u0119 \u015awiatowego Dziedzictwa UNESCO. <\/p>\n<p> Na koniec wkroczymy do lasu laurowego Anaga, jednego z najcenniejszych skarb\u00f3w w ca\u0142ej Europie zachowanych z okresu trzeciorz\u0119du. Miejsce to zosta\u0142o og\u0142oszone rezerwatem biosfery w 2015 r. przez UNESCO ze wzgl\u0119du na ogromn\u0105 r\u00f3\u017cnorodno\u015b\u0107 gatunk\u00f3w endemicznych.<\/p>\n<h3><\/h3>\n<h3>Ciekawe miejsca<\/h3>\n<ul>\n<li>Santa Cruz, nowoczesna stolica<\/li>\n<li>La Laguna, historyczna stolica<\/li>\n<li>Anaga, las laurowy<\/li>\n<li>Taganana, wioska rybacka<\/li>\n<\/ul>\n<p>\n                                              <\/p>\n<h3>Szczeg\u00f3\u0142y<\/h3>\n<p>\n<strong><em>Odbi\u00f3r:<\/em><\/strong> oko\u0142o 08:30 <\/p>\n<p>\n<strong><em>Czas trwania:<\/em><\/strong> 9 godzin <\/p>\n<p>\n<strong><em>W cenie:<\/em><\/strong><\/p>\n<ul>\n<li>odbi\u00f3r na po\u0142udniu z Los Cristianos do Los Gigantes i na p\u00f3\u0142nocy z Puerto de la Cruz i Santa Cruz de Tenerife.<\/li>\n<li>profesjonalny przewodnik<\/li>\n<\/ul>\n<p>\n<strong><em>Nie wliczone:<\/em><\/strong> obiad (b\u0119dzie przystanek w tradycyjnej restauracji) <\/p>\n<p><p>\n<br \/>\n<strong><em>Uwaga:<\/em><\/strong> Harmonogram wy\u015bwietlany na tej stronie dotyczy wy\u0142\u0105cznie wycieczek prowadzonych w j\u0119zyku angielskim i hiszpa\u0144skim.<\/p>\n<p>\nW przypadku wycieczek w innych j\u0119zykach lub w przypadku konieczno\u015bci odbioru z obszaru niewymienionego na li\u015bcie, prosimy o kontakt za po\u015brednictwem poczty elektronicznej pod adresem <a href=\"mailto:info@aventura-excursions.com\" target=\"ask__mail\">info@aventura-excursions.com<\/a> lub telefonicznie pod numerem <a href=\"tel: 34647676812\" target=\"_blank\">+34 647 67 68 12<\/a>. Nasz zesp\u00f3\u0142 z przyjemno\u015bci\u0105 Ci pomo\u017ce.<\/p>","protected":false},"excerpt":{"rendered":"<div>\n<p>Odwied\u017a miasto Santa Cruz, stolic\u0119 Teneryfy, kt\u00f3re \u0142\u0105czy w sobie historyczne budynki z zgie\u0142kiem wsp\u00f3\u0142czesnego \u017cycia miejskiego. Nast\u0119pnie odkryj stare miasto San Crist\u00f3bal de La Laguna, urocze miejsce z brukowanymi uliczkami i kolorowymi kolonialnymi budynkami. I na koniec odwied\u017a rezerwat przyrody Taganana z tradycyjnymi kanaryjskimi wioskami i staro\u017cytnym lasem laurowym.<\/p>\n<p>\nNajpierw wybierz liczb\u0119 os\u00f3b doros\u0142ych, dzieci (2-11 lat) i niemowl\u0105t (0-1 rok), a nast\u0119pnie wybierz dat\u0119 wycieczki.\n<\/div>","protected":false},"featured_media":537,"template":"","meta":{"_acf_changed":false},"product_brand":[],"product_cat":[19],"product_tag":[],"class_list":{"0":"post-525","1":"product","2":"type-product","3":"status-publish","4":"has-post-thumbnail","6":"product_cat-bus-excursions","8":"first","9":"instock","10":"shipping-taxable","11":"product-type-grouped"},"acf":[],"yoast_head":"<!-- This site is optimized with the Yoast SEO plugin v25.6 - https:\/\/yoast.com\/wordpress\/plugins\/seo\/ -->\n<title>Visit Santa Cruz \u2013 La Laguna \u2013 Anaga Tour - Aventura Excursions - Book Now!<\/title>\n<meta name=\"description\" content=\"Explore Santa Cruz, La Laguna, and Taganana in one day! Check reviews and prices. Discover Tenerife\u2019s capitals, laurel forests, and charming villages.\" \/>\n<meta name=\"robots\" content=\"index, follow, max-snippet:-1, max-image-preview:large, max-video-preview:-1\" \/>\n<link rel=\"canonical\" href=\"https:\/\/aventura-excursions.com\/pl\/produkt\/santa-cruz-la-laguna-anaga\/\" \/>\n<meta property=\"og:locale\" content=\"pl_PL\" \/>\n<meta property=\"og:type\" content=\"article\" \/>\n<meta property=\"og:title\" content=\"Visit Santa Cruz \u2013 La Laguna \u2013 Anaga Tour - Aventura Excursions - Book Now!\" \/>\n<meta property=\"og:description\" content=\"Explore Santa Cruz, La Laguna, and Taganana in one day! Check reviews and prices. Discover Tenerife\u2019s capitals, laurel forests, and charming villages.\" \/>\n<meta property=\"og:url\" content=\"https:\/\/aventura-excursions.com\/pl\/produkt\/santa-cruz-la-laguna-anaga\/\" \/>\n<meta property=\"og:site_name\" content=\"Aventura Excursions\" \/>\n<meta property=\"article:modified_time\" content=\"2025-10-18T21:18:34+00:00\" \/>\n<meta property=\"og:image\" content=\"https:\/\/aventura-excursions.com\/wp-content\/uploads\/2024\/03\/At_Palmetum_de_Santa_Cruz_de_Tenerife_2022_028.jpg\" \/>\n\t<meta property=\"og:image:width\" content=\"960\" \/>\n\t<meta property=\"og:image:height\" content=\"640\" \/>\n\t<meta property=\"og:image:type\" content=\"image\/jpeg\" \/>\n<meta name=\"twitter:card\" content=\"summary_large_image\" \/>\n<meta name=\"twitter:label1\" content=\"Szacowany czas czytania\" \/>\n\t<meta name=\"twitter:data1\" content=\"2 minuty\" \/>\n<!-- \/ Yoast SEO plugin. -->","yoast_head_json":{"title":"Visit Santa Cruz \u2013 La Laguna \u2013 Anaga Tour - Aventura Excursions - Book Now!","description":"Explore Santa Cruz, La Laguna, and Taganana in one day! Check reviews and prices. Discover Tenerife\u2019s capitals, laurel forests, and charming villages.","robots":{"index":"index","follow":"follow","max-snippet":"max-snippet:-1","max-image-preview":"max-image-preview:large","max-video-preview":"max-video-preview:-1"},"canonical":"https:\/\/aventura-excursions.com\/pl\/produkt\/santa-cruz-la-laguna-anaga\/","og_locale":"pl_PL","og_type":"article","og_title":"Visit Santa Cruz \u2013 La Laguna \u2013 Anaga Tour - Aventura Excursions - Book Now!","og_description":"Explore Santa Cruz, La Laguna, and Taganana in one day! Check reviews and prices. Discover Tenerife\u2019s capitals, laurel forests, and charming villages.","og_url":"https:\/\/aventura-excursions.com\/pl\/produkt\/santa-cruz-la-laguna-anaga\/","og_site_name":"Aventura Excursions","article_modified_time":"2025-10-18T21:18:34+00:00","og_image":[{"width":960,"height":640,"url":"https:\/\/aventura-excursions.com\/wp-content\/uploads\/2024\/03\/At_Palmetum_de_Santa_Cruz_de_Tenerife_2022_028.jpg","type":"image\/jpeg"}],"twitter_card":"summary_large_image","twitter_misc":{"Szacowany czas czytania":"2 minuty"},"schema":{"@context":"https:\/\/schema.org","@graph":[{"@type":"WebPage","@id":"https:\/\/aventura-excursions.com\/product\/santa-cruz-la-laguna-anaga\/","url":"https:\/\/aventura-excursions.com\/product\/santa-cruz-la-laguna-anaga\/","name":"Visit Santa Cruz \u2013 La Laguna \u2013 Anaga Tour - Aventura Excursions - Book Now!","isPartOf":{"@id":"https:\/\/aventura-excursions.com\/#website"},"primaryImageOfPage":{"@id":"https:\/\/aventura-excursions.com\/product\/santa-cruz-la-laguna-anaga\/#primaryimage"},"image":{"@id":"https:\/\/aventura-excursions.com\/product\/santa-cruz-la-laguna-anaga\/#primaryimage"},"thumbnailUrl":"https:\/\/aventura-excursions.com\/wp-content\/uploads\/2024\/03\/At_Palmetum_de_Santa_Cruz_de_Tenerife_2022_028.jpg","datePublished":"2024-03-08T15:17:14+00:00","dateModified":"2025-10-18T21:18:34+00:00","description":"Explore Santa Cruz, La Laguna, and Taganana in one day! Check reviews and prices. Discover Tenerife\u2019s capitals, laurel forests, and charming villages.","breadcrumb":{"@id":"https:\/\/aventura-excursions.com\/product\/santa-cruz-la-laguna-anaga\/#breadcrumb"},"inLanguage":"pl-PL","potentialAction":[{"@type":"ReadAction","target":["https:\/\/aventura-excursions.com\/product\/santa-cruz-la-laguna-anaga\/"]}]},{"@type":"ImageObject","inLanguage":"pl-PL","@id":"https:\/\/aventura-excursions.com\/product\/santa-cruz-la-laguna-anaga\/#primaryimage","url":"https:\/\/aventura-excursions.com\/wp-content\/uploads\/2024\/03\/At_Palmetum_de_Santa_Cruz_de_Tenerife_2022_028.jpg","contentUrl":"https:\/\/aventura-excursions.com\/wp-content\/uploads\/2024\/03\/At_Palmetum_de_Santa_Cruz_de_Tenerife_2022_028.jpg","width":960,"height":640},{"@type":"BreadcrumbList","@id":"https:\/\/aventura-excursions.com\/product\/santa-cruz-la-laguna-anaga\/#breadcrumb","itemListElement":[{"@type":"ListItem","position":1,"name":"Tours","item":"https:\/\/aventura-excursions.com\/tours\/"},{"@type":"ListItem","position":2,"name":"Santa Cruz \u2013 La Laguna \u2013 Anaga"}]},{"@type":"WebSite","@id":"https:\/\/aventura-excursions.com\/#website","url":"https:\/\/aventura-excursions.com\/","name":"Aventura Excursions","description":"Aventura Excursions","potentialAction":[{"@type":"SearchAction","target":{"@type":"EntryPoint","urlTemplate":"https:\/\/aventura-excursions.com\/?s={search_term_string}"},"query-input":{"@type":"PropertyValueSpecification","valueRequired":true,"valueName":"search_term_string"}}],"inLanguage":"pl-PL"}]}},"_links":{"self":[{"href":"https:\/\/aventura-excursions.com\/pl\/wp-json\/wp\/v2\/product\/525","targetHints":{"allow":["GET"]}}],"collection":[{"href":"https:\/\/aventura-excursions.com\/pl\/wp-json\/wp\/v2\/product"}],"about":[{"href":"https:\/\/aventura-excursions.com\/pl\/wp-json\/wp\/v2\/types\/product"}],"wp:featuredmedia":[{"embeddable":true,"href":"https:\/\/aventura-excursions.com\/pl\/wp-json\/wp\/v2\/media\/537"}],"wp:attachment":[{"href":"https:\/\/aventura-excursions.com\/pl\/wp-json\/wp\/v2\/media?parent=525"}],"wp:term":[{"taxonomy":"product_brand","embeddable":true,"href":"https:\/\/aventura-excursions.com\/pl\/wp-json\/wp\/v2\/product_brand?post=525"},{"taxonomy":"product_cat","embeddable":true,"href":"https:\/\/aventura-excursions.com\/pl\/wp-json\/wp\/v2\/product_cat?post=525"},{"taxonomy":"product_tag","embeddable":true,"href":"https:\/\/aventura-excursions.com\/pl\/wp-json\/wp\/v2\/product_tag?post=525"}],"curies":[{"name":"wp","href":"https:\/\/api.w.org\/{rel}","templated":true}]}}