{"id":599,"date":"2024-03-18T16:24:07","date_gmt":"2024-03-18T13:24:07","guid":{"rendered":"https:\/\/aventura-excursions.com\/?post_type=product&#038;p=599"},"modified":"2024-05-29T14:27:44","modified_gmt":"2024-05-29T11:27:44","slug":"siam-park","status":"publish","type":"product","link":"https:\/\/aventura-excursions.com\/pl\/produkt\/siam-park\/","title":{"rendered":"Siam Park"},"content":{"rendered":"<h3>Opis<\/h3>\n<p>\nSiam Park, named the best water park in the world by TripAdvisor users, is a place full of different fun activities to do. Crazy slides, the world&#8217;s largest artificial wave, a water castle for children, and a lazy river, are all surrounded by exotic vegetation and Thai-stylised architecture.<\/p>\n<p>\nW parku znajduj\u0105 si\u0119 r\u00f3\u017cne bary i restauracje, w kt\u00f3rych mo\u017cna na\u0142adowa\u0107 si\u0142y i przygotowa\u0107 si\u0119 na kolejne przygody.<\/p>\n<h3><\/h3>\n<h3>Ciekawe miejsca<\/h3>\n<ul>\n<li>Tower of Power:  pionowa zje\u017cd\u017calnia o d\u0142ugo\u015bci 28 metr\u00f3w, zako\u0144czona tunelem prowadz\u0105cym przez basen z rekinami<\/li>\n<li>White sand beach by the pool with the world&#8217;s biggest artificial waves<\/li>\n<li>Pla\u017ca Coco z basenem dla dzieci i ma\u0142ymi sztucznymi falami; Lost City z atrakcjami wodnymi dla dzieci<\/li>\n<li>15 ekscytuj\u0105cych zje\u017cd\u017calni<\/li>\n<li>Mai Thai leniwa rzeka na relaks<\/li>\n<\/ul>\n<p><h3>Szczeg\u00f3\u0142y<\/h3>\n<p>\n<em><strong>Letnie godziny otwarcia<\/strong><\/em>: 10:00 \u2013 18:00<\/p>\n<p>\n<strong><em>Zimowe godziny otwarcia<\/em><\/strong>: 10:00 &#8211; 17:00<\/p>\n<p>\n<br \/>\n <strong><em>Lokalizacja:<\/em><\/strong>Las Americas (po\u0142udnie Teneryfy)<\/p>\n<p><h3>Transport<\/h3>\n<p>Na po\u0142udniu kursuje bezp\u0142atny autobus wahad\u0142owy. Wraz z potwierdzeniem rezerwacji prze\u015blemy Pa\u0144stwu przystanki i rozk\u0142ad jazdy.<\/p>\n<p>Dla os\u00f3b przebywaj\u0105cych na p\u00f3\u0142nocy wyspy oferujemy p\u0142atny transfer (19,50 euro). Ten autobus wahad\u0142owy zbiera turyst\u00f3w z hoteli w Puerto de la Cruz i przewozi ich bezpo\u015brednio do Siam Park. Po po\u0142udniu o wyznaczonej godzinie powr\u00f3ci do Puerto de la Cruz.<\/p>\n<p>Je\u015bli <strong><em><a href=\"https:\/\/aventura-excursions.com\/pl\/produkt\/rent-a-car\/\">wypo\u017cyczy\u0107 samoch\u00f3d<\/a><\/em><\/strong>, mo\u017cesz uda\u0107 si\u0119 do Siam Parku samodzielnie i zostawi\u0107 samoch\u00f3d na p\u0142atnym parkingu. Pami\u0119taj, aby przyby\u0107 wcze\u015bniej, poniewa\u017c Siam Park jest jednym z najcz\u0119\u015bciej odwiedzanych miejsc na Teneryfie, a parking zape\u0142nia si\u0119 w ci\u0105gu 1-2 godzin od otwarcia.<\/p>\n<h3>Twin ticket: dwa parki ze zni\u017ck\u0105<\/h3>\n<p>\nChcesz odwiedzi\u0107 zar\u00f3wno Siam Park, jak i <strong><em><a href=\"https:\/\/aventura-excursions.com\/pl\/produkt\/loro-park\/\">Loro Park,<\/a><\/em><\/strong> najcz\u0119\u015bciej odwiedzany park ze zwierz\u0119tami na Teneryfie? Kup bilet do dw\u00f3ch park\u00f3w po obni\u017conej cenie!<br \/>\n<br \/>Czytaj wi\u0119cej informacji tutaj: <strong><em><a href=\"https:\/\/aventura-excursions.com\/pl\/produkt\/twin-ticket\/\">Twin ticket<\/a><\/em><\/strong><\/p>","protected":false},"excerpt":{"rendered":"<div>\n<p>Odwied\u017a s\u0142ynny w ca\u0142ej Europie park wodny z ekscytuj\u0105cymi zje\u017cd\u017calniami wodnymi, pi\u0119knymi basenami i pla\u017cami, idealnymi zar\u00f3wno dla doros\u0142ych, jak i dla dzieci. <\/p>\n<p>\n<br \/>\nNajpierw wybierz jedn\u0105 z opcji: sam bilet lub bilet + transfer z Puerto de la Cruz.<br \/>\n<br \/> Nast\u0119pnie wybierz liczb\u0119 doros\u0142ych i dzieci (3-11 lat). Wst\u0119p dla niemowl\u0105t (0-2 lat) jest bezp\u0142atny.\n<\/div>","protected":false},"featured_media":607,"template":"","meta":{"_acf_changed":false},"product_brand":[],"product_cat":[20],"product_tag":[],"class_list":{"0":"post-599","1":"product","2":"type-product","3":"status-publish","4":"has-post-thumbnail","6":"product_cat-parks","8":"first","9":"instock","10":"shipping-taxable","11":"product-type-grouped"},"acf":[],"yoast_head":"<!-- This site is optimized with the Yoast SEO plugin v25.6 - https:\/\/yoast.com\/wordpress\/plugins\/seo\/ -->\n<title>Visit Siam Park in Tenerife - Aventura Excursions \u2013 Best Water Park in Europe! Book now<\/title>\n<meta name=\"description\" content=\"Enjoy thrilling water slides, a lazy river, and the world\u2019s largest artificial wave in Siam Park. Check reviews, prices, and ratings. Perfect for families!\" \/>\n<meta name=\"robots\" content=\"index, follow, max-snippet:-1, max-image-preview:large, max-video-preview:-1\" \/>\n<link rel=\"canonical\" href=\"https:\/\/aventura-excursions.com\/pl\/produkt\/siam-park\/\" \/>\n<meta property=\"og:locale\" content=\"pl_PL\" \/>\n<meta property=\"og:type\" content=\"article\" \/>\n<meta property=\"og:title\" content=\"Visit Siam Park in Tenerife - Aventura Excursions \u2013 Best Water Park in Europe! Book now\" \/>\n<meta property=\"og:description\" content=\"Enjoy thrilling water slides, a lazy river, and the world\u2019s largest artificial wave in Siam Park. Check reviews, prices, and ratings. Perfect for families!\" \/>\n<meta property=\"og:url\" content=\"https:\/\/aventura-excursions.com\/pl\/produkt\/siam-park\/\" \/>\n<meta property=\"og:site_name\" content=\"Aventura Excursions\" \/>\n<meta property=\"article:modified_time\" content=\"2024-05-29T11:27:44+00:00\" \/>\n<meta property=\"og:image\" content=\"https:\/\/aventura-excursions.com\/wp-content\/uploads\/2024\/03\/daysout_siampark_1_900x450-e1710773199258.jpg\" \/>\n\t<meta property=\"og:image:width\" content=\"472\" \/>\n\t<meta property=\"og:image:height\" content=\"240\" \/>\n\t<meta property=\"og:image:type\" content=\"image\/jpeg\" \/>\n<meta name=\"twitter:card\" content=\"summary_large_image\" \/>\n<meta name=\"twitter:label1\" content=\"Szacowany czas czytania\" \/>\n\t<meta name=\"twitter:data1\" content=\"2 minuty\" \/>\n<!-- \/ Yoast SEO plugin. -->","yoast_head_json":{"title":"Visit Siam Park in Tenerife - Aventura Excursions \u2013 Best Water Park in Europe! Book now","description":"Enjoy thrilling water slides, a lazy river, and the world\u2019s largest artificial wave in Siam Park. Check reviews, prices, and ratings. Perfect for families!","robots":{"index":"index","follow":"follow","max-snippet":"max-snippet:-1","max-image-preview":"max-image-preview:large","max-video-preview":"max-video-preview:-1"},"canonical":"https:\/\/aventura-excursions.com\/pl\/produkt\/siam-park\/","og_locale":"pl_PL","og_type":"article","og_title":"Visit Siam Park in Tenerife - Aventura Excursions \u2013 Best Water Park in Europe! Book now","og_description":"Enjoy thrilling water slides, a lazy river, and the world\u2019s largest artificial wave in Siam Park. Check reviews, prices, and ratings. Perfect for families!","og_url":"https:\/\/aventura-excursions.com\/pl\/produkt\/siam-park\/","og_site_name":"Aventura Excursions","article_modified_time":"2024-05-29T11:27:44+00:00","og_image":[{"width":472,"height":240,"url":"https:\/\/aventura-excursions.com\/wp-content\/uploads\/2024\/03\/daysout_siampark_1_900x450-e1710773199258.jpg","type":"image\/jpeg"}],"twitter_card":"summary_large_image","twitter_misc":{"Szacowany czas czytania":"2 minuty"},"schema":{"@context":"https:\/\/schema.org","@graph":[{"@type":"WebPage","@id":"https:\/\/aventura-excursions.com\/product\/siam-park\/","url":"https:\/\/aventura-excursions.com\/product\/siam-park\/","name":"Visit Siam Park in Tenerife - Aventura Excursions \u2013 Best Water Park in Europe! Book now","isPartOf":{"@id":"https:\/\/aventura-excursions.com\/#website"},"primaryImageOfPage":{"@id":"https:\/\/aventura-excursions.com\/product\/siam-park\/#primaryimage"},"image":{"@id":"https:\/\/aventura-excursions.com\/product\/siam-park\/#primaryimage"},"thumbnailUrl":"https:\/\/aventura-excursions.com\/wp-content\/uploads\/2024\/03\/daysout_siampark_1_900x450-e1710773199258.jpg","datePublished":"2024-03-18T13:24:07+00:00","dateModified":"2024-05-29T11:27:44+00:00","description":"Enjoy thrilling water slides, a lazy river, and the world\u2019s largest artificial wave in Siam Park. Check reviews, prices, and ratings. Perfect for families!","breadcrumb":{"@id":"https:\/\/aventura-excursions.com\/product\/siam-park\/#breadcrumb"},"inLanguage":"pl-PL","potentialAction":[{"@type":"ReadAction","target":["https:\/\/aventura-excursions.com\/product\/siam-park\/"]}]},{"@type":"ImageObject","inLanguage":"pl-PL","@id":"https:\/\/aventura-excursions.com\/product\/siam-park\/#primaryimage","url":"https:\/\/aventura-excursions.com\/wp-content\/uploads\/2024\/03\/daysout_siampark_1_900x450-e1710773199258.jpg","contentUrl":"https:\/\/aventura-excursions.com\/wp-content\/uploads\/2024\/03\/daysout_siampark_1_900x450-e1710773199258.jpg","width":472,"height":240},{"@type":"BreadcrumbList","@id":"https:\/\/aventura-excursions.com\/product\/siam-park\/#breadcrumb","itemListElement":[{"@type":"ListItem","position":1,"name":"Tours","item":"https:\/\/aventura-excursions.com\/tours\/"},{"@type":"ListItem","position":2,"name":"Siam Park"}]},{"@type":"WebSite","@id":"https:\/\/aventura-excursions.com\/#website","url":"https:\/\/aventura-excursions.com\/","name":"Aventura Excursions","description":"Aventura Excursions","potentialAction":[{"@type":"SearchAction","target":{"@type":"EntryPoint","urlTemplate":"https:\/\/aventura-excursions.com\/?s={search_term_string}"},"query-input":{"@type":"PropertyValueSpecification","valueRequired":true,"valueName":"search_term_string"}}],"inLanguage":"pl-PL"}]}},"_links":{"self":[{"href":"https:\/\/aventura-excursions.com\/pl\/wp-json\/wp\/v2\/product\/599","targetHints":{"allow":["GET"]}}],"collection":[{"href":"https:\/\/aventura-excursions.com\/pl\/wp-json\/wp\/v2\/product"}],"about":[{"href":"https:\/\/aventura-excursions.com\/pl\/wp-json\/wp\/v2\/types\/product"}],"wp:featuredmedia":[{"embeddable":true,"href":"https:\/\/aventura-excursions.com\/pl\/wp-json\/wp\/v2\/media\/607"}],"wp:attachment":[{"href":"https:\/\/aventura-excursions.com\/pl\/wp-json\/wp\/v2\/media?parent=599"}],"wp:term":[{"taxonomy":"product_brand","embeddable":true,"href":"https:\/\/aventura-excursions.com\/pl\/wp-json\/wp\/v2\/product_brand?post=599"},{"taxonomy":"product_cat","embeddable":true,"href":"https:\/\/aventura-excursions.com\/pl\/wp-json\/wp\/v2\/product_cat?post=599"},{"taxonomy":"product_tag","embeddable":true,"href":"https:\/\/aventura-excursions.com\/pl\/wp-json\/wp\/v2\/product_tag?post=599"}],"curies":[{"name":"wp","href":"https:\/\/api.w.org\/{rel}","templated":true}]}}