{"id":613,"date":"2024-03-18T19:50:56","date_gmt":"2024-03-18T16:50:56","guid":{"rendered":"https:\/\/aventura-excursions.com\/?post_type=product&#038;p=613"},"modified":"2025-06-14T01:39:14","modified_gmt":"2025-06-13T22:39:14","slug":"teide-by-night","status":"publish","type":"product","link":"https:\/\/aventura-excursions.com\/pl\/produkt\/teide-by-night\/","title":{"rendered":"Teide noc\u0105"},"content":{"rendered":"<h3>Opis<\/h3>\n<p>\nZdziwi\u0142by\u015b si\u0119, jak inaczej wygl\u0105da \u015bwiat Teide pod os\u0142on\u0105 nocy. Z natur\u0105 mo\u017cna zjednoczy\u0107 si\u0119 niemal zbli\u017caj\u0105c si\u0119 do gwiazd i b\u0119d\u0105c otoczonym kosmicznymi obrazami nieba. Profesjonalny astronom poka\u017ce Ci konstelacje przez teleskop i opowie Ci wszystko o ich znaczeniu i historii. <\/p>\n<p>\nNasza wycieczka rozpoczyna si\u0119 na po\u0142udniu, a nast\u0119pnie kierujemy si\u0119 do serca Teneryfy, do wielkiego wulkanu Teide. Mo\u017cna tam podziwia\u0107 wspania\u0142y zach\u00f3d s\u0142o\u0144ca przy lampce wina i podziwia\u0107 widok na Ocean Atlantycki. Zwiedzimy Park Narodowy Teide, a nast\u0119pnie pod okiem profesjonalnego przewodnika dowiemy si\u0119 wiele o gwiazdach, kosmosie i Wszech\u015bwiecie przez teleskopy.<\/p>\n<p><\/p>\n<h3>Ciekawe miejsca<\/h3>\n<ul>\n<li>Park Narodowy Teide<\/li>\n<li>Zawodowy astronom<\/li>\n<li>Pot\u0119\u017cne teleskopy<\/li>\n<li>Zachwycaj\u0105cy zach\u00f3d s\u0142o\u0144ca<\/li>\n<\/ul>\n<p>\n<\/p>\n<h3>Szczeg\u00f3\u0142y<\/h3>\n<p>\n<strong><em>Odbi\u00f3r:<\/em><\/strong> w 15:00 \u2013 16:00 <\/p>\n<p>\n<strong><em>Czas trwania:<\/em><\/strong> 9 godzin <\/p>\n<p>\n<strong><em>W cenie:<\/em><\/strong><\/p>\n<ul>\n<li>odbi\u00f3r na po\u0142udniu z El Medano do Los Gigantes i na p\u00f3\u0142nocy z Puerto de la Cruz<\/li>\n<li>koce i gor\u0105ce napoje<\/li>\n<li>teleskopy<\/li>\n<li>zawodowy astronom<\/li>\n<\/ul>\n<p><p>\n<br \/>\n<strong><em>Uwaga:<\/em><\/strong> Harmonogram wy\u015bwietlany na tej stronie dotyczy wy\u0142\u0105cznie wycieczek prowadzonych w j\u0119zyku angielskim, niemiecki i hiszpa\u0144skim.<\/p>\n<p>\nW przypadku wycieczek w innych j\u0119zykach prosimy o kontakt pod adresem e-mail <a href=\"mailto:info@aventura-excursions.com\" target=\"ask__mail\">info@aventura-excursions.com<\/a> lub telefonicznie pod numerem <a href=\"tel: 34647676812\" target=\"_blank\">+34 647 67 68 12<\/a>. Nasz zesp\u00f3\u0142 z przyjemno\u015bci\u0105 Ci pomo\u017ce.<\/p>","protected":false},"excerpt":{"rendered":"<div>\nPrze\u017cyj niezapomnian\u0105 podr\u00f3\u017c do serca Teneryfy, wulkanu Teide noc\u0105, obserwuj\u0105c gwiazdy przez teleskopy i podziwiaj\u0105c majestatyczne widoki na Ocean Atlantycki w kolorowych \u015bwiat\u0142ach zachodu s\u0142o\u0144ca z profesjonalnym przewodnikiem u boku.<\/p>\n<p>\n<br \/>\nNajpierw wybierz liczb\u0119 os\u00f3b doros\u0142ych i dzieci (8-13 lat), a nast\u0119pnie wybierz dat\u0119 wycieczki.\n<\/div>","protected":false},"featured_media":614,"template":"","meta":{"_acf_changed":false},"product_brand":[],"product_cat":[19],"product_tag":[],"class_list":{"0":"post-613","1":"product","2":"type-product","3":"status-publish","4":"has-post-thumbnail","6":"product_cat-bus-excursions","8":"first","9":"instock","10":"shipping-taxable","11":"product-type-grouped"},"acf":[],"yoast_head":"<!-- This site is optimized with the Yoast SEO plugin v25.6 - https:\/\/yoast.com\/wordpress\/plugins\/seo\/ -->\n<title>Teide by Night Tours in Tenerife - Aventura Excursions - Book Your Stargazing Adventure!<\/title>\n<meta name=\"description\" content=\"Experience Teide by Night tours in Tenerife. Check reviews and prices. Enjoy stargazing with telescopes and breathtaking sunsets over the Atlantic.\" \/>\n<meta name=\"robots\" content=\"index, follow, max-snippet:-1, max-image-preview:large, max-video-preview:-1\" \/>\n<link rel=\"canonical\" href=\"https:\/\/aventura-excursions.com\/pl\/produkt\/teide-by-night\/\" \/>\n<meta property=\"og:locale\" content=\"pl_PL\" \/>\n<meta property=\"og:type\" content=\"article\" \/>\n<meta property=\"og:title\" content=\"Teide by Night Tours in Tenerife - Aventura Excursions - Book Your Stargazing Adventure!\" \/>\n<meta property=\"og:description\" content=\"Experience Teide by Night tours in Tenerife. Check reviews and prices. Enjoy stargazing with telescopes and breathtaking sunsets over the Atlantic.\" \/>\n<meta property=\"og:url\" content=\"https:\/\/aventura-excursions.com\/pl\/produkt\/teide-by-night\/\" \/>\n<meta property=\"og:site_name\" content=\"Aventura Excursions\" \/>\n<meta property=\"article:modified_time\" content=\"2025-06-13T22:39:14+00:00\" \/>\n<meta property=\"og:image\" content=\"https:\/\/aventura-excursions.com\/wp-content\/uploads\/2024\/03\/photo_2024-03-18_14-35-08-e1710781294954.jpg\" \/>\n\t<meta property=\"og:image:width\" content=\"748\" \/>\n\t<meta property=\"og:image:height\" content=\"701\" \/>\n\t<meta property=\"og:image:type\" content=\"image\/jpeg\" \/>\n<meta name=\"twitter:card\" content=\"summary_large_image\" \/>\n<meta name=\"twitter:label1\" content=\"Szacowany czas czytania\" \/>\n\t<meta name=\"twitter:data1\" content=\"2 minuty\" \/>\n<!-- \/ Yoast SEO plugin. -->","yoast_head_json":{"title":"Teide by Night Tours in Tenerife - Aventura Excursions - Book Your Stargazing Adventure!","description":"Experience Teide by Night tours in Tenerife. Check reviews and prices. Enjoy stargazing with telescopes and breathtaking sunsets over the Atlantic.","robots":{"index":"index","follow":"follow","max-snippet":"max-snippet:-1","max-image-preview":"max-image-preview:large","max-video-preview":"max-video-preview:-1"},"canonical":"https:\/\/aventura-excursions.com\/pl\/produkt\/teide-by-night\/","og_locale":"pl_PL","og_type":"article","og_title":"Teide by Night Tours in Tenerife - Aventura Excursions - Book Your Stargazing Adventure!","og_description":"Experience Teide by Night tours in Tenerife. Check reviews and prices. Enjoy stargazing with telescopes and breathtaking sunsets over the Atlantic.","og_url":"https:\/\/aventura-excursions.com\/pl\/produkt\/teide-by-night\/","og_site_name":"Aventura Excursions","article_modified_time":"2025-06-13T22:39:14+00:00","og_image":[{"width":748,"height":701,"url":"https:\/\/aventura-excursions.com\/wp-content\/uploads\/2024\/03\/photo_2024-03-18_14-35-08-e1710781294954.jpg","type":"image\/jpeg"}],"twitter_card":"summary_large_image","twitter_misc":{"Szacowany czas czytania":"2 minuty"},"schema":{"@context":"https:\/\/schema.org","@graph":[{"@type":"WebPage","@id":"https:\/\/aventura-excursions.com\/product\/teide-by-night\/","url":"https:\/\/aventura-excursions.com\/product\/teide-by-night\/","name":"Teide by Night Tours in Tenerife - Aventura Excursions - Book Your Stargazing Adventure!","isPartOf":{"@id":"https:\/\/aventura-excursions.com\/#website"},"primaryImageOfPage":{"@id":"https:\/\/aventura-excursions.com\/product\/teide-by-night\/#primaryimage"},"image":{"@id":"https:\/\/aventura-excursions.com\/product\/teide-by-night\/#primaryimage"},"thumbnailUrl":"https:\/\/aventura-excursions.com\/wp-content\/uploads\/2024\/03\/photo_2024-03-18_14-35-08-e1710781294954.jpg","datePublished":"2024-03-18T16:50:56+00:00","dateModified":"2025-06-13T22:39:14+00:00","description":"Experience Teide by Night tours in Tenerife. Check reviews and prices. Enjoy stargazing with telescopes and breathtaking sunsets over the Atlantic.","breadcrumb":{"@id":"https:\/\/aventura-excursions.com\/product\/teide-by-night\/#breadcrumb"},"inLanguage":"pl-PL","potentialAction":[{"@type":"ReadAction","target":["https:\/\/aventura-excursions.com\/product\/teide-by-night\/"]}]},{"@type":"ImageObject","inLanguage":"pl-PL","@id":"https:\/\/aventura-excursions.com\/product\/teide-by-night\/#primaryimage","url":"https:\/\/aventura-excursions.com\/wp-content\/uploads\/2024\/03\/photo_2024-03-18_14-35-08-e1710781294954.jpg","contentUrl":"https:\/\/aventura-excursions.com\/wp-content\/uploads\/2024\/03\/photo_2024-03-18_14-35-08-e1710781294954.jpg","width":748,"height":701},{"@type":"BreadcrumbList","@id":"https:\/\/aventura-excursions.com\/product\/teide-by-night\/#breadcrumb","itemListElement":[{"@type":"ListItem","position":1,"name":"Tours","item":"https:\/\/aventura-excursions.com\/tours\/"},{"@type":"ListItem","position":2,"name":"Teide by Night"}]},{"@type":"WebSite","@id":"https:\/\/aventura-excursions.com\/#website","url":"https:\/\/aventura-excursions.com\/","name":"Aventura Excursions","description":"Aventura Excursions","potentialAction":[{"@type":"SearchAction","target":{"@type":"EntryPoint","urlTemplate":"https:\/\/aventura-excursions.com\/?s={search_term_string}"},"query-input":{"@type":"PropertyValueSpecification","valueRequired":true,"valueName":"search_term_string"}}],"inLanguage":"pl-PL"}]}},"_links":{"self":[{"href":"https:\/\/aventura-excursions.com\/pl\/wp-json\/wp\/v2\/product\/613","targetHints":{"allow":["GET"]}}],"collection":[{"href":"https:\/\/aventura-excursions.com\/pl\/wp-json\/wp\/v2\/product"}],"about":[{"href":"https:\/\/aventura-excursions.com\/pl\/wp-json\/wp\/v2\/types\/product"}],"wp:featuredmedia":[{"embeddable":true,"href":"https:\/\/aventura-excursions.com\/pl\/wp-json\/wp\/v2\/media\/614"}],"wp:attachment":[{"href":"https:\/\/aventura-excursions.com\/pl\/wp-json\/wp\/v2\/media?parent=613"}],"wp:term":[{"taxonomy":"product_brand","embeddable":true,"href":"https:\/\/aventura-excursions.com\/pl\/wp-json\/wp\/v2\/product_brand?post=613"},{"taxonomy":"product_cat","embeddable":true,"href":"https:\/\/aventura-excursions.com\/pl\/wp-json\/wp\/v2\/product_cat?post=613"},{"taxonomy":"product_tag","embeddable":true,"href":"https:\/\/aventura-excursions.com\/pl\/wp-json\/wp\/v2\/product_tag?post=613"}],"curies":[{"name":"wp","href":"https:\/\/api.w.org\/{rel}","templated":true}]}}