{"id":631,"date":"2024-03-19T20:27:31","date_gmt":"2024-03-19T17:27:31","guid":{"rendered":"https:\/\/aventura-excursions.com\/?post_type=product&#038;p=631"},"modified":"2025-09-16T15:59:34","modified_gmt":"2025-09-16T12:59:34","slug":"jet-ski-safari","status":"publish","type":"product","link":"https:\/\/aventura-excursions.com\/pl\/produkt\/jet-ski-safari\/","title":{"rendered":"Safari na skuterach wodnych"},"content":{"rendered":"<h3>Opis<\/h3>\n<p>\nCiesz si\u0119 wycieczk\u0105 na skuterze wodnym, kt\u00f3ra oferuje przygod\u0119 pe\u0142n\u0105 zabawy i emocji. B\u0119dziesz eksplorowa\u0107 ocean z du\u017c\u0105 pr\u0119dko\u015bci\u0105, odkrywaj\u0105c panoramiczne widoki na skaliste wybrze\u017ce. Jest te\u017c szansa, \u017ce po drodze spotkacie delfiny czy wieloryby. Miej oczy szeroko otwarte, nigdy nie wiesz, co Ci\u0119 czeka na morzu! Wycieczki trwaj\u0105 1 i 2 godziny, a wszystkie s\u0105 prowadzone przez profesjonalnego instruktora p\u0142ywaj\u0105cego \u0142\u00f3dk\u0105. Safari rozpoczyna si\u0119 w porcie Las Galletas i prowadzi wzd\u0142u\u017c pi\u0119knych klif\u00f3w Palm-Mar. Cena jest taka sama zar\u00f3wno w przypadku nart wodnych pojedynczych, jak i podw\u00f3jnych.<\/p>\n<p>\n<\/p>\n<h3>Ciekawe miejsca<\/h3>\n<ul>\n<li>Safari z przewodnikiem<\/li>\n<li>Widoki panoramiczne<\/li>\n<li>Adrenalin<\/li>\n<li>Odbi\u00f3r z hotelu<\/li>\n<\/ul>\n<p>\n<\/p>\n<h3>Szczeg\u00f3\u0142y<\/h3>\n<p>\n<strong>Godziny rozpocz\u0119cia:<\/strong> <br \/>\n10:00, 12:00, 14:00, 16:00 <\/p>\n<p>\n<strong>Minimalna wysoko\u015b\u0107:<\/strong> <br \/>\n120 cm <\/p>\n<p>\n<strong>Maksymalna waga:<\/strong> <br \/>\nsingle jet ski &#8211; 120 kg,<br \/> <br \/>\ndouble jet ski &#8211; 160 kg <\/p>\n<p>\n<strong>Port:<\/strong><br \/>\nLas Galletas<\/p>\n<p>\n<strong>Transport:<\/strong><br \/>\nBezp\u0142atny transport z Los Cristianos, Las Americas, Costa Adeje<\/p>\n<p><p>\n<\/p>\n<h3>Pakiet zni\u017ckowy Jet Ski + SUP<\/h3>\n<p>\nPodw\u00f3j zabaw\u0119 dzi\u0119ki naszemu zni\u017ckowemu pakietowi safari na skuterach wodnych + lekcja SUP! Poczuj dreszczyk emocji podczas szybkiego safari na skuterze wodnym i opanuj paddleboardingu (SUP) dzi\u0119ki naszej specjalnej ofercie. Przeczytaj wi\u0119cej informacji tutaj: <a href=\"https:\/\/aventura-excursions.com\/pl\/produkt\/water-package\/\"><strong><em>Pakiet Wodny dla 2 os\u00f3b<\/em><\/strong><\/a><\/p>","protected":false},"excerpt":{"rendered":"<div>\n<p>Prze\u017cyj ekscytuj\u0105c\u0105 przygod\u0119 wodn\u0105 na skuterze wodnym wzd\u0142u\u017c po\u0142udniowego wybrze\u017ca Teneryfy. <\/p>\n<p>\n<br \/>\nWybierz pojedynczy\/podw\u00f3jny skuter wodny i wycieczk\u0119 trwaj\u0105c\u0105 1 lub 2 godziny. Nast\u0119pnie wybierz dat\u0119 safari na skuterach wodnych.\n<\/div>","protected":false},"featured_media":638,"template":"","meta":{"_acf_changed":false},"product_brand":[],"product_cat":[21],"product_tag":[],"class_list":{"0":"post-631","1":"product","2":"type-product","3":"status-publish","4":"has-post-thumbnail","6":"product_cat-activities","8":"first","9":"instock","10":"sale","11":"shipping-taxable","12":"product-type-grouped"},"acf":[],"yoast_head":"<!-- This site is optimized with the Yoast SEO plugin v25.6 - https:\/\/yoast.com\/wordpress\/plugins\/seo\/ -->\n<title>Jet Ski Safari in Tenerife - Aventura Excursions - Book Your Adventure<\/title>\n<meta name=\"description\" content=\"Exciting Jet Ski Safari in Tenerife! Check reviews, prices, and ratings on our website. Book now to see dolphins, whales, and sea turtles.\" \/>\n<meta name=\"robots\" content=\"index, follow, max-snippet:-1, max-image-preview:large, max-video-preview:-1\" \/>\n<link rel=\"canonical\" href=\"https:\/\/aventura-excursions.com\/pl\/produkt\/jet-ski-safari\/\" \/>\n<meta property=\"og:locale\" content=\"pl_PL\" \/>\n<meta property=\"og:type\" content=\"article\" \/>\n<meta property=\"og:title\" content=\"Jet Ski Safari in Tenerife - Aventura Excursions - Book Your Adventure\" \/>\n<meta property=\"og:description\" content=\"Exciting Jet Ski Safari in Tenerife! Check reviews, prices, and ratings on our website. Book now to see dolphins, whales, and sea turtles.\" \/>\n<meta property=\"og:url\" content=\"https:\/\/aventura-excursions.com\/pl\/produkt\/jet-ski-safari\/\" \/>\n<meta property=\"og:site_name\" content=\"Aventura Excursions\" \/>\n<meta property=\"article:modified_time\" content=\"2025-09-16T12:59:34+00:00\" \/>\n<meta property=\"og:image\" content=\"https:\/\/aventura-excursions.com\/wp-content\/uploads\/2024\/03\/pexels-pixabay-33046.jpg\" \/>\n\t<meta property=\"og:image:width\" content=\"1760\" \/>\n\t<meta property=\"og:image:height\" content=\"1173\" \/>\n\t<meta property=\"og:image:type\" content=\"image\/jpeg\" \/>\n<meta name=\"twitter:card\" content=\"summary_large_image\" \/>\n<meta name=\"twitter:label1\" content=\"Szacowany czas czytania\" \/>\n\t<meta name=\"twitter:data1\" content=\"2 minuty\" \/>\n<!-- \/ Yoast SEO plugin. -->","yoast_head_json":{"title":"Jet Ski Safari in Tenerife - Aventura Excursions - Book Your Adventure","description":"Exciting Jet Ski Safari in Tenerife! Check reviews, prices, and ratings on our website. Book now to see dolphins, whales, and sea turtles.","robots":{"index":"index","follow":"follow","max-snippet":"max-snippet:-1","max-image-preview":"max-image-preview:large","max-video-preview":"max-video-preview:-1"},"canonical":"https:\/\/aventura-excursions.com\/pl\/produkt\/jet-ski-safari\/","og_locale":"pl_PL","og_type":"article","og_title":"Jet Ski Safari in Tenerife - Aventura Excursions - Book Your Adventure","og_description":"Exciting Jet Ski Safari in Tenerife! Check reviews, prices, and ratings on our website. Book now to see dolphins, whales, and sea turtles.","og_url":"https:\/\/aventura-excursions.com\/pl\/produkt\/jet-ski-safari\/","og_site_name":"Aventura Excursions","article_modified_time":"2025-09-16T12:59:34+00:00","og_image":[{"width":1760,"height":1173,"url":"https:\/\/aventura-excursions.com\/wp-content\/uploads\/2024\/03\/pexels-pixabay-33046.jpg","type":"image\/jpeg"}],"twitter_card":"summary_large_image","twitter_misc":{"Szacowany czas czytania":"2 minuty"},"schema":{"@context":"https:\/\/schema.org","@graph":[{"@type":"WebPage","@id":"https:\/\/aventura-excursions.com\/product\/jet-ski-safari\/","url":"https:\/\/aventura-excursions.com\/product\/jet-ski-safari\/","name":"Jet Ski Safari in Tenerife - Aventura Excursions - Book Your Adventure","isPartOf":{"@id":"https:\/\/aventura-excursions.com\/#website"},"primaryImageOfPage":{"@id":"https:\/\/aventura-excursions.com\/product\/jet-ski-safari\/#primaryimage"},"image":{"@id":"https:\/\/aventura-excursions.com\/product\/jet-ski-safari\/#primaryimage"},"thumbnailUrl":"https:\/\/aventura-excursions.com\/wp-content\/uploads\/2024\/03\/pexels-pixabay-33046.jpg","datePublished":"2024-03-19T17:27:31+00:00","dateModified":"2025-09-16T12:59:34+00:00","description":"Exciting Jet Ski Safari in Tenerife! Check reviews, prices, and ratings on our website. Book now to see dolphins, whales, and sea turtles.","breadcrumb":{"@id":"https:\/\/aventura-excursions.com\/product\/jet-ski-safari\/#breadcrumb"},"inLanguage":"pl-PL","potentialAction":[{"@type":"ReadAction","target":["https:\/\/aventura-excursions.com\/product\/jet-ski-safari\/"]}]},{"@type":"ImageObject","inLanguage":"pl-PL","@id":"https:\/\/aventura-excursions.com\/product\/jet-ski-safari\/#primaryimage","url":"https:\/\/aventura-excursions.com\/wp-content\/uploads\/2024\/03\/pexels-pixabay-33046.jpg","contentUrl":"https:\/\/aventura-excursions.com\/wp-content\/uploads\/2024\/03\/pexels-pixabay-33046.jpg","width":1760,"height":1173},{"@type":"BreadcrumbList","@id":"https:\/\/aventura-excursions.com\/product\/jet-ski-safari\/#breadcrumb","itemListElement":[{"@type":"ListItem","position":1,"name":"Tours","item":"https:\/\/aventura-excursions.com\/tours\/"},{"@type":"ListItem","position":2,"name":"Jet Ski Safari"}]},{"@type":"WebSite","@id":"https:\/\/aventura-excursions.com\/#website","url":"https:\/\/aventura-excursions.com\/","name":"Aventura Excursions","description":"Aventura Excursions","potentialAction":[{"@type":"SearchAction","target":{"@type":"EntryPoint","urlTemplate":"https:\/\/aventura-excursions.com\/?s={search_term_string}"},"query-input":{"@type":"PropertyValueSpecification","valueRequired":true,"valueName":"search_term_string"}}],"inLanguage":"pl-PL"}]}},"_links":{"self":[{"href":"https:\/\/aventura-excursions.com\/pl\/wp-json\/wp\/v2\/product\/631","targetHints":{"allow":["GET"]}}],"collection":[{"href":"https:\/\/aventura-excursions.com\/pl\/wp-json\/wp\/v2\/product"}],"about":[{"href":"https:\/\/aventura-excursions.com\/pl\/wp-json\/wp\/v2\/types\/product"}],"wp:featuredmedia":[{"embeddable":true,"href":"https:\/\/aventura-excursions.com\/pl\/wp-json\/wp\/v2\/media\/638"}],"wp:attachment":[{"href":"https:\/\/aventura-excursions.com\/pl\/wp-json\/wp\/v2\/media?parent=631"}],"wp:term":[{"taxonomy":"product_brand","embeddable":true,"href":"https:\/\/aventura-excursions.com\/pl\/wp-json\/wp\/v2\/product_brand?post=631"},{"taxonomy":"product_cat","embeddable":true,"href":"https:\/\/aventura-excursions.com\/pl\/wp-json\/wp\/v2\/product_cat?post=631"},{"taxonomy":"product_tag","embeddable":true,"href":"https:\/\/aventura-excursions.com\/pl\/wp-json\/wp\/v2\/product_tag?post=631"}],"curies":[{"name":"wp","href":"https:\/\/api.w.org\/{rel}","templated":true}]}}