{"id":686,"date":"2024-03-21T18:48:03","date_gmt":"2024-03-21T15:48:03","guid":{"rendered":"https:\/\/aventura-excursions.com\/?post_type=product&#038;p=686"},"modified":"2024-05-28T18:44:20","modified_gmt":"2024-05-28T15:44:20","slug":"jungle-park","status":"publish","type":"product","link":"https:\/\/aventura-excursions.com\/pl\/produkt\/jungle-park\/","title":{"rendered":"Jungle Park"},"content":{"rendered":"<h3>Opis<\/h3>\n<p>\nPrze\u017cyj niesamowit\u0105 przygod\u0119 w parku d\u017cungli z egzotycznymi zwierz\u0119tami! Spaceruj po wisz\u0105cych drewnianych mostach, zwiedzaj wodospady i tunele, przeja\u017cd\u017cki bobslejami, urzekaj\u0105ce wyst\u0119py ptak\u00f3w i lw\u00f3w morskich oraz niezliczone inne atrakcje. Mo\u017cna sp\u0119dzi\u0107 z rodzin\u0105 ca\u0142y dzie\u0144 podr\u00f3\u017cuj\u0105c po okolicy o powierzchni 75 000 m\u00b2 i przygl\u0105daj\u0105c si\u0119 ponad 500 zwierz\u0119tom. Masz nawet szans\u0119 na interakcj\u0119 z nimi!<\/p>\n<p>\nDon&#8217;t miss the park&#8217;s spectacular exhibitions and shows: <strong>drapie\u017cne ptaki<\/strong> , w\u015br\u00f3d kt\u00f3rych s\u0105 soko\u0142y, s\u0119py i or\u0142y, <strong>ptaki egzotyczne<\/strong> z r\u00f3\u017cnorodnymi kolorowymi papugami, ekscytuj\u0105ce wyst\u0119py <strong>lw\u00f3w morskich<\/strong> i <strong>obiad pingwin\u00f3w,<\/strong> podczas kt\u00f3rego mo\u017cna nakarmi\u0107 te urocze zwierz\u0119ta. <\/p>\n<p>Dodatkowym atutem Jungle Park jest jego po\u0142o\u017cenie na po\u0142udniu w pobli\u017cu g\u0142\u00f3wnych obszar\u00f3w turystycznych Los Cristianos i Las Americas.<\/p>\n<h3><\/h3>\n<h3>Ciekawe miejsca<\/h3>\n<ul>\n<li>Pokaz ptak\u00f3w i lw\u00f3w morskich<\/li>\n<li>Idealny dla rodzin z dzie\u0107mi<\/li>\n<li>Mosty linowe i egzotyczne ro\u015bliny<\/li>\n<li>Ponad 500 zwierz\u0105t<\/li>\n<li>Bary i restauracje na terenie parku<\/li>\n<\/ul>\n<p><h3>Szczeg\u00f3\u0142y<\/h3>\n<p>\n<em><strong>Godziny otwarcia:<\/strong><\/em> 10:00 &#8211; 17:30 <\/p>\n<p><em><strong>Lokalizacja:<\/strong><\/em> Arona (po\u0142udnie Teneryfy)<\/p>\n<p>Za dodatkow\u0105 op\u0142at\u0105 mo\u017cna pop\u0142ywa\u0107 z lwami morskimi<\/p>\n<p><h3>Dwa parki ze zni\u017ck\u0105<\/h3>\n<p class=\" translation-block\">Je\u015bli planujesz odwiedzi\u0107 Jungle Park i <a href=\"https:\/\/aventura-excursions.com\/pl\/produkt\/aqualand\/\" target=\"_self\"><strong>Aqualand<\/strong><\/a>, mo\u017cesz kupi\u0107 pakiet dw\u00f3ch bilet\u00f3w w obni\u017conej cenie i zaoszcz\u0119dzi\u0107 8 euro na osob\u0119!<\/p>\n<p>Czytaj wi\u0119cej informacji tutaj: <a href=\"https:\/\/aventura-excursions.com\/pl\/produkt\/two-parks\/\"><strong>Dwa parki<\/strong><\/a><\/p>","protected":false},"excerpt":{"rendered":"<div>\n<p>Odkryj Jungle Park na po\u0142udniu Teneryfy, z ponad 500 zwierz\u0119tami, ekscytuj\u0105cymi pokazami ptak\u00f3w i lw\u00f3w morskich oraz r\u00f3\u017cnorodn\u0105 przyrod\u0105 w d\u017cungli, zaledwie 15 minut od kurort\u00f3w Los Cristianos i Las Americas.<\/p>\n<p>\n<br \/>\nWybierz liczb\u0119 os\u00f3b doros\u0142ych, dzieci (5\u201310 lat), ma\u0142ych dzieci (3\u20134 lata) i niemowl\u0105t (0\u20132 lat).<\/p>\n<\/div>","protected":false},"featured_media":710,"template":"","meta":{"_acf_changed":false},"product_brand":[],"product_cat":[20],"product_tag":[],"class_list":{"0":"post-686","1":"product","2":"type-product","3":"status-publish","4":"has-post-thumbnail","6":"product_cat-parks","8":"first","9":"instock","10":"shipping-taxable","11":"product-type-grouped"},"acf":[],"yoast_head":"<!-- This site is optimized with the Yoast SEO plugin v25.6 - https:\/\/yoast.com\/wordpress\/plugins\/seo\/ -->\n<title>Jungle Park in Tenerife - Aventura Excursions - Best Prices, Book Tickets Now<\/title>\n<meta name=\"description\" content=\"Explore Jungle Park Tenerife! Check reviews, prices, and ratings. Book your adventure today to see exotic animals, thrilling shows, and beautiful wildlife\" \/>\n<meta name=\"robots\" content=\"index, follow, max-snippet:-1, max-image-preview:large, max-video-preview:-1\" \/>\n<link rel=\"canonical\" href=\"https:\/\/aventura-excursions.com\/pl\/produkt\/jungle-park\/\" \/>\n<meta property=\"og:locale\" content=\"pl_PL\" \/>\n<meta property=\"og:type\" content=\"article\" \/>\n<meta property=\"og:title\" content=\"Jungle Park in Tenerife - Aventura Excursions - Best Prices, Book Tickets Now\" \/>\n<meta property=\"og:description\" content=\"Explore Jungle Park Tenerife! Check reviews, prices, and ratings. Book your adventure today to see exotic animals, thrilling shows, and beautiful wildlife\" \/>\n<meta property=\"og:url\" content=\"https:\/\/aventura-excursions.com\/pl\/produkt\/jungle-park\/\" \/>\n<meta property=\"og:site_name\" content=\"Aventura Excursions\" \/>\n<meta property=\"article:modified_time\" content=\"2024-05-28T15:44:20+00:00\" \/>\n<meta property=\"og:image\" content=\"https:\/\/aventura-excursions.com\/wp-content\/uploads\/2024\/03\/photo_1_2024-03-21_16-53-29-e1711041025371.jpg\" \/>\n\t<meta property=\"og:image:width\" content=\"920\" \/>\n\t<meta property=\"og:image:height\" content=\"495\" \/>\n\t<meta property=\"og:image:type\" content=\"image\/jpeg\" \/>\n<meta name=\"twitter:card\" content=\"summary_large_image\" \/>\n<meta name=\"twitter:label1\" content=\"Szacowany czas czytania\" \/>\n\t<meta name=\"twitter:data1\" content=\"2 minuty\" \/>\n<!-- \/ Yoast SEO plugin. -->","yoast_head_json":{"title":"Jungle Park in Tenerife - Aventura Excursions - Best Prices, Book Tickets Now","description":"Explore Jungle Park Tenerife! Check reviews, prices, and ratings. Book your adventure today to see exotic animals, thrilling shows, and beautiful wildlife","robots":{"index":"index","follow":"follow","max-snippet":"max-snippet:-1","max-image-preview":"max-image-preview:large","max-video-preview":"max-video-preview:-1"},"canonical":"https:\/\/aventura-excursions.com\/pl\/produkt\/jungle-park\/","og_locale":"pl_PL","og_type":"article","og_title":"Jungle Park in Tenerife - Aventura Excursions - Best Prices, Book Tickets Now","og_description":"Explore Jungle Park Tenerife! Check reviews, prices, and ratings. Book your adventure today to see exotic animals, thrilling shows, and beautiful wildlife","og_url":"https:\/\/aventura-excursions.com\/pl\/produkt\/jungle-park\/","og_site_name":"Aventura Excursions","article_modified_time":"2024-05-28T15:44:20+00:00","og_image":[{"width":920,"height":495,"url":"https:\/\/aventura-excursions.com\/wp-content\/uploads\/2024\/03\/photo_1_2024-03-21_16-53-29-e1711041025371.jpg","type":"image\/jpeg"}],"twitter_card":"summary_large_image","twitter_misc":{"Szacowany czas czytania":"2 minuty"},"schema":{"@context":"https:\/\/schema.org","@graph":[{"@type":"WebPage","@id":"https:\/\/aventura-excursions.com\/product\/jungle-park\/","url":"https:\/\/aventura-excursions.com\/product\/jungle-park\/","name":"Jungle Park in Tenerife - Aventura Excursions - Best Prices, Book Tickets Now","isPartOf":{"@id":"https:\/\/aventura-excursions.com\/#website"},"primaryImageOfPage":{"@id":"https:\/\/aventura-excursions.com\/product\/jungle-park\/#primaryimage"},"image":{"@id":"https:\/\/aventura-excursions.com\/product\/jungle-park\/#primaryimage"},"thumbnailUrl":"https:\/\/aventura-excursions.com\/wp-content\/uploads\/2024\/03\/photo_1_2024-03-21_16-53-29-e1711041025371.jpg","datePublished":"2024-03-21T15:48:03+00:00","dateModified":"2024-05-28T15:44:20+00:00","description":"Explore Jungle Park Tenerife! Check reviews, prices, and ratings. Book your adventure today to see exotic animals, thrilling shows, and beautiful wildlife","breadcrumb":{"@id":"https:\/\/aventura-excursions.com\/product\/jungle-park\/#breadcrumb"},"inLanguage":"pl-PL","potentialAction":[{"@type":"ReadAction","target":["https:\/\/aventura-excursions.com\/product\/jungle-park\/"]}]},{"@type":"ImageObject","inLanguage":"pl-PL","@id":"https:\/\/aventura-excursions.com\/product\/jungle-park\/#primaryimage","url":"https:\/\/aventura-excursions.com\/wp-content\/uploads\/2024\/03\/photo_1_2024-03-21_16-53-29-e1711041025371.jpg","contentUrl":"https:\/\/aventura-excursions.com\/wp-content\/uploads\/2024\/03\/photo_1_2024-03-21_16-53-29-e1711041025371.jpg","width":920,"height":495},{"@type":"BreadcrumbList","@id":"https:\/\/aventura-excursions.com\/product\/jungle-park\/#breadcrumb","itemListElement":[{"@type":"ListItem","position":1,"name":"Tours","item":"https:\/\/aventura-excursions.com\/tours\/"},{"@type":"ListItem","position":2,"name":"Jungle Park"}]},{"@type":"WebSite","@id":"https:\/\/aventura-excursions.com\/#website","url":"https:\/\/aventura-excursions.com\/","name":"Aventura Excursions","description":"Aventura Excursions","potentialAction":[{"@type":"SearchAction","target":{"@type":"EntryPoint","urlTemplate":"https:\/\/aventura-excursions.com\/?s={search_term_string}"},"query-input":{"@type":"PropertyValueSpecification","valueRequired":true,"valueName":"search_term_string"}}],"inLanguage":"pl-PL"}]}},"_links":{"self":[{"href":"https:\/\/aventura-excursions.com\/pl\/wp-json\/wp\/v2\/product\/686","targetHints":{"allow":["GET"]}}],"collection":[{"href":"https:\/\/aventura-excursions.com\/pl\/wp-json\/wp\/v2\/product"}],"about":[{"href":"https:\/\/aventura-excursions.com\/pl\/wp-json\/wp\/v2\/types\/product"}],"wp:featuredmedia":[{"embeddable":true,"href":"https:\/\/aventura-excursions.com\/pl\/wp-json\/wp\/v2\/media\/710"}],"wp:attachment":[{"href":"https:\/\/aventura-excursions.com\/pl\/wp-json\/wp\/v2\/media?parent=686"}],"wp:term":[{"taxonomy":"product_brand","embeddable":true,"href":"https:\/\/aventura-excursions.com\/pl\/wp-json\/wp\/v2\/product_brand?post=686"},{"taxonomy":"product_cat","embeddable":true,"href":"https:\/\/aventura-excursions.com\/pl\/wp-json\/wp\/v2\/product_cat?post=686"},{"taxonomy":"product_tag","embeddable":true,"href":"https:\/\/aventura-excursions.com\/pl\/wp-json\/wp\/v2\/product_tag?post=686"}],"curies":[{"name":"wp","href":"https:\/\/api.w.org\/{rel}","templated":true}]}}